{"id":954195,"date":"2023-05-23T11:25:45","date_gmt":"2023-05-23T10:25:45","guid":{"rendered":"https:\/\/positiveprints.com\/?post_type=product&#038;p=954195"},"modified":"2026-04-12T22:20:55","modified_gmt":"2026-04-12T21:20:55","slug":"collage-di-foto-a-forma-di-lettere-del-primo-anniversario","status":"publish","type":"product","link":"https:\/\/positiveprints.com\/it\/prodotto\/collage-di-foto-a-forma-di-lettere-del-primo-anniversario\/","title":{"rendered":"Fotocollage per Primo Anniversario"},"content":{"rendered":"<p style=\"margin-top: 1rem;\">Ecco a te il Collage di Foto del 1\u00b0 Anniversario a Forma di Lettere! Un regalo speciale e personalizzato per celebrare il tuo primo anniversario. L\u2019idea \u00e8 quella di formare una parola o un simbolo con le foto dei tuoi ricordi pi\u00f9 belli. E grazie al nostro editor puoi scegliere qualsiasi parola, come \u201c1 anno\u201d, \u201cinsieme\u201d o \u201camore\u201d. Sei tu a decidere!<\/p>\r\n<p style=\"margin-top: 1rem;\">Per personalizzare la tua opera d\u2019arte, non devi far altro che andare sul nostro sito web e utilizzare il nostro editor online. Scegli una parola tra quelle suggerite o scrivine una tua. Puoi anche selezionare il colore che preferisci per il bordo delle lettere. Subito dopo puoi cominciare a caricare le tue foto, una per ogni lettera. In pi\u00f9, puoi aggiungere un messaggio o un testo personalizzato.<\/p>\r\n<p style=\"margin-top: 1rem;\">Ci sono diversi modi in cui ordinare il tuo Collage di Foto del 1\u00b0 Anniversario a Forma di Lettere. Puoi farlo semplicemente stampare o fartelo spedire con una cornice. Oppure, per un tocco ancora pi\u00f9 romantico, puoi scegliere la versione tela. Altrimenti, puoi scaricare la versione digitale.<\/p>\r\n<p style=\"margin-top: 1rem;\">Il Collage di Foto del 1\u00b0 Anniversario a Forma di Lettere \u00e8 diverso dai regali che trovi nei negozi. \u00c8 un regalo unico e speciale perch\u00e9 racchiude un pezzetto di voi e della vostra storia d\u2019amore. \u00c8 un modo per ricordare tutte le cose belle che avete fatto insieme. Con il Collage di Foto del 1\u00b0 Anniversario a Forma di Lettere potrai davvero dimostrare alla tua anima gemella quanto sia importante per te.<\/p>\r\n<p style=\"margin-top: 1rem;\">Immagina la sorpresa e la gioia sul viso della tua dolce met\u00e0 non appena vedr\u00e0 il collage che hai creato appositamente per questa occasione. \u00c8 un regalo per dimostrare tutta l\u2019importanza che dai alla vostra relazione. E in pi\u00f9, potrete conservarlo per sempre.<\/p>\r\n<p style=\"margin-top: 1rem;\">Il Collage di Foto del 1\u00b0 Anniversario a Forma di Lettere non \u00e8 solo regalo romantico, ma \u00e8 anche divertente da realizzare. Puoi prenderti tutto il tempo di cui hai bisogno per cercare le foto migliori e sceglierne una per ogni lettera. Questo \u00e8 il momento giusto per perdersi tra i ricordi migliori e tutti i traguardi raggiunti come coppia.<\/p>\r\n<p style=\"margin-top: 1rem;\">Perci\u00f2, perch\u00e9 accontentarsi di un regalo qualunque quando puoi sceglierne uno davvero speciale? Il Collage di Foto a Forma di Lettere \u00e8 un modo fantastico per festeggiare e ricordare questo traguardo cos\u00ec importante. \u00c8 un regalo che render\u00e0 il vostro anniversario ancora pi\u00f9 indimenticabile e ricco di significato. Non aspettare! Comincia subito a personalizzare il tuo collage e trasforma i tuoi ricordi in un regalo.<\/p>","protected":false},"excerpt":{"rendered":"<ul class=\"check-list\">\n<li>Aggiungi un messaggio personale<\/li>\n<li>Personalizza in 3 semplici passaggi<\/li>\n<li>Scegli un template preimpostato o libera la tua creativit\u00e0<\/li>\n<li>Guarda subito il risultato \u2013 l&#8217;anteprima interattiva ti permette di perfezionare ogni dettaglio<\/li>\n<\/ul>\n","protected":false},"featured_media":1672431,"template":"","meta":[],"product_brand":[],"product_cat":[8830,4449,5331,11549,11182,11181,11183,8008,7688],"product_tag":[14889,14905,14894,14902,14903,14904,14886,14898,14906,14683,14897,14910,14890,14907,14911,14887],"class_list":{"0":"post-954195","1":"product","2":"type-product","3":"status-publish","4":"has-post-thumbnail","6":"product_cat-collage-di-foto","7":"product_cat-tutti-i-prodotti","8":"product_cat-regali-di-anniversario","9":"product_cat-1-anno-di-matrimonio","10":"product_cat-regali-di-anniversario-per-coppie","11":"product_cat-regali-di-anniversario-per-lei","12":"product_cat-regali-di-anniversario-per-lui","13":"product_cat-regali-da-uomo","14":"product_cat-regali-da-donna","15":"product_tag-anniversary-it-2","16":"product_tag-anniversary-gift-it","17":"product_tag-anniversary-gifts-it","18":"product_tag-anniversary-present-it","19":"product_tag-couple-gift-it","20":"product_tag-gift-for-couple-it","21":"product_tag-love-it","22":"product_tag-love-gift-it","23":"product_tag-personalized-gift-it","24":"product_tag-regalo-romantico","25":"product_tag-romantic-gifts-it","26":"product_tag-sentimental-gift-it","27":"product_tag-special-occasion-it","28":"product_tag-thoughtful-gift-it","29":"product_tag-unique-gift-it","30":"product_tag-wedding-anniversary-it","32":"first","33":"instock","34":"sale","35":"taxable","36":"shipping-taxable","37":"purchasable","38":"product-type-variable"},"yoast_head":"<!-- This site is optimized with the Yoast SEO Premium plugin v27.2 (Yoast SEO v27.2) - https:\/\/yoast.com\/product\/yoast-seo-premium-wordpress\/ -->\n<title>Fotocollage per Primo Anniversario - Positive Prints<\/title>\n<meta name=\"description\" content=\"Festeggia il vostro primo anniversario con un fotocollage speciale, un ricordo unico dei momenti pi\u00f9 belli e del vostro amore.\" \/>\n<meta name=\"robots\" content=\"index, follow, max-snippet:-1, max-image-preview:large, max-video-preview:-1\" \/>\n<link rel=\"canonical\" href=\"https:\/\/positiveprints.com\/it\/prodotto\/collage-di-foto-a-forma-di-lettere-del-primo-anniversario\/\" \/>\n<meta property=\"og:locale\" content=\"it_IT\" \/>\n<meta property=\"og:type\" content=\"article\" \/>\n<meta property=\"og:title\" content=\"Fotocollage per Primo Anniversario\" \/>\n<meta property=\"og:description\" content=\"Aggiungi un messaggio personale  Personalizza in 3 semplici passaggi  Scegli un template preimpostato o libera la tua creativit\u00e0  Guarda subito il risultato \u2013 l&#039;anteprima interattiva ti permette di perfezionare ogni dettaglio\" \/>\n<meta property=\"og:url\" content=\"https:\/\/positiveprints.com\/it\/prodotto\/collage-di-foto-a-forma-di-lettere-del-primo-anniversario\/\" \/>\n<meta property=\"og:site_name\" content=\"Positive Prints\" \/>\n<meta property=\"article:publisher\" content=\"https:\/\/www.facebook.com\/positiveprintscom\" \/>\n<meta property=\"article:modified_time\" content=\"2026-04-12T21:20:55+00:00\" \/>\n<meta property=\"og:image\" content=\"https:\/\/positiveprints.com\/wp-content\/uploads\/2025\/03\/Packshot_IT_1anno.webp\" \/>\n\t<meta property=\"og:image:width\" content=\"1450\" \/>\n\t<meta property=\"og:image:height\" content=\"1450\" \/>\n\t<meta property=\"og:image:type\" content=\"image\/webp\" \/>\n<meta name=\"twitter:card\" content=\"summary_large_image\" \/>\n<meta name=\"twitter:label1\" content=\"Tempo di lettura stimato\" \/>\n\t<meta name=\"twitter:data1\" content=\"3 minuti\" \/>\n<!-- \/ Yoast SEO Premium plugin. -->","yoast_head_json":{"title":"Fotocollage per Primo Anniversario - Positive Prints","description":"Festeggia il vostro primo anniversario con un fotocollage speciale, un ricordo unico dei momenti pi\u00f9 belli e del vostro amore.","robots":{"index":"index","follow":"follow","max-snippet":"max-snippet:-1","max-image-preview":"max-image-preview:large","max-video-preview":"max-video-preview:-1"},"canonical":"https:\/\/positiveprints.com\/it\/prodotto\/collage-di-foto-a-forma-di-lettere-del-primo-anniversario\/","og_locale":"it_IT","og_type":"article","og_title":"Fotocollage per Primo Anniversario","og_description":"Aggiungi un messaggio personale  Personalizza in 3 semplici passaggi  Scegli un template preimpostato o libera la tua creativit\u00e0  Guarda subito il risultato \u2013 l'anteprima interattiva ti permette di perfezionare ogni dettaglio","og_url":"https:\/\/positiveprints.com\/it\/prodotto\/collage-di-foto-a-forma-di-lettere-del-primo-anniversario\/","og_site_name":"Positive Prints","article_publisher":"https:\/\/www.facebook.com\/positiveprintscom","article_modified_time":"2026-04-12T21:20:55+00:00","og_image":[{"width":1450,"height":1450,"url":"https:\/\/positiveprints.com\/wp-content\/uploads\/2025\/03\/Packshot_IT_1anno.webp","type":"image\/webp"}],"twitter_card":"summary_large_image","twitter_misc":{"Tempo di lettura stimato":"3 minuti"},"schema":{"@context":"https:\/\/schema.org","@graph":[{"@type":["WebPage","ItemPage"],"@id":"https:\/\/positiveprints.com\/it\/prodotto\/collage-di-foto-a-forma-di-lettere-del-primo-anniversario\/","url":"https:\/\/positiveprints.com\/it\/prodotto\/collage-di-foto-a-forma-di-lettere-del-primo-anniversario\/","name":"Fotocollage per Primo Anniversario - Positive Prints","isPartOf":{"@id":"https:\/\/positiveprints.com\/it\/#website"},"primaryImageOfPage":{"@id":"https:\/\/positiveprints.com\/it\/prodotto\/collage-di-foto-a-forma-di-lettere-del-primo-anniversario\/#primaryimage"},"image":{"@id":"https:\/\/positiveprints.com\/it\/prodotto\/collage-di-foto-a-forma-di-lettere-del-primo-anniversario\/#primaryimage"},"thumbnailUrl":"https:\/\/positiveprints.com\/wp-content\/uploads\/2026\/03\/collage-fotografico-del-primo-anno_IT.webp","datePublished":"2023-05-23T10:25:45+00:00","dateModified":"2026-04-12T21:20:55+00:00","description":"Festeggia il vostro primo anniversario con un fotocollage speciale, un ricordo unico dei momenti pi\u00f9 belli e del vostro amore.","breadcrumb":{"@id":"https:\/\/positiveprints.com\/it\/prodotto\/collage-di-foto-a-forma-di-lettere-del-primo-anniversario\/#breadcrumb"},"inLanguage":"it-IT","potentialAction":[{"@type":"ReadAction","target":["https:\/\/positiveprints.com\/it\/prodotto\/collage-di-foto-a-forma-di-lettere-del-primo-anniversario\/"]}]},{"@type":"ImageObject","inLanguage":"it-IT","@id":"https:\/\/positiveprints.com\/it\/prodotto\/collage-di-foto-a-forma-di-lettere-del-primo-anniversario\/#primaryimage","url":"https:\/\/positiveprints.com\/wp-content\/uploads\/2026\/03\/collage-fotografico-del-primo-anno_IT.webp","contentUrl":"https:\/\/positiveprints.com\/wp-content\/uploads\/2026\/03\/collage-fotografico-del-primo-anno_IT.webp","width":1450,"height":1450},{"@type":"BreadcrumbList","@id":"https:\/\/positiveprints.com\/it\/prodotto\/collage-di-foto-a-forma-di-lettere-del-primo-anniversario\/#breadcrumb","itemListElement":[{"@type":"ListItem","position":1,"name":"Home","item":"https:\/\/positiveprints.com\/it\/"},{"@type":"ListItem","position":2,"name":"Prodotti","item":"https:\/\/positiveprints.com\/it\/shop\/"},{"@type":"ListItem","position":3,"name":"Fotocollage per Primo Anniversario"}]},{"@type":"WebSite","@id":"https:\/\/positiveprints.com\/it\/#website","url":"https:\/\/positiveprints.com\/it\/","name":"Positive Prints","description":"Amazing Custom Personalized Gifts","publisher":{"@id":"https:\/\/positiveprints.com\/it\/#organization"},"potentialAction":[{"@type":"SearchAction","target":{"@type":"EntryPoint","urlTemplate":"https:\/\/positiveprints.com\/it\/?s={search_term_string}"},"query-input":{"@type":"PropertyValueSpecification","valueRequired":true,"valueName":"search_term_string"}}],"inLanguage":"it-IT"},{"@type":"Organization","@id":"https:\/\/positiveprints.com\/it\/#organization","name":"Positive Prints","alternateName":"Positive Prints","url":"https:\/\/positiveprints.com\/it\/","logo":{"@type":"ImageObject","inLanguage":"it-IT","@id":"https:\/\/positiveprints.com\/it\/#\/schema\/logo\/image\/","url":"https:\/\/positiveprints.com\/wp-content\/uploads\/2026\/03\/245815646_1337939713319158_5671353136411139666_n.png","contentUrl":"https:\/\/positiveprints.com\/wp-content\/uploads\/2026\/03\/245815646_1337939713319158_5671353136411139666_n.png","width":800,"height":800,"caption":"Positive Prints"},"image":{"@id":"https:\/\/positiveprints.com\/it\/#\/schema\/logo\/image\/"},"sameAs":["https:\/\/www.facebook.com\/positiveprintscom","https:\/\/www.instagram.com\/positiveprintscom\/","https:\/\/www.tiktok.com\/@positiveprintscom","https:\/\/www.pinterest.com\/positiveprintscom\/"]}]}},"jetpack_sharing_enabled":true,"_links":{"self":[{"href":"https:\/\/positiveprints.com\/it\/wp-json\/wp\/v2\/product\/954195","targetHints":{"allow":["GET"]}}],"collection":[{"href":"https:\/\/positiveprints.com\/it\/wp-json\/wp\/v2\/product"}],"about":[{"href":"https:\/\/positiveprints.com\/it\/wp-json\/wp\/v2\/types\/product"}],"wp:featuredmedia":[{"embeddable":true,"href":"https:\/\/positiveprints.com\/it\/wp-json\/wp\/v2\/media\/1672431"}],"wp:attachment":[{"href":"https:\/\/positiveprints.com\/it\/wp-json\/wp\/v2\/media?parent=954195"}],"wp:term":[{"taxonomy":"product_brand","embeddable":true,"href":"https:\/\/positiveprints.com\/it\/wp-json\/wp\/v2\/product_brand?post=954195"},{"taxonomy":"product_cat","embeddable":true,"href":"https:\/\/positiveprints.com\/it\/wp-json\/wp\/v2\/product_cat?post=954195"},{"taxonomy":"product_tag","embeddable":true,"href":"https:\/\/positiveprints.com\/it\/wp-json\/wp\/v2\/product_tag?post=954195"}],"curies":[{"name":"wp","href":"https:\/\/api.w.org\/{rel}","templated":true}]}}