{"id":655558,"date":"2023-03-10T13:15:20","date_gmt":"2023-03-10T12:15:20","guid":{"rendered":"https:\/\/positiveprints.com\/?post_type=product&#038;p=655558"},"modified":"2026-04-28T14:27:09","modified_gmt":"2026-04-28T13:27:09","slug":"mappa-dei-nuovi-inizi","status":"publish","type":"product","link":"https:\/\/positiveprints.com\/it\/prodotto\/mappa-dei-nuovi-inizi\/","title":{"rendered":"Mappa dei Nuovi Inizi"},"content":{"rendered":"<p style=\"margin-top: 1rem;\">Stai cercando un regalo originale e pieno d\u2019affetto per qualcuno di speciale nella tua vita? Allora, la Mappe dei Nuovi Inizi \u00e8 la scelta giusta. Con questa mappa personalizzata puoi catturare un luogo specifico che ha un grande significato per la persona che sta partendo.<\/p>\r\n\r\n<h2 class=\"grenB f24 cblue\" style=\"margin-top: 3rem;\">Cos\u2019\u00e8 Una Mappa dei Nuovi Inizi?<\/h2>\r\n<p style=\"margin-top: 1rem;\">Una Mappa dei Nuovi Inizi rappresenta un luogo ricco di significato, per te o una persona a cui vuoi bene. Potrebbe essere una mappa della citt\u00e0 o del Paese in cui il tuo amico si sta trasferendo. Oppure, potrebbe essere una mappa del luogo in cui avete condiviso insieme ricordi speciali. Che si tratti di una casa d&#8217;infanzia, di una localit\u00e0 di vacanza o di una citt\u00e0 che avete sempre sognato di visitare. La possibilit\u00e0 di personalizzare la mappa con un titolo o testo la rende un regalo ancora pi\u00f9 personalizzato. La bellezza della nostra stampa sta nel fatto che pu\u00f2 essere personalizzata per riflettere il vostro legame e le esperienze vissute insieme.<\/p>\r\n\r\n<h2 class=\"grenB f24 cblue\" style=\"margin-top: 3rem;\">Perch\u00e9 Scegliere Una Mappa dei Nuovi Inizi?<\/h2>\r\n<p style=\"margin-top: 1rem;\">\u00c8 vero \u2013 la Mappa dei Nuovi inizi \u00e8 un regalo personalizzato pieno d\u2019affetto da regalare a qualcuno che sta cambiando vita. Ma questo non significa che tu non possa regalarla a qualcuno dallo spirito libero o con un legame particolare con un luogo specifico. Per esempio, potresti creare una mappa per qualcuno che si sta trasferendo in una citt\u00e0 o per qualcun\u2019altro che ha un legame speciale con la propria terra. La bellezza di questa mappa \u00e8 tutta nel fatto che hai il completo controllo su come personalizzarla, arricchendola di significato per chi la ricever\u00e0. Alla fine, tutti abbiamo un debole per i regali originali e vedrai che la Mappa dei Nuovi Inizi porter\u00e0 solo gioia e amore.<\/p>\r\n<p style=\"margin-top: 1rem;\">Una Mappa dei Nuovi inizi \u00e8 un dono speciale perch\u00e9 rappresenta il legame unico e inimitabile tra te e la persona per cui l\u2019hai realizzata. Con un regalo personalizzato puoi dimostrare che hai dedicato del tempo a riflettere sui suoi gusti, interessi, ricordi ed esperienze creando qualcosa di originale.<\/p>\r\n<p style=\"margin-top: 1rem;\">Questa mappa \u00e8 un piccolo promemoria della vostra amicizia o relazione, anche quando la distanza fisica vi separa. Anche solo creare e scegliere un regalo per chi si trasferisce lontano richiede una dose di creativit\u00e0 e affetto particolarmente significativa. In poche parole, una Mappa dei Nuovi Inizi \u00e8 un regalo unico nel suo genere.<\/p>\r\n\r\n<h2 class=\"grenB f24 cblue\" style=\"margin-top: 3rem;\">Porta Amore e Gioia con Questo Regalo per Amici e Familiari<\/h2>\r\n<p style=\"margin-top: 1rem;\">Con la Mappa dei Nuovi Inizi, hai la possibilit\u00e0 di selezionare tra una vasta gamma di stili e colori per adattarli allo stile di chi la ricever\u00e0, aggiungere un titolo o un messaggio personale sotto la mappa e scegliere tra una variet\u00e0 di dimensioni e formati, tra cui stampe su tela, poster o addirittura file digitali!<\/p>\r\n<p style=\"margin-top: 1rem;\">Questa Mappa dei Nuovi Inizi non \u00e8 solo una splendida decorazione per case e uffici, ma \u00e8 anche un costante promemoria del luogo in cui hanno lasciato il loro cuore. \u00c8 un dono perfetto sia per chi sta lasciando la propria terra, che per chi ama viaggiare. La nostra attenzione ai materiali di alta qualit\u00e0 garantisce che questo regalo durer\u00e0 per molti anni a venire, rendendolo un investimento di grande valore. Inoltre, grazie all\u2019intuitivit\u00e0 dell\u2019editor online, creare una mappa personalizzata \u00e8 pi\u00f9 semplice che mai.<\/p>\r\n<p style=\"margin-top: 1rem;\">Mostra alle persone a cui vuoi bene quanto tieni a loro creando qualcosa di veramente speciale \u2013 la Mappa dei Nuovi Inizi. Inizia subito a crearne una \u2013 fidati, sar\u00e0 apprezzata per sempre!<\/p>","protected":false},"excerpt":{"rendered":"<ul class=\"check-list\">\n<li>Indica il punto preciso con un simbolo a tua scelta<\/li>\n<li>Personalizzala in 3 semplici passaggi<\/li>\n<li>Aggiungi un testo personalizzato<\/li>\n<li>Guarda subito il risultato \u2013 l&#8217;anteprima interattiva ti permette di perfezionare ogni dettaglio<\/li>\n<\/ul>\n","protected":false},"featured_media":1213541,"template":"","meta":[],"product_brand":[],"product_cat":[7190,7832,7656,7624,7768,7737,4449],"product_tag":[16558],"class_list":{"0":"post-655558","1":"product","2":"type-product","3":"status-publish","4":"has-post-thumbnail","6":"product_cat-map-it","7":"product_cat-regali-per-gli-amici","8":"product_cat-regali-per-un-figlio","9":"product_cat-regali-per-un-fratello","10":"product_cat-regali-per-una-figlia","11":"product_cat-regali-per-una-sorella","12":"product_cat-tutti-i-prodotti","13":"product_tag-trasferirsi","15":"first","16":"instock","17":"sale","18":"taxable","19":"shipping-taxable","20":"purchasable","21":"product-type-variable"},"yoast_head":"<!-- This site is optimized with the Yoast SEO Premium plugin v27.2 (Yoast SEO v27.2) - https:\/\/yoast.com\/product\/yoast-seo-premium-wordpress\/ -->\n<title>Mappa dei Nuovi Inizi - Positive Prints<\/title>\n<meta name=\"description\" content=\"Crea una mappa personalizzata di un luogo specifico che ha significato per qualcuno che sta per trasferirsi.\" \/>\n<meta name=\"robots\" content=\"index, follow, max-snippet:-1, max-image-preview:large, max-video-preview:-1\" \/>\n<link rel=\"canonical\" href=\"https:\/\/positiveprints.com\/it\/prodotto\/mappa-dei-nuovi-inizi\/\" \/>\n<meta property=\"og:locale\" content=\"it_IT\" \/>\n<meta property=\"og:type\" content=\"article\" \/>\n<meta property=\"og:title\" content=\"Mappa dei Nuovi Inizi\" \/>\n<meta property=\"og:description\" content=\"Indica il punto preciso con un simbolo a tua scelta Personalizzala in 3 semplici passaggi Aggiungi un testo personalizzato Guarda subito il risultato \u2013 l&#039;anteprima interattiva ti permette di perfezionare ogni dettaglio\" \/>\n<meta property=\"og:url\" content=\"https:\/\/positiveprints.com\/it\/prodotto\/mappa-dei-nuovi-inizi\/\" \/>\n<meta property=\"og:site_name\" content=\"Positive Prints\" \/>\n<meta property=\"article:publisher\" content=\"https:\/\/www.facebook.com\/positiveprintscom\" \/>\n<meta property=\"article:modified_time\" content=\"2026-04-28T13:27:09+00:00\" \/>\n<meta property=\"og:image\" content=\"https:\/\/positiveprints.com\/wp-content\/uploads\/2024\/10\/Packshot_IT_moving-away-map-product-image.webp\" \/>\n\t<meta property=\"og:image:width\" content=\"1450\" \/>\n\t<meta property=\"og:image:height\" content=\"1450\" \/>\n\t<meta property=\"og:image:type\" content=\"image\/webp\" \/>\n<meta name=\"twitter:card\" content=\"summary_large_image\" \/>\n<!-- \/ Yoast SEO Premium plugin. -->","yoast_head_json":{"title":"Mappa dei Nuovi Inizi - Positive Prints","description":"Crea una mappa personalizzata di un luogo specifico che ha significato per qualcuno che sta per trasferirsi.","robots":{"index":"index","follow":"follow","max-snippet":"max-snippet:-1","max-image-preview":"max-image-preview:large","max-video-preview":"max-video-preview:-1"},"canonical":"https:\/\/positiveprints.com\/it\/prodotto\/mappa-dei-nuovi-inizi\/","og_locale":"it_IT","og_type":"article","og_title":"Mappa dei Nuovi Inizi","og_description":"Indica il punto preciso con un simbolo a tua scelta Personalizzala in 3 semplici passaggi Aggiungi un testo personalizzato Guarda subito il risultato \u2013 l'anteprima interattiva ti permette di perfezionare ogni dettaglio","og_url":"https:\/\/positiveprints.com\/it\/prodotto\/mappa-dei-nuovi-inizi\/","og_site_name":"Positive Prints","article_publisher":"https:\/\/www.facebook.com\/positiveprintscom","article_modified_time":"2026-04-28T13:27:09+00:00","og_image":[{"width":1450,"height":1450,"url":"https:\/\/positiveprints.com\/wp-content\/uploads\/2024\/10\/Packshot_IT_moving-away-map-product-image.webp","type":"image\/webp"}],"twitter_card":"summary_large_image","schema":{"@context":"https:\/\/schema.org","@graph":[{"@type":["WebPage","ItemPage"],"@id":"https:\/\/positiveprints.com\/it\/prodotto\/mappa-dei-nuovi-inizi\/","url":"https:\/\/positiveprints.com\/it\/prodotto\/mappa-dei-nuovi-inizi\/","name":"Mappa dei Nuovi Inizi - Positive Prints","isPartOf":{"@id":"https:\/\/positiveprints.com\/it\/#website"},"primaryImageOfPage":{"@id":"https:\/\/positiveprints.com\/it\/prodotto\/mappa-dei-nuovi-inizi\/#primaryimage"},"image":{"@id":"https:\/\/positiveprints.com\/it\/prodotto\/mappa-dei-nuovi-inizi\/#primaryimage"},"thumbnailUrl":"https:\/\/positiveprints.com\/wp-content\/uploads\/2024\/10\/Packshot_IT_moving-away-map-product-image.webp","datePublished":"2023-03-10T12:15:20+00:00","dateModified":"2026-04-28T13:27:09+00:00","description":"Crea una mappa personalizzata di un luogo specifico che ha significato per qualcuno che sta per trasferirsi.","breadcrumb":{"@id":"https:\/\/positiveprints.com\/it\/prodotto\/mappa-dei-nuovi-inizi\/#breadcrumb"},"inLanguage":"it-IT","potentialAction":[{"@type":"ReadAction","target":["https:\/\/positiveprints.com\/it\/prodotto\/mappa-dei-nuovi-inizi\/"]}]},{"@type":"ImageObject","inLanguage":"it-IT","@id":"https:\/\/positiveprints.com\/it\/prodotto\/mappa-dei-nuovi-inizi\/#primaryimage","url":"https:\/\/positiveprints.com\/wp-content\/uploads\/2024\/10\/Packshot_IT_moving-away-map-product-image.webp","contentUrl":"https:\/\/positiveprints.com\/wp-content\/uploads\/2024\/10\/Packshot_IT_moving-away-map-product-image.webp","width":1450,"height":1450},{"@type":"BreadcrumbList","@id":"https:\/\/positiveprints.com\/it\/prodotto\/mappa-dei-nuovi-inizi\/#breadcrumb","itemListElement":[{"@type":"ListItem","position":1,"name":"Home","item":"https:\/\/positiveprints.com\/it\/"},{"@type":"ListItem","position":2,"name":"Prodotti","item":"https:\/\/positiveprints.com\/it\/shop\/"},{"@type":"ListItem","position":3,"name":"Mappa dei Nuovi Inizi"}]},{"@type":"WebSite","@id":"https:\/\/positiveprints.com\/it\/#website","url":"https:\/\/positiveprints.com\/it\/","name":"Positive Prints","description":"Amazing Custom Personalized Gifts","publisher":{"@id":"https:\/\/positiveprints.com\/it\/#organization"},"potentialAction":[{"@type":"SearchAction","target":{"@type":"EntryPoint","urlTemplate":"https:\/\/positiveprints.com\/it\/?s={search_term_string}"},"query-input":{"@type":"PropertyValueSpecification","valueRequired":true,"valueName":"search_term_string"}}],"inLanguage":"it-IT"},{"@type":"Organization","@id":"https:\/\/positiveprints.com\/it\/#organization","name":"Positive Prints","alternateName":"Positive Prints","url":"https:\/\/positiveprints.com\/it\/","logo":{"@type":"ImageObject","inLanguage":"it-IT","@id":"https:\/\/positiveprints.com\/it\/#\/schema\/logo\/image\/","url":"https:\/\/positiveprints.com\/wp-content\/uploads\/2026\/03\/245815646_1337939713319158_5671353136411139666_n.png","contentUrl":"https:\/\/positiveprints.com\/wp-content\/uploads\/2026\/03\/245815646_1337939713319158_5671353136411139666_n.png","width":800,"height":800,"caption":"Positive Prints"},"image":{"@id":"https:\/\/positiveprints.com\/it\/#\/schema\/logo\/image\/"},"sameAs":["https:\/\/www.facebook.com\/positiveprintscom","https:\/\/www.instagram.com\/positiveprintscom\/","https:\/\/www.tiktok.com\/@positiveprintscom","https:\/\/www.pinterest.com\/positiveprintscom\/"]}]}},"jetpack_sharing_enabled":true,"_links":{"self":[{"href":"https:\/\/positiveprints.com\/it\/wp-json\/wp\/v2\/product\/655558","targetHints":{"allow":["GET"]}}],"collection":[{"href":"https:\/\/positiveprints.com\/it\/wp-json\/wp\/v2\/product"}],"about":[{"href":"https:\/\/positiveprints.com\/it\/wp-json\/wp\/v2\/types\/product"}],"wp:featuredmedia":[{"embeddable":true,"href":"https:\/\/positiveprints.com\/it\/wp-json\/wp\/v2\/media\/1213541"}],"wp:attachment":[{"href":"https:\/\/positiveprints.com\/it\/wp-json\/wp\/v2\/media?parent=655558"}],"wp:term":[{"taxonomy":"product_brand","embeddable":true,"href":"https:\/\/positiveprints.com\/it\/wp-json\/wp\/v2\/product_brand?post=655558"},{"taxonomy":"product_cat","embeddable":true,"href":"https:\/\/positiveprints.com\/it\/wp-json\/wp\/v2\/product_cat?post=655558"},{"taxonomy":"product_tag","embeddable":true,"href":"https:\/\/positiveprints.com\/it\/wp-json\/wp\/v2\/product_tag?post=655558"}],"curies":[{"name":"wp","href":"https:\/\/api.w.org\/{rel}","templated":true}]}}