{"id":655554,"date":"2023-03-09T09:11:06","date_gmt":"2023-03-09T08:11:06","guid":{"rendered":"https:\/\/positiveprints.com\/?post_type=product&#038;p=655554"},"modified":"2026-04-18T06:07:56","modified_gmt":"2026-04-18T05:07:56","slug":"mappa-della-nuova-casa","status":"publish","type":"product","link":"https:\/\/positiveprints.com\/it\/prodotto\/mappa-della-nuova-casa\/","title":{"rendered":"Mappa della Nuova Casa"},"content":{"rendered":"<p style=\"margin-top: 1rem;\">Trasferirsi in una nuova casa \u00e8 un traguardo emozionante per qualsiasi famiglia, ecco perch\u00e9 \u00e8 l\u2019occasione perfetta per regalare qualcosa di indimenticabile. Se stai cercando un regalo speciale, dai un\u2019occhiata alla Mappa della Nuova Casa \u2013 una stampa personalizzata che mostra l\u2019esatta posizione della loro nuova casa o di qualsiasi altro luogo importante.<\/p>\r\n<p style=\"margin-top: 1rem;\">Come tutti i nostri regali per una casa nuova, anche questo \u00e8 personalizzabile con colori e parole d\u2019amore. Siamo certi che diventer\u00e0 un tesoro da custodire negli anni a venire. Continua a leggere per scoprire di pi\u00f9 su questa idea creativa e romantica.<\/p>\r\n\r\n<h2 class=\"grenB f24 cblue\" style=\"margin-top: 3rem;\">Cos\u2019\u00e8 Una Mappa della Nuova Casa?<\/h2>\r\n<p style=\"margin-top: 1rem;\">La Mappa della Nuova Casa \u00e8 il modo perfetto per celebrare l\u2019acquisto di una nuova casa. Con questo capolavoro personalizzabile hai la possibilit\u00e0 di ricordare per sempre un traguardo importante della tua vita.<\/p>\r\n<p style=\"margin-top: 1rem;\">Personalizzala scegliendo tra un\u2019ampia selezione di stili e colori per abbinarla al tuo stile di arredamento. Aggiungi un testo personale per renderla davvero unica, come \u201cLa Nostra Prima Casa\u201d o \u201cCasa Rossi\u201d.<\/p>\r\n<p style=\"margin-top: 1rem;\">Celebra questo momento emozionante con un capolavoro capace di catturare la vera essenza di un nuovo nido d\u2019amore. La Mappa della Nuova Casa \u00e8 il regalo perfetto per dare il benvenuto a una nuova famiglia o per decorare le proprie pareti.<\/p>\r\n\r\n<h2 class=\"grenB f24 cblue\" style=\"margin-top: 3rem;\">Come Personalizzare una Mappa della Nuova Casa?<\/h2>\r\n<p style=\"margin-top: 1rem;\">Per iniziare, scegli lo stile e i colori che desideri vedere sulla tua mappa. Poi inserisci l&#8217;esatta posizione della nuova casa. Puoi utilizzare un indirizzo o cercare una posizione specifica sulla mappa. A questo punto, avrai anche l\u2019opzione di ingrandire o rimpicciolire l\u2019immagine per migliorare l\u2019effetto finale.<\/p>\r\n<p style=\"margin-top: 1rem;\">Ora aggiungi un testo personalizzato sulla tua mappa. Potrebbe essere qualcosa come \u201cLa Nostra Prima Casa\u201d o \u201cLa Famiglia Rossi\u201d.<\/p>\r\n<p style=\"margin-top: 1rem;\">Adesso scegli il formato e le dimensioni della tua opera d\u2019arte. Puoi scegliere tra una stampa su tela, un quadro o un poster di varie dimensioni. Prima di concludere l\u2019ordine, dai un\u2019occhiata all\u2019anteprima per vedere se hai raggiungo il risultato che speravi. Infatti, modifica dopo modifica, l\u2019anteprima istantanea si aggiorna automaticamente per mostrarti come apparir\u00e0 la tua Mappa della Nuova Casa prima di stamparla e spedirla.<\/p>\r\n<p style=\"margin-top: 1rem;\">Nel complesso, creare una Mappa della Nuova Casa \u00e8 semplice, divertente e ti permette di creare un pezzo unico per celebrare un nuovo traguardo insieme a una persona cara. Con cos\u00ec tante opzioni di personalizzazione disponibili, puoi renderla veramente unica!<\/p>\r\n\r\n<h2 class=\"grenB f24 cblue\" style=\"margin-top: 3rem;\">Cosa Rende una Mappa della Nuova Casa Cos\u00ec Speciale?<\/h2>\r\n<p style=\"margin-top: 1rem;\">La Mappa della Nuova Casa \u00e8 un regalo affettuoso e personale che dimostra tutta la tua attenzione nel cercare qualcosa di speciale per i nuovi proprietari di casa. Non \u00e8 come quei classici regali che si fanno sempre, come una candela o un portafoto. Inoltre, dato che pu\u00f2 essere personalizzato con il loro indirizzo, funge da bellissimo ricordo della loro nuova casa e di tutti i ricordi che creeranno l\u00ec. La mappa \u00e8 disponibile in diversi formati per adattarsi a qualsiasi budget o stile. E questi sono solo alcuni dei motivi per cui \u00e8 il miglior regalo per casa nuova mai visto prima!<\/p>\r\n<p style=\"margin-top: 1rem;\">Se stai cercando un regalo per casa nuova unico e significativo, non cercare oltre. La Mappa della Nuova Casa rappresenta l\u2019area in cui vivono i nuovi proprietari di una casa ed \u00e8 questo a renderla cos\u00ec speciale. Fai un regalo originale, creativo e che porter\u00e0 gioia per anni e anni!<\/p>","protected":false},"excerpt":{"rendered":"<ul class=\"check-list\">\n<li>Indica il punto preciso con un simbolo a tua scelta<\/li>\n<li>Personalizzala in 3 semplici passaggi<\/li>\n<li>Aggiungi un testo personalizzato<\/li>\n<li>Guarda subito il risultato \u2013 l&#8217;anteprima interattiva ti permette di perfezionare ogni dettaglio<\/li>\n<\/ul>\n","protected":false},"featured_media":1213647,"template":"","meta":[],"product_brand":[],"product_cat":[9277,5291,7688,8008,7190,7848,7816,4449],"product_tag":[14883],"class_list":{"0":"post-655554","1":"product","2":"type-product","3":"status-publish","4":"has-post-thumbnail","6":"product_cat-bestsellers-label-it","7":"product_cat-regali-per-una-casa-nuova","8":"product_cat-regali-da-donna","9":"product_cat-regali-da-uomo","10":"product_cat-map-it","11":"product_cat-regali-per-la-famiglia","12":"product_cat-regali-per-neogenitori","13":"product_cat-tutti-i-prodotti","14":"product_tag-housewarming-it-2","16":"first","17":"instock","18":"sale","19":"taxable","20":"shipping-taxable","21":"purchasable","22":"product-type-variable"},"yoast_head":"<!-- This site is optimized with the Yoast SEO Premium plugin v27.2 (Yoast SEO v27.2) - https:\/\/yoast.com\/product\/yoast-seo-premium-wordpress\/ -->\n<title>Mappa della Nuova Casa - Positive Prints<\/title>\n<meta name=\"robots\" content=\"index, follow, max-snippet:-1, max-image-preview:large, max-video-preview:-1\" \/>\n<link rel=\"canonical\" href=\"https:\/\/positiveprints.com\/it\/prodotto\/mappa-della-nuova-casa\/\" \/>\n<meta property=\"og:locale\" content=\"it_IT\" \/>\n<meta property=\"og:type\" content=\"article\" \/>\n<meta property=\"og:title\" content=\"Mappa della Nuova Casa\" \/>\n<meta property=\"og:description\" content=\"Indica il punto preciso con un simbolo a tua scelta Personalizzala in 3 semplici passaggi Aggiungi un testo personalizzato Guarda subito il risultato \u2013 l&#039;anteprima interattiva ti permette di perfezionare ogni dettaglio\" \/>\n<meta property=\"og:url\" content=\"https:\/\/positiveprints.com\/it\/prodotto\/mappa-della-nuova-casa\/\" \/>\n<meta property=\"og:site_name\" content=\"Positive Prints\" \/>\n<meta property=\"article:publisher\" content=\"https:\/\/www.facebook.com\/positiveprintscom\" \/>\n<meta property=\"article:modified_time\" content=\"2026-04-18T05:07:56+00:00\" \/>\n<meta property=\"og:image\" content=\"https:\/\/positiveprints.com\/wp-content\/uploads\/2024\/10\/Packshot_IT_new-home-map-product-image.webp\" \/>\n\t<meta property=\"og:image:width\" content=\"1450\" \/>\n\t<meta property=\"og:image:height\" content=\"1450\" \/>\n\t<meta property=\"og:image:type\" content=\"image\/webp\" \/>\n<meta name=\"twitter:card\" content=\"summary_large_image\" \/>\n<meta name=\"twitter:label1\" content=\"Tempo di lettura stimato\" \/>\n\t<meta name=\"twitter:data1\" content=\"3 minuti\" \/>\n<!-- \/ Yoast SEO Premium plugin. -->","yoast_head_json":{"title":"Mappa della Nuova Casa - Positive Prints","robots":{"index":"index","follow":"follow","max-snippet":"max-snippet:-1","max-image-preview":"max-image-preview:large","max-video-preview":"max-video-preview:-1"},"canonical":"https:\/\/positiveprints.com\/it\/prodotto\/mappa-della-nuova-casa\/","og_locale":"it_IT","og_type":"article","og_title":"Mappa della Nuova Casa","og_description":"Indica il punto preciso con un simbolo a tua scelta Personalizzala in 3 semplici passaggi Aggiungi un testo personalizzato Guarda subito il risultato \u2013 l'anteprima interattiva ti permette di perfezionare ogni dettaglio","og_url":"https:\/\/positiveprints.com\/it\/prodotto\/mappa-della-nuova-casa\/","og_site_name":"Positive Prints","article_publisher":"https:\/\/www.facebook.com\/positiveprintscom","article_modified_time":"2026-04-18T05:07:56+00:00","og_image":[{"width":1450,"height":1450,"url":"https:\/\/positiveprints.com\/wp-content\/uploads\/2024\/10\/Packshot_IT_new-home-map-product-image.webp","type":"image\/webp"}],"twitter_card":"summary_large_image","twitter_misc":{"Tempo di lettura stimato":"3 minuti"},"schema":{"@context":"https:\/\/schema.org","@graph":[{"@type":["WebPage","ItemPage"],"@id":"https:\/\/positiveprints.com\/it\/prodotto\/mappa-della-nuova-casa\/","url":"https:\/\/positiveprints.com\/it\/prodotto\/mappa-della-nuova-casa\/","name":"Mappa della Nuova Casa - Positive Prints","isPartOf":{"@id":"https:\/\/positiveprints.com\/it\/#website"},"primaryImageOfPage":{"@id":"https:\/\/positiveprints.com\/it\/prodotto\/mappa-della-nuova-casa\/#primaryimage"},"image":{"@id":"https:\/\/positiveprints.com\/it\/prodotto\/mappa-della-nuova-casa\/#primaryimage"},"thumbnailUrl":"https:\/\/positiveprints.com\/wp-content\/uploads\/2024\/10\/Packshot_IT_new-home-map-product-image.webp","datePublished":"2023-03-09T08:11:06+00:00","dateModified":"2026-04-18T05:07:56+00:00","breadcrumb":{"@id":"https:\/\/positiveprints.com\/it\/prodotto\/mappa-della-nuova-casa\/#breadcrumb"},"inLanguage":"it-IT","potentialAction":[{"@type":"ReadAction","target":["https:\/\/positiveprints.com\/it\/prodotto\/mappa-della-nuova-casa\/"]}]},{"@type":"ImageObject","inLanguage":"it-IT","@id":"https:\/\/positiveprints.com\/it\/prodotto\/mappa-della-nuova-casa\/#primaryimage","url":"https:\/\/positiveprints.com\/wp-content\/uploads\/2024\/10\/Packshot_IT_new-home-map-product-image.webp","contentUrl":"https:\/\/positiveprints.com\/wp-content\/uploads\/2024\/10\/Packshot_IT_new-home-map-product-image.webp","width":1450,"height":1450},{"@type":"BreadcrumbList","@id":"https:\/\/positiveprints.com\/it\/prodotto\/mappa-della-nuova-casa\/#breadcrumb","itemListElement":[{"@type":"ListItem","position":1,"name":"Home","item":"https:\/\/positiveprints.com\/it\/"},{"@type":"ListItem","position":2,"name":"Prodotti","item":"https:\/\/positiveprints.com\/it\/shop\/"},{"@type":"ListItem","position":3,"name":"Mappa della Nuova Casa"}]},{"@type":"WebSite","@id":"https:\/\/positiveprints.com\/it\/#website","url":"https:\/\/positiveprints.com\/it\/","name":"Positive Prints","description":"Amazing Custom Personalized Gifts","publisher":{"@id":"https:\/\/positiveprints.com\/it\/#organization"},"potentialAction":[{"@type":"SearchAction","target":{"@type":"EntryPoint","urlTemplate":"https:\/\/positiveprints.com\/it\/?s={search_term_string}"},"query-input":{"@type":"PropertyValueSpecification","valueRequired":true,"valueName":"search_term_string"}}],"inLanguage":"it-IT"},{"@type":"Organization","@id":"https:\/\/positiveprints.com\/it\/#organization","name":"Positive Prints","alternateName":"Positive Prints","url":"https:\/\/positiveprints.com\/it\/","logo":{"@type":"ImageObject","inLanguage":"it-IT","@id":"https:\/\/positiveprints.com\/it\/#\/schema\/logo\/image\/","url":"https:\/\/positiveprints.com\/wp-content\/uploads\/2026\/03\/245815646_1337939713319158_5671353136411139666_n.png","contentUrl":"https:\/\/positiveprints.com\/wp-content\/uploads\/2026\/03\/245815646_1337939713319158_5671353136411139666_n.png","width":800,"height":800,"caption":"Positive Prints"},"image":{"@id":"https:\/\/positiveprints.com\/it\/#\/schema\/logo\/image\/"},"sameAs":["https:\/\/www.facebook.com\/positiveprintscom","https:\/\/www.instagram.com\/positiveprintscom\/","https:\/\/www.tiktok.com\/@positiveprintscom","https:\/\/www.pinterest.com\/positiveprintscom\/"]}]}},"jetpack_sharing_enabled":true,"_links":{"self":[{"href":"https:\/\/positiveprints.com\/it\/wp-json\/wp\/v2\/product\/655554","targetHints":{"allow":["GET"]}}],"collection":[{"href":"https:\/\/positiveprints.com\/it\/wp-json\/wp\/v2\/product"}],"about":[{"href":"https:\/\/positiveprints.com\/it\/wp-json\/wp\/v2\/types\/product"}],"wp:featuredmedia":[{"embeddable":true,"href":"https:\/\/positiveprints.com\/it\/wp-json\/wp\/v2\/media\/1213647"}],"wp:attachment":[{"href":"https:\/\/positiveprints.com\/it\/wp-json\/wp\/v2\/media?parent=655554"}],"wp:term":[{"taxonomy":"product_brand","embeddable":true,"href":"https:\/\/positiveprints.com\/it\/wp-json\/wp\/v2\/product_brand?post=655554"},{"taxonomy":"product_cat","embeddable":true,"href":"https:\/\/positiveprints.com\/it\/wp-json\/wp\/v2\/product_cat?post=655554"},{"taxonomy":"product_tag","embeddable":true,"href":"https:\/\/positiveprints.com\/it\/wp-json\/wp\/v2\/product_tag?post=655554"}],"curies":[{"name":"wp","href":"https:\/\/api.w.org\/{rel}","templated":true}]}}