{"id":655552,"date":"2023-02-24T14:16:34","date_gmt":"2023-08-16T11:41:38","guid":{"rendered":"https:\/\/positiveprints.com\/?post_type=product&#038;p=655552"},"modified":"2026-04-03T03:20:56","modified_gmt":"2026-04-03T02:20:56","slug":"mappa-del-nostro-incontro-tonda","status":"publish","type":"product","link":"https:\/\/positiveprints.com\/it\/prodotto\/mappa-del-nostro-incontro-tonda\/","title":{"rendered":"Mappa del Nostro Incontro Tonda"},"content":{"rendered":"<p style=\"margin-top: 1rem\">Stai cercando qualcosa di speciale da regalare alla tua dolce met\u00e0? La Mappa del Nostro Incontro Tonda \u00e8 la scelta giusta. Questa stampa personalizzata \u00e8 un regalo unico e ricco di significato che cattura i ricordi preziosi di due persone. Il suo design rotondo aggiunge un pizzico di eleganza e raffinatezza a qualsiasi ambiente.<\/p>\r\n\r\n\r\n\r\n<h2 class=\"grenB f24 cblue\" style=\"margin-top: 3rem\">Cos\u2019\u00e8 una Mappa del Nostro Incontro Tonda?<\/h2>\r\n\r\n<p style=\"margin-top: 1rem\">La Mappa del Nostro Incontro Tonda \u00e8 una variante della Mappa del Nostro Incontro a cui abbiamo aggiunto un design a forma di cerchio. Questa stampa personalizzata \u00e8 perfetta per chi \u00e8 alla ricerca di un look pi\u00f9 moderno e raffinato per decorare la propria casa. In un modo unico e affascinante, la mappa rappresenta il luogo in cui due persone si sono conosciute per la prima volta; e con la sua forma tonda mette ancora pi\u00f9 in evidenza quel punto cos\u00ec importante.<\/p>\r\n\r\n\r\n\r\n<p style=\"margin-top: 1rem\">La Mappa del Nostro Incontro Tonda \u00e8 un regalo straordinario ideale per matrimoni, anniversari o, semplicemente, come dimostrazione d\u2019affetto verso una persona importante. La possibilit\u00e0 di personalizzarla con colori e stili diversi garantisce un risultato capace di adattarsi a qualsiasi ambiente, cos\u00ec come la disponibilit\u00e0 di formati e dimensioni diverse.<\/p>\r\n\r\n\r\n\r\n<p style=\"margin-top: 1rem\">Nel complesso, la nostra mappa offre una prospettiva tutta nuova sui poster decorativi e, allo stesso tempo, custodisce un ricordo prezioso di una storia d\u2019amore.<\/p>\r\n\r\n\r\n\r\n<h2 class=\"grenB f24 cblue\" style=\"margin-top: 3rem\">Un Regalo Unico e Ricco di Significato<\/h2>\r\n\r\n<p style=\"margin-top: 1rem\">Se stai cercando un regalo capace di unire impatto visivo e valore sentimentale, la nostra mappa personalizzata \u00e8 la scelta migliore. Siamo certi che chiunque possa apprezzare la sua bellezza e, appena esposta, diverr\u00e0 immediatamente un ricordo da custodire negli anni. Che tu stia celebrando un traguardo importante nella tua relazione o voglia dimostrare tutto il tuo amore a una persona speciale, la Mappa del Nostro Incontro Tonda \u00e8 il modo perfetto per farlo.<\/p>\r\n\r\n\r\n\r\n\r\n<p style=\"margin-top: 3rem\">Con la Mappa del Nostro Incontro Tonda puoi regalare alla tua dolce met\u00e0 un dono unico, straordinariamente bello e ricco di significato. La possibilit\u00e0 di personalizzarla la rende un\u2019opera d\u2019arte capace di regalare emozioni anche a distanza di anni! Grazie al suo design unico e a tutti i dettagli personalizzabili, \u00e8 il modo migliore per immortalare il vostro primo ricordo insieme. Quindi, non perdere tempo \u2013 dimostra tutto il tuo amore alla persona pi\u00f9 importante della tua vita con la nostra Mappa del Nostro Incontro Tonda.<\/p>","protected":false},"excerpt":{"rendered":"<ul class=\"check-list\">\n<li>Crea una mappa personalizzata del luogo in cui vi siete conosciuti<\/li>\n<li>Indica il punto preciso con un simbolo a tua scelta<\/li>\n<li>Personalizzala in 3 semplici passaggi<\/li>\n<li>Aggiungi un testo personalizzato<\/li>\n<li>Guarda subito il risultato \u2013 l&#8217;anteprima interattiva ti permette di perfezionare ogni dettaglio<\/li>\n<\/ul>\n","protected":false},"featured_media":1478484,"template":"","meta":[],"product_brand":[],"product_cat":[7688,8008,7190,4449],"product_tag":[8770],"class_list":{"0":"post-655552","1":"product","2":"type-product","3":"status-publish","4":"has-post-thumbnail","6":"product_cat-regali-da-donna","7":"product_cat-regali-da-uomo","8":"product_cat-map-it","9":"product_cat-tutti-i-prodotti","10":"product_tag-where-we-met-it","12":"first","13":"instock","14":"sale","15":"taxable","16":"shipping-taxable","17":"purchasable","18":"product-type-variable"},"yoast_head":"<!-- This site is optimized with the Yoast SEO Premium plugin v27.2 (Yoast SEO v27.2) - https:\/\/yoast.com\/product\/yoast-seo-premium-wordpress\/ -->\n<title>Mappa del Nostro Incontro Tonda - Positive Prints<\/title>\n<meta name=\"robots\" content=\"index, follow, max-snippet:-1, max-image-preview:large, max-video-preview:-1\" \/>\n<link rel=\"canonical\" href=\"https:\/\/positiveprints.com\/it\/prodotto\/mappa-del-nostro-incontro-tonda\/\" \/>\n<meta property=\"og:locale\" content=\"it_IT\" \/>\n<meta property=\"og:type\" content=\"article\" \/>\n<meta property=\"og:title\" content=\"Mappa del Nostro Incontro Tonda\" \/>\n<meta property=\"og:description\" content=\"Crea una mappa personalizzata del luogo in cui vi siete conosciuti Indica il punto preciso con un simbolo a tua scelta Personalizzala in 3 semplici passaggi Aggiungi un testo personalizzato Guarda subito il risultato \u2013 l&#039;anteprima interattiva ti permette di perfezionare ogni dettaglio\" \/>\n<meta property=\"og:url\" content=\"https:\/\/positiveprints.com\/it\/prodotto\/mappa-del-nostro-incontro-tonda\/\" \/>\n<meta property=\"og:site_name\" content=\"Positive Prints\" \/>\n<meta property=\"article:publisher\" content=\"https:\/\/www.facebook.com\/positiveprintscom\" \/>\n<meta property=\"article:modified_time\" content=\"2026-04-03T02:20:56+00:00\" \/>\n<meta property=\"og:image\" content=\"https:\/\/positiveprints.com\/wp-content\/uploads\/2023\/09\/Mappa-del-Nostro-Incontro-Tonda.jpg\" \/>\n\t<meta property=\"og:image:width\" content=\"1080\" \/>\n\t<meta property=\"og:image:height\" content=\"1080\" \/>\n\t<meta property=\"og:image:type\" content=\"image\/jpeg\" \/>\n<meta name=\"twitter:card\" content=\"summary_large_image\" \/>\n<!-- \/ Yoast SEO Premium plugin. -->","yoast_head_json":{"title":"Mappa del Nostro Incontro Tonda - Positive Prints","robots":{"index":"index","follow":"follow","max-snippet":"max-snippet:-1","max-image-preview":"max-image-preview:large","max-video-preview":"max-video-preview:-1"},"canonical":"https:\/\/positiveprints.com\/it\/prodotto\/mappa-del-nostro-incontro-tonda\/","og_locale":"it_IT","og_type":"article","og_title":"Mappa del Nostro Incontro Tonda","og_description":"Crea una mappa personalizzata del luogo in cui vi siete conosciuti Indica il punto preciso con un simbolo a tua scelta Personalizzala in 3 semplici passaggi Aggiungi un testo personalizzato Guarda subito il risultato \u2013 l'anteprima interattiva ti permette di perfezionare ogni dettaglio","og_url":"https:\/\/positiveprints.com\/it\/prodotto\/mappa-del-nostro-incontro-tonda\/","og_site_name":"Positive Prints","article_publisher":"https:\/\/www.facebook.com\/positiveprintscom","article_modified_time":"2026-04-03T02:20:56+00:00","og_image":[{"width":1080,"height":1080,"url":"https:\/\/positiveprints.com\/wp-content\/uploads\/2023\/09\/Mappa-del-Nostro-Incontro-Tonda.jpg","type":"image\/jpeg"}],"twitter_card":"summary_large_image","schema":{"@context":"https:\/\/schema.org","@graph":[{"@type":["WebPage","ItemPage"],"@id":"https:\/\/positiveprints.com\/it\/prodotto\/mappa-del-nostro-incontro-tonda\/","url":"https:\/\/positiveprints.com\/it\/prodotto\/mappa-del-nostro-incontro-tonda\/","name":"Mappa del Nostro Incontro Tonda - Positive Prints","isPartOf":{"@id":"https:\/\/positiveprints.com\/it\/#website"},"primaryImageOfPage":{"@id":"https:\/\/positiveprints.com\/it\/prodotto\/mappa-del-nostro-incontro-tonda\/#primaryimage"},"image":{"@id":"https:\/\/positiveprints.com\/it\/prodotto\/mappa-del-nostro-incontro-tonda\/#primaryimage"},"thumbnailUrl":"https:\/\/positiveprints.com\/wp-content\/uploads\/2025\/07\/Packshot_IT_Mappa-del-Nostro-Incontro-Tonda.webp","datePublished":"2023-08-16T11:41:38+00:00","dateModified":"2026-04-03T02:20:56+00:00","breadcrumb":{"@id":"https:\/\/positiveprints.com\/it\/prodotto\/mappa-del-nostro-incontro-tonda\/#breadcrumb"},"inLanguage":"it-IT","potentialAction":[{"@type":"ReadAction","target":["https:\/\/positiveprints.com\/it\/prodotto\/mappa-del-nostro-incontro-tonda\/"]}]},{"@type":"ImageObject","inLanguage":"it-IT","@id":"https:\/\/positiveprints.com\/it\/prodotto\/mappa-del-nostro-incontro-tonda\/#primaryimage","url":"https:\/\/positiveprints.com\/wp-content\/uploads\/2025\/07\/Packshot_IT_Mappa-del-Nostro-Incontro-Tonda.webp","contentUrl":"https:\/\/positiveprints.com\/wp-content\/uploads\/2025\/07\/Packshot_IT_Mappa-del-Nostro-Incontro-Tonda.webp","width":1450,"height":1450,"caption":"Packshot_IT_Mappa del Nostro Incontro Tonda"},{"@type":"BreadcrumbList","@id":"https:\/\/positiveprints.com\/it\/prodotto\/mappa-del-nostro-incontro-tonda\/#breadcrumb","itemListElement":[{"@type":"ListItem","position":1,"name":"Home","item":"https:\/\/positiveprints.com\/it\/"},{"@type":"ListItem","position":2,"name":"Prodotti","item":"https:\/\/positiveprints.com\/it\/shop\/"},{"@type":"ListItem","position":3,"name":"Mappa del Nostro Incontro Tonda"}]},{"@type":"WebSite","@id":"https:\/\/positiveprints.com\/it\/#website","url":"https:\/\/positiveprints.com\/it\/","name":"Positive Prints","description":"Amazing Custom Personalized Gifts","publisher":{"@id":"https:\/\/positiveprints.com\/it\/#organization"},"potentialAction":[{"@type":"SearchAction","target":{"@type":"EntryPoint","urlTemplate":"https:\/\/positiveprints.com\/it\/?s={search_term_string}"},"query-input":{"@type":"PropertyValueSpecification","valueRequired":true,"valueName":"search_term_string"}}],"inLanguage":"it-IT"},{"@type":"Organization","@id":"https:\/\/positiveprints.com\/it\/#organization","name":"Positive Prints","alternateName":"Positive Prints","url":"https:\/\/positiveprints.com\/it\/","logo":{"@type":"ImageObject","inLanguage":"it-IT","@id":"https:\/\/positiveprints.com\/it\/#\/schema\/logo\/image\/","url":"https:\/\/positiveprints.com\/wp-content\/uploads\/2026\/03\/245815646_1337939713319158_5671353136411139666_n.png","contentUrl":"https:\/\/positiveprints.com\/wp-content\/uploads\/2026\/03\/245815646_1337939713319158_5671353136411139666_n.png","width":800,"height":800,"caption":"Positive Prints"},"image":{"@id":"https:\/\/positiveprints.com\/it\/#\/schema\/logo\/image\/"},"sameAs":["https:\/\/www.facebook.com\/positiveprintscom","https:\/\/www.instagram.com\/positiveprintscom\/","https:\/\/www.tiktok.com\/@positiveprintscom","https:\/\/www.pinterest.com\/positiveprintscom\/"]}]}},"jetpack_sharing_enabled":true,"_links":{"self":[{"href":"https:\/\/positiveprints.com\/it\/wp-json\/wp\/v2\/product\/655552","targetHints":{"allow":["GET"]}}],"collection":[{"href":"https:\/\/positiveprints.com\/it\/wp-json\/wp\/v2\/product"}],"about":[{"href":"https:\/\/positiveprints.com\/it\/wp-json\/wp\/v2\/types\/product"}],"wp:featuredmedia":[{"embeddable":true,"href":"https:\/\/positiveprints.com\/it\/wp-json\/wp\/v2\/media\/1478484"}],"wp:attachment":[{"href":"https:\/\/positiveprints.com\/it\/wp-json\/wp\/v2\/media?parent=655552"}],"wp:term":[{"taxonomy":"product_brand","embeddable":true,"href":"https:\/\/positiveprints.com\/it\/wp-json\/wp\/v2\/product_brand?post=655552"},{"taxonomy":"product_cat","embeddable":true,"href":"https:\/\/positiveprints.com\/it\/wp-json\/wp\/v2\/product_cat?post=655552"},{"taxonomy":"product_tag","embeddable":true,"href":"https:\/\/positiveprints.com\/it\/wp-json\/wp\/v2\/product_tag?post=655552"}],"curies":[{"name":"wp","href":"https:\/\/api.w.org\/{rel}","templated":true}]}}