{"id":655549,"date":"2023-02-24T12:00:29","date_gmt":"2023-08-16T11:35:07","guid":{"rendered":"https:\/\/positiveprints.com\/?post_type=product&#038;p=655549"},"modified":"2026-04-18T06:09:35","modified_gmt":"2026-04-18T05:09:35","slug":"mappa-del-nostro-incontro-a-cuore","status":"publish","type":"product","link":"https:\/\/positiveprints.com\/it\/prodotto\/mappa-del-nostro-incontro-a-cuore\/","title":{"rendered":"Mappa del Nostro Incontro a Cuore"},"content":{"rendered":"<p style=\"margin-top: 1rem\">Scopri la Mappa del Nostro Incontro a Forma di Cuore! Unica e ricca di significato, quest\u2019opera d\u2019arte personalizzata cattura l\u2019esatta posizione in cui due vite si sono intrecciate per sempre. Rappresentando il luogo in cui due persone si sono conosciute o hanno condiviso dei momenti preziosi, la Mappa del Nostro Incontro a Forma di Cuore \u00e8 capace di portare gioia e sorrisi per anni e anni.<\/p>\r\n\r\n\r\n<h2 class=\"grenB f24 cblue\" style=\"margin-top: 3rem\">Cos\u2019\u00e8 Una Mappa del Nostro Incontro a Forma di Cuore?<\/h2>\r\n\r\n<p style=\"margin-top: 1rem\">Una Mappa del Nostro Incontro \u00e8 un\u2019opera d\u2019arte personalizzata a forma di cuore che cattura i ricordi pi\u00f9 speciali di due persone. Con un\u2019icona a forma di cuore indica il punto esatto in cui due vite si sono incrociate e legate per sempre. Questo regalo unico e ricco di significativo \u00e8 perfetto per matrimoni, anniversari o, semplicemente, come un gesto d\u2019amore verso una persona per te importante. Non \u00e8 solo una straordinaria opera d\u2019arte, ma assume anche un valore sentimentale che non pu\u00f2 essere replicato da un regalo qualsiasi. La Mappa del Nostro Incontro a Forma di Cuore \u00e8 il regalo perfetto per ricordare per sempre i tuoi istanti pi\u00f9 preziosi.<\/p>\r\n\r\n\r\n\r\n<h2 class=\"grenB f24 cblue\" style=\"margin-top: 3rem\">Ricorda per Sempre i Tuoi Momenti Pi\u00f9 Belli<\/h2>\r\n\r\n<p style=\"margin-top: 1rem\">I motivi per creare una Mappa del Nostro Incontro a Forma di Cuore sono tantissimi. \u00c8 il regalo perfetto per matrimoni, anniversari e occasioni speciali come il giorno di San Valentino. Ma \u00e8 anche il modo perfetto per ricordare per sempre dove due persone si sono incontrate per la prima volta. Che sia stato un incontro casuale o meno, questa mappa rappresenta un bellissimo ricordo e, allo stesso tempo, \u00e8 la decorazione perfetta per qualsiasi tipo di arredamento. D\u2019altronde, \u00e8 sempre bello avere un\u2019opera d\u2019arte personalizzata che riflette le proprie esperienze e la propria storia.<\/p>\r\n\r\n\r\n\r\n<h2 class=\"grenB f24 cblue\" style=\"margin-top: 3rem\">Regali Personalizzati<\/h2>\r\n\r\n<p style=\"margin-top: 1rem\">Non ci sono dubbi \u2013 c\u2019\u00e8 qualcosa di speciale nel creare un regalo personalizzato come una Mappa del Nostro Incontro a Forma di Cuore. Regali come questo sono realizzati appositamente per chi li riceve e, per questo motivo, riflettono esperienza e ricordi unici. Sono il modo pi\u00f9 dolce e romantico di dimostrare la cura che ci hai messo nel pensare a cosa regalare e a come creare qualcosa di significativo. E tutto questo \u00e8 molto diverso rispetto ad andare in negozio e scegliere un regalo dallo scaffale! Evocando ricordi e storie del passato, la Mappa del Nostro Incontro rompe il ghiaccio in quelle serate in cui hai ospiti a casa. In poche parole, creare un regalo personalizzato \u00e8 come aggiungere un strato di attenzione e amore che un oggetto prodotto in serie non potrebbe mai avere.<\/p>\r\n\r\n\r\n\r\n\r\n\r\n<p style=\"margin-top: 3rem\">Che sia per un\u2019occasione speciale o semplicemente come segno di affetto, questa mappa unica celebra con orgoglio la precisa posizione in cui i destini di due persone dapprima sconosciute si sono intrecciati per sempre.<\/p>\r\n\r\n\r\n\r\n<p style=\"margin-top: 1rem\">La Mappa del Nostro Incontro a Forma di Cuore \u00e8 il modo perfetto per dimostrare il tuo amore a una persona importante e per ricordare insieme momenti indimenticabili. Crea subito un regalo memorabile!<\/p>","protected":false},"excerpt":{"rendered":"<ul class=\"check-list\">\n<li>Crea una mappa del luogo in cui vi siete conosciuti \u2013 con una stampa personalizzata unica nel suo genere<\/li>\n<li>Indica il punto preciso con un simbolo a tua scelta<\/li>\n<li>Personalizzala in 3 semplici passaggi<\/li>\n<li>Aggiungi un testo personalizzato<\/li>\n<li>Guarda subito il risultato \u2013 l&#8217;anteprima interattiva ti permette di perfezionare ogni dettaglio<\/li>\n<\/ul>\n","protected":false},"featured_media":1462658,"template":"","meta":[],"product_brand":[],"product_cat":[7688,8008,7190,4449],"product_tag":[8770],"class_list":{"0":"post-655549","1":"product","2":"type-product","3":"status-publish","4":"has-post-thumbnail","6":"product_cat-regali-da-donna","7":"product_cat-regali-da-uomo","8":"product_cat-map-it","9":"product_cat-tutti-i-prodotti","10":"product_tag-where-we-met-it","12":"first","13":"instock","14":"sale","15":"taxable","16":"shipping-taxable","17":"purchasable","18":"product-type-variable"},"yoast_head":"<!-- This site is optimized with the Yoast SEO Premium plugin v27.2 (Yoast SEO v27.2) - https:\/\/yoast.com\/product\/yoast-seo-premium-wordpress\/ -->\n<title>Mappa del Nostro Incontro a Cuore - Positive Prints<\/title>\n<meta name=\"robots\" content=\"index, follow, max-snippet:-1, max-image-preview:large, max-video-preview:-1\" \/>\n<link rel=\"canonical\" href=\"https:\/\/positiveprints.com\/it\/prodotto\/mappa-del-nostro-incontro-a-cuore\/\" \/>\n<meta property=\"og:locale\" content=\"it_IT\" \/>\n<meta property=\"og:type\" content=\"article\" \/>\n<meta property=\"og:title\" content=\"Mappa del Nostro Incontro a Cuore\" \/>\n<meta property=\"og:description\" content=\"Crea una mappa del luogo in cui vi siete conosciuti \u2013 con una stampa personalizzata unica nel suo genere Indica il punto preciso con un simbolo a tua scelta Personalizzala in 3 semplici passaggi Aggiungi un testo personalizzato Guarda subito il risultato \u2013 l&#039;anteprima interattiva ti permette di perfezionare ogni dettaglio\" \/>\n<meta property=\"og:url\" content=\"https:\/\/positiveprints.com\/it\/prodotto\/mappa-del-nostro-incontro-a-cuore\/\" \/>\n<meta property=\"og:site_name\" content=\"Positive Prints\" \/>\n<meta property=\"article:publisher\" content=\"https:\/\/www.facebook.com\/positiveprintscom\" \/>\n<meta property=\"article:modified_time\" content=\"2026-04-18T05:09:35+00:00\" \/>\n<meta property=\"og:image\" content=\"https:\/\/positiveprints.com\/wp-content\/uploads\/2023\/09\/Mappa-del-Nostro-Incontro-a-Cuore.jpg\" \/>\n\t<meta property=\"og:image:width\" content=\"1080\" \/>\n\t<meta property=\"og:image:height\" content=\"1080\" \/>\n\t<meta property=\"og:image:type\" content=\"image\/jpeg\" \/>\n<meta name=\"twitter:card\" content=\"summary_large_image\" \/>\n<!-- \/ Yoast SEO Premium plugin. -->","yoast_head_json":{"title":"Mappa del Nostro Incontro a Cuore - Positive Prints","robots":{"index":"index","follow":"follow","max-snippet":"max-snippet:-1","max-image-preview":"max-image-preview:large","max-video-preview":"max-video-preview:-1"},"canonical":"https:\/\/positiveprints.com\/it\/prodotto\/mappa-del-nostro-incontro-a-cuore\/","og_locale":"it_IT","og_type":"article","og_title":"Mappa del Nostro Incontro a Cuore","og_description":"Crea una mappa del luogo in cui vi siete conosciuti \u2013 con una stampa personalizzata unica nel suo genere Indica il punto preciso con un simbolo a tua scelta Personalizzala in 3 semplici passaggi Aggiungi un testo personalizzato Guarda subito il risultato \u2013 l'anteprima interattiva ti permette di perfezionare ogni dettaglio","og_url":"https:\/\/positiveprints.com\/it\/prodotto\/mappa-del-nostro-incontro-a-cuore\/","og_site_name":"Positive Prints","article_publisher":"https:\/\/www.facebook.com\/positiveprintscom","article_modified_time":"2026-04-18T05:09:35+00:00","og_image":[{"width":1080,"height":1080,"url":"https:\/\/positiveprints.com\/wp-content\/uploads\/2023\/09\/Mappa-del-Nostro-Incontro-a-Cuore.jpg","type":"image\/jpeg"}],"twitter_card":"summary_large_image","schema":{"@context":"https:\/\/schema.org","@graph":[{"@type":["WebPage","ItemPage"],"@id":"https:\/\/positiveprints.com\/it\/prodotto\/mappa-del-nostro-incontro-a-cuore\/","url":"https:\/\/positiveprints.com\/it\/prodotto\/mappa-del-nostro-incontro-a-cuore\/","name":"Mappa del Nostro Incontro a Cuore - Positive Prints","isPartOf":{"@id":"https:\/\/positiveprints.com\/it\/#website"},"primaryImageOfPage":{"@id":"https:\/\/positiveprints.com\/it\/prodotto\/mappa-del-nostro-incontro-a-cuore\/#primaryimage"},"image":{"@id":"https:\/\/positiveprints.com\/it\/prodotto\/mappa-del-nostro-incontro-a-cuore\/#primaryimage"},"thumbnailUrl":"https:\/\/positiveprints.com\/wp-content\/uploads\/2025\/06\/Packshot_IT_Mappa-del-Nostro-Incontro-a-Cuore.webp","datePublished":"2023-08-16T11:35:07+00:00","dateModified":"2026-04-18T05:09:35+00:00","breadcrumb":{"@id":"https:\/\/positiveprints.com\/it\/prodotto\/mappa-del-nostro-incontro-a-cuore\/#breadcrumb"},"inLanguage":"it-IT","potentialAction":[{"@type":"ReadAction","target":["https:\/\/positiveprints.com\/it\/prodotto\/mappa-del-nostro-incontro-a-cuore\/"]}]},{"@type":"ImageObject","inLanguage":"it-IT","@id":"https:\/\/positiveprints.com\/it\/prodotto\/mappa-del-nostro-incontro-a-cuore\/#primaryimage","url":"https:\/\/positiveprints.com\/wp-content\/uploads\/2025\/06\/Packshot_IT_Mappa-del-Nostro-Incontro-a-Cuore.webp","contentUrl":"https:\/\/positiveprints.com\/wp-content\/uploads\/2025\/06\/Packshot_IT_Mappa-del-Nostro-Incontro-a-Cuore.webp","width":1450,"height":1450,"caption":"Packshot_IT_Mappa del Nostro Incontro a Cuore"},{"@type":"BreadcrumbList","@id":"https:\/\/positiveprints.com\/it\/prodotto\/mappa-del-nostro-incontro-a-cuore\/#breadcrumb","itemListElement":[{"@type":"ListItem","position":1,"name":"Home","item":"https:\/\/positiveprints.com\/it\/"},{"@type":"ListItem","position":2,"name":"Prodotti","item":"https:\/\/positiveprints.com\/it\/shop\/"},{"@type":"ListItem","position":3,"name":"Mappa del Nostro Incontro a Cuore"}]},{"@type":"WebSite","@id":"https:\/\/positiveprints.com\/it\/#website","url":"https:\/\/positiveprints.com\/it\/","name":"Positive Prints","description":"Amazing Custom Personalized Gifts","publisher":{"@id":"https:\/\/positiveprints.com\/it\/#organization"},"potentialAction":[{"@type":"SearchAction","target":{"@type":"EntryPoint","urlTemplate":"https:\/\/positiveprints.com\/it\/?s={search_term_string}"},"query-input":{"@type":"PropertyValueSpecification","valueRequired":true,"valueName":"search_term_string"}}],"inLanguage":"it-IT"},{"@type":"Organization","@id":"https:\/\/positiveprints.com\/it\/#organization","name":"Positive Prints","alternateName":"Positive Prints","url":"https:\/\/positiveprints.com\/it\/","logo":{"@type":"ImageObject","inLanguage":"it-IT","@id":"https:\/\/positiveprints.com\/it\/#\/schema\/logo\/image\/","url":"https:\/\/positiveprints.com\/wp-content\/uploads\/2026\/03\/245815646_1337939713319158_5671353136411139666_n.png","contentUrl":"https:\/\/positiveprints.com\/wp-content\/uploads\/2026\/03\/245815646_1337939713319158_5671353136411139666_n.png","width":800,"height":800,"caption":"Positive Prints"},"image":{"@id":"https:\/\/positiveprints.com\/it\/#\/schema\/logo\/image\/"},"sameAs":["https:\/\/www.facebook.com\/positiveprintscom","https:\/\/www.instagram.com\/positiveprintscom\/","https:\/\/www.tiktok.com\/@positiveprintscom","https:\/\/www.pinterest.com\/positiveprintscom\/"]}]}},"jetpack_sharing_enabled":true,"_links":{"self":[{"href":"https:\/\/positiveprints.com\/it\/wp-json\/wp\/v2\/product\/655549","targetHints":{"allow":["GET"]}}],"collection":[{"href":"https:\/\/positiveprints.com\/it\/wp-json\/wp\/v2\/product"}],"about":[{"href":"https:\/\/positiveprints.com\/it\/wp-json\/wp\/v2\/types\/product"}],"wp:featuredmedia":[{"embeddable":true,"href":"https:\/\/positiveprints.com\/it\/wp-json\/wp\/v2\/media\/1462658"}],"wp:attachment":[{"href":"https:\/\/positiveprints.com\/it\/wp-json\/wp\/v2\/media?parent=655549"}],"wp:term":[{"taxonomy":"product_brand","embeddable":true,"href":"https:\/\/positiveprints.com\/it\/wp-json\/wp\/v2\/product_brand?post=655549"},{"taxonomy":"product_cat","embeddable":true,"href":"https:\/\/positiveprints.com\/it\/wp-json\/wp\/v2\/product_cat?post=655549"},{"taxonomy":"product_tag","embeddable":true,"href":"https:\/\/positiveprints.com\/it\/wp-json\/wp\/v2\/product_tag?post=655549"}],"curies":[{"name":"wp","href":"https:\/\/api.w.org\/{rel}","templated":true}]}}