{"id":655546,"date":"2021-07-31T20:22:49","date_gmt":"2023-08-16T11:30:16","guid":{"rendered":"https:\/\/positiveprints.com\/?post_type=product&#038;p=655546"},"modified":"2026-04-03T03:55:32","modified_gmt":"2026-04-03T02:55:32","slug":"mappa-del-nostro-primo-bacio","status":"publish","type":"product","link":"https:\/\/positiveprints.com\/it\/prodotto\/mappa-del-nostro-primo-bacio\/","title":{"rendered":"Mappa del Nostro Primo Bacio"},"content":{"rendered":"<p>Il vostro primo bacio \u00e8 stato il primo di tantissimi altri. Ormai, potreste aver perso il conto di quanti ve ne siete dati, ma \u00e8 bello guardare indietro e vedere come il primo ha dato inizio a tutta la vostra vita insieme. Celebra l\u2019amore con la Mappa del Nostro Primo Bacio di Positive Prints.<\/p>\r\n\r\n\r\n\r\n<h2 class=\"grenB f24 cblue\" style=\"margin-top: 3rem\">Cos\u2019\u00e8 Una Mappa del Nostro Primo Bacio?<\/h2>\r\n\r\n\r\n\r\n<p style=\"margin-top: 1rem\">Il primo bacio \u00e8 sempre un momento magico. \u00c8 il momento in cui la vostra storia d\u2019amore raggiunge nuove vette e crea un legame speciale, un legame che potrebbe durare per tutta la vita. La Mappa del Nostro Primo Bacio cattura questo momento speciale, evidenziando con precisione il luogo in cui le vostre labbra si sono incontrate per la prima volta. Quello che facciamo qui \u00e8 semplicemente trasformarla in un\u2019opera d\u2019arte personalizzata da poter esporre a casa vostra cos\u00ec da ricordare per sempre quel capitolo della vostra relazione.<\/p>\r\n\r\n\r\n\r\n<h2 class=\"grenB f24 cblue\" style=\"margin-top: 3rem\">Quando Regalare Una Mappa del Nostro Primo Bacio<\/h2>\r\n\r\n\r\n\r\n<p style=\"margin-top: 1rem\">C&#8217;\u00e8 qualcosa di straordinario e sorprendente nel regalare o ricevere una mappa personalizzata. Non \u00e8 il tipico regalo che ci si aspetta, ma un dono che richiede uno sforzo in pi\u00f9, un\u2019attenzione particolare per trasformare le tue idee in un\u2019opera d\u2019arte.<\/p>\r\n\r\n\r\n\r\n<p style=\"margin-top: 1rem\">Se stai cercando un regalo originale per San Valentino, il vostro anniversario o persino il vostro matrimonio, sorprendi la tua dolce met\u00e0 con una mappa creata su misura.<\/p>\r\n\r\n\r\n\r\n<p style=\"margin-top: 1rem\">Positive Prints si occupa gi\u00e0 della maggior parte del lavoro, ma solo tu puoi personalizzare la tua creazione. Inserisci l\u2019indirizzo esatto del vostro primo bacio e noi ci occuperemo del resto! Aggiungi una citazione, la strofa di una canzone, un aforisma o qualsiasi altro messaggio che possa rendere il tuo regalo ancora pi\u00f9 ricco di significato.<\/p>\r\n\r\n\r\n\r\n<h2 class=\"grenB f24 cblue\" style=\"margin-top: 3rem\">Personalizza la Tua Mappa con Positive Prints<\/h2>\r\n\r\n\r\n\r\n<p style=\"margin-top: 1rem\">Su Positive Prints c\u2019\u00e8 tutto quello di cui hai bisogno per personalizzare la Mappa del Nostro Primo Bacio. Inizia scegliendo uno dei nostri design per mappe personalizzate e una palette colori. Divertiti a sfogliare tra tutte le possibili combinazioni e osserva ogni modifica prendere vita sotto i tuoi occhi.<\/p>\r\n\r\n\r\n\r\n<p style=\"margin-top: 1rem\">Inserendo la posizione esatta del vostro primo bacio, hai la possibilit\u00e0 di personalizzare al massimo la tua creazione. Rendila davvero unica inserendo anche un messaggio speciale come, una data memorabile, il nome del luogo, una citazione tratta da una poesia o da una canzone, o qualcosa di cos\u00ec personale che solo voi due potrete capire.<\/p>\r\n\r\n\r\n\r\n<p style=\"margin-top: 1rem\">Il nostro servizio pi\u00f9 scelto include una stampa di alta qualit\u00e0 e la spedizione in tutto il mondo. Tuttavia, se hai bisogno di un regalo dell\u2019ultimo minuto, ti consigliamo di scegliere il file digitale. In questo modo potrai ricevere la tua mappa direttamente nella tua email. Per la massima personalizzazione, sono disponibili anche le stampe su tela e i poster incorniciati.<\/p>\r\n\r\n\r\n\r\n<h2 class=\"grenB f24 cblue\" style=\"margin-top: 3rem\">Rivivi la Magia di Un Ricordo Prezioso!<\/h2>\r\n\r\n\r\n\r\n<p style=\"margin-top: 1rem\">Il vostro primo bacio \u00e8 stato uno dei momenti pi\u00f9 significativi della vostra storia d\u2019amore. Rivivi quel ricordo per sempre! Ripercorri l\u2019inizio del vostro viaggio insieme con una Mappa del Nostro Primo Bacio su Positive Prints.<\/p>","protected":false},"excerpt":{"rendered":"<ul class=\"check-list\">\n<li>Indica il punto preciso con un simbolo a tua scelta<\/li>\n<li>Personalizzala in 3 semplici passaggi<\/li>\n<li>Aggiungi un testo personalizzato<\/li>\n<li>Guarda subito il risultato \u2013 l&#8217;anteprima interattiva ti permette di perfezionare ogni dettaglio<\/li>\n<\/ul>\n","protected":false},"featured_media":1461566,"template":"","meta":[],"product_brand":[],"product_cat":[4449,7190,8008,7688],"product_tag":[8521],"class_list":{"0":"post-655546","1":"product","2":"type-product","3":"status-publish","4":"has-post-thumbnail","6":"product_cat-tutti-i-prodotti","7":"product_cat-map-it","8":"product_cat-regali-da-uomo","9":"product_cat-regali-da-donna","10":"product_tag-couples-it","12":"first","13":"instock","14":"sale","15":"taxable","16":"shipping-taxable","17":"purchasable","18":"product-type-variable"},"yoast_head":"<!-- This site is optimized with the Yoast SEO Premium plugin v27.2 (Yoast SEO v27.2) - https:\/\/yoast.com\/product\/yoast-seo-premium-wordpress\/ -->\n<title>Mappa del Nostro Primo Bacio - Positive Prints<\/title>\n<meta name=\"robots\" content=\"index, follow, max-snippet:-1, max-image-preview:large, max-video-preview:-1\" \/>\n<link rel=\"canonical\" href=\"https:\/\/positiveprints.com\/it\/prodotto\/mappa-del-nostro-primo-bacio\/\" \/>\n<meta property=\"og:locale\" content=\"it_IT\" \/>\n<meta property=\"og:type\" content=\"article\" \/>\n<meta property=\"og:title\" content=\"Mappa del Nostro Primo Bacio\" \/>\n<meta property=\"og:description\" content=\"Indica il punto preciso con un simbolo a tua scelta  Personalizzala in 3 semplici passaggi  Aggiungi un testo personalizzato  Guarda subito il risultato \u2013 l&#039;anteprima interattiva ti permette di perfezionare ogni dettaglio\" \/>\n<meta property=\"og:url\" content=\"https:\/\/positiveprints.com\/it\/prodotto\/mappa-del-nostro-primo-bacio\/\" \/>\n<meta property=\"og:site_name\" content=\"Positive Prints\" \/>\n<meta property=\"article:publisher\" content=\"https:\/\/www.facebook.com\/positiveprintscom\" \/>\n<meta property=\"article:modified_time\" content=\"2026-04-03T02:55:32+00:00\" \/>\n<meta property=\"og:image\" content=\"https:\/\/positiveprints.com\/wp-content\/uploads\/2023\/09\/Mappa-del-Nostro-Primo-Bacio.jpg\" \/>\n\t<meta property=\"og:image:width\" content=\"1080\" \/>\n\t<meta property=\"og:image:height\" content=\"1080\" \/>\n\t<meta property=\"og:image:type\" content=\"image\/jpeg\" \/>\n<meta name=\"twitter:card\" content=\"summary_large_image\" \/>\n<meta name=\"twitter:label1\" content=\"Tempo di lettura stimato\" \/>\n\t<meta name=\"twitter:data1\" content=\"3 minuti\" \/>\n<!-- \/ Yoast SEO Premium plugin. -->","yoast_head_json":{"title":"Mappa del Nostro Primo Bacio - Positive Prints","robots":{"index":"index","follow":"follow","max-snippet":"max-snippet:-1","max-image-preview":"max-image-preview:large","max-video-preview":"max-video-preview:-1"},"canonical":"https:\/\/positiveprints.com\/it\/prodotto\/mappa-del-nostro-primo-bacio\/","og_locale":"it_IT","og_type":"article","og_title":"Mappa del Nostro Primo Bacio","og_description":"Indica il punto preciso con un simbolo a tua scelta  Personalizzala in 3 semplici passaggi  Aggiungi un testo personalizzato  Guarda subito il risultato \u2013 l'anteprima interattiva ti permette di perfezionare ogni dettaglio","og_url":"https:\/\/positiveprints.com\/it\/prodotto\/mappa-del-nostro-primo-bacio\/","og_site_name":"Positive Prints","article_publisher":"https:\/\/www.facebook.com\/positiveprintscom","article_modified_time":"2026-04-03T02:55:32+00:00","og_image":[{"width":1080,"height":1080,"url":"https:\/\/positiveprints.com\/wp-content\/uploads\/2023\/09\/Mappa-del-Nostro-Primo-Bacio.jpg","type":"image\/jpeg"}],"twitter_card":"summary_large_image","twitter_misc":{"Tempo di lettura stimato":"3 minuti"},"schema":{"@context":"https:\/\/schema.org","@graph":[{"@type":["WebPage","ItemPage"],"@id":"https:\/\/positiveprints.com\/it\/prodotto\/mappa-del-nostro-primo-bacio\/","url":"https:\/\/positiveprints.com\/it\/prodotto\/mappa-del-nostro-primo-bacio\/","name":"Mappa del Nostro Primo Bacio - Positive Prints","isPartOf":{"@id":"https:\/\/positiveprints.com\/it\/#website"},"primaryImageOfPage":{"@id":"https:\/\/positiveprints.com\/it\/prodotto\/mappa-del-nostro-primo-bacio\/#primaryimage"},"image":{"@id":"https:\/\/positiveprints.com\/it\/prodotto\/mappa-del-nostro-primo-bacio\/#primaryimage"},"thumbnailUrl":"https:\/\/positiveprints.com\/wp-content\/uploads\/2025\/06\/Packshot_IT_Mappa-del-Nostro-Primo-Bacio.webp","datePublished":"2023-08-16T11:30:16+00:00","dateModified":"2026-04-03T02:55:32+00:00","breadcrumb":{"@id":"https:\/\/positiveprints.com\/it\/prodotto\/mappa-del-nostro-primo-bacio\/#breadcrumb"},"inLanguage":"it-IT","potentialAction":[{"@type":"ReadAction","target":["https:\/\/positiveprints.com\/it\/prodotto\/mappa-del-nostro-primo-bacio\/"]}]},{"@type":"ImageObject","inLanguage":"it-IT","@id":"https:\/\/positiveprints.com\/it\/prodotto\/mappa-del-nostro-primo-bacio\/#primaryimage","url":"https:\/\/positiveprints.com\/wp-content\/uploads\/2025\/06\/Packshot_IT_Mappa-del-Nostro-Primo-Bacio.webp","contentUrl":"https:\/\/positiveprints.com\/wp-content\/uploads\/2025\/06\/Packshot_IT_Mappa-del-Nostro-Primo-Bacio.webp","width":1450,"height":1450,"caption":"Packshot_IT_Mappa del Nostro Primo Bacio"},{"@type":"BreadcrumbList","@id":"https:\/\/positiveprints.com\/it\/prodotto\/mappa-del-nostro-primo-bacio\/#breadcrumb","itemListElement":[{"@type":"ListItem","position":1,"name":"Home","item":"https:\/\/positiveprints.com\/it\/"},{"@type":"ListItem","position":2,"name":"Prodotti","item":"https:\/\/positiveprints.com\/it\/shop\/"},{"@type":"ListItem","position":3,"name":"Mappa del Nostro Primo Bacio"}]},{"@type":"WebSite","@id":"https:\/\/positiveprints.com\/it\/#website","url":"https:\/\/positiveprints.com\/it\/","name":"Positive Prints","description":"Amazing Custom Personalized Gifts","publisher":{"@id":"https:\/\/positiveprints.com\/it\/#organization"},"potentialAction":[{"@type":"SearchAction","target":{"@type":"EntryPoint","urlTemplate":"https:\/\/positiveprints.com\/it\/?s={search_term_string}"},"query-input":{"@type":"PropertyValueSpecification","valueRequired":true,"valueName":"search_term_string"}}],"inLanguage":"it-IT"},{"@type":"Organization","@id":"https:\/\/positiveprints.com\/it\/#organization","name":"Positive Prints","alternateName":"Positive Prints","url":"https:\/\/positiveprints.com\/it\/","logo":{"@type":"ImageObject","inLanguage":"it-IT","@id":"https:\/\/positiveprints.com\/it\/#\/schema\/logo\/image\/","url":"https:\/\/positiveprints.com\/wp-content\/uploads\/2026\/03\/245815646_1337939713319158_5671353136411139666_n.png","contentUrl":"https:\/\/positiveprints.com\/wp-content\/uploads\/2026\/03\/245815646_1337939713319158_5671353136411139666_n.png","width":800,"height":800,"caption":"Positive Prints"},"image":{"@id":"https:\/\/positiveprints.com\/it\/#\/schema\/logo\/image\/"},"sameAs":["https:\/\/www.facebook.com\/positiveprintscom","https:\/\/www.instagram.com\/positiveprintscom\/","https:\/\/www.tiktok.com\/@positiveprintscom","https:\/\/www.pinterest.com\/positiveprintscom\/"]}]}},"jetpack_sharing_enabled":true,"_links":{"self":[{"href":"https:\/\/positiveprints.com\/it\/wp-json\/wp\/v2\/product\/655546","targetHints":{"allow":["GET"]}}],"collection":[{"href":"https:\/\/positiveprints.com\/it\/wp-json\/wp\/v2\/product"}],"about":[{"href":"https:\/\/positiveprints.com\/it\/wp-json\/wp\/v2\/types\/product"}],"wp:featuredmedia":[{"embeddable":true,"href":"https:\/\/positiveprints.com\/it\/wp-json\/wp\/v2\/media\/1461566"}],"wp:attachment":[{"href":"https:\/\/positiveprints.com\/it\/wp-json\/wp\/v2\/media?parent=655546"}],"wp:term":[{"taxonomy":"product_brand","embeddable":true,"href":"https:\/\/positiveprints.com\/it\/wp-json\/wp\/v2\/product_brand?post=655546"},{"taxonomy":"product_cat","embeddable":true,"href":"https:\/\/positiveprints.com\/it\/wp-json\/wp\/v2\/product_cat?post=655546"},{"taxonomy":"product_tag","embeddable":true,"href":"https:\/\/positiveprints.com\/it\/wp-json\/wp\/v2\/product_tag?post=655546"}],"curies":[{"name":"wp","href":"https:\/\/api.w.org\/{rel}","templated":true}]}}