{"id":637518,"date":"2023-07-12T14:44:29","date_gmt":"2023-07-12T13:44:29","guid":{"rendered":"https:\/\/positiveprints.com\/?post_type=product&#038;p=637518"},"modified":"2026-04-12T21:51:33","modified_gmt":"2026-04-12T20:51:33","slug":"stampa-del-segno-dei-gemelli","status":"publish","type":"product","link":"https:\/\/positiveprints.com\/it\/prodotto\/stampa-del-segno-dei-gemelli\/","title":{"rendered":"Stampa del Segno dei Gemelli"},"content":{"rendered":"<h2 class=\"grenB f24 cblue\" style=\"margin-top: 3rem\">Regala una Stampa del Segno dei Gemelli<\/h2>\r\n\r\n<p style=\"margin-top: 1rem\">Sei alla ricerca di un regalo indimenticabile per sorprendere qualcuno di davvero speciale? Con la Stampa del Segno dei Gemelli non hai pi\u00f9 bisogno di cercare! \u00c8 il regalo perfetto per tutti gli appassionati e le appassionate di segni zodiacali e astrologia. Che tu voglia celebrare il loro compleanno, un\u2019occasione speciale o semplicemente stupirli con un bel gesto, la Stampa del Segno dei Gemelli far\u00e0 spuntare un sorriso sui loro visi.<\/p>\r\n<p style=\"margin-top: 1rem\">Gemelli \u00e8 il segno zodiacale che rappresenta i nati tra il 21 maggio e il 20 giugno. Le persone nate sotto questo segno hanno una personalit\u00e0 unica. I Gemelli si distinguono per la loro curiosit\u00e0 e versatilit\u00e0. Sono curiosi del mondo che li circonda e amano imparare cose nuove. Le loro doti comunicative sono eccellenti perch\u00e9 sanno giocare bene con le parole. Il loro animo sociale li porta ad apprezzare i momenti condivisi con gli altri. Sono capaci di adattarsi facilmente a tantissime situazioni differenti. Ecco perch\u00e9 la Stampa del Segno dei Gemelli \u00e8 il regalo perfetto per loro.<\/p>\r\n\r\n<h2 class=\"grenB f24 cblue\" style=\"margin-top: 3rem\">Personalizza la Tua Stampa del Segno dei Gemelli<\/h2>\r\n\r\n<p style=\"margin-top: 1rem\">Personalizzare la tua Stampa del Segno dei Gemelli \u00e8 facile e divertente! Grazie al nostro editor super intuitivo, puoi creare un capolavoro in pochi e semplici passaggi. Tra tutti gli stili e i layout disponibili, scegli quelli che ti ispirano di pi\u00f9. Puoi selezionare una meravigliosa rappresentazione del simbolo dei Gemelli, oppure la costellazione corrispondente. Libera la tua creativit\u00e0 giocando con i colori, oppure scegli una palette creata da noi. Trasformala in qualcosa di ancora pi\u00f9 speciale aggiungendo un testo personalizzato o un aneddoto interessate sui Gemelli, come qualche informazione sulla pietra di nascita o il pianeta dominante.<\/p>\r\n\r\n<p style=\"margin-top: 1rem\">Prima di completare l\u2019ordine, hai la massima libert\u00e0 di scelta. Puoi ordinare un poster o una stampa incorniciata, una tela di alta qualit\u00e0 o un file digitale da scaricare immediatamente. La scelta \u00e8 tua!<\/p>\r\n\r\n<h2 class=\"grenB f24 cblue\" style=\"margin-top: 3rem\">Il Regalo Personalizzato Che Sorprende<\/h2>\r\n\r\n<p style=\"margin-top: 1rem\">Una Stampa del Segno dei Gemelli \u00e8 un regalo unico e prezioso. Non \u00e8 quel classico regalo che puoi trovare in un negozio qualsiasi, e questo lo rende ancora pi\u00f9 speciale. Una stampa personalizzata che rappresenta il loro segno zodiacale non pu\u00f2 far altro che infondere gioia a chi la riceve. Se sono persone che amano imparare cose nuove e giocare con le parole, la Stampa del Segno dei Gemelli non potr\u00e0 far altro che stupirli. Ne faranno un gran tesoro e siamo certi che la esporranno con orgoglio. Perci\u00f2, perch\u00e9 aspettare? Comincia subito a creare la Stampa del Segno dei Gemelli e porta un po\u2019 di arte e gioia nella vita di una persona speciale.<\/p>","protected":false},"excerpt":{"rendered":"<ul class=\"\"check-list\"\">\n<li>Con questo meraviglioso poster puoi mostrare il lato pi\u00f9 orgoglioso del tuo essere Gemelli insieme al simbolo del tuo segno zodiacale, l&#8217;elemento e le caratteristiche<\/li>\n<li>Scopri le caratteristiche che rendono speciale il tuo segno zodiacale<\/li>\n<li>Scegli un template o libera la creativit\u00e0<\/li>\n<li>Scrivi un messaggio personalizzato ricco di significato<\/li>\n<li>Osserva l&#8217;anteprima della tua creazione a ogni passaggio<\/li>\n<\/ul>\n","protected":false},"featured_media":652614,"template":"","meta":[],"product_brand":[],"product_cat":[9012,4449],"product_tag":[9134],"class_list":{"0":"post-637518","1":"product","2":"type-product","3":"status-publish","4":"has-post-thumbnail","6":"product_cat-zodiac-it","7":"product_cat-tutti-i-prodotti","8":"product_tag-zodiac-it","10":"first","11":"instock","12":"sale","13":"taxable","14":"shipping-taxable","15":"purchasable","16":"product-type-variable"},"yoast_head":"<!-- This site is optimized with the Yoast SEO Premium plugin v27.2 (Yoast SEO v27.2) - https:\/\/yoast.com\/product\/yoast-seo-premium-wordpress\/ -->\n<title>Stampa del Segno dei Gemelli - Positive Prints<\/title>\n<meta name=\"description\" content=\"Scopri la magia della Stampa del Segno dei Gemelli - un dono speciale per i Gemelli della tua vita. Celebra la loro personalit\u00e0 unica e affascinante con una creazione capace di donare gioia e ispirazione.\" \/>\n<meta name=\"robots\" content=\"index, follow, max-snippet:-1, max-image-preview:large, max-video-preview:-1\" \/>\n<link rel=\"canonical\" href=\"https:\/\/positiveprints.com\/it\/prodotto\/stampa-del-segno-dei-gemelli\/\" \/>\n<meta property=\"og:locale\" content=\"it_IT\" \/>\n<meta property=\"og:type\" content=\"article\" \/>\n<meta property=\"og:title\" content=\"Stampa del Segno dei Gemelli\" \/>\n<meta property=\"og:description\" content=\"Con questo meraviglioso poster puoi mostrare il lato pi\u00f9 orgoglioso del tuo essere Gemelli insieme al simbolo del tuo segno zodiacale, l&#039;elemento e le caratteristiche Scopri le caratteristiche che rendono speciale il tuo segno zodiacale Scegli un template o libera la creativit\u00e0 Scrivi un messaggio personalizzato ricco di significato Osserva l&#039;anteprima della tua creazione a ogni passaggio\" \/>\n<meta property=\"og:url\" content=\"https:\/\/positiveprints.com\/it\/prodotto\/stampa-del-segno-dei-gemelli\/\" \/>\n<meta property=\"og:site_name\" content=\"Positive Prints\" \/>\n<meta property=\"article:publisher\" content=\"https:\/\/www.facebook.com\/positiveprintscom\" \/>\n<meta property=\"article:modified_time\" content=\"2026-04-12T20:51:33+00:00\" \/>\n<meta property=\"og:image\" content=\"https:\/\/positiveprints.com\/wp-content\/uploads\/2023\/08\/Gemini-Zodiac-Art.jpg\" \/>\n\t<meta property=\"og:image:width\" content=\"1080\" \/>\n\t<meta property=\"og:image:height\" content=\"1080\" \/>\n\t<meta property=\"og:image:type\" content=\"image\/jpeg\" \/>\n<meta name=\"twitter:card\" content=\"summary_large_image\" \/>\n<!-- \/ Yoast SEO Premium plugin. -->","yoast_head_json":{"title":"Stampa del Segno dei Gemelli - Positive Prints","description":"Scopri la magia della Stampa del Segno dei Gemelli - un dono speciale per i Gemelli della tua vita. Celebra la loro personalit\u00e0 unica e affascinante con una creazione capace di donare gioia e ispirazione.","robots":{"index":"index","follow":"follow","max-snippet":"max-snippet:-1","max-image-preview":"max-image-preview:large","max-video-preview":"max-video-preview:-1"},"canonical":"https:\/\/positiveprints.com\/it\/prodotto\/stampa-del-segno-dei-gemelli\/","og_locale":"it_IT","og_type":"article","og_title":"Stampa del Segno dei Gemelli","og_description":"Con questo meraviglioso poster puoi mostrare il lato pi\u00f9 orgoglioso del tuo essere Gemelli insieme al simbolo del tuo segno zodiacale, l'elemento e le caratteristiche Scopri le caratteristiche che rendono speciale il tuo segno zodiacale Scegli un template o libera la creativit\u00e0 Scrivi un messaggio personalizzato ricco di significato Osserva l'anteprima della tua creazione a ogni passaggio","og_url":"https:\/\/positiveprints.com\/it\/prodotto\/stampa-del-segno-dei-gemelli\/","og_site_name":"Positive Prints","article_publisher":"https:\/\/www.facebook.com\/positiveprintscom","article_modified_time":"2026-04-12T20:51:33+00:00","og_image":[{"width":1080,"height":1080,"url":"https:\/\/positiveprints.com\/wp-content\/uploads\/2023\/08\/Gemini-Zodiac-Art.jpg","type":"image\/jpeg"}],"twitter_card":"summary_large_image","schema":{"@context":"https:\/\/schema.org","@graph":[{"@type":["WebPage","ItemPage"],"@id":"https:\/\/positiveprints.com\/it\/prodotto\/stampa-del-segno-dei-gemelli\/","url":"https:\/\/positiveprints.com\/it\/prodotto\/stampa-del-segno-dei-gemelli\/","name":"Stampa del Segno dei Gemelli - Positive Prints","isPartOf":{"@id":"https:\/\/positiveprints.com\/it\/#website"},"primaryImageOfPage":{"@id":"https:\/\/positiveprints.com\/it\/prodotto\/stampa-del-segno-dei-gemelli\/#primaryimage"},"image":{"@id":"https:\/\/positiveprints.com\/it\/prodotto\/stampa-del-segno-dei-gemelli\/#primaryimage"},"thumbnailUrl":"https:\/\/positiveprints.com\/wp-content\/uploads\/2023\/08\/Gemini-Zodiac-Art.jpg","datePublished":"2023-07-12T13:44:29+00:00","dateModified":"2026-04-12T20:51:33+00:00","description":"Scopri la magia della Stampa del Segno dei Gemelli - un dono speciale per i Gemelli della tua vita. Celebra la loro personalit\u00e0 unica e affascinante con una creazione capace di donare gioia e ispirazione.","breadcrumb":{"@id":"https:\/\/positiveprints.com\/it\/prodotto\/stampa-del-segno-dei-gemelli\/#breadcrumb"},"inLanguage":"it-IT","potentialAction":[{"@type":"ReadAction","target":["https:\/\/positiveprints.com\/it\/prodotto\/stampa-del-segno-dei-gemelli\/"]}]},{"@type":"ImageObject","inLanguage":"it-IT","@id":"https:\/\/positiveprints.com\/it\/prodotto\/stampa-del-segno-dei-gemelli\/#primaryimage","url":"https:\/\/positiveprints.com\/wp-content\/uploads\/2023\/08\/Gemini-Zodiac-Art.jpg","contentUrl":"https:\/\/positiveprints.com\/wp-content\/uploads\/2023\/08\/Gemini-Zodiac-Art.jpg","width":1080,"height":1080,"caption":"Gemini Zodiac Art"},{"@type":"BreadcrumbList","@id":"https:\/\/positiveprints.com\/it\/prodotto\/stampa-del-segno-dei-gemelli\/#breadcrumb","itemListElement":[{"@type":"ListItem","position":1,"name":"Home","item":"https:\/\/positiveprints.com\/it\/"},{"@type":"ListItem","position":2,"name":"Prodotti","item":"https:\/\/positiveprints.com\/it\/shop\/"},{"@type":"ListItem","position":3,"name":"Stampa del Segno dei Gemelli"}]},{"@type":"WebSite","@id":"https:\/\/positiveprints.com\/it\/#website","url":"https:\/\/positiveprints.com\/it\/","name":"Positive Prints","description":"Amazing Custom Personalized Gifts","publisher":{"@id":"https:\/\/positiveprints.com\/it\/#organization"},"potentialAction":[{"@type":"SearchAction","target":{"@type":"EntryPoint","urlTemplate":"https:\/\/positiveprints.com\/it\/?s={search_term_string}"},"query-input":{"@type":"PropertyValueSpecification","valueRequired":true,"valueName":"search_term_string"}}],"inLanguage":"it-IT"},{"@type":"Organization","@id":"https:\/\/positiveprints.com\/it\/#organization","name":"Positive Prints","alternateName":"Positive Prints","url":"https:\/\/positiveprints.com\/it\/","logo":{"@type":"ImageObject","inLanguage":"it-IT","@id":"https:\/\/positiveprints.com\/it\/#\/schema\/logo\/image\/","url":"https:\/\/positiveprints.com\/wp-content\/uploads\/2026\/03\/245815646_1337939713319158_5671353136411139666_n.png","contentUrl":"https:\/\/positiveprints.com\/wp-content\/uploads\/2026\/03\/245815646_1337939713319158_5671353136411139666_n.png","width":800,"height":800,"caption":"Positive Prints"},"image":{"@id":"https:\/\/positiveprints.com\/it\/#\/schema\/logo\/image\/"},"sameAs":["https:\/\/www.facebook.com\/positiveprintscom","https:\/\/www.instagram.com\/positiveprintscom\/","https:\/\/www.tiktok.com\/@positiveprintscom","https:\/\/www.pinterest.com\/positiveprintscom\/"]}]}},"jetpack_sharing_enabled":true,"_links":{"self":[{"href":"https:\/\/positiveprints.com\/it\/wp-json\/wp\/v2\/product\/637518","targetHints":{"allow":["GET"]}}],"collection":[{"href":"https:\/\/positiveprints.com\/it\/wp-json\/wp\/v2\/product"}],"about":[{"href":"https:\/\/positiveprints.com\/it\/wp-json\/wp\/v2\/types\/product"}],"wp:featuredmedia":[{"embeddable":true,"href":"https:\/\/positiveprints.com\/it\/wp-json\/wp\/v2\/media\/652614"}],"wp:attachment":[{"href":"https:\/\/positiveprints.com\/it\/wp-json\/wp\/v2\/media?parent=637518"}],"wp:term":[{"taxonomy":"product_brand","embeddable":true,"href":"https:\/\/positiveprints.com\/it\/wp-json\/wp\/v2\/product_brand?post=637518"},{"taxonomy":"product_cat","embeddable":true,"href":"https:\/\/positiveprints.com\/it\/wp-json\/wp\/v2\/product_cat?post=637518"},{"taxonomy":"product_tag","embeddable":true,"href":"https:\/\/positiveprints.com\/it\/wp-json\/wp\/v2\/product_tag?post=637518"}],"curies":[{"name":"wp","href":"https:\/\/api.w.org\/{rel}","templated":true}]}}