{"id":637498,"date":"2023-07-12T14:29:14","date_gmt":"2023-07-12T13:29:14","guid":{"rendered":"https:\/\/positiveprints.com\/?post_type=product&#038;p=637498"},"modified":"2026-04-12T21:51:34","modified_gmt":"2026-04-12T20:51:34","slug":"stampa-del-segno-dellariete","status":"publish","type":"product","link":"https:\/\/positiveprints.com\/it\/prodotto\/stampa-del-segno-dellariete\/","title":{"rendered":"Stampa del Segno dell&#8217;Ariete"},"content":{"rendered":"<h2 class=\"grenB f24 cblue\" style=\"margin-top: 3rem\">Regala una Stampa del Segno dell\u2019Ariete<\/h2>\r\n\r\n<p style=\"margin-top: 1rem\">Sei alla ricerca di un regalo unico e speciale? Con la Stampa del Segno dell\u2019Ariete non hai pi\u00f9 bisogno di cercare! \u00c8 il regalo perfetto per tutti gli appassionati e le appassionate di segni zodiacali e astrologia. Che tu voglia celebrare un compleanno, il Natale o semplicemente dimostrare il tuo affetto, la Stampa del Segno dell\u2019Ariete render\u00e0 la loro giornata, ancora pi\u00f9 speciale.<\/p>\r\n<p style=\"margin-top: 1rem\">Le persone nate sotto il segno dell\u2019Ariete, tra il 21 marzo e il 19 aprile, hanno una personalit\u00e0 davvero speciale. Sono persone energiche e sicure di s\u00e9. Amano prendere l\u2019iniziativa e le decisioni. Sono leader innati che affrontano le sfide senza paura. Apprezzano l\u2019onest\u00e0 e l\u2019essere s\u00e9 stessi. Ecco perch\u00e9 la Stampa del Segno dell\u2019Ariete sar\u00e0 un regalo che apprezzeranno tantissimo.<\/p>\r\n\r\n<h2 class=\"grenB f24 cblue\" style=\"margin-top: 3rem\">Personalizza la Tua Stampa del Segno dell\u2019Ariete<\/h2>\r\n\r\n<p style=\"margin-top: 1rem\">Personalizzare la tua Stampa del Segno dell\u2019Ariete \u00e8 facilissimo! Puoi farlo online tramite il nostro editor, semplice e intuitivo da utilizzare. Non devi far altro che scegliere il tuo stile e il tuo layout preferito. Puoi scegliere se rappresentare il simbolo del segno zodiacale o la costellazione dell\u2019Ariete. Se vuoi lasciar libero sfogo alla fantasia, puoi divertirti a creare la tua palette di colori, oppure, selezionarne una tra quelle predefinite. Puoi anche decidere di includere informazioni come la pietra di nascita, il pianeta dominante o il simbolo speciale del segno dell\u2019Ariete. E se non conosci il segno zodiacale di una certa data di nascita, nessun problema! Basta inserire la data di nascita e potrai scoprirlo direttamente nel nostro editor.<\/p>\r\n\r\n<p style=\"margin-top: 1rem\">Una volta finita la personalizzazione, hai un sacco di opzioni tra cui scegliere. Puoi ordinare un poster stampato o incorniciato, una tela di alta qualit\u00e0, oppure un file digitale da scaricare immediatamente. Ce n\u2019\u00e8 per tutti i gusti!<\/p>\r\n\r\n<h2 class=\"grenB f24 cblue\" style=\"margin-top: 3rem\">Il Regalo Personalizzato Che Sorprende<\/h2>\r\n\r\n<p style=\"margin-top: 1rem\">Una Stampa del Segno dell\u2019Ariete \u00e8 un regalo speciale con cui puoi dimostrare tutto il tuo affetto. Non \u00e8 qualcosa che puoi trovare nei classici negozi. \u00c8 unico e personale, proprio come la persona a cui vuoi donarlo. Se gli Arieti della tua vita non fanno altro che ammirare le stelle e rimanere affascinati dai misteri dell\u2019universo, questo regalo li render\u00e0 particolarmente felici. Sar\u00e0 un ricordo prezioso di cui avranno memoria per sempre. Perci\u00f2, non aspettare troppo! Inizia subito a creare la tua Stampa del Segno dell\u2019Ariete e fai brillare gli occhi di una persona speciale.<\/p>","protected":false},"excerpt":{"rendered":"<ul class=\"check-list\">\n<li>Celebra la forza d&#8217;animo dell&#8217;Ariete con questo esclusivo poster Zodiacale, il regalo perfetto per te o per le persone a cui vuoi bene<\/li>\n<li>Scopri le caratteristiche che rendono speciale il tuo segno zodiacale<\/li>\n<li>Scegli un template o libera la creativit\u00e0<\/li>\n<li>Scrivi un messaggio personalizzato ricco di significato<\/li>\n<li>Osserva l&#8217;anteprima della tua creazione a ogni passaggio<\/li>\n<\/ul>\n","protected":false},"featured_media":652052,"template":"","meta":[],"product_brand":[],"product_cat":[9012,4449],"product_tag":[9134],"class_list":{"0":"post-637498","1":"product","2":"type-product","3":"status-publish","4":"has-post-thumbnail","6":"product_cat-zodiac-it","7":"product_cat-tutti-i-prodotti","8":"product_tag-zodiac-it","10":"first","11":"instock","12":"sale","13":"taxable","14":"shipping-taxable","15":"purchasable","16":"product-type-variable"},"yoast_head":"<!-- This site is optimized with the Yoast SEO Premium plugin v27.2 (Yoast SEO v27.2) - https:\/\/yoast.com\/product\/yoast-seo-premium-wordpress\/ -->\n<title>Stampa del Segno dell\u2019Ariete - Positive Prints<\/title>\n<meta name=\"description\" content=\"Scopri le meraviglie della Stampa del Segno dell\u2019Ariete - un regalo speciale per l\u2019Ariete della tua vita. Celebra il loro spirito avventuroso con una creazione capace di donare gioia e ispirazione.\" \/>\n<meta name=\"robots\" content=\"index, follow, max-snippet:-1, max-image-preview:large, max-video-preview:-1\" \/>\n<link rel=\"canonical\" href=\"https:\/\/positiveprints.com\/it\/prodotto\/stampa-del-segno-dellariete\/\" \/>\n<meta property=\"og:locale\" content=\"it_IT\" \/>\n<meta property=\"og:type\" content=\"article\" \/>\n<meta property=\"og:title\" content=\"Stampa del Segno dell&#039;Ariete\" \/>\n<meta property=\"og:description\" content=\"Celebra la forza d&#039;animo dell&#039;Ariete con questo esclusivo poster Zodiacale, il regalo perfetto per te o per le persone a cui vuoi bene Scopri le caratteristiche che rendono speciale il tuo segno zodiacale Scegli un template o libera la creativit\u00e0 Scrivi un messaggio personalizzato ricco di significato Osserva l&#039;anteprima della tua creazione a ogni passaggio\" \/>\n<meta property=\"og:url\" content=\"https:\/\/positiveprints.com\/it\/prodotto\/stampa-del-segno-dellariete\/\" \/>\n<meta property=\"og:site_name\" content=\"Positive Prints\" \/>\n<meta property=\"article:publisher\" content=\"https:\/\/www.facebook.com\/positiveprintscom\" \/>\n<meta property=\"article:modified_time\" content=\"2026-04-12T20:51:34+00:00\" \/>\n<meta property=\"og:image\" content=\"https:\/\/positiveprints.com\/wp-content\/uploads\/2023\/08\/Aries-Zodiac-Art.jpg\" \/>\n\t<meta property=\"og:image:width\" content=\"1080\" \/>\n\t<meta property=\"og:image:height\" content=\"1080\" \/>\n\t<meta property=\"og:image:type\" content=\"image\/jpeg\" \/>\n<meta name=\"twitter:card\" content=\"summary_large_image\" \/>\n<!-- \/ Yoast SEO Premium plugin. -->","yoast_head_json":{"title":"Stampa del Segno dell\u2019Ariete - Positive Prints","description":"Scopri le meraviglie della Stampa del Segno dell\u2019Ariete - un regalo speciale per l\u2019Ariete della tua vita. Celebra il loro spirito avventuroso con una creazione capace di donare gioia e ispirazione.","robots":{"index":"index","follow":"follow","max-snippet":"max-snippet:-1","max-image-preview":"max-image-preview:large","max-video-preview":"max-video-preview:-1"},"canonical":"https:\/\/positiveprints.com\/it\/prodotto\/stampa-del-segno-dellariete\/","og_locale":"it_IT","og_type":"article","og_title":"Stampa del Segno dell'Ariete","og_description":"Celebra la forza d'animo dell'Ariete con questo esclusivo poster Zodiacale, il regalo perfetto per te o per le persone a cui vuoi bene Scopri le caratteristiche che rendono speciale il tuo segno zodiacale Scegli un template o libera la creativit\u00e0 Scrivi un messaggio personalizzato ricco di significato Osserva l'anteprima della tua creazione a ogni passaggio","og_url":"https:\/\/positiveprints.com\/it\/prodotto\/stampa-del-segno-dellariete\/","og_site_name":"Positive Prints","article_publisher":"https:\/\/www.facebook.com\/positiveprintscom","article_modified_time":"2026-04-12T20:51:34+00:00","og_image":[{"width":1080,"height":1080,"url":"https:\/\/positiveprints.com\/wp-content\/uploads\/2023\/08\/Aries-Zodiac-Art.jpg","type":"image\/jpeg"}],"twitter_card":"summary_large_image","schema":{"@context":"https:\/\/schema.org","@graph":[{"@type":["WebPage","ItemPage"],"@id":"https:\/\/positiveprints.com\/it\/prodotto\/stampa-del-segno-dellariete\/","url":"https:\/\/positiveprints.com\/it\/prodotto\/stampa-del-segno-dellariete\/","name":"Stampa del Segno dell\u2019Ariete - Positive Prints","isPartOf":{"@id":"https:\/\/positiveprints.com\/it\/#website"},"primaryImageOfPage":{"@id":"https:\/\/positiveprints.com\/it\/prodotto\/stampa-del-segno-dellariete\/#primaryimage"},"image":{"@id":"https:\/\/positiveprints.com\/it\/prodotto\/stampa-del-segno-dellariete\/#primaryimage"},"thumbnailUrl":"https:\/\/positiveprints.com\/wp-content\/uploads\/2023\/08\/Aries-Zodiac-Art.jpg","datePublished":"2023-07-12T13:29:14+00:00","dateModified":"2026-04-12T20:51:34+00:00","description":"Scopri le meraviglie della Stampa del Segno dell\u2019Ariete - un regalo speciale per l\u2019Ariete della tua vita. Celebra il loro spirito avventuroso con una creazione capace di donare gioia e ispirazione.","breadcrumb":{"@id":"https:\/\/positiveprints.com\/it\/prodotto\/stampa-del-segno-dellariete\/#breadcrumb"},"inLanguage":"it-IT","potentialAction":[{"@type":"ReadAction","target":["https:\/\/positiveprints.com\/it\/prodotto\/stampa-del-segno-dellariete\/"]}]},{"@type":"ImageObject","inLanguage":"it-IT","@id":"https:\/\/positiveprints.com\/it\/prodotto\/stampa-del-segno-dellariete\/#primaryimage","url":"https:\/\/positiveprints.com\/wp-content\/uploads\/2023\/08\/Aries-Zodiac-Art.jpg","contentUrl":"https:\/\/positiveprints.com\/wp-content\/uploads\/2023\/08\/Aries-Zodiac-Art.jpg","width":1080,"height":1080,"caption":"Aries Zodiac Art"},{"@type":"BreadcrumbList","@id":"https:\/\/positiveprints.com\/it\/prodotto\/stampa-del-segno-dellariete\/#breadcrumb","itemListElement":[{"@type":"ListItem","position":1,"name":"Home","item":"https:\/\/positiveprints.com\/it\/"},{"@type":"ListItem","position":2,"name":"Prodotti","item":"https:\/\/positiveprints.com\/it\/shop\/"},{"@type":"ListItem","position":3,"name":"Stampa del Segno dell\u2019Ariete"}]},{"@type":"WebSite","@id":"https:\/\/positiveprints.com\/it\/#website","url":"https:\/\/positiveprints.com\/it\/","name":"Positive Prints","description":"Amazing Custom Personalized Gifts","publisher":{"@id":"https:\/\/positiveprints.com\/it\/#organization"},"potentialAction":[{"@type":"SearchAction","target":{"@type":"EntryPoint","urlTemplate":"https:\/\/positiveprints.com\/it\/?s={search_term_string}"},"query-input":{"@type":"PropertyValueSpecification","valueRequired":true,"valueName":"search_term_string"}}],"inLanguage":"it-IT"},{"@type":"Organization","@id":"https:\/\/positiveprints.com\/it\/#organization","name":"Positive Prints","alternateName":"Positive Prints","url":"https:\/\/positiveprints.com\/it\/","logo":{"@type":"ImageObject","inLanguage":"it-IT","@id":"https:\/\/positiveprints.com\/it\/#\/schema\/logo\/image\/","url":"https:\/\/positiveprints.com\/wp-content\/uploads\/2026\/03\/245815646_1337939713319158_5671353136411139666_n.png","contentUrl":"https:\/\/positiveprints.com\/wp-content\/uploads\/2026\/03\/245815646_1337939713319158_5671353136411139666_n.png","width":800,"height":800,"caption":"Positive Prints"},"image":{"@id":"https:\/\/positiveprints.com\/it\/#\/schema\/logo\/image\/"},"sameAs":["https:\/\/www.facebook.com\/positiveprintscom","https:\/\/www.instagram.com\/positiveprintscom\/","https:\/\/www.tiktok.com\/@positiveprintscom","https:\/\/www.pinterest.com\/positiveprintscom\/"]}]}},"jetpack_sharing_enabled":true,"_links":{"self":[{"href":"https:\/\/positiveprints.com\/it\/wp-json\/wp\/v2\/product\/637498","targetHints":{"allow":["GET"]}}],"collection":[{"href":"https:\/\/positiveprints.com\/it\/wp-json\/wp\/v2\/product"}],"about":[{"href":"https:\/\/positiveprints.com\/it\/wp-json\/wp\/v2\/types\/product"}],"wp:featuredmedia":[{"embeddable":true,"href":"https:\/\/positiveprints.com\/it\/wp-json\/wp\/v2\/media\/652052"}],"wp:attachment":[{"href":"https:\/\/positiveprints.com\/it\/wp-json\/wp\/v2\/media?parent=637498"}],"wp:term":[{"taxonomy":"product_brand","embeddable":true,"href":"https:\/\/positiveprints.com\/it\/wp-json\/wp\/v2\/product_brand?post=637498"},{"taxonomy":"product_cat","embeddable":true,"href":"https:\/\/positiveprints.com\/it\/wp-json\/wp\/v2\/product_cat?post=637498"},{"taxonomy":"product_tag","embeddable":true,"href":"https:\/\/positiveprints.com\/it\/wp-json\/wp\/v2\/product_tag?post=637498"}],"curies":[{"name":"wp","href":"https:\/\/api.w.org\/{rel}","templated":true}]}}