{"id":637388,"date":"2023-05-31T13:23:14","date_gmt":"2023-05-31T12:23:14","guid":{"rendered":"https:\/\/positiveprints.com\/?post_type=product&#038;p=637388"},"modified":"2026-04-18T05:44:47","modified_gmt":"2026-04-18T04:44:47","slug":"stampa-dello-zodiaco","status":"publish","type":"product","link":"https:\/\/positiveprints.com\/it\/prodotto\/stampa-dello-zodiaco\/","title":{"rendered":"Stampa del Segno Zodiacale"},"content":{"rendered":"<h2 class=\"grenB f24 cblue\" style=\"margin-top: 3rem\">Stampa dello Zodiaco Personalizzata per Qualsiasi Occasione<\/h2>\r\n\r\n<p style=\"margin-top: 1rem\">Le Stampe dei segni zodiacali sono un magnifico regalo che puoi personalizzare e donare in qualsiasi occasione. Se conosci qualcuno che ama l\u2019astrologia, questo \u00e8 il regalo perfetto da fare. Se desideri celebrare il loro compleanno, il Natale o semplicemente sorprendere qualcuno in un giorno qualunque, le Stampe dei segni zodiacali fanno al caso tuo. Con questa stampa personalizzata hai la possibilit\u00e0 di esporre una bellissima illustrazione del loro segno o di una costellazione, insieme a un testo personalizzato.<\/p>\r\n\r\n<h2 class=\"grenB f24 cblue\" style=\"margin-top: 3rem\">Stampa Creativa, Semplice e Personalizzata<\/h2>\r\n\r\n<p style=\"margin-top: 1rem\">Creare la tua Stampa zodiacale \u00e8 facile come bere un bicchiere d\u2019acqua, grazie al nostro editor online cos\u00ec intuitivo. Puoi usarlo anche da mobile, senza pentirtene! Il primo passo \u00e8 scegliere lo stile e il layout per la tua creazione. Puoi selezionare l\u2019immagine mozzafiato di una costellazione o un\u2019illustrazione grafica di un segno zodiacale specifico. E se vuoi dare sfogo alla tua creativit\u00e0, puoi anche divertirti a personalizzare i colori da aggiungere o, semplicemente, sceglierli dai predefiniti.<\/p>\r\n\r\n<p style=\"margin-top: 1rem\">Dopodich\u00e9, scegli quali elementi vuoi includere nella tua stampa. Vuoi aggiungere qualche dettaglio sulla pietra di nascita, sui pianeti dominanti o sul simbolo di un segno zodiacale? La scelta \u00e8 solo tua! E se non sai il segno zodiacale corrispondente a una precisa data di nascita, non preoccuparti! Non devi far altro che inserire la data di nascita e il nostro editor ti dir\u00e0 il segno corrispondente.<\/p>\r\n\r\n<p style=\"margin-top: 1rem\">Una volta che hai raggiunto il risultato che desideravi, non ti resta che ordinare la tua creazione e scegliere tra la vasta variet\u00e0 di formati e dimensioni che mettiamo a disposizione per soddisfare le tue esigenze. Puoi scegliere tra un poster stampato o incorniciato, una tela di alta qualit\u00e0 o persino un download digitale da scaricare immediatamente.<\/p>\r\n\r\n<h2 class=\"grenB f24 cblue\" style=\"margin-top: 3rem\">Un Regalo Speciale per Tutti gli Amanti dell\u2019Oroscopo<\/h2>\r\n\r\n<p style=\"margin-top: 1rem\">Una Stampa zodiacale \u00e8 un regalo pieno di significato con cui puoi dimostrare tutto il tuo affetto a un\u2019altra persona. Se c\u2019\u00e8 qualcuno di speciale nella tua vita che non fa altro che guardare le stelle e riflettere sui misteri dell\u2019universo, questo \u00e8 il regalo giusto. \u00c8 uno di quei regali che non troverai mai in un negozio tradizionale. Inoltre, crearlo e personalizzarlo \u00e8 semplice e veloce grazie al nostro editor online. Perci\u00f2, cosa aspetti? Inizia subito a creare la tua Stampa personalizzata del segno zodiacale e porta un po\u2019 di gioia nella vita di una persona speciale!<\/p>","protected":false},"excerpt":{"rendered":"<ul class=\"check-list\">\n<li>Mostra la personalit\u00e0 e i tratti astrologici di una persona speciale con questo poster del segno zodiacale<\/li>\n<li>Scopri le caratteristiche che rendono speciale il tuo segno<\/li>\n<li>Scegli un template o libera la creativit\u00e0<\/li>\n<li>Scrivi un messaggio personalizzato ricco di significato<\/li>\n<li>Verifica immediatamente: l&#8217;anteprima interattiva ti consente di perfezionare ogni dettaglio<\/li>\n<\/ul>\n","protected":false},"featured_media":1527208,"template":"","meta":[],"product_brand":[],"product_cat":[15112,8246,9012,4449,4428,11555,11556,11557,11558,11628,11629,11630,11631],"product_tag":[14884,15531],"class_list":{"0":"post-637388","1":"product","2":"type-product","3":"status-publish","4":"has-post-thumbnail","6":"product_cat-bestsellers-menu-it","7":"product_cat-digital-products-it","8":"product_cat-zodiac-it","9":"product_cat-tutti-i-prodotti","10":"product_cat-creators-it-2","11":"product_cat-compleanno-18-anni","12":"product_cat-compleanno-21-anni","13":"product_cat-compleanno-30-anni","14":"product_cat-compleanno-40-anni","15":"product_cat-compleanno-50-anni","16":"product_cat-compleanno-60-anni","17":"product_cat-compleanno-70-anni","18":"product_cat-compleanno-80-anni","19":"product_tag-creators-it-2","20":"product_tag-poster-segno-zodiacale","22":"first","23":"instock","24":"sale","25":"taxable","26":"shipping-taxable","27":"purchasable","28":"product-type-variable"},"yoast_head":"<!-- This site is optimized with the Yoast SEO Premium plugin v27.2 (Yoast SEO v27.2) - https:\/\/yoast.com\/product\/yoast-seo-premium-wordpress\/ -->\n<title>Stampa del Segno Zodiacale - Positive Prints<\/title>\n<meta name=\"description\" content=\"Scopri la magia della Stampa dei Segni zodiacali, il regalo perfetto per tutti gli amanti dell\u2019astrologia. Celebra la loro unicit\u00e0 con questa creazione speciale che porter\u00e0 gioia e ispirazione.\" \/>\n<meta name=\"robots\" content=\"index, follow, max-snippet:-1, max-image-preview:large, max-video-preview:-1\" \/>\n<link rel=\"canonical\" href=\"https:\/\/positiveprints.com\/it\/prodotto\/stampa-dello-zodiaco\/\" \/>\n<meta property=\"og:locale\" content=\"it_IT\" \/>\n<meta property=\"og:type\" content=\"article\" \/>\n<meta property=\"og:title\" content=\"Stampa del Segno Zodiacale\" \/>\n<meta property=\"og:description\" content=\"Mostra la personalit\u00e0 e i tratti astrologici di una persona speciale con questo poster del segno zodiacale Scopri le caratteristiche che rendono speciale il tuo segno Scegli un template o libera la creativit\u00e0 Scrivi un messaggio personalizzato ricco di significato Verifica immediatamente: l&#039;anteprima interattiva ti consente di perfezionare ogni dettaglio\" \/>\n<meta property=\"og:url\" content=\"https:\/\/positiveprints.com\/it\/prodotto\/stampa-dello-zodiaco\/\" \/>\n<meta property=\"og:site_name\" content=\"Positive Prints\" \/>\n<meta property=\"article:publisher\" content=\"https:\/\/www.facebook.com\/positiveprintscom\" \/>\n<meta property=\"article:modified_time\" content=\"2026-04-18T04:44:47+00:00\" \/>\n<meta property=\"og:image\" content=\"https:\/\/positiveprints.com\/wp-content\/uploads\/2023\/08\/Stampa-dello-Zodiaco.jpg\" \/>\n\t<meta property=\"og:image:width\" content=\"1080\" \/>\n\t<meta property=\"og:image:height\" content=\"1080\" \/>\n\t<meta property=\"og:image:type\" content=\"image\/jpeg\" \/>\n<meta name=\"twitter:card\" content=\"summary_large_image\" \/>\n<meta name=\"twitter:label1\" content=\"Tempo di lettura stimato\" \/>\n\t<meta name=\"twitter:data1\" content=\"2 minuti\" \/>\n<!-- \/ Yoast SEO Premium plugin. -->","yoast_head_json":{"title":"Stampa del Segno Zodiacale - Positive Prints","description":"Scopri la magia della Stampa dei Segni zodiacali, il regalo perfetto per tutti gli amanti dell\u2019astrologia. Celebra la loro unicit\u00e0 con questa creazione speciale che porter\u00e0 gioia e ispirazione.","robots":{"index":"index","follow":"follow","max-snippet":"max-snippet:-1","max-image-preview":"max-image-preview:large","max-video-preview":"max-video-preview:-1"},"canonical":"https:\/\/positiveprints.com\/it\/prodotto\/stampa-dello-zodiaco\/","og_locale":"it_IT","og_type":"article","og_title":"Stampa del Segno Zodiacale","og_description":"Mostra la personalit\u00e0 e i tratti astrologici di una persona speciale con questo poster del segno zodiacale Scopri le caratteristiche che rendono speciale il tuo segno Scegli un template o libera la creativit\u00e0 Scrivi un messaggio personalizzato ricco di significato Verifica immediatamente: l'anteprima interattiva ti consente di perfezionare ogni dettaglio","og_url":"https:\/\/positiveprints.com\/it\/prodotto\/stampa-dello-zodiaco\/","og_site_name":"Positive Prints","article_publisher":"https:\/\/www.facebook.com\/positiveprintscom","article_modified_time":"2026-04-18T04:44:47+00:00","og_image":[{"width":1080,"height":1080,"url":"https:\/\/positiveprints.com\/wp-content\/uploads\/2023\/08\/Stampa-dello-Zodiaco.jpg","type":"image\/jpeg"}],"twitter_card":"summary_large_image","twitter_misc":{"Tempo di lettura stimato":"2 minuti"},"schema":{"@context":"https:\/\/schema.org","@graph":[{"@type":["WebPage","ItemPage"],"@id":"https:\/\/positiveprints.com\/it\/prodotto\/stampa-dello-zodiaco\/","url":"https:\/\/positiveprints.com\/it\/prodotto\/stampa-dello-zodiaco\/","name":"Stampa del Segno Zodiacale - Positive Prints","isPartOf":{"@id":"https:\/\/positiveprints.com\/it\/#website"},"primaryImageOfPage":{"@id":"https:\/\/positiveprints.com\/it\/prodotto\/stampa-dello-zodiaco\/#primaryimage"},"image":{"@id":"https:\/\/positiveprints.com\/it\/prodotto\/stampa-dello-zodiaco\/#primaryimage"},"thumbnailUrl":"https:\/\/positiveprints.com\/wp-content\/uploads\/2025\/09\/Packshot_IT_Stampa-del-Segno-Zodiacale.webp","datePublished":"2023-05-31T12:23:14+00:00","dateModified":"2026-04-18T04:44:47+00:00","description":"Scopri la magia della Stampa dei Segni zodiacali, il regalo perfetto per tutti gli amanti dell\u2019astrologia. Celebra la loro unicit\u00e0 con questa creazione speciale che porter\u00e0 gioia e ispirazione.","breadcrumb":{"@id":"https:\/\/positiveprints.com\/it\/prodotto\/stampa-dello-zodiaco\/#breadcrumb"},"inLanguage":"it-IT","potentialAction":[{"@type":"ReadAction","target":["https:\/\/positiveprints.com\/it\/prodotto\/stampa-dello-zodiaco\/"]}]},{"@type":"ImageObject","inLanguage":"it-IT","@id":"https:\/\/positiveprints.com\/it\/prodotto\/stampa-dello-zodiaco\/#primaryimage","url":"https:\/\/positiveprints.com\/wp-content\/uploads\/2025\/09\/Packshot_IT_Stampa-del-Segno-Zodiacale.webp","contentUrl":"https:\/\/positiveprints.com\/wp-content\/uploads\/2025\/09\/Packshot_IT_Stampa-del-Segno-Zodiacale.webp","width":1450,"height":1450,"caption":"Packshot_IT_Stampa del Segno Zodiacale"},{"@type":"BreadcrumbList","@id":"https:\/\/positiveprints.com\/it\/prodotto\/stampa-dello-zodiaco\/#breadcrumb","itemListElement":[{"@type":"ListItem","position":1,"name":"Home","item":"https:\/\/positiveprints.com\/it\/"},{"@type":"ListItem","position":2,"name":"Prodotti","item":"https:\/\/positiveprints.com\/it\/shop\/"},{"@type":"ListItem","position":3,"name":"Stampa del Segno Zodiacale"}]},{"@type":"WebSite","@id":"https:\/\/positiveprints.com\/it\/#website","url":"https:\/\/positiveprints.com\/it\/","name":"Positive Prints","description":"Amazing Custom Personalized Gifts","publisher":{"@id":"https:\/\/positiveprints.com\/it\/#organization"},"potentialAction":[{"@type":"SearchAction","target":{"@type":"EntryPoint","urlTemplate":"https:\/\/positiveprints.com\/it\/?s={search_term_string}"},"query-input":{"@type":"PropertyValueSpecification","valueRequired":true,"valueName":"search_term_string"}}],"inLanguage":"it-IT"},{"@type":"Organization","@id":"https:\/\/positiveprints.com\/it\/#organization","name":"Positive Prints","alternateName":"Positive Prints","url":"https:\/\/positiveprints.com\/it\/","logo":{"@type":"ImageObject","inLanguage":"it-IT","@id":"https:\/\/positiveprints.com\/it\/#\/schema\/logo\/image\/","url":"https:\/\/positiveprints.com\/wp-content\/uploads\/2026\/03\/245815646_1337939713319158_5671353136411139666_n.png","contentUrl":"https:\/\/positiveprints.com\/wp-content\/uploads\/2026\/03\/245815646_1337939713319158_5671353136411139666_n.png","width":800,"height":800,"caption":"Positive Prints"},"image":{"@id":"https:\/\/positiveprints.com\/it\/#\/schema\/logo\/image\/"},"sameAs":["https:\/\/www.facebook.com\/positiveprintscom","https:\/\/www.instagram.com\/positiveprintscom\/","https:\/\/www.tiktok.com\/@positiveprintscom","https:\/\/www.pinterest.com\/positiveprintscom\/"]}]}},"jetpack_sharing_enabled":true,"_links":{"self":[{"href":"https:\/\/positiveprints.com\/it\/wp-json\/wp\/v2\/product\/637388","targetHints":{"allow":["GET"]}}],"collection":[{"href":"https:\/\/positiveprints.com\/it\/wp-json\/wp\/v2\/product"}],"about":[{"href":"https:\/\/positiveprints.com\/it\/wp-json\/wp\/v2\/types\/product"}],"wp:featuredmedia":[{"embeddable":true,"href":"https:\/\/positiveprints.com\/it\/wp-json\/wp\/v2\/media\/1527208"}],"wp:attachment":[{"href":"https:\/\/positiveprints.com\/it\/wp-json\/wp\/v2\/media?parent=637388"}],"wp:term":[{"taxonomy":"product_brand","embeddable":true,"href":"https:\/\/positiveprints.com\/it\/wp-json\/wp\/v2\/product_brand?post=637388"},{"taxonomy":"product_cat","embeddable":true,"href":"https:\/\/positiveprints.com\/it\/wp-json\/wp\/v2\/product_cat?post=637388"},{"taxonomy":"product_tag","embeddable":true,"href":"https:\/\/positiveprints.com\/it\/wp-json\/wp\/v2\/product_tag?post=637388"}],"curies":[{"name":"wp","href":"https:\/\/api.w.org\/{rel}","templated":true}]}}