{"id":621590,"date":"2023-05-11T12:45:39","date_gmt":"2023-05-11T11:45:39","guid":{"rendered":"https:\/\/positiveprints.com\/?post_type=product&#038;p=621590"},"modified":"2026-04-28T14:20:07","modified_gmt":"2026-04-28T13:20:07","slug":"collage-fotografico-con-lettere-fratello","status":"publish","type":"product","link":"https:\/\/positiveprints.com\/it\/prodotto\/collage-fotografico-con-lettere-fratello\/","title":{"rendered":"Collage Fotografico con Lettere Fratello"},"content":{"rendered":"<p style=\"margin-top: 1rem;\">Con il Collage di Foto a Forma di Lettere per Fratelli puoi realizzare un regalo personalizzato per celebrare i momenti pi\u00f9 preziosi trascorsi insieme a tuo fratello. Che tu voglia regalarglielo in occasione del suo compleanno o a Natale, il Collage di Foto a Forma di Lettere per Fratelli \u00e8 un modo originale di mostrare affetto e gratitudine. Scegli la parole che vuoi far apparire sulla tua creazione come \u201cfratellone\u201d, \u201cbro\u201d, \u201camico\u201d e seleziona una foto per ogni lettera. Le possibilit\u00e0 sono infinite, perci\u00f2 divertiti creando qualcosa di piacevole e ricco di significato.<\/p>\r\n<p style=\"margin-top: 1rem;\">Creare un Collage di Foto a Forma di Lettere per Fratelli \u00e8 facile e veloce. La prima cosa da fare \u00e8 scegliere una parola per rappresentare il legame tra di voi. Poi, carica le tue foto preferite e selezionane una per ogni lettera. Ingrandisci, riduci o regola la posizione di ogni foto finch\u00e9 non raggiungi il risultato sperato. Ora non ti resta che aggiungere un messaggio personalizzato che apparir\u00e0 sotto le lettere. Dopo aver completato questo passaggio, qui su Positive Prints troverai una varia scelta di formati e dimensioni in cui ricevere la tua creazione. Puoi ordinare un poster stampato, una stampa incorniciata, una tela o un download digitale, tutti di altissima qualit\u00e0 e con colori vibranti.<\/p>\r\n<p style=\"margin-top: 1rem;\">Il legame che unisce due fratelli \u00e8 unico e diverso da qualsiasi altro, ecco perch\u00e9 merita un regalo unico e personalizzato. Perci\u00f2, perch\u00e9 non creare subito un Collage di Foto a Forma di Lettere per Fratelli? Sorprendi tuo fratello con una stampa capace di mostrare i vostri momenti pi\u00f9 preziosi \u2013 sar\u00e0 un regalo che non dimenticher\u00e0 mai.<\/p>\r\n<p style=\"margin-top: 1rem;\">Crea subito il tuo Collage di Foto a Forma di Lettere per Fratelli e dimostra al tuo fratellone tutto il tuo affetto! Questo \u00e8 un regalo davvero originale che non troverai da nessun\u2019altra parte. Lasciati aiutare nella creazione di un Collage di Foto a Forma di Lettere personalizzato.<\/p>","protected":false},"excerpt":{"rendered":"<ul class=\"check-list\">\n<li>Aggiungi un messaggio personale<\/li>\n<li>Personalizza in 3 semplici passaggi<\/li>\n<li>Scegli un template preimpostato o libera la tua creativit\u00e0<\/li>\n<li>Guarda subito il risultato \u2013 l&#8217;anteprima interattiva ti permette di perfezionare ogni dettaglio<\/li>\n<\/ul>\n","protected":false},"featured_media":1668026,"template":"","meta":[],"product_brand":[],"product_cat":[9277,8830,4449,5269,11419,7624],"product_tag":[12594,13456,12595,17187],"class_list":{"0":"post-621590","1":"product","2":"type-product","3":"status-publish","4":"has-post-thumbnail","6":"product_cat-bestsellers-label-it","7":"product_cat-collage-di-foto","8":"product_cat-tutti-i-prodotti","9":"product_cat-regali-di-natale","10":"product_cat-regali-di-natale-per-il-fratello-regali-di-natale-idee-regalo","11":"product_cat-regali-per-un-fratello","12":"product_tag-fratello","13":"product_tag-regali-di-natale-per-il-fratello","14":"product_tag-regali-per-il-fratello","15":"product_tag-regalo-per-fratello","17":"first","18":"instock","19":"sale","20":"taxable","21":"shipping-taxable","22":"purchasable","23":"product-type-variable"},"yoast_head":"<!-- This site is optimized with the Yoast SEO Premium plugin v27.2 (Yoast SEO v27.2) - https:\/\/yoast.com\/product\/yoast-seo-premium-wordpress\/ -->\n<title>Collage Fotografico con Lettere Fratello- Positive Prints<\/title>\n<meta name=\"description\" content=\"Celebra il tuo fratello con un regalo unico e pieno di affetto. Scegli le vostre foto e crea un fotocollage che racconti la vostra storia speciale\" \/>\n<meta name=\"robots\" content=\"index, follow, max-snippet:-1, max-image-preview:large, max-video-preview:-1\" \/>\n<link rel=\"canonical\" href=\"https:\/\/positiveprints.com\/it\/prodotto\/collage-fotografico-con-lettere-fratello\/\" \/>\n<meta property=\"og:locale\" content=\"it_IT\" \/>\n<meta property=\"og:type\" content=\"article\" \/>\n<meta property=\"og:title\" content=\"Collage Fotografico con Lettere Fratello\" \/>\n<meta property=\"og:description\" content=\"Aggiungi un messaggio personale  Personalizza in 3 semplici passaggi  Scegli un template preimpostato o libera la tua creativit\u00e0  Guarda subito il risultato \u2013 l&#039;anteprima interattiva ti permette di perfezionare ogni dettaglio\" \/>\n<meta property=\"og:url\" content=\"https:\/\/positiveprints.com\/it\/prodotto\/collage-fotografico-con-lettere-fratello\/\" \/>\n<meta property=\"og:site_name\" content=\"Positive Prints\" \/>\n<meta property=\"article:publisher\" content=\"https:\/\/www.facebook.com\/positiveprintscom\" \/>\n<meta property=\"article:modified_time\" content=\"2026-04-28T13:20:07+00:00\" \/>\n<meta property=\"og:image\" content=\"https:\/\/positiveprints.com\/wp-content\/uploads\/2025\/03\/Collage-di-Foto-a-Forma-di-Lettere-per-Fratelli-1.webp\" \/>\n\t<meta property=\"og:image:width\" content=\"1450\" \/>\n\t<meta property=\"og:image:height\" content=\"1450\" \/>\n\t<meta property=\"og:image:type\" content=\"image\/webp\" \/>\n<meta name=\"twitter:card\" content=\"summary_large_image\" \/>\n<!-- \/ Yoast SEO Premium plugin. -->","yoast_head_json":{"title":"Collage Fotografico con Lettere Fratello- Positive Prints","description":"Celebra il tuo fratello con un regalo unico e pieno di affetto. Scegli le vostre foto e crea un fotocollage che racconti la vostra storia speciale","robots":{"index":"index","follow":"follow","max-snippet":"max-snippet:-1","max-image-preview":"max-image-preview:large","max-video-preview":"max-video-preview:-1"},"canonical":"https:\/\/positiveprints.com\/it\/prodotto\/collage-fotografico-con-lettere-fratello\/","og_locale":"it_IT","og_type":"article","og_title":"Collage Fotografico con Lettere Fratello","og_description":"Aggiungi un messaggio personale  Personalizza in 3 semplici passaggi  Scegli un template preimpostato o libera la tua creativit\u00e0  Guarda subito il risultato \u2013 l'anteprima interattiva ti permette di perfezionare ogni dettaglio","og_url":"https:\/\/positiveprints.com\/it\/prodotto\/collage-fotografico-con-lettere-fratello\/","og_site_name":"Positive Prints","article_publisher":"https:\/\/www.facebook.com\/positiveprintscom","article_modified_time":"2026-04-28T13:20:07+00:00","og_image":[{"width":1450,"height":1450,"url":"https:\/\/positiveprints.com\/wp-content\/uploads\/2025\/03\/Collage-di-Foto-a-Forma-di-Lettere-per-Fratelli-1.webp","type":"image\/webp"}],"twitter_card":"summary_large_image","schema":{"@context":"https:\/\/schema.org","@graph":[{"@type":["WebPage","ItemPage"],"@id":"https:\/\/positiveprints.com\/it\/prodotto\/collage-fotografico-con-lettere-fratello\/","url":"https:\/\/positiveprints.com\/it\/prodotto\/collage-fotografico-con-lettere-fratello\/","name":"Collage Fotografico con Lettere Fratello- Positive Prints","isPartOf":{"@id":"https:\/\/positiveprints.com\/it\/#website"},"primaryImageOfPage":{"@id":"https:\/\/positiveprints.com\/it\/prodotto\/collage-fotografico-con-lettere-fratello\/#primaryimage"},"image":{"@id":"https:\/\/positiveprints.com\/it\/prodotto\/collage-fotografico-con-lettere-fratello\/#primaryimage"},"thumbnailUrl":"https:\/\/positiveprints.com\/wp-content\/uploads\/2026\/03\/fratello_IT-packshot-.webp","datePublished":"2023-05-11T11:45:39+00:00","dateModified":"2026-04-28T13:20:07+00:00","description":"Celebra il tuo fratello con un regalo unico e pieno di affetto. Scegli le vostre foto e crea un fotocollage che racconti la vostra storia speciale","breadcrumb":{"@id":"https:\/\/positiveprints.com\/it\/prodotto\/collage-fotografico-con-lettere-fratello\/#breadcrumb"},"inLanguage":"it-IT","potentialAction":[{"@type":"ReadAction","target":["https:\/\/positiveprints.com\/it\/prodotto\/collage-fotografico-con-lettere-fratello\/"]}]},{"@type":"ImageObject","inLanguage":"it-IT","@id":"https:\/\/positiveprints.com\/it\/prodotto\/collage-fotografico-con-lettere-fratello\/#primaryimage","url":"https:\/\/positiveprints.com\/wp-content\/uploads\/2026\/03\/fratello_IT-packshot-.webp","contentUrl":"https:\/\/positiveprints.com\/wp-content\/uploads\/2026\/03\/fratello_IT-packshot-.webp","width":1450,"height":1450},{"@type":"BreadcrumbList","@id":"https:\/\/positiveprints.com\/it\/prodotto\/collage-fotografico-con-lettere-fratello\/#breadcrumb","itemListElement":[{"@type":"ListItem","position":1,"name":"Home","item":"https:\/\/positiveprints.com\/it\/"},{"@type":"ListItem","position":2,"name":"Prodotti","item":"https:\/\/positiveprints.com\/it\/shop\/"},{"@type":"ListItem","position":3,"name":"Collage Fotografico con Lettere Fratello"}]},{"@type":"WebSite","@id":"https:\/\/positiveprints.com\/it\/#website","url":"https:\/\/positiveprints.com\/it\/","name":"Positive Prints","description":"Amazing Custom Personalized Gifts","publisher":{"@id":"https:\/\/positiveprints.com\/it\/#organization"},"potentialAction":[{"@type":"SearchAction","target":{"@type":"EntryPoint","urlTemplate":"https:\/\/positiveprints.com\/it\/?s={search_term_string}"},"query-input":{"@type":"PropertyValueSpecification","valueRequired":true,"valueName":"search_term_string"}}],"inLanguage":"it-IT"},{"@type":"Organization","@id":"https:\/\/positiveprints.com\/it\/#organization","name":"Positive Prints","alternateName":"Positive Prints","url":"https:\/\/positiveprints.com\/it\/","logo":{"@type":"ImageObject","inLanguage":"it-IT","@id":"https:\/\/positiveprints.com\/it\/#\/schema\/logo\/image\/","url":"https:\/\/positiveprints.com\/wp-content\/uploads\/2026\/03\/245815646_1337939713319158_5671353136411139666_n.png","contentUrl":"https:\/\/positiveprints.com\/wp-content\/uploads\/2026\/03\/245815646_1337939713319158_5671353136411139666_n.png","width":800,"height":800,"caption":"Positive Prints"},"image":{"@id":"https:\/\/positiveprints.com\/it\/#\/schema\/logo\/image\/"},"sameAs":["https:\/\/www.facebook.com\/positiveprintscom","https:\/\/www.instagram.com\/positiveprintscom\/","https:\/\/www.tiktok.com\/@positiveprintscom","https:\/\/www.pinterest.com\/positiveprintscom\/"]}]}},"jetpack_sharing_enabled":true,"_links":{"self":[{"href":"https:\/\/positiveprints.com\/it\/wp-json\/wp\/v2\/product\/621590","targetHints":{"allow":["GET"]}}],"collection":[{"href":"https:\/\/positiveprints.com\/it\/wp-json\/wp\/v2\/product"}],"about":[{"href":"https:\/\/positiveprints.com\/it\/wp-json\/wp\/v2\/types\/product"}],"wp:featuredmedia":[{"embeddable":true,"href":"https:\/\/positiveprints.com\/it\/wp-json\/wp\/v2\/media\/1668026"}],"wp:attachment":[{"href":"https:\/\/positiveprints.com\/it\/wp-json\/wp\/v2\/media?parent=621590"}],"wp:term":[{"taxonomy":"product_brand","embeddable":true,"href":"https:\/\/positiveprints.com\/it\/wp-json\/wp\/v2\/product_brand?post=621590"},{"taxonomy":"product_cat","embeddable":true,"href":"https:\/\/positiveprints.com\/it\/wp-json\/wp\/v2\/product_cat?post=621590"},{"taxonomy":"product_tag","embeddable":true,"href":"https:\/\/positiveprints.com\/it\/wp-json\/wp\/v2\/product_tag?post=621590"}],"curies":[{"name":"wp","href":"https:\/\/api.w.org\/{rel}","templated":true}]}}