{"id":621102,"date":"2023-05-11T10:41:07","date_gmt":"2023-05-11T09:41:07","guid":{"rendered":"https:\/\/positiveprints.com\/?post_type=product&#038;p=621102"},"modified":"2026-04-28T14:20:22","modified_gmt":"2026-04-28T13:20:22","slug":"collage-fotografico-con-lettere-sorella","status":"publish","type":"product","link":"https:\/\/positiveprints.com\/it\/prodotto\/collage-fotografico-con-lettere-sorella\/","title":{"rendered":"Collage Fotografico con Lettere Sorella"},"content":{"rendered":"<p style=\"margin-top: 1rem\">Con il Collage di Foto a Forma di Lettere per Sorelle hai la possibilit\u00e0 di creare un regalo originale e personalizzato per tua sorella. Che tu voglia regalarglielo in occasione del suo compleanno, del Natale o per stupirla in un giorno qualsiasi, il Collage di Foto a Forma di Lettere per Sorelle \u00e8 un modo dolcissimo di mostrare il tuo affetto ed esporre i vostri ricordi pi\u00f9 preziosi. Scegli una parola che rappresenti al meglio il vostro legame, come \u201csorellina\u201d, \u201csorellona\u201d o qualsiasi altro soprannome. Le possibilit\u00e0 sono infinite: tutto dipende dalla tua creativit\u00e0! Quello che rende questo regalo davvero unico nel suo genere \u00e8 il fatto di poter decorare ogni lettera con una foto diversa.<\/p>\r\n\r\n\r\n<p style=\"margin-top: 1rem\">Grazie al nostro editor, riusciamo a guidarti passo dopo passo nella creazione del tuo Collage di Foto a Forma di Lettere per Sorelle. La prima cosa da fare \u00e8 scegliere la parola da utilizzare. Scegli i colori in base a gusti e preferenze. In seguito, carica le foto e selezionane una per ogni lettera. Ingrandisci, riduci o regola la posizione di ogni foto finch\u00e9 non raggiungi il risultato sperato.<\/p>\r\n\r\n\r\n<p style=\"margin-top: 1rem\">Una volta personalizzato il layout del tuo Collage di Foto a Forma di Lettere per Sorelle non ti resta che aggiungere un messaggio personalizzato che apparir\u00e0 sotto le lettere. Un modo dolce e creativo per aggiungere un tocco ancora pi\u00f9 personale al tuo regalo. Dopo aver completato questo passaggio, \u00e8 il momento di scegliere il formato e la dimensione del tuo Collage di Foto a Forma di Lettere per Sorelle. Puoi ordinare un poster stampato, una stampa incorniciata, una tela o un download digitale per un regalo personalizzato dell\u2019ultimo minuto.<\/p>\r\n\r\n\r\n<p style=\"margin-top: 1rem\">Avere una sorella significa vivere uno dei legami pi\u00f9 importanti della nostra vita a cui dare tutto il meglio che possiamo. Perci\u00f2, perch\u00e9 non creare un\u2019opera d\u2019arte indimenticabile e unica come il Collage di Foto a Forma di Lettere per Sorelle? Tua sorella si sentir\u00e0 immediatamente apprezzata e speciale. Inizia subito a creare il tuo Collage di Foto a Forma di Lettere per Sorelle e donale un regalo capace di sorprenderla.<\/p>","protected":false},"excerpt":{"rendered":"<ul class=\"check-list\">\n<li>Includi un messaggio personalizzato<\/li>\n<li>Personalizzabile in 3 semplici passaggi<\/li>\n<li>Scegli un template pronto o libera la tua creativit\u00e0<\/li>\n<li>Tieni d\u2019occhio l\u2019anteprima istantanea a ogni modifica<\/li>\n<\/ul>\n","protected":false},"featured_media":1669873,"template":"","meta":[],"product_brand":[],"product_cat":[9277,8830,4449,5269,11431,7737],"product_tag":[13427,12610,17277,12609],"class_list":{"0":"post-621102","1":"product","2":"type-product","3":"status-publish","4":"has-post-thumbnail","6":"product_cat-bestsellers-label-it","7":"product_cat-collage-di-foto","8":"product_cat-tutti-i-prodotti","9":"product_cat-regali-di-natale","10":"product_cat-regali-di-natale-per-la-sorella","11":"product_cat-regali-per-una-sorella","12":"product_tag-regalo-di-natale-per-la-sorella","13":"product_tag-regalo-per-la-sorella","14":"product_tag-regalo-per-sorella","15":"product_tag-sorella","17":"first","18":"instock","19":"sale","20":"taxable","21":"shipping-taxable","22":"purchasable","23":"product-type-variable"},"yoast_head":"<!-- This site is optimized with the Yoast SEO Premium plugin v27.2 (Yoast SEO v27.2) - https:\/\/yoast.com\/product\/yoast-seo-premium-wordpress\/ -->\n<title>Collage Fotografico con Lettere Sorella - Positive Prints<\/title>\n<meta name=\"description\" content=\"Sorprendi tua sorella con un regalo speciale! Crea un fotocollage personalizzato con le vostre foto pi\u00f9 belle.\" \/>\n<meta name=\"robots\" content=\"index, follow, max-snippet:-1, max-image-preview:large, max-video-preview:-1\" \/>\n<link rel=\"canonical\" href=\"https:\/\/positiveprints.com\/it\/prodotto\/collage-fotografico-con-lettere-sorella\/\" \/>\n<meta property=\"og:locale\" content=\"it_IT\" \/>\n<meta property=\"og:type\" content=\"article\" \/>\n<meta property=\"og:title\" content=\"Collage Fotografico con Lettere Sorella\" \/>\n<meta property=\"og:description\" content=\"Includi un messaggio personalizzato  Personalizzabile in 3 semplici passaggi  Scegli un template pronto o libera la tua creativit\u00e0  Tieni d\u2019occhio l\u2019anteprima istantanea a ogni modifica\" \/>\n<meta property=\"og:url\" content=\"https:\/\/positiveprints.com\/it\/prodotto\/collage-fotografico-con-lettere-sorella\/\" \/>\n<meta property=\"og:site_name\" content=\"Positive Prints\" \/>\n<meta property=\"article:publisher\" content=\"https:\/\/www.facebook.com\/positiveprintscom\" \/>\n<meta property=\"article:modified_time\" content=\"2026-04-28T13:20:22+00:00\" \/>\n<meta property=\"og:image\" content=\"https:\/\/positiveprints.com\/wp-content\/uploads\/2025\/03\/Collage-Fotografico-con-Lettere-Sorella-1-1.webp\" \/>\n\t<meta property=\"og:image:width\" content=\"1450\" \/>\n\t<meta property=\"og:image:height\" content=\"1450\" \/>\n\t<meta property=\"og:image:type\" content=\"image\/webp\" \/>\n<meta name=\"twitter:card\" content=\"summary_large_image\" \/>\n<!-- \/ Yoast SEO Premium plugin. -->","yoast_head_json":{"title":"Collage Fotografico con Lettere Sorella - Positive Prints","description":"Sorprendi tua sorella con un regalo speciale! Crea un fotocollage personalizzato con le vostre foto pi\u00f9 belle.","robots":{"index":"index","follow":"follow","max-snippet":"max-snippet:-1","max-image-preview":"max-image-preview:large","max-video-preview":"max-video-preview:-1"},"canonical":"https:\/\/positiveprints.com\/it\/prodotto\/collage-fotografico-con-lettere-sorella\/","og_locale":"it_IT","og_type":"article","og_title":"Collage Fotografico con Lettere Sorella","og_description":"Includi un messaggio personalizzato  Personalizzabile in 3 semplici passaggi  Scegli un template pronto o libera la tua creativit\u00e0  Tieni d\u2019occhio l\u2019anteprima istantanea a ogni modifica","og_url":"https:\/\/positiveprints.com\/it\/prodotto\/collage-fotografico-con-lettere-sorella\/","og_site_name":"Positive Prints","article_publisher":"https:\/\/www.facebook.com\/positiveprintscom","article_modified_time":"2026-04-28T13:20:22+00:00","og_image":[{"width":1450,"height":1450,"url":"https:\/\/positiveprints.com\/wp-content\/uploads\/2025\/03\/Collage-Fotografico-con-Lettere-Sorella-1-1.webp","type":"image\/webp"}],"twitter_card":"summary_large_image","schema":{"@context":"https:\/\/schema.org","@graph":[{"@type":["WebPage","ItemPage"],"@id":"https:\/\/positiveprints.com\/it\/prodotto\/collage-fotografico-con-lettere-sorella\/","url":"https:\/\/positiveprints.com\/it\/prodotto\/collage-fotografico-con-lettere-sorella\/","name":"Collage Fotografico con Lettere Sorella - Positive Prints","isPartOf":{"@id":"https:\/\/positiveprints.com\/it\/#website"},"primaryImageOfPage":{"@id":"https:\/\/positiveprints.com\/it\/prodotto\/collage-fotografico-con-lettere-sorella\/#primaryimage"},"image":{"@id":"https:\/\/positiveprints.com\/it\/prodotto\/collage-fotografico-con-lettere-sorella\/#primaryimage"},"thumbnailUrl":"https:\/\/positiveprints.com\/wp-content\/uploads\/2026\/03\/sorella_IT.webp","datePublished":"2023-05-11T09:41:07+00:00","dateModified":"2026-04-28T13:20:22+00:00","description":"Sorprendi tua sorella con un regalo speciale! Crea un fotocollage personalizzato con le vostre foto pi\u00f9 belle.","breadcrumb":{"@id":"https:\/\/positiveprints.com\/it\/prodotto\/collage-fotografico-con-lettere-sorella\/#breadcrumb"},"inLanguage":"it-IT","potentialAction":[{"@type":"ReadAction","target":["https:\/\/positiveprints.com\/it\/prodotto\/collage-fotografico-con-lettere-sorella\/"]}]},{"@type":"ImageObject","inLanguage":"it-IT","@id":"https:\/\/positiveprints.com\/it\/prodotto\/collage-fotografico-con-lettere-sorella\/#primaryimage","url":"https:\/\/positiveprints.com\/wp-content\/uploads\/2026\/03\/sorella_IT.webp","contentUrl":"https:\/\/positiveprints.com\/wp-content\/uploads\/2026\/03\/sorella_IT.webp","width":1450,"height":1450},{"@type":"BreadcrumbList","@id":"https:\/\/positiveprints.com\/it\/prodotto\/collage-fotografico-con-lettere-sorella\/#breadcrumb","itemListElement":[{"@type":"ListItem","position":1,"name":"Home","item":"https:\/\/positiveprints.com\/it\/"},{"@type":"ListItem","position":2,"name":"Prodotti","item":"https:\/\/positiveprints.com\/it\/shop\/"},{"@type":"ListItem","position":3,"name":"Collage Fotografico con Lettere Sorella"}]},{"@type":"WebSite","@id":"https:\/\/positiveprints.com\/it\/#website","url":"https:\/\/positiveprints.com\/it\/","name":"Positive Prints","description":"Amazing Custom Personalized Gifts","publisher":{"@id":"https:\/\/positiveprints.com\/it\/#organization"},"potentialAction":[{"@type":"SearchAction","target":{"@type":"EntryPoint","urlTemplate":"https:\/\/positiveprints.com\/it\/?s={search_term_string}"},"query-input":{"@type":"PropertyValueSpecification","valueRequired":true,"valueName":"search_term_string"}}],"inLanguage":"it-IT"},{"@type":"Organization","@id":"https:\/\/positiveprints.com\/it\/#organization","name":"Positive Prints","alternateName":"Positive Prints","url":"https:\/\/positiveprints.com\/it\/","logo":{"@type":"ImageObject","inLanguage":"it-IT","@id":"https:\/\/positiveprints.com\/it\/#\/schema\/logo\/image\/","url":"https:\/\/positiveprints.com\/wp-content\/uploads\/2026\/03\/245815646_1337939713319158_5671353136411139666_n.png","contentUrl":"https:\/\/positiveprints.com\/wp-content\/uploads\/2026\/03\/245815646_1337939713319158_5671353136411139666_n.png","width":800,"height":800,"caption":"Positive Prints"},"image":{"@id":"https:\/\/positiveprints.com\/it\/#\/schema\/logo\/image\/"},"sameAs":["https:\/\/www.facebook.com\/positiveprintscom","https:\/\/www.instagram.com\/positiveprintscom\/","https:\/\/www.tiktok.com\/@positiveprintscom","https:\/\/www.pinterest.com\/positiveprintscom\/"]}]}},"jetpack_sharing_enabled":true,"_links":{"self":[{"href":"https:\/\/positiveprints.com\/it\/wp-json\/wp\/v2\/product\/621102","targetHints":{"allow":["GET"]}}],"collection":[{"href":"https:\/\/positiveprints.com\/it\/wp-json\/wp\/v2\/product"}],"about":[{"href":"https:\/\/positiveprints.com\/it\/wp-json\/wp\/v2\/types\/product"}],"wp:featuredmedia":[{"embeddable":true,"href":"https:\/\/positiveprints.com\/it\/wp-json\/wp\/v2\/media\/1669873"}],"wp:attachment":[{"href":"https:\/\/positiveprints.com\/it\/wp-json\/wp\/v2\/media?parent=621102"}],"wp:term":[{"taxonomy":"product_brand","embeddable":true,"href":"https:\/\/positiveprints.com\/it\/wp-json\/wp\/v2\/product_brand?post=621102"},{"taxonomy":"product_cat","embeddable":true,"href":"https:\/\/positiveprints.com\/it\/wp-json\/wp\/v2\/product_cat?post=621102"},{"taxonomy":"product_tag","embeddable":true,"href":"https:\/\/positiveprints.com\/it\/wp-json\/wp\/v2\/product_tag?post=621102"}],"curies":[{"name":"wp","href":"https:\/\/api.w.org\/{rel}","templated":true}]}}