{"id":610013,"date":"2023-04-24T15:33:19","date_gmt":"2023-04-24T14:33:19","guid":{"rendered":"https:\/\/positiveprints.com\/?post_type=product&#038;p=610013"},"modified":"2026-04-12T22:23:14","modified_gmt":"2026-04-12T21:23:14","slug":"tripla-mappa-stellare-dei-nipoti","status":"publish","type":"product","link":"https:\/\/positiveprints.com\/it\/prodotto\/tripla-mappa-stellare-dei-nipoti\/","title":{"rendered":"Tripla Mappa Stellare dei Nipoti"},"content":{"rendered":"<p style=\"margin-top: 1rem\">Stai cercando il regalo perfetto per dimostrare ai tuoi nonni tutto l\u2019amore che provi per loro? Non cercare oltre! La Tripla Mappa Stellare dei Nipoti \u00e8 ci\u00f2 che fa per te. Questa stampa personalizzata cattura le stelle che c\u2019erano in cielo nella notte in cui ogni nipotino \u00e8 venuto al mondo. Ecco perch\u00e9 \u00e8 il regalo perfetto per la Festa dei Nonni, i compleanni dei nonni, Natale o qualsiasi altra occasione speciale.<\/p>\r\n\r\n\r\n<p style=\"margin-top: 1rem\">Siamo certi che questo regalo pieno d\u2019amore riempir\u00e0 di gioia gli occhi dei tuoi nonni. In questo modo, potranno ricordare facilmente la felicit\u00e0 che hanno provato nel momento in cui le loro vite si sono arricchite dell\u2019amore di ogni nipote.<\/p>\r\n\r\n\r\n<p style=\"margin-top: 1rem\">Creare una Tripla Mappa Stellare dei Nipoti \u00e8 pi\u00f9 facile di quello che pensi e puoi personalizzarla quanto vuoi. Tra cerchi, cuori e combinazioni di colore, scegli il design e i colori che preferisci. Dopodich\u00e9, non devi far altro che inserire una data e una localit\u00e0 per ogni nipote e guardare l\u2019anteprima aggiornarsi a ogni modifica. Infine, seleziona uno dei formati e una delle dimensioni disponibili per assicurarti che il tuo regalo sia esattamente quello che vuoi donare ai tuoi nonni.<\/p>\r\n\r\n\r\n<p style=\"margin-top: 1rem\">Dimostra l\u2019amore che provi per i tuoi nonni con un regalo che non dimenticheranno mai. Ordina subito la Tripla Mappa Stellare dei Nipoti e crea un cimelio di famiglia con cui ricorderanno per sempre l\u2019amore dei loro nipotini.<\/p>","protected":false},"excerpt":{"rendered":"<ul class=\"check-list\">\n<li>Crea la tua mappa stellare raffigurante il cielo da 3 posizioni e date diverse<\/li>\n<li>Decorala con costellazioni e la Via Lattea<\/li>\n<li>Personalizzala in 3 semplici passaggi<\/li>\n<li>Aggiungi un testo personalizzato<\/li>\n<li>Guarda subito il risultato \u2013 l&#8217;anteprima interattiva ti permette di perfezionare ogni dettaglio<\/li>\n<\/ul>\n","protected":false},"featured_media":1256997,"template":"","meta":[],"product_brand":[],"product_cat":[9101,4449,8999,5269,11423,11422,7608,7721],"product_tag":[16083,8536,15475,13342,13341],"class_list":{"0":"post-610013","1":"product","2":"type-product","3":"status-publish","4":"has-post-thumbnail","6":"product_cat-trio-stars-it","7":"product_cat-tutti-i-prodotti","8":"product_cat-festa-dei-nonni","9":"product_cat-regali-di-natale","10":"product_cat-regali-di-natale-per-nonna","11":"product_cat-regali-di-natale-per-nonno","12":"product_cat-regali-per-il-nonno","13":"product_cat-regali-per-la-nonna","14":"product_tag-family-en-gb-it","15":"product_tag-family-it","16":"product_tag-nipoti","17":"product_tag-regalo-di-natale-per-un-nonno","18":"product_tag-regalo-di-natale-per-una-nonna","20":"first","21":"instock","22":"sale","23":"taxable","24":"shipping-taxable","25":"purchasable","26":"product-type-variable"},"yoast_head":"<!-- This site is optimized with the Yoast SEO Premium plugin v27.2 (Yoast SEO v27.2) - https:\/\/yoast.com\/product\/yoast-seo-premium-wordpress\/ -->\n<title>Tripla Mappa Stellare dei Nipoti - Positive Prints<\/title>\n<meta name=\"description\" content=\"Ordina subito la Tripla Mappa Stellare dei Nipoti e crea un cimelio di famiglia con cui ricorderanno per sempre l\u2019amore dei loro nipotini.\" \/>\n<meta name=\"robots\" content=\"index, follow, max-snippet:-1, max-image-preview:large, max-video-preview:-1\" \/>\n<link rel=\"canonical\" href=\"https:\/\/positiveprints.com\/it\/prodotto\/tripla-mappa-stellare-dei-nipoti\/\" \/>\n<meta property=\"og:locale\" content=\"it_IT\" \/>\n<meta property=\"og:type\" content=\"article\" \/>\n<meta property=\"og:title\" content=\"Tripla Mappa Stellare dei Nipoti\" \/>\n<meta property=\"og:description\" content=\"Crea la tua mappa stellare raffigurante il cielo da 3 posizioni e date diverse Decorala con costellazioni e la Via Lattea Personalizzala in 3 semplici passaggi Aggiungi un testo personalizzato Guarda subito il risultato \u2013 l&#039;anteprima interattiva ti permette di perfezionare ogni dettaglio\" \/>\n<meta property=\"og:url\" content=\"https:\/\/positiveprints.com\/it\/prodotto\/tripla-mappa-stellare-dei-nipoti\/\" \/>\n<meta property=\"og:site_name\" content=\"Positive Prints\" \/>\n<meta property=\"article:publisher\" content=\"https:\/\/www.facebook.com\/positiveprintscom\" \/>\n<meta property=\"article:modified_time\" content=\"2026-04-12T21:23:14+00:00\" \/>\n<meta property=\"og:image\" content=\"https:\/\/positiveprints.com\/wp-content\/uploads\/2024\/11\/Packshot_IT_Grandkids-Triple-Star-Map-product-image-.webp\" \/>\n\t<meta property=\"og:image:width\" content=\"1450\" \/>\n\t<meta property=\"og:image:height\" content=\"1450\" \/>\n\t<meta property=\"og:image:type\" content=\"image\/webp\" \/>\n<meta name=\"twitter:card\" content=\"summary_large_image\" \/>\n<meta name=\"twitter:label1\" content=\"Tempo di lettura stimato\" \/>\n\t<meta name=\"twitter:data1\" content=\"2 minuti\" \/>\n<!-- \/ Yoast SEO Premium plugin. -->","yoast_head_json":{"title":"Tripla Mappa Stellare dei Nipoti - Positive Prints","description":"Ordina subito la Tripla Mappa Stellare dei Nipoti e crea un cimelio di famiglia con cui ricorderanno per sempre l\u2019amore dei loro nipotini.","robots":{"index":"index","follow":"follow","max-snippet":"max-snippet:-1","max-image-preview":"max-image-preview:large","max-video-preview":"max-video-preview:-1"},"canonical":"https:\/\/positiveprints.com\/it\/prodotto\/tripla-mappa-stellare-dei-nipoti\/","og_locale":"it_IT","og_type":"article","og_title":"Tripla Mappa Stellare dei Nipoti","og_description":"Crea la tua mappa stellare raffigurante il cielo da 3 posizioni e date diverse Decorala con costellazioni e la Via Lattea Personalizzala in 3 semplici passaggi Aggiungi un testo personalizzato Guarda subito il risultato \u2013 l'anteprima interattiva ti permette di perfezionare ogni dettaglio","og_url":"https:\/\/positiveprints.com\/it\/prodotto\/tripla-mappa-stellare-dei-nipoti\/","og_site_name":"Positive Prints","article_publisher":"https:\/\/www.facebook.com\/positiveprintscom","article_modified_time":"2026-04-12T21:23:14+00:00","og_image":[{"width":1450,"height":1450,"url":"https:\/\/positiveprints.com\/wp-content\/uploads\/2024\/11\/Packshot_IT_Grandkids-Triple-Star-Map-product-image-.webp","type":"image\/webp"}],"twitter_card":"summary_large_image","twitter_misc":{"Tempo di lettura stimato":"2 minuti"},"schema":{"@context":"https:\/\/schema.org","@graph":[{"@type":["WebPage","ItemPage"],"@id":"https:\/\/positiveprints.com\/it\/prodotto\/tripla-mappa-stellare-dei-nipoti\/","url":"https:\/\/positiveprints.com\/it\/prodotto\/tripla-mappa-stellare-dei-nipoti\/","name":"Tripla Mappa Stellare dei Nipoti - Positive Prints","isPartOf":{"@id":"https:\/\/positiveprints.com\/it\/#website"},"primaryImageOfPage":{"@id":"https:\/\/positiveprints.com\/it\/prodotto\/tripla-mappa-stellare-dei-nipoti\/#primaryimage"},"image":{"@id":"https:\/\/positiveprints.com\/it\/prodotto\/tripla-mappa-stellare-dei-nipoti\/#primaryimage"},"thumbnailUrl":"https:\/\/positiveprints.com\/wp-content\/uploads\/2024\/11\/Packshot_IT_Grandkids-Triple-Star-Map-product-image-.webp","datePublished":"2023-04-24T14:33:19+00:00","dateModified":"2026-04-12T21:23:14+00:00","description":"Ordina subito la Tripla Mappa Stellare dei Nipoti e crea un cimelio di famiglia con cui ricorderanno per sempre l\u2019amore dei loro nipotini.","breadcrumb":{"@id":"https:\/\/positiveprints.com\/it\/prodotto\/tripla-mappa-stellare-dei-nipoti\/#breadcrumb"},"inLanguage":"it-IT","potentialAction":[{"@type":"ReadAction","target":["https:\/\/positiveprints.com\/it\/prodotto\/tripla-mappa-stellare-dei-nipoti\/"]}]},{"@type":"ImageObject","inLanguage":"it-IT","@id":"https:\/\/positiveprints.com\/it\/prodotto\/tripla-mappa-stellare-dei-nipoti\/#primaryimage","url":"https:\/\/positiveprints.com\/wp-content\/uploads\/2024\/11\/Packshot_IT_Grandkids-Triple-Star-Map-product-image-.webp","contentUrl":"https:\/\/positiveprints.com\/wp-content\/uploads\/2024\/11\/Packshot_IT_Grandkids-Triple-Star-Map-product-image-.webp","width":1450,"height":1450},{"@type":"BreadcrumbList","@id":"https:\/\/positiveprints.com\/it\/prodotto\/tripla-mappa-stellare-dei-nipoti\/#breadcrumb","itemListElement":[{"@type":"ListItem","position":1,"name":"Home","item":"https:\/\/positiveprints.com\/it\/"},{"@type":"ListItem","position":2,"name":"Prodotti","item":"https:\/\/positiveprints.com\/it\/shop\/"},{"@type":"ListItem","position":3,"name":"Tripla Mappa Stellare dei Nipoti"}]},{"@type":"WebSite","@id":"https:\/\/positiveprints.com\/it\/#website","url":"https:\/\/positiveprints.com\/it\/","name":"Positive Prints","description":"Amazing Custom Personalized Gifts","publisher":{"@id":"https:\/\/positiveprints.com\/it\/#organization"},"potentialAction":[{"@type":"SearchAction","target":{"@type":"EntryPoint","urlTemplate":"https:\/\/positiveprints.com\/it\/?s={search_term_string}"},"query-input":{"@type":"PropertyValueSpecification","valueRequired":true,"valueName":"search_term_string"}}],"inLanguage":"it-IT"},{"@type":"Organization","@id":"https:\/\/positiveprints.com\/it\/#organization","name":"Positive Prints","alternateName":"Positive Prints","url":"https:\/\/positiveprints.com\/it\/","logo":{"@type":"ImageObject","inLanguage":"it-IT","@id":"https:\/\/positiveprints.com\/it\/#\/schema\/logo\/image\/","url":"https:\/\/positiveprints.com\/wp-content\/uploads\/2026\/03\/245815646_1337939713319158_5671353136411139666_n.png","contentUrl":"https:\/\/positiveprints.com\/wp-content\/uploads\/2026\/03\/245815646_1337939713319158_5671353136411139666_n.png","width":800,"height":800,"caption":"Positive Prints"},"image":{"@id":"https:\/\/positiveprints.com\/it\/#\/schema\/logo\/image\/"},"sameAs":["https:\/\/www.facebook.com\/positiveprintscom","https:\/\/www.instagram.com\/positiveprintscom\/","https:\/\/www.tiktok.com\/@positiveprintscom","https:\/\/www.pinterest.com\/positiveprintscom\/"]}]}},"jetpack_sharing_enabled":true,"_links":{"self":[{"href":"https:\/\/positiveprints.com\/it\/wp-json\/wp\/v2\/product\/610013","targetHints":{"allow":["GET"]}}],"collection":[{"href":"https:\/\/positiveprints.com\/it\/wp-json\/wp\/v2\/product"}],"about":[{"href":"https:\/\/positiveprints.com\/it\/wp-json\/wp\/v2\/types\/product"}],"wp:featuredmedia":[{"embeddable":true,"href":"https:\/\/positiveprints.com\/it\/wp-json\/wp\/v2\/media\/1256997"}],"wp:attachment":[{"href":"https:\/\/positiveprints.com\/it\/wp-json\/wp\/v2\/media?parent=610013"}],"wp:term":[{"taxonomy":"product_brand","embeddable":true,"href":"https:\/\/positiveprints.com\/it\/wp-json\/wp\/v2\/product_brand?post=610013"},{"taxonomy":"product_cat","embeddable":true,"href":"https:\/\/positiveprints.com\/it\/wp-json\/wp\/v2\/product_cat?post=610013"},{"taxonomy":"product_tag","embeddable":true,"href":"https:\/\/positiveprints.com\/it\/wp-json\/wp\/v2\/product_tag?post=610013"}],"curies":[{"name":"wp","href":"https:\/\/api.w.org\/{rel}","templated":true}]}}