{"id":609948,"date":"2023-04-24T12:10:41","date_gmt":"2023-04-24T11:10:41","guid":{"rendered":"https:\/\/positiveprints.com\/?post_type=product&#038;p=609948"},"modified":"2026-04-18T05:53:05","modified_gmt":"2026-04-18T04:53:05","slug":"mappa-stellare-dal-primo-incontro-al-matrimonio","status":"publish","type":"product","link":"https:\/\/positiveprints.com\/it\/prodotto\/mappa-stellare-dal-primo-incontro-al-matrimonio\/","title":{"rendered":"Mappa Stellare dal Primo Incontro al Matrimonio"},"content":{"rendered":"<p style=\"margin-top: 1rem\">Stai cercando un regalo di nozze capace di raccontare la vostra storia con una bellissima stampa? La Mappa Stellare dal Primo Incontro al Matrimonio \u00e8 la scelta migliore per celebrare tutto il vostro amore.<\/p>\r\n\r\n\r\n<p style=\"margin-top: 1rem\">Questa stampa speciale raggruppa tre mappe stellari personalizzate che catturano tre momenti magici diversi della vostra vita di coppia. La prima mappa stellare raffigura il momento in cui i vostri sguardi si sono incrociati e, infatti, subito sotto c\u2019\u00e8 scritto \u201cPrimo Incontro\u201d. Invece, la seconda mappa stellare, quella con scritto \u201cFidanzamento\u201d, rappresenta la volta celeste nel giorno in cui vi siete fidanzati. E infine, nella terza mappa stellare ci sono le stelle pi\u00f9 luminose del giorno in cui vi siete sposati e, subito sotto, la parola \u201cMatrimonio\u201d.<\/p>\r\n\r\n\r\n<p style=\"margin-top: 1rem\">Creare la tua Mappa Stellare dal Primo Incontro al Matrimonio \u00e8 pi\u00f9 facile di quello che pensi! Con il nostro editor online, non devi far altro che scegliere il design e il colore che preferisci. Puoi optare per mappe stellari a forma di cerchio o, per i pi\u00f9 romantici, a forma di cuore. Puoi anche personalizzare i colori secondo i tuoi gusti. Dopodich\u00e9, inserisci una data e una localit\u00e0 per ogni mappa stellare. Non dimenticare di tenere d\u2019occhio l\u2019anteprima istantanea a ogni modifica! Una volta che hai ottenuto il design che volevi, scegli il formato e le dimensioni che desideri. Che si tratti di una stampa o di un poster incorniciato, di una tela o di un file digitale da scaricare istantaneamente, abbiamo l&#8217;opzione migliore per le tue esigenze.<\/p>\r\n\r\n\r\n<p style=\"margin-top: 1rem\">Ordina oggi stesso la Mappa Stellare dal Primo Incontro al Matrimonio. Celebra l\u2019amore per la tua anima gemella con un regalo bellissimo e indimenticabile.<\/p>","protected":false},"excerpt":{"rendered":"<ul class=\"check-list\">\n<li>Crea la tua mappa stellare raffigurante il cielo da 3 posizioni e date diverse<\/li>\n<li>Decorala con costellazioni e la Via Lattea<\/li>\n<li>Personalizzala in 3 semplici passaggi<\/li>\n<li>Aggiungi un testo personalizzato<\/li>\n<li>Guarda subito il risultato \u2013 l&#8217;anteprima interattiva ti permette di perfezionare ogni dettaglio<\/li>\n<\/ul>\n","protected":false},"featured_media":1258074,"template":"","meta":[],"product_brand":[],"product_cat":[9101,4449,5331,11182,11181,11183,5311,7928,7641],"product_tag":[15520,15076],"class_list":{"0":"post-609948","1":"product","2":"type-product","3":"status-publish","4":"has-post-thumbnail","6":"product_cat-trio-stars-it","7":"product_cat-tutti-i-prodotti","8":"product_cat-regali-di-anniversario","9":"product_cat-regali-di-anniversario-per-coppie","10":"product_cat-regali-di-anniversario-per-lei","11":"product_cat-regali-di-anniversario-per-lui","12":"product_cat-regali-di-matrimonio","13":"product_cat-regali-per-laddio-al-nubilato","14":"product_cat-regali-per-il-marito","15":"product_tag-la-nostra-storia-damore","16":"product_tag-wedding-it-2","18":"first","19":"instock","20":"sale","21":"taxable","22":"shipping-taxable","23":"purchasable","24":"product-type-variable"},"yoast_head":"<!-- This site is optimized with the Yoast SEO Premium plugin v27.2 (Yoast SEO v27.2) - https:\/\/yoast.com\/product\/yoast-seo-premium-wordpress\/ -->\n<title>Mappa Stellare dal Primo Incontro al Matrimonio - Positive Prints<\/title>\n<meta name=\"description\" content=\"Ordina oggi stesso la Mappa Stellare dal Primo Incontro al Matrimonio. Celebra l\u2019amore per la tua anima gemella con un regalo bellissimo e indimenticabile.\" \/>\n<meta name=\"robots\" content=\"index, follow, max-snippet:-1, max-image-preview:large, max-video-preview:-1\" \/>\n<link rel=\"canonical\" href=\"https:\/\/positiveprints.com\/it\/prodotto\/mappa-stellare-dal-primo-incontro-al-matrimonio\/\" \/>\n<meta property=\"og:locale\" content=\"it_IT\" \/>\n<meta property=\"og:type\" content=\"article\" \/>\n<meta property=\"og:title\" content=\"Mappa Stellare dal Primo Incontro al Matrimonio\" \/>\n<meta property=\"og:description\" content=\"Crea la tua mappa stellare raffigurante il cielo da 3 posizioni e date diverse Decorala con costellazioni e la Via Lattea Personalizzala in 3 semplici passaggi Aggiungi un testo personalizzato Guarda subito il risultato \u2013 l&#039;anteprima interattiva ti permette di perfezionare ogni dettaglio\" \/>\n<meta property=\"og:url\" content=\"https:\/\/positiveprints.com\/it\/prodotto\/mappa-stellare-dal-primo-incontro-al-matrimonio\/\" \/>\n<meta property=\"og:site_name\" content=\"Positive Prints\" \/>\n<meta property=\"article:publisher\" content=\"https:\/\/www.facebook.com\/positiveprintscom\" \/>\n<meta property=\"article:modified_time\" content=\"2026-04-18T04:53:05+00:00\" \/>\n<meta property=\"og:image\" content=\"https:\/\/positiveprints.com\/wp-content\/uploads\/2024\/11\/Packshot_IT_Met-Engaged-Married-Star-Map-product-image-.webp\" \/>\n\t<meta property=\"og:image:width\" content=\"1450\" \/>\n\t<meta property=\"og:image:height\" content=\"1450\" \/>\n\t<meta property=\"og:image:type\" content=\"image\/webp\" \/>\n<meta name=\"twitter:card\" content=\"summary_large_image\" \/>\n<meta name=\"twitter:label1\" content=\"Tempo di lettura stimato\" \/>\n\t<meta name=\"twitter:data1\" content=\"2 minuti\" \/>\n<!-- \/ Yoast SEO Premium plugin. -->","yoast_head_json":{"title":"Mappa Stellare dal Primo Incontro al Matrimonio - Positive Prints","description":"Ordina oggi stesso la Mappa Stellare dal Primo Incontro al Matrimonio. Celebra l\u2019amore per la tua anima gemella con un regalo bellissimo e indimenticabile.","robots":{"index":"index","follow":"follow","max-snippet":"max-snippet:-1","max-image-preview":"max-image-preview:large","max-video-preview":"max-video-preview:-1"},"canonical":"https:\/\/positiveprints.com\/it\/prodotto\/mappa-stellare-dal-primo-incontro-al-matrimonio\/","og_locale":"it_IT","og_type":"article","og_title":"Mappa Stellare dal Primo Incontro al Matrimonio","og_description":"Crea la tua mappa stellare raffigurante il cielo da 3 posizioni e date diverse Decorala con costellazioni e la Via Lattea Personalizzala in 3 semplici passaggi Aggiungi un testo personalizzato Guarda subito il risultato \u2013 l'anteprima interattiva ti permette di perfezionare ogni dettaglio","og_url":"https:\/\/positiveprints.com\/it\/prodotto\/mappa-stellare-dal-primo-incontro-al-matrimonio\/","og_site_name":"Positive Prints","article_publisher":"https:\/\/www.facebook.com\/positiveprintscom","article_modified_time":"2026-04-18T04:53:05+00:00","og_image":[{"width":1450,"height":1450,"url":"https:\/\/positiveprints.com\/wp-content\/uploads\/2024\/11\/Packshot_IT_Met-Engaged-Married-Star-Map-product-image-.webp","type":"image\/webp"}],"twitter_card":"summary_large_image","twitter_misc":{"Tempo di lettura stimato":"2 minuti"},"schema":{"@context":"https:\/\/schema.org","@graph":[{"@type":["WebPage","ItemPage"],"@id":"https:\/\/positiveprints.com\/it\/prodotto\/mappa-stellare-dal-primo-incontro-al-matrimonio\/","url":"https:\/\/positiveprints.com\/it\/prodotto\/mappa-stellare-dal-primo-incontro-al-matrimonio\/","name":"Mappa Stellare dal Primo Incontro al Matrimonio - Positive Prints","isPartOf":{"@id":"https:\/\/positiveprints.com\/it\/#website"},"primaryImageOfPage":{"@id":"https:\/\/positiveprints.com\/it\/prodotto\/mappa-stellare-dal-primo-incontro-al-matrimonio\/#primaryimage"},"image":{"@id":"https:\/\/positiveprints.com\/it\/prodotto\/mappa-stellare-dal-primo-incontro-al-matrimonio\/#primaryimage"},"thumbnailUrl":"https:\/\/positiveprints.com\/wp-content\/uploads\/2024\/11\/Packshot_IT_Met-Engaged-Married-Star-Map-product-image-.webp","datePublished":"2023-04-24T11:10:41+00:00","dateModified":"2026-04-18T04:53:05+00:00","description":"Ordina oggi stesso la Mappa Stellare dal Primo Incontro al Matrimonio. Celebra l\u2019amore per la tua anima gemella con un regalo bellissimo e indimenticabile.","breadcrumb":{"@id":"https:\/\/positiveprints.com\/it\/prodotto\/mappa-stellare-dal-primo-incontro-al-matrimonio\/#breadcrumb"},"inLanguage":"it-IT","potentialAction":[{"@type":"ReadAction","target":["https:\/\/positiveprints.com\/it\/prodotto\/mappa-stellare-dal-primo-incontro-al-matrimonio\/"]}]},{"@type":"ImageObject","inLanguage":"it-IT","@id":"https:\/\/positiveprints.com\/it\/prodotto\/mappa-stellare-dal-primo-incontro-al-matrimonio\/#primaryimage","url":"https:\/\/positiveprints.com\/wp-content\/uploads\/2024\/11\/Packshot_IT_Met-Engaged-Married-Star-Map-product-image-.webp","contentUrl":"https:\/\/positiveprints.com\/wp-content\/uploads\/2024\/11\/Packshot_IT_Met-Engaged-Married-Star-Map-product-image-.webp","width":1450,"height":1450,"caption":"Packshot_IT_Met Engaged Married Star Map product image"},{"@type":"BreadcrumbList","@id":"https:\/\/positiveprints.com\/it\/prodotto\/mappa-stellare-dal-primo-incontro-al-matrimonio\/#breadcrumb","itemListElement":[{"@type":"ListItem","position":1,"name":"Home","item":"https:\/\/positiveprints.com\/it\/"},{"@type":"ListItem","position":2,"name":"Prodotti","item":"https:\/\/positiveprints.com\/it\/shop\/"},{"@type":"ListItem","position":3,"name":"Mappa Stellare dal Primo Incontro al Matrimonio"}]},{"@type":"WebSite","@id":"https:\/\/positiveprints.com\/it\/#website","url":"https:\/\/positiveprints.com\/it\/","name":"Positive Prints","description":"Amazing Custom Personalized Gifts","publisher":{"@id":"https:\/\/positiveprints.com\/it\/#organization"},"potentialAction":[{"@type":"SearchAction","target":{"@type":"EntryPoint","urlTemplate":"https:\/\/positiveprints.com\/it\/?s={search_term_string}"},"query-input":{"@type":"PropertyValueSpecification","valueRequired":true,"valueName":"search_term_string"}}],"inLanguage":"it-IT"},{"@type":"Organization","@id":"https:\/\/positiveprints.com\/it\/#organization","name":"Positive Prints","alternateName":"Positive Prints","url":"https:\/\/positiveprints.com\/it\/","logo":{"@type":"ImageObject","inLanguage":"it-IT","@id":"https:\/\/positiveprints.com\/it\/#\/schema\/logo\/image\/","url":"https:\/\/positiveprints.com\/wp-content\/uploads\/2026\/03\/245815646_1337939713319158_5671353136411139666_n.png","contentUrl":"https:\/\/positiveprints.com\/wp-content\/uploads\/2026\/03\/245815646_1337939713319158_5671353136411139666_n.png","width":800,"height":800,"caption":"Positive Prints"},"image":{"@id":"https:\/\/positiveprints.com\/it\/#\/schema\/logo\/image\/"},"sameAs":["https:\/\/www.facebook.com\/positiveprintscom","https:\/\/www.instagram.com\/positiveprintscom\/","https:\/\/www.tiktok.com\/@positiveprintscom","https:\/\/www.pinterest.com\/positiveprintscom\/"]}]}},"jetpack_sharing_enabled":true,"_links":{"self":[{"href":"https:\/\/positiveprints.com\/it\/wp-json\/wp\/v2\/product\/609948","targetHints":{"allow":["GET"]}}],"collection":[{"href":"https:\/\/positiveprints.com\/it\/wp-json\/wp\/v2\/product"}],"about":[{"href":"https:\/\/positiveprints.com\/it\/wp-json\/wp\/v2\/types\/product"}],"wp:featuredmedia":[{"embeddable":true,"href":"https:\/\/positiveprints.com\/it\/wp-json\/wp\/v2\/media\/1258074"}],"wp:attachment":[{"href":"https:\/\/positiveprints.com\/it\/wp-json\/wp\/v2\/media?parent=609948"}],"wp:term":[{"taxonomy":"product_brand","embeddable":true,"href":"https:\/\/positiveprints.com\/it\/wp-json\/wp\/v2\/product_brand?post=609948"},{"taxonomy":"product_cat","embeddable":true,"href":"https:\/\/positiveprints.com\/it\/wp-json\/wp\/v2\/product_cat?post=609948"},{"taxonomy":"product_tag","embeddable":true,"href":"https:\/\/positiveprints.com\/it\/wp-json\/wp\/v2\/product_tag?post=609948"}],"curies":[{"name":"wp","href":"https:\/\/api.w.org\/{rel}","templated":true}]}}