{"id":609660,"date":"2023-04-21T11:01:25","date_gmt":"2023-04-21T10:01:25","guid":{"rendered":"https:\/\/positiveprints.com\/?post_type=product&#038;p=609660"},"modified":"2026-04-28T14:21:28","modified_gmt":"2026-04-28T13:21:28","slug":"tripla-mappa-stellare-di-famiglia","status":"publish","type":"product","link":"https:\/\/positiveprints.com\/it\/prodotto\/tripla-mappa-stellare-di-famiglia\/","title":{"rendered":"Tripla Mappa Stellare di Famiglia"},"content":{"rendered":"<p style=\"margin-top: 1rem\">Stai cercando un regalo personalizzato, unico e ricco di significato per la tua famiglia? Non cercare oltre! La nostra Tripla Mappa Stellare di Famiglia \u00e8 il dono perfetto per un\u2019occasione speciale o un giorno qualsiasi in cui vuoi sorprendere le persone che ami pi\u00f9 di ogni cosa al mondo. Con questa stampa personalizzata puoi catturare le stelle di tre momenti diversi.<\/p>\r\n\r\n\r\n<p style=\"margin-top: 1rem\">Immagina che turbinio di emozioni quando vedrai come apparivano le stelle la notte in cui sono nati i tuoi figli o quella in cui, tu e la tua dolce met\u00e0, vi siete uniti in matrimonio. Te lo possiamo garantire: questo non \u00e8 un regalo qualunque, ma un ricordo prezioso da custodire per sempre. E la parte migliore sai qual \u00e8? Le possibilit\u00e0 infinite di creare qualcosa di unico! Che tu voglia celebrare un nuovo arrivo in famiglia o semplicemente immortalare dei momenti preziosi, questo \u00e8 il dono giusto.<\/p>\r\n\r\n\r\n<p style=\"margin-top: 1rem\">Creare la tua Mappa Stellare di Famiglia \u00e8 pi\u00f9 facile di quello che pensi! Con il nostro editor online, infatti, basta scegliere il design e i colori che preferisci. Dopodich\u00e9, inserisci le date e le localit\u00e0 con le quali hai deciso di creare le tue mappe stellari. A ogni modifica, non dimenticare di tenere d\u2019occhio l\u2019anteprima istantanea della tua opera d\u2019arte. Infine, scegli tra una variet\u00e0 di formati e dimensioni diversi per assicurarti di ottenere esattamente ci\u00f2 che desideri.<\/p>\r\n\r\n\r\n<p style=\"margin-top: 1rem\">Non aspettare oltre: immortala subito i tuo ricordi speciali! Ordina oggi stesso la tua Tripla Mappa di Famiglia e dona alle persone che ami un dono che non dimenticheranno mai.<\/p>","protected":false},"excerpt":{"rendered":"<ul class=\"check-list\">\n<li>Crea la tua mappa stellare raffigurante il cielo da 3 posizioni e date diverse<\/li>\n<li>Decorala con costellazioni e la Via Lattea<\/li>\n<li>Personalizzala in 3 semplici passaggi<\/li>\n<li>Aggiungi un testo personalizzato<\/li>\n<li>Guarda subito il risultato \u2013 l&#8217;anteprima interattiva ti permette di perfezionare ogni dettaglio<\/li>\n<\/ul>\n","protected":false},"featured_media":1256454,"template":"","meta":[],"product_brand":[],"product_cat":[8216,9763,9101,4449,5257,5343,11215,11216,5269,15057,11431,11419,11430,8008,7624,7656,7688,7768,7737,7848,7816],"product_tag":[16084,16083,8536,12594,13456,13466,12595,13427,17187,12610,17277,12609],"class_list":{"0":"post-609660","1":"product","2":"type-product","3":"status-publish","4":"has-post-thumbnail","6":"product_cat-per-lui","7":"product_cat-trending-label-it","8":"product_cat-trio-stars-it","9":"product_cat-tutti-i-prodotti","10":"product_cat-regali-di-nascita-del-bambino","11":"product_cat-regali-di-compleanno","12":"product_cat-regali-di-compleanno-per-lei","13":"product_cat-regali-di-compleanno-per-lui","14":"product_cat-regali-di-natale","15":"product_cat-regali-di-natale-per-la-famiglia","16":"product_cat-regali-di-natale-per-la-sorella","17":"product_cat-regali-di-natale-per-il-fratello-regali-di-natale-idee-regalo","18":"product_cat-regali-di-natale-per-i-genitori","19":"product_cat-regali-da-uomo","20":"product_cat-regali-per-un-fratello","21":"product_cat-regali-per-un-figlio","22":"product_cat-regali-da-donna","23":"product_cat-regali-per-una-figlia","24":"product_cat-regali-per-una-sorella","25":"product_cat-regali-per-la-famiglia","26":"product_cat-regali-per-neogenitori","27":"product_tag-christmas-gifts-for-family-it","28":"product_tag-family-en-gb-it","29":"product_tag-family-it","30":"product_tag-fratello","31":"product_tag-regali-di-natale-per-il-fratello","32":"product_tag-regali-di-natale-per-la-famiglia","33":"product_tag-regali-per-il-fratello","34":"product_tag-regalo-di-natale-per-la-sorella","35":"product_tag-regalo-per-fratello","36":"product_tag-regalo-per-la-sorella","37":"product_tag-regalo-per-sorella","38":"product_tag-sorella","40":"first","41":"instock","42":"sale","43":"taxable","44":"shipping-taxable","45":"purchasable","46":"product-type-variable"},"yoast_head":"<!-- This site is optimized with the Yoast SEO Premium plugin v27.2 (Yoast SEO v27.2) - https:\/\/yoast.com\/product\/yoast-seo-premium-wordpress\/ -->\n<title>Tripla Mappa Stellare di Famiglia - Positive Prints<\/title>\n<meta name=\"description\" content=\"Non aspettare oltre: immortala subito i tuo ricordi speciali! Ordina oggi stesso la tua Tripla Mappa di Famiglia e dona alle persone che ami un dono che non dimenticheranno mai.\" \/>\n<meta name=\"robots\" content=\"index, follow, max-snippet:-1, max-image-preview:large, max-video-preview:-1\" \/>\n<link rel=\"canonical\" href=\"https:\/\/positiveprints.com\/it\/prodotto\/tripla-mappa-stellare-di-famiglia\/\" \/>\n<meta property=\"og:locale\" content=\"it_IT\" \/>\n<meta property=\"og:type\" content=\"article\" \/>\n<meta property=\"og:title\" content=\"Tripla Mappa Stellare di Famiglia\" \/>\n<meta property=\"og:description\" content=\"Crea la tua mappa stellare raffigurante il cielo da 3 posizioni e date diverse Decorala con costellazioni e la Via Lattea Personalizzala in 3 semplici passaggi Aggiungi un testo personalizzato Guarda subito il risultato \u2013 l&#039;anteprima interattiva ti permette di perfezionare ogni dettaglio\" \/>\n<meta property=\"og:url\" content=\"https:\/\/positiveprints.com\/it\/prodotto\/tripla-mappa-stellare-di-famiglia\/\" \/>\n<meta property=\"og:site_name\" content=\"Positive Prints\" \/>\n<meta property=\"article:publisher\" content=\"https:\/\/www.facebook.com\/positiveprintscom\" \/>\n<meta property=\"article:modified_time\" content=\"2026-04-28T13:21:28+00:00\" \/>\n<meta property=\"og:image\" content=\"https:\/\/positiveprints.com\/wp-content\/uploads\/2024\/11\/Packshot_IT_Family-Triple-Star-Map-product-image-.webp\" \/>\n\t<meta property=\"og:image:width\" content=\"1450\" \/>\n\t<meta property=\"og:image:height\" content=\"1450\" \/>\n\t<meta property=\"og:image:type\" content=\"image\/webp\" \/>\n<meta name=\"twitter:card\" content=\"summary_large_image\" \/>\n<!-- \/ Yoast SEO Premium plugin. -->","yoast_head_json":{"title":"Tripla Mappa Stellare di Famiglia - Positive Prints","description":"Non aspettare oltre: immortala subito i tuo ricordi speciali! Ordina oggi stesso la tua Tripla Mappa di Famiglia e dona alle persone che ami un dono che non dimenticheranno mai.","robots":{"index":"index","follow":"follow","max-snippet":"max-snippet:-1","max-image-preview":"max-image-preview:large","max-video-preview":"max-video-preview:-1"},"canonical":"https:\/\/positiveprints.com\/it\/prodotto\/tripla-mappa-stellare-di-famiglia\/","og_locale":"it_IT","og_type":"article","og_title":"Tripla Mappa Stellare di Famiglia","og_description":"Crea la tua mappa stellare raffigurante il cielo da 3 posizioni e date diverse Decorala con costellazioni e la Via Lattea Personalizzala in 3 semplici passaggi Aggiungi un testo personalizzato Guarda subito il risultato \u2013 l'anteprima interattiva ti permette di perfezionare ogni dettaglio","og_url":"https:\/\/positiveprints.com\/it\/prodotto\/tripla-mappa-stellare-di-famiglia\/","og_site_name":"Positive Prints","article_publisher":"https:\/\/www.facebook.com\/positiveprintscom","article_modified_time":"2026-04-28T13:21:28+00:00","og_image":[{"width":1450,"height":1450,"url":"https:\/\/positiveprints.com\/wp-content\/uploads\/2024\/11\/Packshot_IT_Family-Triple-Star-Map-product-image-.webp","type":"image\/webp"}],"twitter_card":"summary_large_image","schema":{"@context":"https:\/\/schema.org","@graph":[{"@type":["WebPage","ItemPage"],"@id":"https:\/\/positiveprints.com\/it\/prodotto\/tripla-mappa-stellare-di-famiglia\/","url":"https:\/\/positiveprints.com\/it\/prodotto\/tripla-mappa-stellare-di-famiglia\/","name":"Tripla Mappa Stellare di Famiglia - Positive Prints","isPartOf":{"@id":"https:\/\/positiveprints.com\/it\/#website"},"primaryImageOfPage":{"@id":"https:\/\/positiveprints.com\/it\/prodotto\/tripla-mappa-stellare-di-famiglia\/#primaryimage"},"image":{"@id":"https:\/\/positiveprints.com\/it\/prodotto\/tripla-mappa-stellare-di-famiglia\/#primaryimage"},"thumbnailUrl":"https:\/\/positiveprints.com\/wp-content\/uploads\/2024\/11\/Packshot_IT_Family-Triple-Star-Map-product-image-.webp","datePublished":"2023-04-21T10:01:25+00:00","dateModified":"2026-04-28T13:21:28+00:00","description":"Non aspettare oltre: immortala subito i tuo ricordi speciali! Ordina oggi stesso la tua Tripla Mappa di Famiglia e dona alle persone che ami un dono che non dimenticheranno mai.","breadcrumb":{"@id":"https:\/\/positiveprints.com\/it\/prodotto\/tripla-mappa-stellare-di-famiglia\/#breadcrumb"},"inLanguage":"it-IT","potentialAction":[{"@type":"ReadAction","target":["https:\/\/positiveprints.com\/it\/prodotto\/tripla-mappa-stellare-di-famiglia\/"]}]},{"@type":"ImageObject","inLanguage":"it-IT","@id":"https:\/\/positiveprints.com\/it\/prodotto\/tripla-mappa-stellare-di-famiglia\/#primaryimage","url":"https:\/\/positiveprints.com\/wp-content\/uploads\/2024\/11\/Packshot_IT_Family-Triple-Star-Map-product-image-.webp","contentUrl":"https:\/\/positiveprints.com\/wp-content\/uploads\/2024\/11\/Packshot_IT_Family-Triple-Star-Map-product-image-.webp","width":1450,"height":1450,"caption":"Packshot_JA_Family Triple Star Map product image"},{"@type":"BreadcrumbList","@id":"https:\/\/positiveprints.com\/it\/prodotto\/tripla-mappa-stellare-di-famiglia\/#breadcrumb","itemListElement":[{"@type":"ListItem","position":1,"name":"Home","item":"https:\/\/positiveprints.com\/it\/"},{"@type":"ListItem","position":2,"name":"Prodotti","item":"https:\/\/positiveprints.com\/it\/shop\/"},{"@type":"ListItem","position":3,"name":"Tripla Mappa Stellare di Famiglia"}]},{"@type":"WebSite","@id":"https:\/\/positiveprints.com\/it\/#website","url":"https:\/\/positiveprints.com\/it\/","name":"Positive Prints","description":"Amazing Custom Personalized Gifts","publisher":{"@id":"https:\/\/positiveprints.com\/it\/#organization"},"potentialAction":[{"@type":"SearchAction","target":{"@type":"EntryPoint","urlTemplate":"https:\/\/positiveprints.com\/it\/?s={search_term_string}"},"query-input":{"@type":"PropertyValueSpecification","valueRequired":true,"valueName":"search_term_string"}}],"inLanguage":"it-IT"},{"@type":"Organization","@id":"https:\/\/positiveprints.com\/it\/#organization","name":"Positive Prints","alternateName":"Positive Prints","url":"https:\/\/positiveprints.com\/it\/","logo":{"@type":"ImageObject","inLanguage":"it-IT","@id":"https:\/\/positiveprints.com\/it\/#\/schema\/logo\/image\/","url":"https:\/\/positiveprints.com\/wp-content\/uploads\/2026\/03\/245815646_1337939713319158_5671353136411139666_n.png","contentUrl":"https:\/\/positiveprints.com\/wp-content\/uploads\/2026\/03\/245815646_1337939713319158_5671353136411139666_n.png","width":800,"height":800,"caption":"Positive Prints"},"image":{"@id":"https:\/\/positiveprints.com\/it\/#\/schema\/logo\/image\/"},"sameAs":["https:\/\/www.facebook.com\/positiveprintscom","https:\/\/www.instagram.com\/positiveprintscom\/","https:\/\/www.tiktok.com\/@positiveprintscom","https:\/\/www.pinterest.com\/positiveprintscom\/"]}]}},"jetpack_sharing_enabled":true,"_links":{"self":[{"href":"https:\/\/positiveprints.com\/it\/wp-json\/wp\/v2\/product\/609660","targetHints":{"allow":["GET"]}}],"collection":[{"href":"https:\/\/positiveprints.com\/it\/wp-json\/wp\/v2\/product"}],"about":[{"href":"https:\/\/positiveprints.com\/it\/wp-json\/wp\/v2\/types\/product"}],"wp:featuredmedia":[{"embeddable":true,"href":"https:\/\/positiveprints.com\/it\/wp-json\/wp\/v2\/media\/1256454"}],"wp:attachment":[{"href":"https:\/\/positiveprints.com\/it\/wp-json\/wp\/v2\/media?parent=609660"}],"wp:term":[{"taxonomy":"product_brand","embeddable":true,"href":"https:\/\/positiveprints.com\/it\/wp-json\/wp\/v2\/product_brand?post=609660"},{"taxonomy":"product_cat","embeddable":true,"href":"https:\/\/positiveprints.com\/it\/wp-json\/wp\/v2\/product_cat?post=609660"},{"taxonomy":"product_tag","embeddable":true,"href":"https:\/\/positiveprints.com\/it\/wp-json\/wp\/v2\/product_tag?post=609660"}],"curies":[{"name":"wp","href":"https:\/\/api.w.org\/{rel}","templated":true}]}}