{"id":609639,"date":"2023-04-20T10:10:24","date_gmt":"2023-04-20T09:10:24","guid":{"rendered":"https:\/\/positiveprints.com\/?post_type=product&#038;p=609639"},"modified":"2026-04-12T22:25:54","modified_gmt":"2026-04-12T21:25:54","slug":"doppia-mappa-stellare-per-i-fratelli","status":"publish","type":"product","link":"https:\/\/positiveprints.com\/it\/prodotto\/doppia-mappa-stellare-per-i-fratelli\/","title":{"rendered":"Doppia Mappa Stellare per i Fratelli"},"content":{"rendered":"<p style=\"margin-top: 1rem\">Stai cercando un regalo personalizzato tanto unico quanto il legame che condividi con tuo fratello o tua sorella? Non cercare oltre: la Doppia Mappa Stellare per Fratelli \u00e8 ci\u00f2 che fa al caso tuo! Questa bellissima stampa include due mappe stellari personalizzate, una di fianco all\u2019altra, che catturano il cielo stellato in due momenti e in due luoghi diversi. Grazie alle infinite possibilit\u00e0 di personalizzazione, puoi davvero creare una mappa speciale, sia per te che per tuo fratello o sorella commemorando due momenti speciali avete vissuto insieme, come compleanni, festivit\u00e0, avventure indimenticabili o traguardi condivisi. Con il nostro editor online, creare una mappa stellare personalizzata \u00e8 pi\u00f9 veloce e semplice che mai. Perci\u00f2, perch\u00e9 aspettare? Sorprendi subito tuo fratello o tua sorella con un regalo che brilla davvero!<\/p>\r\n\r\n\r\n<p style=\"margin-top: 1rem\">Creare una Doppia Mappa Stellare per Fratelli o Sorelle \u00e8 facile. Visita il nostro editor online e scegli stile, design e colori che pi\u00f9 si adattano ai gusti di tuo fratello o di tua sorella. Inserisci le date e i luoghi che vuoi commemorare e il nostro editor ti mostrer\u00e0 esattamente come apparivano o appariranno le stelle in quei giorni. Tieni d\u2019occhio l\u2019anteprima istantanea della tua creazione per apportare tutte le modifiche che vuoi e poi scegli il formato e le dimensioni in cui vuoi riceverla: puoi scegliere tra una stampa, un poster incorniciato, una tela o un file digitale da scaricare istantaneamente.<\/p>\r\n\r\n\r\n<p style=\"margin-top: 1rem\">Che tu voglia celebrare tuo fratello o tua sorella in un occasione come il compleanno o Natale, o semplicemente stupirli in un giorno qualsiasi, la Doppia Mappa Stellare per Fratelli \u00e8 il modo pi\u00f9 dolce per dimostrare il tuo affetto per loro. Con questo regalo unico nel suo genere, puoi commemorare i momenti pi\u00f9 importanti vissuti insieme. Ordina subito la tua creazione e fai sentire i tuoi fratelli pi\u00f9 apprezzati che mai.<\/p>","protected":false},"excerpt":{"rendered":"<ul class=\"check-list\">\n<li>Crea la tua mappa stellare raffigurante il cielo da due posizioni e date diverse<\/li>\n<li>Decorala con costellazioni e la Via Lattea<\/li>\n<li>Personalizzala in 3 semplici passaggi<\/li>\n<li>Aggiungi un testo personalizzato<\/li>\n<li>Guarda subito il risultato \u2013 l&#8217;anteprima interattiva ti permette di perfezionare ogni dettaglio<\/li>\n<\/ul>\n","protected":false},"featured_media":1490306,"template":"","meta":[],"product_brand":[],"product_cat":[9100,4449,5269,11431,11419,7624,7737],"product_tag":[16083,8536,12594,13456,12595,13427,17187,12610,17277,12609],"class_list":{"0":"post-609639","1":"product","2":"type-product","3":"status-publish","4":"has-post-thumbnail","6":"product_cat-duo-stars-it","7":"product_cat-tutti-i-prodotti","8":"product_cat-regali-di-natale","9":"product_cat-regali-di-natale-per-la-sorella","10":"product_cat-regali-di-natale-per-il-fratello-regali-di-natale-idee-regalo","11":"product_cat-regali-per-un-fratello","12":"product_cat-regali-per-una-sorella","13":"product_tag-family-en-gb-it","14":"product_tag-family-it","15":"product_tag-fratello","16":"product_tag-regali-di-natale-per-il-fratello","17":"product_tag-regali-per-il-fratello","18":"product_tag-regalo-di-natale-per-la-sorella","19":"product_tag-regalo-per-fratello","20":"product_tag-regalo-per-la-sorella","21":"product_tag-regalo-per-sorella","22":"product_tag-sorella","24":"first","25":"instock","26":"sale","27":"taxable","28":"shipping-taxable","29":"purchasable","30":"product-type-variable"},"yoast_head":"<!-- This site is optimized with the Yoast SEO Premium plugin v27.2 (Yoast SEO v27.2) - https:\/\/yoast.com\/product\/yoast-seo-premium-wordpress\/ -->\n<title>Doppia Mappa Stellare per i Fratelli - Positive Prints<\/title>\n<meta name=\"description\" content=\"Stai cercando un regalo personalizzato tanto unico quanto il legame che condividi con tuo fratello o tua sorella? Non cercare oltre: la Doppia Mappa Stellare per Fratelli fa al caso tuo!\" \/>\n<meta name=\"robots\" content=\"index, follow, max-snippet:-1, max-image-preview:large, max-video-preview:-1\" \/>\n<link rel=\"canonical\" href=\"https:\/\/positiveprints.com\/it\/prodotto\/doppia-mappa-stellare-per-i-fratelli\/\" \/>\n<meta property=\"og:locale\" content=\"it_IT\" \/>\n<meta property=\"og:type\" content=\"article\" \/>\n<meta property=\"og:title\" content=\"Doppia Mappa Stellare per i Fratelli\" \/>\n<meta property=\"og:description\" content=\"Crea la tua mappa stellare raffigurante il cielo da due posizioni e date diverse Decorala con costellazioni e la Via Lattea Personalizzala in 3 semplici passaggi Aggiungi un testo personalizzato Guarda subito il risultato \u2013 l&#039;anteprima interattiva ti permette di perfezionare ogni dettaglio\" \/>\n<meta property=\"og:url\" content=\"https:\/\/positiveprints.com\/it\/prodotto\/doppia-mappa-stellare-per-i-fratelli\/\" \/>\n<meta property=\"og:site_name\" content=\"Positive Prints\" \/>\n<meta property=\"article:publisher\" content=\"https:\/\/www.facebook.com\/positiveprintscom\" \/>\n<meta property=\"article:modified_time\" content=\"2026-04-12T21:25:54+00:00\" \/>\n<meta property=\"og:image\" content=\"https:\/\/positiveprints.com\/wp-content\/uploads\/2024\/11\/Packshot_IT_Siblings-Double-Star-Map-product-image-.webp\" \/>\n\t<meta property=\"og:image:width\" content=\"1450\" \/>\n\t<meta property=\"og:image:height\" content=\"1450\" \/>\n\t<meta property=\"og:image:type\" content=\"image\/webp\" \/>\n<meta name=\"twitter:card\" content=\"summary_large_image\" \/>\n<meta name=\"twitter:label1\" content=\"Tempo di lettura stimato\" \/>\n\t<meta name=\"twitter:data1\" content=\"2 minuti\" \/>\n<!-- \/ Yoast SEO Premium plugin. -->","yoast_head_json":{"title":"Doppia Mappa Stellare per i Fratelli - Positive Prints","description":"Stai cercando un regalo personalizzato tanto unico quanto il legame che condividi con tuo fratello o tua sorella? Non cercare oltre: la Doppia Mappa Stellare per Fratelli fa al caso tuo!","robots":{"index":"index","follow":"follow","max-snippet":"max-snippet:-1","max-image-preview":"max-image-preview:large","max-video-preview":"max-video-preview:-1"},"canonical":"https:\/\/positiveprints.com\/it\/prodotto\/doppia-mappa-stellare-per-i-fratelli\/","og_locale":"it_IT","og_type":"article","og_title":"Doppia Mappa Stellare per i Fratelli","og_description":"Crea la tua mappa stellare raffigurante il cielo da due posizioni e date diverse Decorala con costellazioni e la Via Lattea Personalizzala in 3 semplici passaggi Aggiungi un testo personalizzato Guarda subito il risultato \u2013 l'anteprima interattiva ti permette di perfezionare ogni dettaglio","og_url":"https:\/\/positiveprints.com\/it\/prodotto\/doppia-mappa-stellare-per-i-fratelli\/","og_site_name":"Positive Prints","article_publisher":"https:\/\/www.facebook.com\/positiveprintscom","article_modified_time":"2026-04-12T21:25:54+00:00","og_image":[{"width":1450,"height":1450,"url":"https:\/\/positiveprints.com\/wp-content\/uploads\/2024\/11\/Packshot_IT_Siblings-Double-Star-Map-product-image-.webp","type":"image\/webp"}],"twitter_card":"summary_large_image","twitter_misc":{"Tempo di lettura stimato":"2 minuti"},"schema":{"@context":"https:\/\/schema.org","@graph":[{"@type":["WebPage","ItemPage"],"@id":"https:\/\/positiveprints.com\/it\/prodotto\/doppia-mappa-stellare-per-i-fratelli\/","url":"https:\/\/positiveprints.com\/it\/prodotto\/doppia-mappa-stellare-per-i-fratelli\/","name":"Doppia Mappa Stellare per i Fratelli - Positive Prints","isPartOf":{"@id":"https:\/\/positiveprints.com\/it\/#website"},"primaryImageOfPage":{"@id":"https:\/\/positiveprints.com\/it\/prodotto\/doppia-mappa-stellare-per-i-fratelli\/#primaryimage"},"image":{"@id":"https:\/\/positiveprints.com\/it\/prodotto\/doppia-mappa-stellare-per-i-fratelli\/#primaryimage"},"thumbnailUrl":"https:\/\/positiveprints.com\/wp-content\/uploads\/2025\/08\/Packshot_IT_Doppia-Mappa-Stellare-per-i-Fratelli.webp","datePublished":"2023-04-20T09:10:24+00:00","dateModified":"2026-04-12T21:25:54+00:00","description":"Stai cercando un regalo personalizzato tanto unico quanto il legame che condividi con tuo fratello o tua sorella? Non cercare oltre: la Doppia Mappa Stellare per Fratelli fa al caso tuo!","breadcrumb":{"@id":"https:\/\/positiveprints.com\/it\/prodotto\/doppia-mappa-stellare-per-i-fratelli\/#breadcrumb"},"inLanguage":"it-IT","potentialAction":[{"@type":"ReadAction","target":["https:\/\/positiveprints.com\/it\/prodotto\/doppia-mappa-stellare-per-i-fratelli\/"]}]},{"@type":"ImageObject","inLanguage":"it-IT","@id":"https:\/\/positiveprints.com\/it\/prodotto\/doppia-mappa-stellare-per-i-fratelli\/#primaryimage","url":"https:\/\/positiveprints.com\/wp-content\/uploads\/2025\/08\/Packshot_IT_Doppia-Mappa-Stellare-per-i-Fratelli.webp","contentUrl":"https:\/\/positiveprints.com\/wp-content\/uploads\/2025\/08\/Packshot_IT_Doppia-Mappa-Stellare-per-i-Fratelli.webp","width":1450,"height":1450,"caption":"Packshot_IT_Doppia Mappa Stellare per i Fratelli"},{"@type":"BreadcrumbList","@id":"https:\/\/positiveprints.com\/it\/prodotto\/doppia-mappa-stellare-per-i-fratelli\/#breadcrumb","itemListElement":[{"@type":"ListItem","position":1,"name":"Home","item":"https:\/\/positiveprints.com\/it\/"},{"@type":"ListItem","position":2,"name":"Prodotti","item":"https:\/\/positiveprints.com\/it\/shop\/"},{"@type":"ListItem","position":3,"name":"Doppia Mappa Stellare per i Fratelli"}]},{"@type":"WebSite","@id":"https:\/\/positiveprints.com\/it\/#website","url":"https:\/\/positiveprints.com\/it\/","name":"Positive Prints","description":"Amazing Custom Personalized Gifts","publisher":{"@id":"https:\/\/positiveprints.com\/it\/#organization"},"potentialAction":[{"@type":"SearchAction","target":{"@type":"EntryPoint","urlTemplate":"https:\/\/positiveprints.com\/it\/?s={search_term_string}"},"query-input":{"@type":"PropertyValueSpecification","valueRequired":true,"valueName":"search_term_string"}}],"inLanguage":"it-IT"},{"@type":"Organization","@id":"https:\/\/positiveprints.com\/it\/#organization","name":"Positive Prints","alternateName":"Positive Prints","url":"https:\/\/positiveprints.com\/it\/","logo":{"@type":"ImageObject","inLanguage":"it-IT","@id":"https:\/\/positiveprints.com\/it\/#\/schema\/logo\/image\/","url":"https:\/\/positiveprints.com\/wp-content\/uploads\/2026\/03\/245815646_1337939713319158_5671353136411139666_n.png","contentUrl":"https:\/\/positiveprints.com\/wp-content\/uploads\/2026\/03\/245815646_1337939713319158_5671353136411139666_n.png","width":800,"height":800,"caption":"Positive Prints"},"image":{"@id":"https:\/\/positiveprints.com\/it\/#\/schema\/logo\/image\/"},"sameAs":["https:\/\/www.facebook.com\/positiveprintscom","https:\/\/www.instagram.com\/positiveprintscom\/","https:\/\/www.tiktok.com\/@positiveprintscom","https:\/\/www.pinterest.com\/positiveprintscom\/"]}]}},"jetpack_sharing_enabled":true,"_links":{"self":[{"href":"https:\/\/positiveprints.com\/it\/wp-json\/wp\/v2\/product\/609639","targetHints":{"allow":["GET"]}}],"collection":[{"href":"https:\/\/positiveprints.com\/it\/wp-json\/wp\/v2\/product"}],"about":[{"href":"https:\/\/positiveprints.com\/it\/wp-json\/wp\/v2\/types\/product"}],"wp:featuredmedia":[{"embeddable":true,"href":"https:\/\/positiveprints.com\/it\/wp-json\/wp\/v2\/media\/1490306"}],"wp:attachment":[{"href":"https:\/\/positiveprints.com\/it\/wp-json\/wp\/v2\/media?parent=609639"}],"wp:term":[{"taxonomy":"product_brand","embeddable":true,"href":"https:\/\/positiveprints.com\/it\/wp-json\/wp\/v2\/product_brand?post=609639"},{"taxonomy":"product_cat","embeddable":true,"href":"https:\/\/positiveprints.com\/it\/wp-json\/wp\/v2\/product_cat?post=609639"},{"taxonomy":"product_tag","embeddable":true,"href":"https:\/\/positiveprints.com\/it\/wp-json\/wp\/v2\/product_tag?post=609639"}],"curies":[{"name":"wp","href":"https:\/\/api.w.org\/{rel}","templated":true}]}}