{"id":609622,"date":"2023-04-20T08:08:49","date_gmt":"2023-04-20T07:08:49","guid":{"rendered":"https:\/\/positiveprints.com\/?post_type=product&#038;p=609622"},"modified":"2026-04-12T22:27:11","modified_gmt":"2026-04-12T21:27:11","slug":"doppia-mappa-stellare-per-i-nonni","status":"publish","type":"product","link":"https:\/\/positiveprints.com\/it\/prodotto\/doppia-mappa-stellare-per-i-nonni\/","title":{"rendered":"Doppia Mappa Stellare per i Nonni"},"content":{"rendered":"<p style=\"margin-top: 1rem\">La Doppia Mappa Stellare per i Nonni \u00e8 un bellissimo regalo personalizzato che scioglier\u00e0 i cuori dei tuoi nonni. Questa dolcissima stampa include due mappe stellari, una di fianco all\u2019altra, che rappresentano due momenti speciali della loro vita: il giorno in cui sono diventati nonni, ovvero quegli attimi in cui sono nati i loro nipotini. Non trovi che questa stampa personalizzata sia un modo perfetto per celebrare un momento cos\u00ec speciale?<\/p>\r\n\r\n\r\n<p style=\"margin-top: 1rem\">Grazie al nostro editor online, creare la tua Doppia Mappa Stellare per i Nonni \u00e8 facilissimo. Inizia selezionando lo stile, il design e i colori che meglio riflettono i gusti e la personalit\u00e0 dei tuoi nonni. I colori sono personalizzabili sin nei minimi dettagli perci\u00f2, puoi scegliere davvero i loro colori preferiti. Una volta inserite le date e i luoghi relativi alla vita dei tuoi nonni o alla nascita dei nipotini, non ti resta che scoprire come appariva il cielo nelle notti dei vostri momenti speciali. Tieni d\u2019occhio l\u2019anteprima perch\u00e9 a ogni modifica si aggiorna in tempo reale cos\u00ec da poterti assicurare di ottenere un capolavoro proprio come lo desideri. Per finire, seleziona il formato e la dimensione che pi\u00f9 si adattano allo stile dei tuoi nonni: puoi scegliere tra una stampa, un poster incorniciato, una tela o un file digitale da scaricare istantaneamente.<\/p>\r\n\r\n\r\n<p style=\"margin-top: 1rem\">Che tu voglia celebrare il compleanno dei tuoi nonnini, il Natale o la Festa dei Nonni, la Doppia Mappa Stellare per i Nonni \u00e8 un regalo perfetto per qualsiasi occasione, ma anche per stupirli con un regalo speciale in un giorno qualsiasi. Siamo convinti che sia un modo unico e personale per celebrare un legame importante come il vostro, pieno di carezze e gesti d\u2019amore. La bellezza della doppia mappa stellare non risiede solo nella rappresentazione visiva, ma anche nelle emozioni e nei ricordi che suscita. Perci\u00f2, comincia subito a creare la tua Doppia Mappa Stellare e regala ai tuoi nonni un dono pieno di gioia e amore che durer\u00e0 per anni.<\/p>","protected":false},"excerpt":{"rendered":"<ul class=\"check-list\">\n<li>Crea la tua mappa stellare raffigurante il cielo da due posizioni e date diverse<\/li>\n<li>Decorala con costellazioni e la Via Lattea<\/li>\n<li>Personalizzala in 3 semplici passaggi<\/li>\n<li>Aggiungi un testo personalizzato<\/li>\n<li>Guarda subito il risultato \u2013 l&#8217;anteprima interattiva ti permette di perfezionare ogni dettaglio<\/li>\n<\/ul>\n","protected":false},"featured_media":1328121,"template":"","meta":[],"product_brand":[],"product_cat":[9100,9763,4449,8999,5269,11423,11422,7608,7721],"product_tag":[8662,8677,15475,8584,13342,13341],"class_list":{"0":"post-609622","1":"product","2":"type-product","3":"status-publish","4":"has-post-thumbnail","6":"product_cat-duo-stars-it","7":"product_cat-trending-label-it","8":"product_cat-tutti-i-prodotti","9":"product_cat-festa-dei-nonni","10":"product_cat-regali-di-natale","11":"product_cat-regali-di-natale-per-nonna","12":"product_cat-regali-di-natale-per-nonno","13":"product_cat-regali-per-il-nonno","14":"product_cat-regali-per-la-nonna","15":"product_tag-grandpa-it","16":"product_tag-grandparents-it","17":"product_tag-nipoti","18":"product_tag-nonnina","19":"product_tag-regalo-di-natale-per-un-nonno","20":"product_tag-regalo-di-natale-per-una-nonna","22":"first","23":"instock","24":"sale","25":"taxable","26":"shipping-taxable","27":"purchasable","28":"product-type-variable"},"yoast_head":"<!-- This site is optimized with the Yoast SEO Premium plugin v27.2 (Yoast SEO v27.2) - https:\/\/yoast.com\/product\/yoast-seo-premium-wordpress\/ -->\n<title>Doppia Mappa Stellare per i Nonni - Positive Prints<\/title>\n<meta name=\"description\" content=\"La Doppia Mappa Stellare per i Nonni \u00e8 bellissimo regalo personalizzato che scioglier\u00e0 i cuori dei tuoi nonni.\" \/>\n<meta name=\"robots\" content=\"index, follow, max-snippet:-1, max-image-preview:large, max-video-preview:-1\" \/>\n<link rel=\"canonical\" href=\"https:\/\/positiveprints.com\/it\/prodotto\/doppia-mappa-stellare-per-i-nonni\/\" \/>\n<meta property=\"og:locale\" content=\"it_IT\" \/>\n<meta property=\"og:type\" content=\"article\" \/>\n<meta property=\"og:title\" content=\"Doppia Mappa Stellare per i Nonni\" \/>\n<meta property=\"og:description\" content=\"Crea la tua mappa stellare raffigurante il cielo da due posizioni e date diverse Decorala con costellazioni e la Via Lattea Personalizzala in 3 semplici passaggi Aggiungi un testo personalizzato Guarda subito il risultato \u2013 l&#039;anteprima interattiva ti permette di perfezionare ogni dettaglio\" \/>\n<meta property=\"og:url\" content=\"https:\/\/positiveprints.com\/it\/prodotto\/doppia-mappa-stellare-per-i-nonni\/\" \/>\n<meta property=\"og:site_name\" content=\"Positive Prints\" \/>\n<meta property=\"article:publisher\" content=\"https:\/\/www.facebook.com\/positiveprintscom\" \/>\n<meta property=\"article:modified_time\" content=\"2026-04-12T21:27:11+00:00\" \/>\n<meta property=\"og:image\" content=\"https:\/\/positiveprints.com\/wp-content\/uploads\/2025\/01\/Doppia-Mappa-Stellare-per-i-Nonni-1.webp\" \/>\n\t<meta property=\"og:image:width\" content=\"1450\" \/>\n\t<meta property=\"og:image:height\" content=\"1450\" \/>\n\t<meta property=\"og:image:type\" content=\"image\/webp\" \/>\n<meta name=\"twitter:card\" content=\"summary_large_image\" \/>\n<!-- \/ Yoast SEO Premium plugin. -->","yoast_head_json":{"title":"Doppia Mappa Stellare per i Nonni - Positive Prints","description":"La Doppia Mappa Stellare per i Nonni \u00e8 bellissimo regalo personalizzato che scioglier\u00e0 i cuori dei tuoi nonni.","robots":{"index":"index","follow":"follow","max-snippet":"max-snippet:-1","max-image-preview":"max-image-preview:large","max-video-preview":"max-video-preview:-1"},"canonical":"https:\/\/positiveprints.com\/it\/prodotto\/doppia-mappa-stellare-per-i-nonni\/","og_locale":"it_IT","og_type":"article","og_title":"Doppia Mappa Stellare per i Nonni","og_description":"Crea la tua mappa stellare raffigurante il cielo da due posizioni e date diverse Decorala con costellazioni e la Via Lattea Personalizzala in 3 semplici passaggi Aggiungi un testo personalizzato Guarda subito il risultato \u2013 l'anteprima interattiva ti permette di perfezionare ogni dettaglio","og_url":"https:\/\/positiveprints.com\/it\/prodotto\/doppia-mappa-stellare-per-i-nonni\/","og_site_name":"Positive Prints","article_publisher":"https:\/\/www.facebook.com\/positiveprintscom","article_modified_time":"2026-04-12T21:27:11+00:00","og_image":[{"width":1450,"height":1450,"url":"https:\/\/positiveprints.com\/wp-content\/uploads\/2025\/01\/Doppia-Mappa-Stellare-per-i-Nonni-1.webp","type":"image\/webp"}],"twitter_card":"summary_large_image","schema":{"@context":"https:\/\/schema.org","@graph":[{"@type":["WebPage","ItemPage"],"@id":"https:\/\/positiveprints.com\/it\/prodotto\/doppia-mappa-stellare-per-i-nonni\/","url":"https:\/\/positiveprints.com\/it\/prodotto\/doppia-mappa-stellare-per-i-nonni\/","name":"Doppia Mappa Stellare per i Nonni - Positive Prints","isPartOf":{"@id":"https:\/\/positiveprints.com\/it\/#website"},"primaryImageOfPage":{"@id":"https:\/\/positiveprints.com\/it\/prodotto\/doppia-mappa-stellare-per-i-nonni\/#primaryimage"},"image":{"@id":"https:\/\/positiveprints.com\/it\/prodotto\/doppia-mappa-stellare-per-i-nonni\/#primaryimage"},"thumbnailUrl":"https:\/\/positiveprints.com\/wp-content\/uploads\/2025\/01\/Doppia-Mappa-Stellare-per-i-Nonni-1.webp","datePublished":"2023-04-20T07:08:49+00:00","dateModified":"2026-04-12T21:27:11+00:00","description":"La Doppia Mappa Stellare per i Nonni \u00e8 bellissimo regalo personalizzato che scioglier\u00e0 i cuori dei tuoi nonni.","breadcrumb":{"@id":"https:\/\/positiveprints.com\/it\/prodotto\/doppia-mappa-stellare-per-i-nonni\/#breadcrumb"},"inLanguage":"it-IT","potentialAction":[{"@type":"ReadAction","target":["https:\/\/positiveprints.com\/it\/prodotto\/doppia-mappa-stellare-per-i-nonni\/"]}]},{"@type":"ImageObject","inLanguage":"it-IT","@id":"https:\/\/positiveprints.com\/it\/prodotto\/doppia-mappa-stellare-per-i-nonni\/#primaryimage","url":"https:\/\/positiveprints.com\/wp-content\/uploads\/2025\/01\/Doppia-Mappa-Stellare-per-i-Nonni-1.webp","contentUrl":"https:\/\/positiveprints.com\/wp-content\/uploads\/2025\/01\/Doppia-Mappa-Stellare-per-i-Nonni-1.webp","width":1450,"height":1450},{"@type":"BreadcrumbList","@id":"https:\/\/positiveprints.com\/it\/prodotto\/doppia-mappa-stellare-per-i-nonni\/#breadcrumb","itemListElement":[{"@type":"ListItem","position":1,"name":"Home","item":"https:\/\/positiveprints.com\/it\/"},{"@type":"ListItem","position":2,"name":"Prodotti","item":"https:\/\/positiveprints.com\/it\/shop\/"},{"@type":"ListItem","position":3,"name":"Doppia Mappa Stellare per i Nonni"}]},{"@type":"WebSite","@id":"https:\/\/positiveprints.com\/it\/#website","url":"https:\/\/positiveprints.com\/it\/","name":"Positive Prints","description":"Amazing Custom Personalized Gifts","publisher":{"@id":"https:\/\/positiveprints.com\/it\/#organization"},"potentialAction":[{"@type":"SearchAction","target":{"@type":"EntryPoint","urlTemplate":"https:\/\/positiveprints.com\/it\/?s={search_term_string}"},"query-input":{"@type":"PropertyValueSpecification","valueRequired":true,"valueName":"search_term_string"}}],"inLanguage":"it-IT"},{"@type":"Organization","@id":"https:\/\/positiveprints.com\/it\/#organization","name":"Positive Prints","alternateName":"Positive Prints","url":"https:\/\/positiveprints.com\/it\/","logo":{"@type":"ImageObject","inLanguage":"it-IT","@id":"https:\/\/positiveprints.com\/it\/#\/schema\/logo\/image\/","url":"https:\/\/positiveprints.com\/wp-content\/uploads\/2026\/03\/245815646_1337939713319158_5671353136411139666_n.png","contentUrl":"https:\/\/positiveprints.com\/wp-content\/uploads\/2026\/03\/245815646_1337939713319158_5671353136411139666_n.png","width":800,"height":800,"caption":"Positive Prints"},"image":{"@id":"https:\/\/positiveprints.com\/it\/#\/schema\/logo\/image\/"},"sameAs":["https:\/\/www.facebook.com\/positiveprintscom","https:\/\/www.instagram.com\/positiveprintscom\/","https:\/\/www.tiktok.com\/@positiveprintscom","https:\/\/www.pinterest.com\/positiveprintscom\/"]}]}},"jetpack_sharing_enabled":true,"_links":{"self":[{"href":"https:\/\/positiveprints.com\/it\/wp-json\/wp\/v2\/product\/609622","targetHints":{"allow":["GET"]}}],"collection":[{"href":"https:\/\/positiveprints.com\/it\/wp-json\/wp\/v2\/product"}],"about":[{"href":"https:\/\/positiveprints.com\/it\/wp-json\/wp\/v2\/types\/product"}],"wp:featuredmedia":[{"embeddable":true,"href":"https:\/\/positiveprints.com\/it\/wp-json\/wp\/v2\/media\/1328121"}],"wp:attachment":[{"href":"https:\/\/positiveprints.com\/it\/wp-json\/wp\/v2\/media?parent=609622"}],"wp:term":[{"taxonomy":"product_brand","embeddable":true,"href":"https:\/\/positiveprints.com\/it\/wp-json\/wp\/v2\/product_brand?post=609622"},{"taxonomy":"product_cat","embeddable":true,"href":"https:\/\/positiveprints.com\/it\/wp-json\/wp\/v2\/product_cat?post=609622"},{"taxonomy":"product_tag","embeddable":true,"href":"https:\/\/positiveprints.com\/it\/wp-json\/wp\/v2\/product_tag?post=609622"}],"curies":[{"name":"wp","href":"https:\/\/api.w.org\/{rel}","templated":true}]}}