{"id":609281,"date":"2023-04-20T08:16:14","date_gmt":"2023-04-20T07:16:14","guid":{"rendered":"https:\/\/positiveprints.com\/?post_type=product&#038;p=609281"},"modified":"2026-04-18T05:54:50","modified_gmt":"2026-04-18T04:54:50","slug":"doppia-mappa-stellare-dellamicizia","status":"publish","type":"product","link":"https:\/\/positiveprints.com\/it\/prodotto\/doppia-mappa-stellare-dellamicizia\/","title":{"rendered":"Doppia Mappa Stellare dell&#8217;Amicizia"},"content":{"rendered":"<p style=\"margin-top: 1rem\">La Doppia Mappa Stellare dell\u2019Amicizia \u00e8 il regalo personalizzato perfetto per il tuo migliore amico o amica. Questa stampa bellissima e significativa include due mappe stellari una di fianco all\u2019altra: ognuna rappresenta un cielo stellato di un momento speciale della vostra amicizia. Potresti usare le due mappe per rappresentare i cieli stellati nei giorni devi vostri rispettivi compleanni. Oppure, un\u2019altra bella idea \u00e8 quella di dedicare una mappa al giorno in cui vi siete conosciuti, e l\u2019altra al giorno in cui siete diventati migliori amici. Le possibilit\u00e0 sono infinite, ma il risultato \u00e8 sempre lo stesso: un regalo unico per simboleggiare il vostro legame speciale.<\/p>\r\n\r\n\r\n<p style=\"margin-top: 1rem\">Grazie al nostro editor online, creare la tua Doppia Mappa Stellare dell\u2019Amicizia \u00e8 facile. Puoi scegliere lo stile, il design e i colori che riflettono al meglio i gusti e la personalit\u00e0 del tuo amico o amica. I colori sono personalizzabili sin nei minimi dettagli perci\u00f2, puoi scegliere davvero i colori preferiti dei tuoi amici. Una volta inserite le date e i luoghi che hanno un grande significato per la vostra amicizia, non ti resta che scoprire come appariva il cielo nelle notti dei vostri momenti speciali. Tieni d\u2019occhio l\u2019anteprima perch\u00e9 a ogni modifica si aggiorna in tempo reale cos\u00ec da poterti assicurare di ottenere un capolavoro proprio come lo desideri.  Per finire, seleziona il formato e la dimensione che pi\u00f9 si adattano allo stile del tuo amico o della tua amica: puoi scegliere tra una stampa, un poster incorniciato, una tela o un file digitale da scaricare istantaneamente.<\/p>\r\n\r\n\r\n<p style=\"margin-top: 1rem\">Che tu voglia celebrare il compleanno dei tuoi migliori amici, il Natale o la Giornata Internazionale dell\u2019Amicizia, la Doppia Mappa Stellare dell\u2019Amicizia \u00e8 un regalo perfetto per qualsiasi occasione, ma anche per stupire le persone a cui vuoi bene in un giorno qualsiasi. Siamo convinti che sia un modo sincero e significativo per celebrare la vostra amicizia e mostrare al tuo migliore amico o amica quanto significhi per te. Comincia subito a creare la tua Doppia Mappa Stellare dell\u2019Amicizia e regala ai tuoi amici un dono capace di sorprenderli.<\/p>","protected":false},"excerpt":{"rendered":"<ul class=\"check-list\">\n<li>Crea la tua mappa stellare raffigurante il cielo da due posizioni e date diverse<\/li>\n<li>Decorala con costellazioni e la Via Lattea<\/li>\n<li>Personalizzala in 3 semplici passaggi<\/li>\n<li>Aggiungi un testo personalizzato<\/li>\n<li>Guarda subito il risultato \u2013 l&#8217;anteprima interattiva ti permette di perfezionare ogni dettaglio<\/li>\n<\/ul>\n","protected":false},"featured_media":1251291,"template":"","meta":[],"product_brand":[],"product_cat":[9277,9100,4449,5269,15043,7832],"product_tag":[8629,11868,15184,15232,15185,9386,15227,15186,15233,15187,15225,15226,15228,13490,9374,13476],"class_list":{"0":"post-609281","1":"product","2":"type-product","3":"status-publish","4":"has-post-thumbnail","6":"product_cat-bestsellers-label-it","7":"product_cat-duo-stars-it","8":"product_cat-tutti-i-prodotti","9":"product_cat-regali-di-natale","10":"product_cat-regali-di-natale-per-gli-amici","11":"product_cat-regali-per-gli-amici","12":"product_tag-amiche","13":"product_tag-amicizia","14":"product_tag-best-friend-it","15":"product_tag-best-friends-it","16":"product_tag-best-friends-forever-it","17":"product_tag-bestie","18":"product_tag-besties-it","19":"product_tag-bff-it","20":"product_tag-christmas-gifts-for-friends-it","21":"product_tag-friend-it","22":"product_tag-friends-it","23":"product_tag-friendship-it","24":"product_tag-galentines-day-it-2","25":"product_tag-galentines-day-it","26":"product_tag-migliori-amici","27":"product_tag-regali-di-natale-per-gli-amici","29":"first","30":"instock","31":"sale","32":"taxable","33":"shipping-taxable","34":"purchasable","35":"product-type-variable"},"yoast_head":"<!-- This site is optimized with the Yoast SEO Premium plugin v27.2 (Yoast SEO v27.2) - https:\/\/yoast.com\/product\/yoast-seo-premium-wordpress\/ -->\n<title>Doppia Mappa Stellare dell\u2019Amicizia - Positive Prints<\/title>\n<meta name=\"description\" content=\"Compleanni, Natali o Giornate Internazionali dell\u2019Amicizia, la Doppia Mappa Stellare dell\u2019Amicizia \u00e8 un regalo perfetto sia per occasioni speciali che non.\" \/>\n<meta name=\"robots\" content=\"index, follow, max-snippet:-1, max-image-preview:large, max-video-preview:-1\" \/>\n<link rel=\"canonical\" href=\"https:\/\/positiveprints.com\/it\/prodotto\/doppia-mappa-stellare-dellamicizia\/\" \/>\n<meta property=\"og:locale\" content=\"it_IT\" \/>\n<meta property=\"og:type\" content=\"article\" \/>\n<meta property=\"og:title\" content=\"Doppia Mappa Stellare dell&#039;Amicizia\" \/>\n<meta property=\"og:description\" content=\"Crea la tua mappa stellare raffigurante il cielo da due posizioni e date diverse Decorala con costellazioni e la Via Lattea Personalizzala in 3 semplici passaggi Aggiungi un testo personalizzato Guarda subito il risultato \u2013 l&#039;anteprima interattiva ti permette di perfezionare ogni dettaglio\" \/>\n<meta property=\"og:url\" content=\"https:\/\/positiveprints.com\/it\/prodotto\/doppia-mappa-stellare-dellamicizia\/\" \/>\n<meta property=\"og:site_name\" content=\"Positive Prints\" \/>\n<meta property=\"article:publisher\" content=\"https:\/\/www.facebook.com\/positiveprintscom\" \/>\n<meta property=\"article:modified_time\" content=\"2026-04-18T04:54:50+00:00\" \/>\n<meta property=\"og:image\" content=\"https:\/\/positiveprints.com\/wp-content\/uploads\/2024\/11\/PACKSHOT_IT_Best-Friend-Double-Star-Map-product-image-.webp\" \/>\n\t<meta property=\"og:image:width\" content=\"1450\" \/>\n\t<meta property=\"og:image:height\" content=\"1450\" \/>\n\t<meta property=\"og:image:type\" content=\"image\/webp\" \/>\n<meta name=\"twitter:card\" content=\"summary_large_image\" \/>\n<!-- \/ Yoast SEO Premium plugin. -->","yoast_head_json":{"title":"Doppia Mappa Stellare dell\u2019Amicizia - Positive Prints","description":"Compleanni, Natali o Giornate Internazionali dell\u2019Amicizia, la Doppia Mappa Stellare dell\u2019Amicizia \u00e8 un regalo perfetto sia per occasioni speciali che non.","robots":{"index":"index","follow":"follow","max-snippet":"max-snippet:-1","max-image-preview":"max-image-preview:large","max-video-preview":"max-video-preview:-1"},"canonical":"https:\/\/positiveprints.com\/it\/prodotto\/doppia-mappa-stellare-dellamicizia\/","og_locale":"it_IT","og_type":"article","og_title":"Doppia Mappa Stellare dell'Amicizia","og_description":"Crea la tua mappa stellare raffigurante il cielo da due posizioni e date diverse Decorala con costellazioni e la Via Lattea Personalizzala in 3 semplici passaggi Aggiungi un testo personalizzato Guarda subito il risultato \u2013 l'anteprima interattiva ti permette di perfezionare ogni dettaglio","og_url":"https:\/\/positiveprints.com\/it\/prodotto\/doppia-mappa-stellare-dellamicizia\/","og_site_name":"Positive Prints","article_publisher":"https:\/\/www.facebook.com\/positiveprintscom","article_modified_time":"2026-04-18T04:54:50+00:00","og_image":[{"width":1450,"height":1450,"url":"https:\/\/positiveprints.com\/wp-content\/uploads\/2024\/11\/PACKSHOT_IT_Best-Friend-Double-Star-Map-product-image-.webp","type":"image\/webp"}],"twitter_card":"summary_large_image","schema":{"@context":"https:\/\/schema.org","@graph":[{"@type":["WebPage","ItemPage"],"@id":"https:\/\/positiveprints.com\/it\/prodotto\/doppia-mappa-stellare-dellamicizia\/","url":"https:\/\/positiveprints.com\/it\/prodotto\/doppia-mappa-stellare-dellamicizia\/","name":"Doppia Mappa Stellare dell\u2019Amicizia - Positive Prints","isPartOf":{"@id":"https:\/\/positiveprints.com\/it\/#website"},"primaryImageOfPage":{"@id":"https:\/\/positiveprints.com\/it\/prodotto\/doppia-mappa-stellare-dellamicizia\/#primaryimage"},"image":{"@id":"https:\/\/positiveprints.com\/it\/prodotto\/doppia-mappa-stellare-dellamicizia\/#primaryimage"},"thumbnailUrl":"https:\/\/positiveprints.com\/wp-content\/uploads\/2024\/11\/PACKSHOT_IT_Best-Friend-Double-Star-Map-product-image-.webp","datePublished":"2023-04-20T07:16:14+00:00","dateModified":"2026-04-18T04:54:50+00:00","description":"Compleanni, Natali o Giornate Internazionali dell\u2019Amicizia, la Doppia Mappa Stellare dell\u2019Amicizia \u00e8 un regalo perfetto sia per occasioni speciali che non.","breadcrumb":{"@id":"https:\/\/positiveprints.com\/it\/prodotto\/doppia-mappa-stellare-dellamicizia\/#breadcrumb"},"inLanguage":"it-IT","potentialAction":[{"@type":"ReadAction","target":["https:\/\/positiveprints.com\/it\/prodotto\/doppia-mappa-stellare-dellamicizia\/"]}]},{"@type":"ImageObject","inLanguage":"it-IT","@id":"https:\/\/positiveprints.com\/it\/prodotto\/doppia-mappa-stellare-dellamicizia\/#primaryimage","url":"https:\/\/positiveprints.com\/wp-content\/uploads\/2024\/11\/PACKSHOT_IT_Best-Friend-Double-Star-Map-product-image-.webp","contentUrl":"https:\/\/positiveprints.com\/wp-content\/uploads\/2024\/11\/PACKSHOT_IT_Best-Friend-Double-Star-Map-product-image-.webp","width":1450,"height":1450},{"@type":"BreadcrumbList","@id":"https:\/\/positiveprints.com\/it\/prodotto\/doppia-mappa-stellare-dellamicizia\/#breadcrumb","itemListElement":[{"@type":"ListItem","position":1,"name":"Home","item":"https:\/\/positiveprints.com\/it\/"},{"@type":"ListItem","position":2,"name":"Prodotti","item":"https:\/\/positiveprints.com\/it\/shop\/"},{"@type":"ListItem","position":3,"name":"Doppia Mappa Stellare dell\u2019Amicizia"}]},{"@type":"WebSite","@id":"https:\/\/positiveprints.com\/it\/#website","url":"https:\/\/positiveprints.com\/it\/","name":"Positive Prints","description":"Amazing Custom Personalized Gifts","publisher":{"@id":"https:\/\/positiveprints.com\/it\/#organization"},"potentialAction":[{"@type":"SearchAction","target":{"@type":"EntryPoint","urlTemplate":"https:\/\/positiveprints.com\/it\/?s={search_term_string}"},"query-input":{"@type":"PropertyValueSpecification","valueRequired":true,"valueName":"search_term_string"}}],"inLanguage":"it-IT"},{"@type":"Organization","@id":"https:\/\/positiveprints.com\/it\/#organization","name":"Positive Prints","alternateName":"Positive Prints","url":"https:\/\/positiveprints.com\/it\/","logo":{"@type":"ImageObject","inLanguage":"it-IT","@id":"https:\/\/positiveprints.com\/it\/#\/schema\/logo\/image\/","url":"https:\/\/positiveprints.com\/wp-content\/uploads\/2026\/03\/245815646_1337939713319158_5671353136411139666_n.png","contentUrl":"https:\/\/positiveprints.com\/wp-content\/uploads\/2026\/03\/245815646_1337939713319158_5671353136411139666_n.png","width":800,"height":800,"caption":"Positive Prints"},"image":{"@id":"https:\/\/positiveprints.com\/it\/#\/schema\/logo\/image\/"},"sameAs":["https:\/\/www.facebook.com\/positiveprintscom","https:\/\/www.instagram.com\/positiveprintscom\/","https:\/\/www.tiktok.com\/@positiveprintscom","https:\/\/www.pinterest.com\/positiveprintscom\/"]}]}},"jetpack_sharing_enabled":true,"_links":{"self":[{"href":"https:\/\/positiveprints.com\/it\/wp-json\/wp\/v2\/product\/609281","targetHints":{"allow":["GET"]}}],"collection":[{"href":"https:\/\/positiveprints.com\/it\/wp-json\/wp\/v2\/product"}],"about":[{"href":"https:\/\/positiveprints.com\/it\/wp-json\/wp\/v2\/types\/product"}],"wp:featuredmedia":[{"embeddable":true,"href":"https:\/\/positiveprints.com\/it\/wp-json\/wp\/v2\/media\/1251291"}],"wp:attachment":[{"href":"https:\/\/positiveprints.com\/it\/wp-json\/wp\/v2\/media?parent=609281"}],"wp:term":[{"taxonomy":"product_brand","embeddable":true,"href":"https:\/\/positiveprints.com\/it\/wp-json\/wp\/v2\/product_brand?post=609281"},{"taxonomy":"product_cat","embeddable":true,"href":"https:\/\/positiveprints.com\/it\/wp-json\/wp\/v2\/product_cat?post=609281"},{"taxonomy":"product_tag","embeddable":true,"href":"https:\/\/positiveprints.com\/it\/wp-json\/wp\/v2\/product_tag?post=609281"}],"curies":[{"name":"wp","href":"https:\/\/api.w.org\/{rel}","templated":true}]}}