{"id":609262,"date":"2023-05-24T14:14:18","date_gmt":"2023-05-24T13:14:18","guid":{"rendered":"https:\/\/positiveprints.com\/?post_type=product&#038;p=609262"},"modified":"2026-04-18T05:46:24","modified_gmt":"2026-04-18T04:46:24","slug":"doppia-mappa-stellare-di-quano-siamo-diventati-una-cosa-sola","status":"publish","type":"product","link":"https:\/\/positiveprints.com\/it\/prodotto\/doppia-mappa-stellare-di-quano-siamo-diventati-una-cosa-sola\/","title":{"rendered":"Doppia Mappa Stellare di Quano Siamo Diventati Una Cosa Sola"},"content":{"rendered":"<p style=\"margin-top: 1rem\">La Doppia Mappa Stellare di Quando Siamo Diventati Una Cosa Sola \u00e8 una bellissima stampa personalizzata perfetta per anniversari, matrimoni, San Valentino e Natale. Questa dolcissima stampa contiene due mappe stellari, una accanto all\u2019altra, che rappresentano due cieli stellati di due giorni diversi. Che si tratti del giorno in cui vi siete fidanzati, del giorno del vostro matrimonio o di un&#8217;altra occasione speciale, questo regalo unico evocher\u00e0 per sempre ricordi preziosi e tenere emozioni.<\/p>\r\n\r\n\r\n<p style=\"margin-top: 1rem\">Grazie al nostro editor online, creare la tua Mappa Stellare Doppia di Quando Siamo Diventati Una Cosa Sola \u00e8 facilissimo. Scegli il design, lo stile e i colori che riflettono al meglio i tuoi gusti personali. Seleziona due date e due localit\u00e0 che hanno un significato profondo, sia per te che per la tua anima gemella. Sbircia nell\u2019anteprima istantanea e scopri come appariva il cielo in quei giorni speciali. Per renderla ancora pi\u00f9 unica, puoi aggiungere un messaggio personalizzato alla stampa. Infine, scegli se ricevere una stampa, un poster con cornice, una tela o, semplicemente, un formato digitale da stampare quando vuoi.<\/p>\r\n\r\n\r\n<p style=\"margin-top: 1rem\">La Mappa Stellare Doppia di Quando Siamo Diventati Una Cosa Sola \u00e8 un regalo veramente speciale che richiede impegno e dedizione per essere creato, e la persona che ami sicuramente sentir\u00e0 l&#8217;amore e l&#8217;attenzione che hai messo nel realizzarlo. \u00c8 un regalo speciale, uno di quelli che non troverai sugli scaffali di un negozio, in quanto \u00e8 veramente creato per una persona unica e importante nella tua vita. \u00c8 un regalo che verr\u00e0 custodito e tramandato di generazione in generazione. Quindi, crea subito la tua Mappa Stellare Doppia di Quando Siamo Diventati Una Cosa Sola e regala alla tua dolce met\u00e0 un dono che non dimenticher\u00e0 mai!<\/p>","protected":false},"excerpt":{"rendered":"<ul class=\"check-list\">\n<li>Crea la tua mappa stellare raffigurante il cielo da due posizioni e date diverse<\/li>\n<li>Decorala con costellazioni e la Via Lattea<\/li>\n<li>Personalizzala in 3 semplici passaggi<\/li>\n<li>Aggiungi un testo personalizzato<\/li>\n<li>Guarda subito il risultato \u2013 l&#8217;anteprima interattiva ti permette di perfezionare ogni dettaglio<\/li>\n<\/ul>\n","protected":false},"featured_media":1252699,"template":"","meta":[],"product_brand":[],"product_cat":[7928,5331,7688,8008,9100,11182,11181,11183,4449],"product_tag":[15076,8480],"class_list":{"0":"post-609262","1":"product","2":"type-product","3":"status-publish","4":"has-post-thumbnail","6":"product_cat-regali-per-laddio-al-nubilato","7":"product_cat-regali-di-anniversario","8":"product_cat-regali-da-donna","9":"product_cat-regali-da-uomo","10":"product_cat-duo-stars-it","11":"product_cat-regali-di-anniversario-per-coppie","12":"product_cat-regali-di-anniversario-per-lei","13":"product_cat-regali-di-anniversario-per-lui","14":"product_cat-tutti-i-prodotti","15":"product_tag-wedding-it-2","16":"product_tag-wedding-it","18":"first","19":"instock","20":"sale","21":"taxable","22":"shipping-taxable","23":"purchasable","24":"product-type-variable"},"yoast_head":"<!-- This site is optimized with the Yoast SEO Premium plugin v27.2 (Yoast SEO v27.2) - https:\/\/yoast.com\/product\/yoast-seo-premium-wordpress\/ -->\n<title>Quano Siamo Diventati Una Cosa Sola - Positive Prints<\/title>\n<meta name=\"description\" content=\"Crea subito la tua Mappa Stellare Doppia di Quando Siamo Diventati Una Cosa Sola e regala alla tua dolce met\u00e0 un regalo che non dimenticher\u00e0 mai!\" \/>\n<meta name=\"robots\" content=\"index, follow, max-snippet:-1, max-image-preview:large, max-video-preview:-1\" \/>\n<link rel=\"canonical\" href=\"https:\/\/positiveprints.com\/it\/prodotto\/doppia-mappa-stellare-di-quano-siamo-diventati-una-cosa-sola\/\" \/>\n<meta property=\"og:locale\" content=\"it_IT\" \/>\n<meta property=\"og:type\" content=\"article\" \/>\n<meta property=\"og:title\" content=\"Doppia Mappa Stellare di Quano Siamo Diventati Una Cosa Sola\" \/>\n<meta property=\"og:description\" content=\"Crea la tua mappa stellare raffigurante il cielo da due posizioni e date diverse Decorala con costellazioni e la Via Lattea Personalizzala in 3 semplici passaggi Aggiungi un testo personalizzato Guarda subito il risultato \u2013 l&#039;anteprima interattiva ti permette di perfezionare ogni dettaglio\" \/>\n<meta property=\"og:url\" content=\"https:\/\/positiveprints.com\/it\/prodotto\/doppia-mappa-stellare-di-quano-siamo-diventati-una-cosa-sola\/\" \/>\n<meta property=\"og:site_name\" content=\"Positive Prints\" \/>\n<meta property=\"article:publisher\" content=\"https:\/\/www.facebook.com\/positiveprintscom\" \/>\n<meta property=\"article:modified_time\" content=\"2026-04-18T04:46:24+00:00\" \/>\n<meta property=\"og:image\" content=\"https:\/\/positiveprints.com\/wp-content\/uploads\/2024\/11\/PACKSHOT_IT_When-Two-Became-One-Double-Star-Map-product-image-.webp\" \/>\n\t<meta property=\"og:image:width\" content=\"1450\" \/>\n\t<meta property=\"og:image:height\" content=\"1450\" \/>\n\t<meta property=\"og:image:type\" content=\"image\/webp\" \/>\n<meta name=\"twitter:card\" content=\"summary_large_image\" \/>\n<meta name=\"twitter:label1\" content=\"Tempo di lettura stimato\" \/>\n\t<meta name=\"twitter:data1\" content=\"2 minuti\" \/>\n<!-- \/ Yoast SEO Premium plugin. -->","yoast_head_json":{"title":"Quano Siamo Diventati Una Cosa Sola - Positive Prints","description":"Crea subito la tua Mappa Stellare Doppia di Quando Siamo Diventati Una Cosa Sola e regala alla tua dolce met\u00e0 un regalo che non dimenticher\u00e0 mai!","robots":{"index":"index","follow":"follow","max-snippet":"max-snippet:-1","max-image-preview":"max-image-preview:large","max-video-preview":"max-video-preview:-1"},"canonical":"https:\/\/positiveprints.com\/it\/prodotto\/doppia-mappa-stellare-di-quano-siamo-diventati-una-cosa-sola\/","og_locale":"it_IT","og_type":"article","og_title":"Doppia Mappa Stellare di Quano Siamo Diventati Una Cosa Sola","og_description":"Crea la tua mappa stellare raffigurante il cielo da due posizioni e date diverse Decorala con costellazioni e la Via Lattea Personalizzala in 3 semplici passaggi Aggiungi un testo personalizzato Guarda subito il risultato \u2013 l'anteprima interattiva ti permette di perfezionare ogni dettaglio","og_url":"https:\/\/positiveprints.com\/it\/prodotto\/doppia-mappa-stellare-di-quano-siamo-diventati-una-cosa-sola\/","og_site_name":"Positive Prints","article_publisher":"https:\/\/www.facebook.com\/positiveprintscom","article_modified_time":"2026-04-18T04:46:24+00:00","og_image":[{"width":1450,"height":1450,"url":"https:\/\/positiveprints.com\/wp-content\/uploads\/2024\/11\/PACKSHOT_IT_When-Two-Became-One-Double-Star-Map-product-image-.webp","type":"image\/webp"}],"twitter_card":"summary_large_image","twitter_misc":{"Tempo di lettura stimato":"2 minuti"},"schema":{"@context":"https:\/\/schema.org","@graph":[{"@type":["WebPage","ItemPage"],"@id":"https:\/\/positiveprints.com\/it\/prodotto\/doppia-mappa-stellare-di-quano-siamo-diventati-una-cosa-sola\/","url":"https:\/\/positiveprints.com\/it\/prodotto\/doppia-mappa-stellare-di-quano-siamo-diventati-una-cosa-sola\/","name":"Quano Siamo Diventati Una Cosa Sola - Positive Prints","isPartOf":{"@id":"https:\/\/positiveprints.com\/it\/#website"},"primaryImageOfPage":{"@id":"https:\/\/positiveprints.com\/it\/prodotto\/doppia-mappa-stellare-di-quano-siamo-diventati-una-cosa-sola\/#primaryimage"},"image":{"@id":"https:\/\/positiveprints.com\/it\/prodotto\/doppia-mappa-stellare-di-quano-siamo-diventati-una-cosa-sola\/#primaryimage"},"thumbnailUrl":"https:\/\/positiveprints.com\/wp-content\/uploads\/2024\/11\/PACKSHOT_IT_When-Two-Became-One-Double-Star-Map-product-image-.webp","datePublished":"2023-05-24T13:14:18+00:00","dateModified":"2026-04-18T04:46:24+00:00","description":"Crea subito la tua Mappa Stellare Doppia di Quando Siamo Diventati Una Cosa Sola e regala alla tua dolce met\u00e0 un regalo che non dimenticher\u00e0 mai!","breadcrumb":{"@id":"https:\/\/positiveprints.com\/it\/prodotto\/doppia-mappa-stellare-di-quano-siamo-diventati-una-cosa-sola\/#breadcrumb"},"inLanguage":"it-IT","potentialAction":[{"@type":"ReadAction","target":["https:\/\/positiveprints.com\/it\/prodotto\/doppia-mappa-stellare-di-quano-siamo-diventati-una-cosa-sola\/"]}]},{"@type":"ImageObject","inLanguage":"it-IT","@id":"https:\/\/positiveprints.com\/it\/prodotto\/doppia-mappa-stellare-di-quano-siamo-diventati-una-cosa-sola\/#primaryimage","url":"https:\/\/positiveprints.com\/wp-content\/uploads\/2024\/11\/PACKSHOT_IT_When-Two-Became-One-Double-Star-Map-product-image-.webp","contentUrl":"https:\/\/positiveprints.com\/wp-content\/uploads\/2024\/11\/PACKSHOT_IT_When-Two-Became-One-Double-Star-Map-product-image-.webp","width":1450,"height":1450},{"@type":"BreadcrumbList","@id":"https:\/\/positiveprints.com\/it\/prodotto\/doppia-mappa-stellare-di-quano-siamo-diventati-una-cosa-sola\/#breadcrumb","itemListElement":[{"@type":"ListItem","position":1,"name":"Home","item":"https:\/\/positiveprints.com\/it\/"},{"@type":"ListItem","position":2,"name":"Prodotti","item":"https:\/\/positiveprints.com\/it\/shop\/"},{"@type":"ListItem","position":3,"name":"Doppia Mappa Stellare di Quano Siamo Diventati Una Cosa Sola"}]},{"@type":"WebSite","@id":"https:\/\/positiveprints.com\/it\/#website","url":"https:\/\/positiveprints.com\/it\/","name":"Positive Prints","description":"Amazing Custom Personalized Gifts","publisher":{"@id":"https:\/\/positiveprints.com\/it\/#organization"},"potentialAction":[{"@type":"SearchAction","target":{"@type":"EntryPoint","urlTemplate":"https:\/\/positiveprints.com\/it\/?s={search_term_string}"},"query-input":{"@type":"PropertyValueSpecification","valueRequired":true,"valueName":"search_term_string"}}],"inLanguage":"it-IT"},{"@type":"Organization","@id":"https:\/\/positiveprints.com\/it\/#organization","name":"Positive Prints","alternateName":"Positive Prints","url":"https:\/\/positiveprints.com\/it\/","logo":{"@type":"ImageObject","inLanguage":"it-IT","@id":"https:\/\/positiveprints.com\/it\/#\/schema\/logo\/image\/","url":"https:\/\/positiveprints.com\/wp-content\/uploads\/2026\/03\/245815646_1337939713319158_5671353136411139666_n.png","contentUrl":"https:\/\/positiveprints.com\/wp-content\/uploads\/2026\/03\/245815646_1337939713319158_5671353136411139666_n.png","width":800,"height":800,"caption":"Positive Prints"},"image":{"@id":"https:\/\/positiveprints.com\/it\/#\/schema\/logo\/image\/"},"sameAs":["https:\/\/www.facebook.com\/positiveprintscom","https:\/\/www.instagram.com\/positiveprintscom\/","https:\/\/www.tiktok.com\/@positiveprintscom","https:\/\/www.pinterest.com\/positiveprintscom\/"]}]}},"jetpack_sharing_enabled":true,"_links":{"self":[{"href":"https:\/\/positiveprints.com\/it\/wp-json\/wp\/v2\/product\/609262","targetHints":{"allow":["GET"]}}],"collection":[{"href":"https:\/\/positiveprints.com\/it\/wp-json\/wp\/v2\/product"}],"about":[{"href":"https:\/\/positiveprints.com\/it\/wp-json\/wp\/v2\/types\/product"}],"wp:featuredmedia":[{"embeddable":true,"href":"https:\/\/positiveprints.com\/it\/wp-json\/wp\/v2\/media\/1252699"}],"wp:attachment":[{"href":"https:\/\/positiveprints.com\/it\/wp-json\/wp\/v2\/media?parent=609262"}],"wp:term":[{"taxonomy":"product_brand","embeddable":true,"href":"https:\/\/positiveprints.com\/it\/wp-json\/wp\/v2\/product_brand?post=609262"},{"taxonomy":"product_cat","embeddable":true,"href":"https:\/\/positiveprints.com\/it\/wp-json\/wp\/v2\/product_cat?post=609262"},{"taxonomy":"product_tag","embeddable":true,"href":"https:\/\/positiveprints.com\/it\/wp-json\/wp\/v2\/product_tag?post=609262"}],"curies":[{"name":"wp","href":"https:\/\/api.w.org\/{rel}","templated":true}]}}