{"id":606972,"date":"2023-04-19T12:22:58","date_gmt":"2023-04-19T11:22:58","guid":{"rendered":"https:\/\/positiveprints.com\/?post_type=product&#038;p=606972"},"modified":"2026-04-18T05:56:26","modified_gmt":"2026-04-18T04:56:26","slug":"doppia-mappa-stellare-di-quando-gli-astri-si-allinearono","status":"publish","type":"product","link":"https:\/\/positiveprints.com\/it\/prodotto\/doppia-mappa-stellare-di-quando-gli-astri-si-allinearono\/","title":{"rendered":"Doppia Mappa Stellare di Quando gli Astri si Allinearono"},"content":{"rendered":"<p style=\"margin-top: 1rem\">La Doppia Mappa Stellare di Quando gli Astri si Allinearono \u00e8 un regalo perfetto per quelle occasioni speciali che richiedono qualcosa di veramente unico e personale. Questa stampa completamente personalizzata mostra due mappe stellari, una di fianco all\u2019altra, che rappresentano due cieli stellati di due giorni diversi. Per esempio, potresti rappresentare il giorno in cui tu e la tua dolce met\u00e0 vi siete incontrati per la prima volta insieme al giorno in cui vi siete sposati, o due compleanni che sono importanti per voi, come quelli dei vostri figli. Le possibilit\u00e0 sono infinite, ma il risultato \u00e8 sempre un regalo bellissimo e pensato con amore.<\/p>\r\n\r\n\r\n<p style=\"margin-top: 1rem\">\u201cQuando gli Astri si Allinearono\u201d \u00e8 un&#8217;espressione che viene spesso usata per descrivere i momenti pi\u00f9 magici, quelli che sembrano accadere per destino. Abbiamo creato questa Mappa Stellare Doppia per catturare quel sentimento, mostrando due momenti nel tempo in cui le stelle si sono allineate in modo speciale solo per te e la tua anima gemella. \u00c8 come se fosse uno modo di ricordarti che, nonostante l&#8217;immensit\u00e0 dell&#8217;universo, due esseri umani possono essere connessi da sempre.<\/p>\r\n\r\n\r\n<p style=\"margin-top: 1rem\">Se creare una Mappa Stellare Doppia di Quando gli Astri si Allinearono \u00e8 cos\u00ec facile, dobbiamo tutto al nostro editor online. Al suo interno puoi scegliere tra un\u2019ampia variet\u00e0 di design, stili e colori diversi per creare una stampa che si adatti perfettamente ai tuoi gusti. Dopodich\u00e9, seleziona le due date e le localit\u00e0 che hai scelto e scopri com\u2019erano posizionate le stelle in quei giorni speciali. Poi, aggiungi un messaggio scritto col cuore per rendere il regalo ancora pi\u00f9 speciale. E infine, seleziona tra una stampa o un poster incorniciato, una tela o un download digitale in base alle tue preferenze. Con una Mappa Stellare Doppia di Quando gli Astri si Allinearono regalerai qualcosa di veramente straordinario!<\/p>\r\n\r\n<p style=\"margin-top: 1rem\">Ordinare una Mappa Stellare Doppia di Quando gli Astri si Allinearono \u00e8 un&#8217;esperienza veramente speciale, capace di sorprendere la tua dolce met\u00e0. \u00c8 il regalo perfetto in occasione di anniversari, matrimoni, San Valentino, Natale &#8211; o qualsiasi giorno importante che richieda un regalo unico e memorabile. Le possibilit\u00e0 sono infinite e il risultato \u00e8 un capolavoro mozzafiato e personalizzato, da custodire per sempre. Allora perch\u00e9 aspettare? Vai subito nel nostro editor online e crea la tua Mappa Stellare Doppia di Quando gli Astri si Allinearono per dimostrare alla tua anima gemella tutto l\u2019amore che provi.<\/p>","protected":false},"excerpt":{"rendered":"<ul class=\"check-list\">\n<li>Crea la tua mappa stellare raffigurante il cielo da due posizioni e date diverse<\/li>\n<li>Decorala con costellazioni e la Via Lattea<\/li>\n<li>Personalizzala in 3 semplici passaggi<\/li>\n<li>Aggiungi un testo personalizzato<\/li>\n<li>Guarda subito il risultato \u2013 l&#8217;anteprima interattiva ti permette di perfezionare ogni dettaglio<\/li>\n<\/ul>\n","protected":false},"featured_media":1252557,"template":"","meta":[],"product_brand":[],"product_cat":[9100,8191,8216,4449,5281,5311,7928,5269,11425,11426,11424,11418,11432,11427,8008,7673,7641,7688,7784,7752,7800,5315,11243,11244],"product_tag":[14889,11754,11798,11768,11796,11800,11799],"class_list":{"0":"post-606972","1":"product","2":"type-product","3":"status-publish","4":"has-post-thumbnail","6":"product_cat-duo-stars-it","7":"product_cat-per-lei","8":"product_cat-per-lui","9":"product_cat-tutti-i-prodotti","10":"product_cat-regali-di-fidanzamento","11":"product_cat-regali-di-matrimonio","12":"product_cat-regali-per-laddio-al-nubilato","13":"product_cat-regali-di-natale","14":"product_cat-regali-di-natale-per-lei","15":"product_cat-regali-di-natale-per-lui","16":"product_cat-regali-di-natale-per-la-fidanzata","17":"product_cat-regali-di-natale-per-il-fidanzato","18":"product_cat-regali-di-natale-per-la-moglie","19":"product_cat-regali-di-natale-per-il-marito","20":"product_cat-regali-da-uomo","21":"product_cat-regali-per-il-fidanzato","22":"product_cat-regali-per-il-marito","23":"product_cat-regali-da-donna","24":"product_cat-regali-per-la-fidanzata","25":"product_cat-regali-per-la-moglie","26":"product_cat-regali-per-una-coppia","27":"product_cat-regali-di-san-valentino","28":"product_cat-regali-di-san-valentino-per-lei","29":"product_cat-regali-di-san-valentino-per-lui","30":"product_tag-anniversary-it-2","31":"product_tag-regali-di-natale-per-il-fidanzato","32":"product_tag-regali-di-natale-per-il-marito","33":"product_tag-regali-di-natale-per-la-fidanzata","34":"product_tag-regali-di-natale-per-la-moglie","35":"product_tag-regali-di-natale-per-lei","36":"product_tag-regali-di-natale-per-lui","38":"first","39":"instock","40":"sale","41":"taxable","42":"shipping-taxable","43":"purchasable","44":"product-type-variable"},"yoast_head":"<!-- This site is optimized with the Yoast SEO Premium plugin v27.2 (Yoast SEO v27.2) - https:\/\/yoast.com\/product\/yoast-seo-premium-wordpress\/ -->\n<title>Quando gli Astri si Allinearono - Positive Prints<\/title>\n<meta name=\"description\" content=\"La Doppia Mappa Stellare di Quando gli Astri si Allinearono \u00e8 il regalo perfetto in occasione di anniversari, matrimoni, San Valentino e Natale.\" \/>\n<meta name=\"robots\" content=\"index, follow, max-snippet:-1, max-image-preview:large, max-video-preview:-1\" \/>\n<link rel=\"canonical\" href=\"https:\/\/positiveprints.com\/it\/prodotto\/doppia-mappa-stellare-di-quando-gli-astri-si-allinearono\/\" \/>\n<meta property=\"og:locale\" content=\"it_IT\" \/>\n<meta property=\"og:type\" content=\"article\" \/>\n<meta property=\"og:title\" content=\"Doppia Mappa Stellare di Quando gli Astri si Allinearono\" \/>\n<meta property=\"og:description\" content=\"Crea la tua mappa stellare raffigurante il cielo da due posizioni e date diverse Decorala con costellazioni e la Via Lattea Personalizzala in 3 semplici passaggi Aggiungi un testo personalizzato Guarda subito il risultato \u2013 l&#039;anteprima interattiva ti permette di perfezionare ogni dettaglio\" \/>\n<meta property=\"og:url\" content=\"https:\/\/positiveprints.com\/it\/prodotto\/doppia-mappa-stellare-di-quando-gli-astri-si-allinearono\/\" \/>\n<meta property=\"og:site_name\" content=\"Positive Prints\" \/>\n<meta property=\"article:publisher\" content=\"https:\/\/www.facebook.com\/positiveprintscom\" \/>\n<meta property=\"article:modified_time\" content=\"2026-04-18T04:56:26+00:00\" \/>\n<meta property=\"og:image\" content=\"https:\/\/positiveprints.com\/wp-content\/uploads\/2024\/11\/PACKSHOT_IT_When-The-Stars-Aligned-Double-Star-Map-product-image-.webp\" \/>\n\t<meta property=\"og:image:width\" content=\"1450\" \/>\n\t<meta property=\"og:image:height\" content=\"1450\" \/>\n\t<meta property=\"og:image:type\" content=\"image\/webp\" \/>\n<meta name=\"twitter:card\" content=\"summary_large_image\" \/>\n<meta name=\"twitter:label1\" content=\"Tempo di lettura stimato\" \/>\n\t<meta name=\"twitter:data1\" content=\"2 minuti\" \/>\n<!-- \/ Yoast SEO Premium plugin. -->","yoast_head_json":{"title":"Quando gli Astri si Allinearono - Positive Prints","description":"La Doppia Mappa Stellare di Quando gli Astri si Allinearono \u00e8 il regalo perfetto in occasione di anniversari, matrimoni, San Valentino e Natale.","robots":{"index":"index","follow":"follow","max-snippet":"max-snippet:-1","max-image-preview":"max-image-preview:large","max-video-preview":"max-video-preview:-1"},"canonical":"https:\/\/positiveprints.com\/it\/prodotto\/doppia-mappa-stellare-di-quando-gli-astri-si-allinearono\/","og_locale":"it_IT","og_type":"article","og_title":"Doppia Mappa Stellare di Quando gli Astri si Allinearono","og_description":"Crea la tua mappa stellare raffigurante il cielo da due posizioni e date diverse Decorala con costellazioni e la Via Lattea Personalizzala in 3 semplici passaggi Aggiungi un testo personalizzato Guarda subito il risultato \u2013 l'anteprima interattiva ti permette di perfezionare ogni dettaglio","og_url":"https:\/\/positiveprints.com\/it\/prodotto\/doppia-mappa-stellare-di-quando-gli-astri-si-allinearono\/","og_site_name":"Positive Prints","article_publisher":"https:\/\/www.facebook.com\/positiveprintscom","article_modified_time":"2026-04-18T04:56:26+00:00","og_image":[{"width":1450,"height":1450,"url":"https:\/\/positiveprints.com\/wp-content\/uploads\/2024\/11\/PACKSHOT_IT_When-The-Stars-Aligned-Double-Star-Map-product-image-.webp","type":"image\/webp"}],"twitter_card":"summary_large_image","twitter_misc":{"Tempo di lettura stimato":"2 minuti"},"schema":{"@context":"https:\/\/schema.org","@graph":[{"@type":["WebPage","ItemPage"],"@id":"https:\/\/positiveprints.com\/it\/prodotto\/doppia-mappa-stellare-di-quando-gli-astri-si-allinearono\/","url":"https:\/\/positiveprints.com\/it\/prodotto\/doppia-mappa-stellare-di-quando-gli-astri-si-allinearono\/","name":"Quando gli Astri si Allinearono - Positive Prints","isPartOf":{"@id":"https:\/\/positiveprints.com\/it\/#website"},"primaryImageOfPage":{"@id":"https:\/\/positiveprints.com\/it\/prodotto\/doppia-mappa-stellare-di-quando-gli-astri-si-allinearono\/#primaryimage"},"image":{"@id":"https:\/\/positiveprints.com\/it\/prodotto\/doppia-mappa-stellare-di-quando-gli-astri-si-allinearono\/#primaryimage"},"thumbnailUrl":"https:\/\/positiveprints.com\/wp-content\/uploads\/2024\/11\/PACKSHOT_IT_When-The-Stars-Aligned-Double-Star-Map-product-image-.webp","datePublished":"2023-04-19T11:22:58+00:00","dateModified":"2026-04-18T04:56:26+00:00","description":"La Doppia Mappa Stellare di Quando gli Astri si Allinearono \u00e8 il regalo perfetto in occasione di anniversari, matrimoni, San Valentino e Natale.","breadcrumb":{"@id":"https:\/\/positiveprints.com\/it\/prodotto\/doppia-mappa-stellare-di-quando-gli-astri-si-allinearono\/#breadcrumb"},"inLanguage":"it-IT","potentialAction":[{"@type":"ReadAction","target":["https:\/\/positiveprints.com\/it\/prodotto\/doppia-mappa-stellare-di-quando-gli-astri-si-allinearono\/"]}]},{"@type":"ImageObject","inLanguage":"it-IT","@id":"https:\/\/positiveprints.com\/it\/prodotto\/doppia-mappa-stellare-di-quando-gli-astri-si-allinearono\/#primaryimage","url":"https:\/\/positiveprints.com\/wp-content\/uploads\/2024\/11\/PACKSHOT_IT_When-The-Stars-Aligned-Double-Star-Map-product-image-.webp","contentUrl":"https:\/\/positiveprints.com\/wp-content\/uploads\/2024\/11\/PACKSHOT_IT_When-The-Stars-Aligned-Double-Star-Map-product-image-.webp","width":1450,"height":1450,"caption":"PACKSHOT_IT_When The Stars Aligned Double Star Map product image"},{"@type":"BreadcrumbList","@id":"https:\/\/positiveprints.com\/it\/prodotto\/doppia-mappa-stellare-di-quando-gli-astri-si-allinearono\/#breadcrumb","itemListElement":[{"@type":"ListItem","position":1,"name":"Home","item":"https:\/\/positiveprints.com\/it\/"},{"@type":"ListItem","position":2,"name":"Prodotti","item":"https:\/\/positiveprints.com\/it\/shop\/"},{"@type":"ListItem","position":3,"name":"Doppia Mappa Stellare di Quando gli Astri si Allinearono"}]},{"@type":"WebSite","@id":"https:\/\/positiveprints.com\/it\/#website","url":"https:\/\/positiveprints.com\/it\/","name":"Positive Prints","description":"Amazing Custom Personalized Gifts","publisher":{"@id":"https:\/\/positiveprints.com\/it\/#organization"},"potentialAction":[{"@type":"SearchAction","target":{"@type":"EntryPoint","urlTemplate":"https:\/\/positiveprints.com\/it\/?s={search_term_string}"},"query-input":{"@type":"PropertyValueSpecification","valueRequired":true,"valueName":"search_term_string"}}],"inLanguage":"it-IT"},{"@type":"Organization","@id":"https:\/\/positiveprints.com\/it\/#organization","name":"Positive Prints","alternateName":"Positive Prints","url":"https:\/\/positiveprints.com\/it\/","logo":{"@type":"ImageObject","inLanguage":"it-IT","@id":"https:\/\/positiveprints.com\/it\/#\/schema\/logo\/image\/","url":"https:\/\/positiveprints.com\/wp-content\/uploads\/2026\/03\/245815646_1337939713319158_5671353136411139666_n.png","contentUrl":"https:\/\/positiveprints.com\/wp-content\/uploads\/2026\/03\/245815646_1337939713319158_5671353136411139666_n.png","width":800,"height":800,"caption":"Positive Prints"},"image":{"@id":"https:\/\/positiveprints.com\/it\/#\/schema\/logo\/image\/"},"sameAs":["https:\/\/www.facebook.com\/positiveprintscom","https:\/\/www.instagram.com\/positiveprintscom\/","https:\/\/www.tiktok.com\/@positiveprintscom","https:\/\/www.pinterest.com\/positiveprintscom\/"]}]}},"jetpack_sharing_enabled":true,"_links":{"self":[{"href":"https:\/\/positiveprints.com\/it\/wp-json\/wp\/v2\/product\/606972","targetHints":{"allow":["GET"]}}],"collection":[{"href":"https:\/\/positiveprints.com\/it\/wp-json\/wp\/v2\/product"}],"about":[{"href":"https:\/\/positiveprints.com\/it\/wp-json\/wp\/v2\/types\/product"}],"wp:featuredmedia":[{"embeddable":true,"href":"https:\/\/positiveprints.com\/it\/wp-json\/wp\/v2\/media\/1252557"}],"wp:attachment":[{"href":"https:\/\/positiveprints.com\/it\/wp-json\/wp\/v2\/media?parent=606972"}],"wp:term":[{"taxonomy":"product_brand","embeddable":true,"href":"https:\/\/positiveprints.com\/it\/wp-json\/wp\/v2\/product_brand?post=606972"},{"taxonomy":"product_cat","embeddable":true,"href":"https:\/\/positiveprints.com\/it\/wp-json\/wp\/v2\/product_cat?post=606972"},{"taxonomy":"product_tag","embeddable":true,"href":"https:\/\/positiveprints.com\/it\/wp-json\/wp\/v2\/product_tag?post=606972"}],"curies":[{"name":"wp","href":"https:\/\/api.w.org\/{rel}","templated":true}]}}