{"id":606937,"date":"2023-04-17T14:23:38","date_gmt":"2023-04-17T13:23:38","guid":{"rendered":"https:\/\/positiveprints.com\/?post_type=product&#038;p=606937"},"modified":"2026-04-12T22:30:00","modified_gmt":"2026-04-12T21:30:00","slug":"doppia-mappa-stellare-per-mamma-e-papa","status":"publish","type":"product","link":"https:\/\/positiveprints.com\/it\/prodotto\/doppia-mappa-stellare-per-mamma-e-papa\/","title":{"rendered":"Doppia Mappa Stellare per Mamma e Pap\u00e0"},"content":{"rendered":"<p style=\"margin-top: 1rem\">La Doppia Mappa Stellare per Mamma e Pap\u00e0 \u00e8 un regalo cos\u00ec originale e ricco di significato che siamo certi i tuoi genitori lo apprezzeranno pi\u00f9 di ogni altra cosa. Con questo regalo personalizzato hai l\u2019occasione di rappresentare due mappe stellari relative a due date importanti nella vita dei tuoi genitori: una per la tua mamma e una per il tuo pap\u00e0. Pensa ai giorni dei loro compleanni, ai giorni in cui si sono fidanzati e poi sposati, o, perch\u00e9 no, anche alle date in cui tu e i tuoi fratelli siete nati.<\/p>\r\n\r\n\r\n<p style=\"margin-top: 1rem\">Creare una Mappa Stellare Doppia \u00e8 talmente semplice che non devi far altro che andare sul nostro editor online. Al suo interno, puoi scegliere tra una vasta gamma di stili e colori per personalizzare la tua stampa. Da l\u00ec, inserisci una data e una localit\u00e0 per ogni mappa e scopri come appariva il cielo stellato in quei due momenti speciali. Per ricevere la tua creazione puoi scegliere tra un poster stampato, incorniciato, una tela o un download digitale istantaneo.<\/p>\r\n\r\n\r\n<p style=\"margin-top: 1rem\">La Mappa Stellare Doppia per Mamma e Pap\u00e0 \u00e8 perfetta da regalare nelle occasioni pi\u00f9 speciali, come compleanni, Natale, la Festa della Mamma o la Festa del Pap\u00e0. \u00c8 un modo dolcissimo per celebrare e ricordare eventi e momenti significativi nella vita dei tuoi genitori. Una volta appeso alla parete, questo regalo personalizzato e unico nel suo genere perch\u00e9 si trasforma in una splendida decorazione per la casa dei tuoi genitori e, allo stesso tempo, \u00e8 come se fosse un promemoria del tuo amore per loro.<\/p>\r\n\r\n\r\n<p style=\"margin-top: 1rem\">Inoltre, la Doppia Mappa Stellare per Mamma e Pap\u00e0 \u00e8 un ottimo punto di partenza per raccontare la vostra storia a famiglia e amici. D\u2019altronde, \u00e8 un pezzo unico che mostra le mappe stellari dei giorni pi\u00f9 significativi nella storia della tua famiglia. Usalo per rafforzare il legame della tua famiglia.<\/p>\r\n\r\n\r\n<p style=\"margin-top: 1rem\">Non accontentarti di regali generici. Sorprendi i tuoi genitori con questo regalo unico e significativo che custodiranno per sempre. Inizia a creare la tua Mappa Stellare Doppia per Mamma e Pap\u00e0 oggi stesso!<\/p>","protected":false},"excerpt":{"rendered":"<ul class=\"check-list\">\n<li>Crea la tua mappa stellare raffigurante il cielo da due posizioni e date diverse<\/li>\n<li>Decorala con costellazioni e la Via Lattea<\/li>\n<li>Personalizzala in 3 semplici passaggi<\/li>\n<li>Aggiungi un testo personalizzato<\/li>\n<li>Guarda subito il risultato \u2013 l&#8217;anteprima interattiva ti permette di perfezionare ogni dettaglio<\/li>\n<\/ul>\n","protected":false},"featured_media":1252273,"template":"","meta":[],"product_brand":[],"product_cat":[7960,9277,9100,5257,5269,11430,15057,7848,7816,4449],"product_tag":[16084,15582,15498,8755,13466],"class_list":{"0":"post-606937","1":"product","2":"type-product","3":"status-publish","4":"has-post-thumbnail","6":"product_cat-regali-per-il-baby-shower","7":"product_cat-bestsellers-label-it","8":"product_cat-duo-stars-it","9":"product_cat-regali-di-nascita-del-bambino","10":"product_cat-regali-di-natale","11":"product_cat-regali-di-natale-per-i-genitori","12":"product_cat-regali-di-natale-per-la-famiglia","13":"product_cat-regali-per-la-famiglia","14":"product_cat-regali-per-neogenitori","15":"product_cat-tutti-i-prodotti","16":"product_tag-christmas-gifts-for-family-it","17":"product_tag-il-giorno-in-cui-siete-diventati-i-nostri-genitori","18":"product_tag-mamma-e-papa","19":"product_tag-parents-it","20":"product_tag-regali-di-natale-per-la-famiglia","22":"first","23":"instock","24":"sale","25":"taxable","26":"shipping-taxable","27":"purchasable","28":"product-type-variable"},"yoast_head":"<!-- This site is optimized with the Yoast SEO Premium plugin v27.2 (Yoast SEO v27.2) - https:\/\/yoast.com\/product\/yoast-seo-premium-wordpress\/ -->\n<title>Doppia Mappa Stellare per Mamma e Pap\u00e0 - Positive Prints<\/title>\n<meta name=\"description\" content=\"La Doppia Mappa Stellare per Mamma e Pap\u00e0 \u00e8 un regalo personalizzato con cui puoi rappresentare due mappe stellari relative a due date importanti nella vita dei tuoi genitori.\" \/>\n<meta name=\"robots\" content=\"index, follow, max-snippet:-1, max-image-preview:large, max-video-preview:-1\" \/>\n<link rel=\"canonical\" href=\"https:\/\/positiveprints.com\/it\/prodotto\/doppia-mappa-stellare-per-mamma-e-papa\/\" \/>\n<meta property=\"og:locale\" content=\"it_IT\" \/>\n<meta property=\"og:type\" content=\"article\" \/>\n<meta property=\"og:title\" content=\"Doppia Mappa Stellare per Mamma e Pap\u00e0\" \/>\n<meta property=\"og:description\" content=\"Crea la tua mappa stellare raffigurante il cielo da due posizioni e date diverse Decorala con costellazioni e la Via Lattea Personalizzala in 3 semplici passaggi Aggiungi un testo personalizzato Guarda subito il risultato \u2013 l&#039;anteprima interattiva ti permette di perfezionare ogni dettaglio\" \/>\n<meta property=\"og:url\" content=\"https:\/\/positiveprints.com\/it\/prodotto\/doppia-mappa-stellare-per-mamma-e-papa\/\" \/>\n<meta property=\"og:site_name\" content=\"Positive Prints\" \/>\n<meta property=\"article:publisher\" content=\"https:\/\/www.facebook.com\/positiveprintscom\" \/>\n<meta property=\"article:modified_time\" content=\"2026-04-12T21:30:00+00:00\" \/>\n<meta property=\"og:image\" content=\"https:\/\/positiveprints.com\/wp-content\/uploads\/2024\/11\/PACKSHOT_IT_Mom-and-Dad-Double-Star-Map-product-image-.webp\" \/>\n\t<meta property=\"og:image:width\" content=\"1450\" \/>\n\t<meta property=\"og:image:height\" content=\"1450\" \/>\n\t<meta property=\"og:image:type\" content=\"image\/webp\" \/>\n<meta name=\"twitter:card\" content=\"summary_large_image\" \/>\n<meta name=\"twitter:label1\" content=\"Tempo di lettura stimato\" \/>\n\t<meta name=\"twitter:data1\" content=\"2 minuti\" \/>\n<!-- \/ Yoast SEO Premium plugin. -->","yoast_head_json":{"title":"Doppia Mappa Stellare per Mamma e Pap\u00e0 - Positive Prints","description":"La Doppia Mappa Stellare per Mamma e Pap\u00e0 \u00e8 un regalo personalizzato con cui puoi rappresentare due mappe stellari relative a due date importanti nella vita dei tuoi genitori.","robots":{"index":"index","follow":"follow","max-snippet":"max-snippet:-1","max-image-preview":"max-image-preview:large","max-video-preview":"max-video-preview:-1"},"canonical":"https:\/\/positiveprints.com\/it\/prodotto\/doppia-mappa-stellare-per-mamma-e-papa\/","og_locale":"it_IT","og_type":"article","og_title":"Doppia Mappa Stellare per Mamma e Pap\u00e0","og_description":"Crea la tua mappa stellare raffigurante il cielo da due posizioni e date diverse Decorala con costellazioni e la Via Lattea Personalizzala in 3 semplici passaggi Aggiungi un testo personalizzato Guarda subito il risultato \u2013 l'anteprima interattiva ti permette di perfezionare ogni dettaglio","og_url":"https:\/\/positiveprints.com\/it\/prodotto\/doppia-mappa-stellare-per-mamma-e-papa\/","og_site_name":"Positive Prints","article_publisher":"https:\/\/www.facebook.com\/positiveprintscom","article_modified_time":"2026-04-12T21:30:00+00:00","og_image":[{"width":1450,"height":1450,"url":"https:\/\/positiveprints.com\/wp-content\/uploads\/2024\/11\/PACKSHOT_IT_Mom-and-Dad-Double-Star-Map-product-image-.webp","type":"image\/webp"}],"twitter_card":"summary_large_image","twitter_misc":{"Tempo di lettura stimato":"2 minuti"},"schema":{"@context":"https:\/\/schema.org","@graph":[{"@type":["WebPage","ItemPage"],"@id":"https:\/\/positiveprints.com\/it\/prodotto\/doppia-mappa-stellare-per-mamma-e-papa\/","url":"https:\/\/positiveprints.com\/it\/prodotto\/doppia-mappa-stellare-per-mamma-e-papa\/","name":"Doppia Mappa Stellare per Mamma e Pap\u00e0 - Positive Prints","isPartOf":{"@id":"https:\/\/positiveprints.com\/it\/#website"},"primaryImageOfPage":{"@id":"https:\/\/positiveprints.com\/it\/prodotto\/doppia-mappa-stellare-per-mamma-e-papa\/#primaryimage"},"image":{"@id":"https:\/\/positiveprints.com\/it\/prodotto\/doppia-mappa-stellare-per-mamma-e-papa\/#primaryimage"},"thumbnailUrl":"https:\/\/positiveprints.com\/wp-content\/uploads\/2024\/11\/PACKSHOT_IT_Mom-and-Dad-Double-Star-Map-product-image-.webp","datePublished":"2023-04-17T13:23:38+00:00","dateModified":"2026-04-12T21:30:00+00:00","description":"La Doppia Mappa Stellare per Mamma e Pap\u00e0 \u00e8 un regalo personalizzato con cui puoi rappresentare due mappe stellari relative a due date importanti nella vita dei tuoi genitori.","breadcrumb":{"@id":"https:\/\/positiveprints.com\/it\/prodotto\/doppia-mappa-stellare-per-mamma-e-papa\/#breadcrumb"},"inLanguage":"it-IT","potentialAction":[{"@type":"ReadAction","target":["https:\/\/positiveprints.com\/it\/prodotto\/doppia-mappa-stellare-per-mamma-e-papa\/"]}]},{"@type":"ImageObject","inLanguage":"it-IT","@id":"https:\/\/positiveprints.com\/it\/prodotto\/doppia-mappa-stellare-per-mamma-e-papa\/#primaryimage","url":"https:\/\/positiveprints.com\/wp-content\/uploads\/2024\/11\/PACKSHOT_IT_Mom-and-Dad-Double-Star-Map-product-image-.webp","contentUrl":"https:\/\/positiveprints.com\/wp-content\/uploads\/2024\/11\/PACKSHOT_IT_Mom-and-Dad-Double-Star-Map-product-image-.webp","width":1450,"height":1450},{"@type":"BreadcrumbList","@id":"https:\/\/positiveprints.com\/it\/prodotto\/doppia-mappa-stellare-per-mamma-e-papa\/#breadcrumb","itemListElement":[{"@type":"ListItem","position":1,"name":"Home","item":"https:\/\/positiveprints.com\/it\/"},{"@type":"ListItem","position":2,"name":"Prodotti","item":"https:\/\/positiveprints.com\/it\/shop\/"},{"@type":"ListItem","position":3,"name":"Doppia Mappa Stellare per Mamma e Pap\u00e0"}]},{"@type":"WebSite","@id":"https:\/\/positiveprints.com\/it\/#website","url":"https:\/\/positiveprints.com\/it\/","name":"Positive Prints","description":"Amazing Custom Personalized Gifts","publisher":{"@id":"https:\/\/positiveprints.com\/it\/#organization"},"potentialAction":[{"@type":"SearchAction","target":{"@type":"EntryPoint","urlTemplate":"https:\/\/positiveprints.com\/it\/?s={search_term_string}"},"query-input":{"@type":"PropertyValueSpecification","valueRequired":true,"valueName":"search_term_string"}}],"inLanguage":"it-IT"},{"@type":"Organization","@id":"https:\/\/positiveprints.com\/it\/#organization","name":"Positive Prints","alternateName":"Positive Prints","url":"https:\/\/positiveprints.com\/it\/","logo":{"@type":"ImageObject","inLanguage":"it-IT","@id":"https:\/\/positiveprints.com\/it\/#\/schema\/logo\/image\/","url":"https:\/\/positiveprints.com\/wp-content\/uploads\/2026\/03\/245815646_1337939713319158_5671353136411139666_n.png","contentUrl":"https:\/\/positiveprints.com\/wp-content\/uploads\/2026\/03\/245815646_1337939713319158_5671353136411139666_n.png","width":800,"height":800,"caption":"Positive Prints"},"image":{"@id":"https:\/\/positiveprints.com\/it\/#\/schema\/logo\/image\/"},"sameAs":["https:\/\/www.facebook.com\/positiveprintscom","https:\/\/www.instagram.com\/positiveprintscom\/","https:\/\/www.tiktok.com\/@positiveprintscom","https:\/\/www.pinterest.com\/positiveprintscom\/"]}]}},"jetpack_sharing_enabled":true,"_links":{"self":[{"href":"https:\/\/positiveprints.com\/it\/wp-json\/wp\/v2\/product\/606937","targetHints":{"allow":["GET"]}}],"collection":[{"href":"https:\/\/positiveprints.com\/it\/wp-json\/wp\/v2\/product"}],"about":[{"href":"https:\/\/positiveprints.com\/it\/wp-json\/wp\/v2\/types\/product"}],"wp:featuredmedia":[{"embeddable":true,"href":"https:\/\/positiveprints.com\/it\/wp-json\/wp\/v2\/media\/1252273"}],"wp:attachment":[{"href":"https:\/\/positiveprints.com\/it\/wp-json\/wp\/v2\/media?parent=606937"}],"wp:term":[{"taxonomy":"product_brand","embeddable":true,"href":"https:\/\/positiveprints.com\/it\/wp-json\/wp\/v2\/product_brand?post=606937"},{"taxonomy":"product_cat","embeddable":true,"href":"https:\/\/positiveprints.com\/it\/wp-json\/wp\/v2\/product_cat?post=606937"},{"taxonomy":"product_tag","embeddable":true,"href":"https:\/\/positiveprints.com\/it\/wp-json\/wp\/v2\/product_tag?post=606937"}],"curies":[{"name":"wp","href":"https:\/\/api.w.org\/{rel}","templated":true}]}}