{"id":596085,"date":"2023-04-17T21:51:54","date_gmt":"2023-04-17T20:51:54","guid":{"rendered":"https:\/\/positiveprints.com\/?post_type=product&#038;p=596085"},"modified":"2026-04-12T22:28:38","modified_gmt":"2026-04-12T21:28:38","slug":"collage-di-foto-a-forma-di-lettere-per-il-nonno","status":"publish","type":"product","link":"https:\/\/positiveprints.com\/it\/prodotto\/collage-di-foto-a-forma-di-lettere-per-il-nonno\/","title":{"rendered":"Collage Fotografico con Lettere Nonno"},"content":{"rendered":"<p style=\"margin-top: 1rem;\">Non c\u2019\u00e8 niente di pi\u00f9 speciale che il legame che unisce nonni e nipoti. Celebra ci\u00f2 che vi tieni uniti con il Collage di Foto a Forma di Lettere per il Nonno, un dolce e bellissimo regalo che il tuo nonnino custodir\u00e0 per sempre. Questo collage fotografico unico nel suo genere \u00e8 composto dalle tue foto preferite disposte in modo tale da creare la parola \u201cnonno\u201d. In realt\u00e0, puoi personalizzare la parola e sostituirla con quella che preferisci, perci\u00f2 potresti anche utilizzare \u201cnonnino\u201d o qualsiasi altro soprannome.<\/p>\r\n<p style=\"margin-top: 1rem;\">Creare un Collage di Foto a Forma di Lettere per il Nonno \u00e8 facile e veloce. Non devi far altro che utilizzare il nostro editor online e caricare una foto per ogni lettera della parola che hai scelto. Dopodich\u00e9 puoi scegliere il formato stampa secondo le tue esigenze, inclusi poster, tele, stampe incorniciate o download digitali per una stampa fai-da-te.<\/p>\r\n<p style=\"margin-top: 1rem;\">Positive Prints utilizza materiali della pi\u00f9 alta qualit\u00e0 e tecnologie all\u2019avanguardia, e questo significa che il tuo Collage Fotografico a Forma di Lettere per il Nonno sar\u00e0 professionale e mozzafiato. \u00c8 un regalo pieno d\u2019amore, perfetto per qualsiasi occasione &#8211; che tu stia celebrando il suo compleanno, il Natale, o semplicemente per dimostrare l\u2019affetto che provi per il tuo nonno in un giorno qualunque.<\/p>\r\n<p style=\"margin-top: 1rem;\">Perci\u00f2, perch\u00e9 non regalare al tuo nonnino un regalo capace di donare amore per sempre? Il Collage Fotografico a Forma di Lettere per il Nonno \u00e8 un modo speciale e personalizzato di dimostrare a tuo nonno quanto sia importante per te e quanto la sua presenza nella tua vita sia significativa. Con Positive Prints, creare un Collage Fotografico a Forma di Lettere per il Nonno non \u00e8 mai stato cos\u00ec facile!<\/p>","protected":false},"excerpt":{"rendered":"<ul class=\"check-list\">\n<li>Aggiungi un messaggio personale<\/li>\n<li>Personalizza in 3 semplici passaggi<\/li>\n<li>Scegli un template preimpostato o libera la tua creativit\u00e0<\/li>\n<li>Guarda subito il risultato \u2013 l&#8217;anteprima interattiva ti permette di perfezionare ogni dettaglio<\/li>\n<\/ul>\n","protected":false},"featured_media":1670487,"template":"","meta":[],"product_brand":[],"product_cat":[9277,8830,5269,7608,11422,4449],"product_tag":[8662,11803,15668,12596,15679],"class_list":{"0":"post-596085","1":"product","2":"type-product","3":"status-publish","4":"has-post-thumbnail","6":"product_cat-bestsellers-label-it","7":"product_cat-collage-di-foto","8":"product_cat-regali-di-natale","9":"product_cat-regali-per-il-nonno","10":"product_cat-regali-di-natale-per-nonno","11":"product_cat-tutti-i-prodotti","12":"product_tag-grandpa-it","13":"product_tag-regali-di-natale-per-nonno","14":"product_tag-regalo-di-compleanno-per-nonno","15":"product_tag-regalo-nonno","16":"product_tag-regalo-per-il-nonno","18":"first","19":"instock","20":"sale","21":"taxable","22":"shipping-taxable","23":"purchasable","24":"product-type-variable"},"yoast_head":"<!-- This site is optimized with the Yoast SEO Premium plugin v27.2 (Yoast SEO v27.2) - https:\/\/yoast.com\/product\/yoast-seo-premium-wordpress\/ -->\n<title>Collage Fotografico con Lettere Nonno - Positive Prints<\/title>\n<meta name=\"description\" content=\"Sorprendi il tuo nonno con un regalo speciale! Crea un fotocollage personalizzato, pieno di ricordi significativi che adorer\u00e0.\" \/>\n<meta name=\"robots\" content=\"index, follow, max-snippet:-1, max-image-preview:large, max-video-preview:-1\" \/>\n<link rel=\"canonical\" href=\"https:\/\/positiveprints.com\/it\/prodotto\/collage-di-foto-a-forma-di-lettere-per-il-nonno\/\" \/>\n<meta property=\"og:locale\" content=\"it_IT\" \/>\n<meta property=\"og:type\" content=\"article\" \/>\n<meta property=\"og:title\" content=\"Collage Fotografico con Lettere Nonno\" \/>\n<meta property=\"og:description\" content=\"Aggiungi un messaggio personale  Personalizza in 3 semplici passaggi  Scegli un template preimpostato o libera la tua creativit\u00e0  Guarda subito il risultato \u2013 l&#039;anteprima interattiva ti permette di perfezionare ogni dettaglio\" \/>\n<meta property=\"og:url\" content=\"https:\/\/positiveprints.com\/it\/prodotto\/collage-di-foto-a-forma-di-lettere-per-il-nonno\/\" \/>\n<meta property=\"og:site_name\" content=\"Positive Prints\" \/>\n<meta property=\"article:publisher\" content=\"https:\/\/www.facebook.com\/positiveprintscom\" \/>\n<meta property=\"article:modified_time\" content=\"2026-04-12T21:28:38+00:00\" \/>\n<meta property=\"og:image\" content=\"https:\/\/positiveprints.com\/wp-content\/uploads\/2024\/11\/Packshot_IT_Grandpa-Letter-Photo-Collage-product-image.webp\" \/>\n\t<meta property=\"og:image:width\" content=\"1450\" \/>\n\t<meta property=\"og:image:height\" content=\"1450\" \/>\n\t<meta property=\"og:image:type\" content=\"image\/webp\" \/>\n<meta name=\"twitter:card\" content=\"summary_large_image\" \/>\n<meta name=\"twitter:label1\" content=\"Tempo di lettura stimato\" \/>\n\t<meta name=\"twitter:data1\" content=\"2 minuti\" \/>\n<!-- \/ Yoast SEO Premium plugin. -->","yoast_head_json":{"title":"Collage Fotografico con Lettere Nonno - Positive Prints","description":"Sorprendi il tuo nonno con un regalo speciale! Crea un fotocollage personalizzato, pieno di ricordi significativi che adorer\u00e0.","robots":{"index":"index","follow":"follow","max-snippet":"max-snippet:-1","max-image-preview":"max-image-preview:large","max-video-preview":"max-video-preview:-1"},"canonical":"https:\/\/positiveprints.com\/it\/prodotto\/collage-di-foto-a-forma-di-lettere-per-il-nonno\/","og_locale":"it_IT","og_type":"article","og_title":"Collage Fotografico con Lettere Nonno","og_description":"Aggiungi un messaggio personale  Personalizza in 3 semplici passaggi  Scegli un template preimpostato o libera la tua creativit\u00e0  Guarda subito il risultato \u2013 l'anteprima interattiva ti permette di perfezionare ogni dettaglio","og_url":"https:\/\/positiveprints.com\/it\/prodotto\/collage-di-foto-a-forma-di-lettere-per-il-nonno\/","og_site_name":"Positive Prints","article_publisher":"https:\/\/www.facebook.com\/positiveprintscom","article_modified_time":"2026-04-12T21:28:38+00:00","og_image":[{"width":1450,"height":1450,"url":"https:\/\/positiveprints.com\/wp-content\/uploads\/2024\/11\/Packshot_IT_Grandpa-Letter-Photo-Collage-product-image.webp","type":"image\/webp"}],"twitter_card":"summary_large_image","twitter_misc":{"Tempo di lettura stimato":"2 minuti"},"schema":{"@context":"https:\/\/schema.org","@graph":[{"@type":["WebPage","ItemPage"],"@id":"https:\/\/positiveprints.com\/it\/prodotto\/collage-di-foto-a-forma-di-lettere-per-il-nonno\/","url":"https:\/\/positiveprints.com\/it\/prodotto\/collage-di-foto-a-forma-di-lettere-per-il-nonno\/","name":"Collage Fotografico con Lettere Nonno - Positive Prints","isPartOf":{"@id":"https:\/\/positiveprints.com\/it\/#website"},"primaryImageOfPage":{"@id":"https:\/\/positiveprints.com\/it\/prodotto\/collage-di-foto-a-forma-di-lettere-per-il-nonno\/#primaryimage"},"image":{"@id":"https:\/\/positiveprints.com\/it\/prodotto\/collage-di-foto-a-forma-di-lettere-per-il-nonno\/#primaryimage"},"thumbnailUrl":"https:\/\/positiveprints.com\/wp-content\/uploads\/2026\/03\/nonno_IT.webp","datePublished":"2023-04-17T20:51:54+00:00","dateModified":"2026-04-12T21:28:38+00:00","description":"Sorprendi il tuo nonno con un regalo speciale! Crea un fotocollage personalizzato, pieno di ricordi significativi che adorer\u00e0.","breadcrumb":{"@id":"https:\/\/positiveprints.com\/it\/prodotto\/collage-di-foto-a-forma-di-lettere-per-il-nonno\/#breadcrumb"},"inLanguage":"it-IT","potentialAction":[{"@type":"ReadAction","target":["https:\/\/positiveprints.com\/it\/prodotto\/collage-di-foto-a-forma-di-lettere-per-il-nonno\/"]}]},{"@type":"ImageObject","inLanguage":"it-IT","@id":"https:\/\/positiveprints.com\/it\/prodotto\/collage-di-foto-a-forma-di-lettere-per-il-nonno\/#primaryimage","url":"https:\/\/positiveprints.com\/wp-content\/uploads\/2026\/03\/nonno_IT.webp","contentUrl":"https:\/\/positiveprints.com\/wp-content\/uploads\/2026\/03\/nonno_IT.webp","width":1450,"height":1450},{"@type":"BreadcrumbList","@id":"https:\/\/positiveprints.com\/it\/prodotto\/collage-di-foto-a-forma-di-lettere-per-il-nonno\/#breadcrumb","itemListElement":[{"@type":"ListItem","position":1,"name":"Home","item":"https:\/\/positiveprints.com\/it\/"},{"@type":"ListItem","position":2,"name":"Prodotti","item":"https:\/\/positiveprints.com\/it\/shop\/"},{"@type":"ListItem","position":3,"name":"Collage Fotografico con Lettere Nonno"}]},{"@type":"WebSite","@id":"https:\/\/positiveprints.com\/it\/#website","url":"https:\/\/positiveprints.com\/it\/","name":"Positive Prints","description":"Amazing Custom Personalized Gifts","publisher":{"@id":"https:\/\/positiveprints.com\/it\/#organization"},"potentialAction":[{"@type":"SearchAction","target":{"@type":"EntryPoint","urlTemplate":"https:\/\/positiveprints.com\/it\/?s={search_term_string}"},"query-input":{"@type":"PropertyValueSpecification","valueRequired":true,"valueName":"search_term_string"}}],"inLanguage":"it-IT"},{"@type":"Organization","@id":"https:\/\/positiveprints.com\/it\/#organization","name":"Positive Prints","alternateName":"Positive Prints","url":"https:\/\/positiveprints.com\/it\/","logo":{"@type":"ImageObject","inLanguage":"it-IT","@id":"https:\/\/positiveprints.com\/it\/#\/schema\/logo\/image\/","url":"https:\/\/positiveprints.com\/wp-content\/uploads\/2026\/03\/245815646_1337939713319158_5671353136411139666_n.png","contentUrl":"https:\/\/positiveprints.com\/wp-content\/uploads\/2026\/03\/245815646_1337939713319158_5671353136411139666_n.png","width":800,"height":800,"caption":"Positive Prints"},"image":{"@id":"https:\/\/positiveprints.com\/it\/#\/schema\/logo\/image\/"},"sameAs":["https:\/\/www.facebook.com\/positiveprintscom","https:\/\/www.instagram.com\/positiveprintscom\/","https:\/\/www.tiktok.com\/@positiveprintscom","https:\/\/www.pinterest.com\/positiveprintscom\/"]}]}},"jetpack_sharing_enabled":true,"_links":{"self":[{"href":"https:\/\/positiveprints.com\/it\/wp-json\/wp\/v2\/product\/596085","targetHints":{"allow":["GET"]}}],"collection":[{"href":"https:\/\/positiveprints.com\/it\/wp-json\/wp\/v2\/product"}],"about":[{"href":"https:\/\/positiveprints.com\/it\/wp-json\/wp\/v2\/types\/product"}],"wp:featuredmedia":[{"embeddable":true,"href":"https:\/\/positiveprints.com\/it\/wp-json\/wp\/v2\/media\/1670487"}],"wp:attachment":[{"href":"https:\/\/positiveprints.com\/it\/wp-json\/wp\/v2\/media?parent=596085"}],"wp:term":[{"taxonomy":"product_brand","embeddable":true,"href":"https:\/\/positiveprints.com\/it\/wp-json\/wp\/v2\/product_brand?post=596085"},{"taxonomy":"product_cat","embeddable":true,"href":"https:\/\/positiveprints.com\/it\/wp-json\/wp\/v2\/product_cat?post=596085"},{"taxonomy":"product_tag","embeddable":true,"href":"https:\/\/positiveprints.com\/it\/wp-json\/wp\/v2\/product_tag?post=596085"}],"curies":[{"name":"wp","href":"https:\/\/api.w.org\/{rel}","templated":true}]}}