{"id":596065,"date":"2023-04-17T21:35:09","date_gmt":"2023-04-17T20:35:09","guid":{"rendered":"https:\/\/positiveprints.com\/?post_type=product&#038;p=596065"},"modified":"2026-04-03T03:18:19","modified_gmt":"2026-04-03T02:18:19","slug":"collage-di-foto-a-forma-di-lettere-per-il-papa","status":"publish","type":"product","link":"https:\/\/positiveprints.com\/it\/prodotto\/collage-di-foto-a-forma-di-lettere-per-il-papa\/","title":{"rendered":"Collage di Foto a Forma di Lettere per il Pap\u00e0"},"content":{"rendered":"<p style=\"margin-top: 1rem\">Celebrare i pap\u00e0 e l\u2019amore che provano per i proprio figli non \u00e8 mai stato cos\u00ec facile con il Collage di Foto a Forma di Lettere per il Pap\u00e0! Scegli questa stampa se vuoi realizzare un regalo unico e pieno d\u2019affetto per il tuo pap\u00e0. Il collage fotografico \u00e8 composto dalle tue foto preferite che formano la parola \u201cpap\u00e0\u201d. Ma in realt\u00e0, se preferisci, puoi scegliere la parola che vuoi o il nomignolo che usi per tuo padre, come \u201cbabbo\u201d o \u201cpapino\u201d.<\/p>\r\n\r\n\r\n<p style=\"margin-top: 1rem\">Per creare il Collage Fotografico a Forma di Lettere per il Pap\u00e0, non devi far altro che selezionare l\u2019editor online e caricare le tue foto preferite. Ogni lettera della parola scelta conterr\u00e0 una tua foto cos\u00ec da creare un regalo unico, personalizzato e pieno d\u2019amore. Infine, puoi scegliere tra diversi formati come i poster, le tele, le stampe incorniciate e i download digitali per una stampa fai-da-te.<\/p>\r\n\r\n\r\n<p style=\"margin-top: 1rem\">Utilizzando i materiali di alta qualit\u00e0 e la tecnologia di Positive Prints, puoi assicurarti un risultato professionale e mozzafiato. Un regalo come questo pu\u00f2 far spuntare un sorriso sul viso del tuo pap\u00e0 e ricordargli, in qualsiasi istante, i bellissimi momenti che avete vissuto insieme.<\/p>\r\n\r\n\r\n<p style=\"margin-top: 1rem\">Che tu stia cercando un regalo in occasione della Festa del Pap\u00e0, del suo compleanno o qualsiasi altra giornata importante, il Collage di Foto a Forma di Lettere per il Pap\u00e0 \u00e8 un dono speciale per dirgli quanto tieni a lui. \u00c8 un regalo capace di donare amore nel tempo, cos\u00ec da ricordare al tuo pap\u00e0, il padre fantastico che \u00e8. Con Positive Prints, creare un Collage di Foto a Forma di Lettere per il Pap\u00e0 non \u00e8 mai stato cos\u00ec facile!<\/p>","protected":false},"excerpt":{"rendered":"<ul class=\"check-list\">\n<li>Aggiungi un testo personalizzato<\/li>\n<li>Personalizzala in 3 semplici passaggi<\/li>\n<li>Scegli un template o dai sfogo alla fantasia<\/li>\n<li>Guarda subito il risultato \u2013 l&#8217;anteprima interattiva ti permette di perfezionare ogni dettaglio<\/li>\n<\/ul>\n","protected":false},"featured_media":1278947,"template":"","meta":[],"product_brand":[],"product_cat":[8830,4449],"product_tag":[8554],"class_list":{"0":"post-596065","1":"product","2":"type-product","3":"status-publish","4":"has-post-thumbnail","6":"product_cat-collage-di-foto","7":"product_cat-tutti-i-prodotti","8":"product_tag-father-it","10":"first","11":"instock","12":"sale","13":"taxable","14":"shipping-taxable","15":"purchasable","16":"product-type-variable"},"yoast_head":"<!-- This site is optimized with the Yoast SEO Premium plugin v27.2 (Yoast SEO v27.2) - https:\/\/yoast.com\/product\/yoast-seo-premium-wordpress\/ -->\n<title>Collage di Foto a Forma di Lettere - Pap\u00e0 - Positive Prints<\/title>\n<meta name=\"description\" content=\"Che tu stia cercando un regalo per in occasione della Festa del Pap\u00e0, del suo compleanno o qualsiasi altra giornata speciale, il Collage di Foto a Forma di Lettere per il Pap\u00e0 \u00e8 un dono speciale per dirgli quanto tieni a lui.\" \/>\n<meta name=\"robots\" content=\"index, follow, max-snippet:-1, max-image-preview:large, max-video-preview:-1\" \/>\n<link rel=\"canonical\" href=\"https:\/\/positiveprints.com\/it\/prodotto\/collage-di-foto-a-forma-di-lettere-per-il-papa\/\" \/>\n<meta property=\"og:locale\" content=\"it_IT\" \/>\n<meta property=\"og:type\" content=\"article\" \/>\n<meta property=\"og:title\" content=\"Collage di Foto a Forma di Lettere per il Pap\u00e0\" \/>\n<meta property=\"og:description\" content=\"Aggiungi un testo personalizzato  Personalizzala in 3 semplici passaggi  Scegli un template o dai sfogo alla fantasia  Guarda subito il risultato \u2013 l&#039;anteprima interattiva ti permette di perfezionare ogni dettaglio\" \/>\n<meta property=\"og:url\" content=\"https:\/\/positiveprints.com\/it\/prodotto\/collage-di-foto-a-forma-di-lettere-per-il-papa\/\" \/>\n<meta property=\"og:site_name\" content=\"Positive Prints\" \/>\n<meta property=\"article:publisher\" content=\"https:\/\/www.facebook.com\/positiveprintscom\" \/>\n<meta property=\"article:modified_time\" content=\"2026-04-03T02:18:19+00:00\" \/>\n<meta property=\"og:image\" content=\"https:\/\/positiveprints.com\/wp-content\/uploads\/2024\/11\/Packshot_IT_Dad-Letter-Photo-Collage-product-image-.webp\" \/>\n\t<meta property=\"og:image:width\" content=\"1450\" \/>\n\t<meta property=\"og:image:height\" content=\"1450\" \/>\n\t<meta property=\"og:image:type\" content=\"image\/webp\" \/>\n<meta name=\"twitter:card\" content=\"summary_large_image\" \/>\n<meta name=\"twitter:label1\" content=\"Tempo di lettura stimato\" \/>\n\t<meta name=\"twitter:data1\" content=\"2 minuti\" \/>\n<!-- \/ Yoast SEO Premium plugin. -->","yoast_head_json":{"title":"Collage di Foto a Forma di Lettere - Pap\u00e0 - Positive Prints","description":"Che tu stia cercando un regalo per in occasione della Festa del Pap\u00e0, del suo compleanno o qualsiasi altra giornata speciale, il Collage di Foto a Forma di Lettere per il Pap\u00e0 \u00e8 un dono speciale per dirgli quanto tieni a lui.","robots":{"index":"index","follow":"follow","max-snippet":"max-snippet:-1","max-image-preview":"max-image-preview:large","max-video-preview":"max-video-preview:-1"},"canonical":"https:\/\/positiveprints.com\/it\/prodotto\/collage-di-foto-a-forma-di-lettere-per-il-papa\/","og_locale":"it_IT","og_type":"article","og_title":"Collage di Foto a Forma di Lettere per il Pap\u00e0","og_description":"Aggiungi un testo personalizzato  Personalizzala in 3 semplici passaggi  Scegli un template o dai sfogo alla fantasia  Guarda subito il risultato \u2013 l'anteprima interattiva ti permette di perfezionare ogni dettaglio","og_url":"https:\/\/positiveprints.com\/it\/prodotto\/collage-di-foto-a-forma-di-lettere-per-il-papa\/","og_site_name":"Positive Prints","article_publisher":"https:\/\/www.facebook.com\/positiveprintscom","article_modified_time":"2026-04-03T02:18:19+00:00","og_image":[{"width":1450,"height":1450,"url":"https:\/\/positiveprints.com\/wp-content\/uploads\/2024\/11\/Packshot_IT_Dad-Letter-Photo-Collage-product-image-.webp","type":"image\/webp"}],"twitter_card":"summary_large_image","twitter_misc":{"Tempo di lettura stimato":"2 minuti"},"schema":{"@context":"https:\/\/schema.org","@graph":[{"@type":["WebPage","ItemPage"],"@id":"https:\/\/positiveprints.com\/it\/prodotto\/collage-di-foto-a-forma-di-lettere-per-il-papa\/","url":"https:\/\/positiveprints.com\/it\/prodotto\/collage-di-foto-a-forma-di-lettere-per-il-papa\/","name":"Collage di Foto a Forma di Lettere - Pap\u00e0 - Positive Prints","isPartOf":{"@id":"https:\/\/positiveprints.com\/it\/#website"},"primaryImageOfPage":{"@id":"https:\/\/positiveprints.com\/it\/prodotto\/collage-di-foto-a-forma-di-lettere-per-il-papa\/#primaryimage"},"image":{"@id":"https:\/\/positiveprints.com\/it\/prodotto\/collage-di-foto-a-forma-di-lettere-per-il-papa\/#primaryimage"},"thumbnailUrl":"https:\/\/positiveprints.com\/wp-content\/uploads\/2024\/11\/Packshot_IT_Dad-Letter-Photo-Collage-product-image-.webp","datePublished":"2023-04-17T20:35:09+00:00","dateModified":"2026-04-03T02:18:19+00:00","description":"Che tu stia cercando un regalo per in occasione della Festa del Pap\u00e0, del suo compleanno o qualsiasi altra giornata speciale, il Collage di Foto a Forma di Lettere per il Pap\u00e0 \u00e8 un dono speciale per dirgli quanto tieni a lui.","breadcrumb":{"@id":"https:\/\/positiveprints.com\/it\/prodotto\/collage-di-foto-a-forma-di-lettere-per-il-papa\/#breadcrumb"},"inLanguage":"it-IT","potentialAction":[{"@type":"ReadAction","target":["https:\/\/positiveprints.com\/it\/prodotto\/collage-di-foto-a-forma-di-lettere-per-il-papa\/"]}]},{"@type":"ImageObject","inLanguage":"it-IT","@id":"https:\/\/positiveprints.com\/it\/prodotto\/collage-di-foto-a-forma-di-lettere-per-il-papa\/#primaryimage","url":"https:\/\/positiveprints.com\/wp-content\/uploads\/2024\/11\/Packshot_IT_Dad-Letter-Photo-Collage-product-image-.webp","contentUrl":"https:\/\/positiveprints.com\/wp-content\/uploads\/2024\/11\/Packshot_IT_Dad-Letter-Photo-Collage-product-image-.webp","width":1450,"height":1450},{"@type":"BreadcrumbList","@id":"https:\/\/positiveprints.com\/it\/prodotto\/collage-di-foto-a-forma-di-lettere-per-il-papa\/#breadcrumb","itemListElement":[{"@type":"ListItem","position":1,"name":"Home","item":"https:\/\/positiveprints.com\/it\/"},{"@type":"ListItem","position":2,"name":"Prodotti","item":"https:\/\/positiveprints.com\/it\/shop\/"},{"@type":"ListItem","position":3,"name":"Collage di Foto a Forma di Lettere per il Pap\u00e0"}]},{"@type":"WebSite","@id":"https:\/\/positiveprints.com\/it\/#website","url":"https:\/\/positiveprints.com\/it\/","name":"Positive Prints","description":"Amazing Custom Personalized Gifts","publisher":{"@id":"https:\/\/positiveprints.com\/it\/#organization"},"potentialAction":[{"@type":"SearchAction","target":{"@type":"EntryPoint","urlTemplate":"https:\/\/positiveprints.com\/it\/?s={search_term_string}"},"query-input":{"@type":"PropertyValueSpecification","valueRequired":true,"valueName":"search_term_string"}}],"inLanguage":"it-IT"},{"@type":"Organization","@id":"https:\/\/positiveprints.com\/it\/#organization","name":"Positive Prints","alternateName":"Positive Prints","url":"https:\/\/positiveprints.com\/it\/","logo":{"@type":"ImageObject","inLanguage":"it-IT","@id":"https:\/\/positiveprints.com\/it\/#\/schema\/logo\/image\/","url":"https:\/\/positiveprints.com\/wp-content\/uploads\/2026\/03\/245815646_1337939713319158_5671353136411139666_n.png","contentUrl":"https:\/\/positiveprints.com\/wp-content\/uploads\/2026\/03\/245815646_1337939713319158_5671353136411139666_n.png","width":800,"height":800,"caption":"Positive Prints"},"image":{"@id":"https:\/\/positiveprints.com\/it\/#\/schema\/logo\/image\/"},"sameAs":["https:\/\/www.facebook.com\/positiveprintscom","https:\/\/www.instagram.com\/positiveprintscom\/","https:\/\/www.tiktok.com\/@positiveprintscom","https:\/\/www.pinterest.com\/positiveprintscom\/"]}]}},"jetpack_sharing_enabled":true,"_links":{"self":[{"href":"https:\/\/positiveprints.com\/it\/wp-json\/wp\/v2\/product\/596065","targetHints":{"allow":["GET"]}}],"collection":[{"href":"https:\/\/positiveprints.com\/it\/wp-json\/wp\/v2\/product"}],"about":[{"href":"https:\/\/positiveprints.com\/it\/wp-json\/wp\/v2\/types\/product"}],"wp:featuredmedia":[{"embeddable":true,"href":"https:\/\/positiveprints.com\/it\/wp-json\/wp\/v2\/media\/1278947"}],"wp:attachment":[{"href":"https:\/\/positiveprints.com\/it\/wp-json\/wp\/v2\/media?parent=596065"}],"wp:term":[{"taxonomy":"product_brand","embeddable":true,"href":"https:\/\/positiveprints.com\/it\/wp-json\/wp\/v2\/product_brand?post=596065"},{"taxonomy":"product_cat","embeddable":true,"href":"https:\/\/positiveprints.com\/it\/wp-json\/wp\/v2\/product_cat?post=596065"},{"taxonomy":"product_tag","embeddable":true,"href":"https:\/\/positiveprints.com\/it\/wp-json\/wp\/v2\/product_tag?post=596065"}],"curies":[{"name":"wp","href":"https:\/\/api.w.org\/{rel}","templated":true}]}}