{"id":591182,"date":"2023-04-12T10:23:49","date_gmt":"2023-04-12T09:23:49","guid":{"rendered":"https:\/\/positiveprints.com\/product\/collage-di-foto-a-forma-di-lettere-per-la-mamma\/"},"modified":"2026-04-18T06:01:18","modified_gmt":"2026-04-18T05:01:18","slug":"collage-foto-lettere-mamma","status":"publish","type":"product","link":"https:\/\/positiveprints.com\/it\/prodotto\/collage-foto-lettere-mamma\/","title":{"rendered":"Collage di Foto a Forma di Lettere per la Mamma"},"content":{"rendered":"<p><span style=\"font-weight: 400;\">Stai cercando un regalo personalizzato e con un significato profondo per la tua mamma? Ferma le ricerche: il Collage di Foto a Forma di Lettere per la Mamma di Positive Prints \u00e8 ci\u00f2 che fa per te! Con questo collage, infatti, puoi unire le tue foto pi\u00f9 belle e metterle insieme per creare la parola \u201cmamma\u201d. Inoltre, puoi scegliere anche altre parole, trovando quella che pi\u00f9 desideri. Da \u201cmamma\u201d ad \u201camore\u201d, la parola da comporre \u00e8 completamente personalizzabile. Questo collage \u00e8 un modo meraviglioso per celebrare e conservare i momenti e i ricordi preziosi che hai condiviso con tua madre.<\/span><\/p>\n<p><span style=\"font-weight: 400;\">Il procedimento \u00e8 semplice e senza fronzoli. Per creare Collage di Foto a Forma di Lettere per la Mamma devi innanzitutto selezionare l\u2019editor online e caricare una foto per lettera. Puoi scegliere tra diversi formati di stampa inclusi poster, tele, stampe incorniciate o il download istantaneo per avere una versione digitale del tuo collage. Oltre a essere facile da realizzare, puoi personalizzarlo finch\u00e9 non riesci a raggiungere un risultato che ti piace davvero.<\/span><\/p>\n<p><span style=\"font-weight: 400;\">Utilizzando i materiali di alta qualit\u00e0 e la tecnologia di Positive Prints, puoi assicurarti quindi un risultato professionale e mozzafiato. E allora appendi questa stampa sulle pareti di casa o regalala a tua mamma in occasione del suo compleanno, la <\/span><a href=\"https:\/\/positiveprints.com\/it\/festa-della-mamma\/\"><span style=\"font-weight: 400;\">Festa della Mamma<\/span><\/a><span style=\"font-weight: 400;\"> o qualsiasi altro giorno importante per voi.<\/span><\/p>\n<p><span style=\"font-weight: 400;\">Dopotutto, il Collage di Foto a Forma di Lettere per la Mamma \u00e8 un meraviglioso modo di celebrare l\u2019amore e il legame tra madre-figlio. Con Positive Prints puoi donare alla tua mamma un regalo personalizzato che viene dal cuore.<\/span><\/p><h2 class=\"wp-block-heading\" id=\"h-domande-poste-frequentemente\"><strong>Domande Poste Frequentemente<\/strong><\/h2><details class=\"wp-block-details is-layout-flow wp-block-details-is-layout-flow\"><summary><strong>Cos&#8217;\u00e8 un Collage di Foto a Forma di Lettere per la Mamma?<\/strong><\/summary><p>Il Collage di Foto a Forma di Lettere per la Mamma \u00e8 un poster personalizzato con le tue foto preferite. Nello specifico, le foto vanno a formare la parola &#8220;mamma&#8221; o qualsiasi parola che vuoi usare. Di conseguenza, ti permette di celebrare i momenti preziosi condivisi con tua madre.<\/p><\/details><details class=\"wp-block-details is-layout-flow wp-block-details-is-layout-flow\"><summary><strong>\u00c8 un collage personalizzato?<\/strong><\/summary><p>S\u00ec, ogni collage \u00e8 completamente personalizzato: carichi una foto per ciascuna lettera, usando l\u2019intuitivo editor online e dai inizio alla customizzazione. Aggiungi un messaggio personale per renderlo ancora pi\u00f9 significativo e inoltre puoi affidarti all&#8217;anteprima interattiva per controllare le modifiche in tempo reale.\u200b<\/p><\/details><details class=\"wp-block-details is-layout-flow wp-block-details-is-layout-flow\"><summary><strong>Perch\u00e9 \u00e8 il regalo perfetto per la Festa della Mamma?<\/strong><\/summary><p>\u00c8 il regalo perfetto perch\u00e9 celebra l&#8217;amore e il legame tra mamma e figlio. Nello specifico, \u00e8 un pensiero super originale che viene dal cuore. Di conseguenza, \u00e8 un ricordo toccante che durer\u00e0 per sempre.\u200b<\/p><\/details><details class=\"wp-block-details is-layout-flow wp-block-details-is-layout-flow\"><summary><strong>Come creare un Collage di Foto a Forma di Lettere per la Mamma?<\/strong><\/summary><p>Per creare il tuo collage bastano 3 passaggi. Innanzitutto, scegli le foto pi\u00f9 belle per ogni lettera. Successivamente, aggiungi un messaggio personale e il design. Infine, scegli il formato di stampa che preferisci.\u200b<\/p><\/details><details class=\"wp-block-details is-layout-flow wp-block-details-is-layout-flow\"><summary><strong>Per quali occasioni \u00e8 perfetto questo collage?<\/strong><\/summary><p>Questo collage \u00e8 perfetto per la Festa della Mamma, i compleanni, gli anniversari e il Natale. Inoltre, \u00e8 ideale per dire &#8220;ti voglio bene&#8221; in qualsiasi momento, cos\u00ec da celebrare questo legame speciale con la mamma.\u200b<\/p><\/details><details class=\"wp-block-details is-layout-flow wp-block-details-is-layout-flow\"><summary><strong>In quanto tempo posso ricevere il mio collage?<\/strong><\/summary><p>Per un regalo immediato, opta per il nostro download digitale di un file JPEG ad alta risoluzione (300 dpi) che puoi stampare in autonomia. Per i prodotti finiti invece sappi che stampiamo e spediamo localmente dai nostri centri in Australia, Canada, Stati Uniti, Regno Unito ed Europa in pochi giorni.<\/p><\/details>","protected":false},"excerpt":{"rendered":"\n<ul class=\"check-list\">\n<li>Scegli le vostre foto preferite per creare un poster davvero unico<\/li>\n<li>Aggiungi un messaggio personale per renderlo ancora pi\u00f9 significativo<\/li>\n<li>Crea il tuo poster in 3 semplici passaggi<\/li>\n<li>Guarda subito il risultato \u2013 l&#8217;anteprima interattiva ti permette di perfezionare ogni dettaglio<\/li>\n<\/ul>\n","protected":false},"featured_media":1284068,"template":"","meta":[],"product_brand":[],"product_cat":[8830,9763,4449,7280,5269,11429,7704],"product_tag":[12602,12603,8406,11797],"class_list":{"0":"post-591182","1":"product","2":"type-product","3":"status-publish","4":"has-post-thumbnail","6":"product_cat-collage-di-foto","7":"product_cat-trending-label-it","8":"product_cat-tutti-i-prodotti","9":"product_cat-regali-per-la-festa-della-mamma","10":"product_cat-regali-di-natale","11":"product_cat-regali-di-natale-per-mamma","12":"product_cat-regali-per-la-mamma","13":"product_tag-mamma-it","14":"product_tag-mamma-it-2","15":"product_tag-mother-it","16":"product_tag-regali-di-natale-per-mamma","18":"first","19":"instock","20":"sale","21":"taxable","22":"shipping-taxable","23":"purchasable","24":"product-type-variable"},"yoast_head":"<!-- This site is optimized with the Yoast SEO Premium plugin v27.2 (Yoast SEO v27.2) - https:\/\/yoast.com\/product\/yoast-seo-premium-wordpress\/ -->\n<title>Collage di Foto a Forma di Lettere per la Mamma - Positive Prints<\/title>\n<meta name=\"description\" content=\"Stai cercando un regalo personalizzato e con un significato profondo per la tua mamma? Non cercare oltre: ecco il Collage di Foto a Forma di Lettere per la Mamma!\" \/>\n<meta name=\"robots\" content=\"index, follow, max-snippet:-1, max-image-preview:large, max-video-preview:-1\" \/>\n<link rel=\"canonical\" href=\"https:\/\/positiveprints.com\/it\/prodotto\/collage-foto-lettere-mamma\/\" \/>\n<meta property=\"og:locale\" content=\"it_IT\" \/>\n<meta property=\"og:type\" content=\"article\" \/>\n<meta property=\"og:title\" content=\"Collage di Foto a Forma di Lettere per la Mamma\" \/>\n<meta property=\"og:description\" content=\"Scegli le vostre foto preferite per creare un poster davvero unico           Aggiungi un messaggio personale per renderlo ancora pi\u00f9 significativo              Crea il tuo poster in 3 semplici passaggi               Guarda subito il risultato \u2013 l&#039;anteprima interattiva ti permette di perfezionare ogni dettaglio\" \/>\n<meta property=\"og:url\" content=\"https:\/\/positiveprints.com\/it\/prodotto\/collage-foto-lettere-mamma\/\" \/>\n<meta property=\"og:site_name\" content=\"Positive Prints\" \/>\n<meta property=\"article:publisher\" content=\"https:\/\/www.facebook.com\/positiveprintscom\" \/>\n<meta property=\"article:modified_time\" content=\"2026-04-18T05:01:18+00:00\" \/>\n<meta property=\"og:image\" content=\"https:\/\/positiveprints.com\/wp-content\/uploads\/2024\/11\/Packshot_IT_Mom-Letter-Photo-Collage-product-image.webp\" \/>\n\t<meta property=\"og:image:width\" content=\"1450\" \/>\n\t<meta property=\"og:image:height\" content=\"1450\" \/>\n\t<meta property=\"og:image:type\" content=\"image\/webp\" \/>\n<meta name=\"twitter:card\" content=\"summary_large_image\" \/>\n<meta name=\"twitter:label1\" content=\"Tempo di lettura stimato\" \/>\n\t<meta name=\"twitter:data1\" content=\"3 minuti\" \/>\n<!-- \/ Yoast SEO Premium plugin. -->","yoast_head_json":{"title":"Collage di Foto a Forma di Lettere per la Mamma - Positive Prints","description":"Stai cercando un regalo personalizzato e con un significato profondo per la tua mamma? Non cercare oltre: ecco il Collage di Foto a Forma di Lettere per la Mamma!","robots":{"index":"index","follow":"follow","max-snippet":"max-snippet:-1","max-image-preview":"max-image-preview:large","max-video-preview":"max-video-preview:-1"},"canonical":"https:\/\/positiveprints.com\/it\/prodotto\/collage-foto-lettere-mamma\/","og_locale":"it_IT","og_type":"article","og_title":"Collage di Foto a Forma di Lettere per la Mamma","og_description":"Scegli le vostre foto preferite per creare un poster davvero unico           Aggiungi un messaggio personale per renderlo ancora pi\u00f9 significativo              Crea il tuo poster in 3 semplici passaggi               Guarda subito il risultato \u2013 l'anteprima interattiva ti permette di perfezionare ogni dettaglio","og_url":"https:\/\/positiveprints.com\/it\/prodotto\/collage-foto-lettere-mamma\/","og_site_name":"Positive Prints","article_publisher":"https:\/\/www.facebook.com\/positiveprintscom","article_modified_time":"2026-04-18T05:01:18+00:00","og_image":[{"width":1450,"height":1450,"url":"https:\/\/positiveprints.com\/wp-content\/uploads\/2024\/11\/Packshot_IT_Mom-Letter-Photo-Collage-product-image.webp","type":"image\/webp"}],"twitter_card":"summary_large_image","twitter_misc":{"Tempo di lettura stimato":"3 minuti"},"schema":{"@context":"https:\/\/schema.org","@graph":[{"@type":["WebPage","ItemPage"],"@id":"https:\/\/positiveprints.com\/it\/prodotto\/collage-foto-lettere-mamma\/","url":"https:\/\/positiveprints.com\/it\/prodotto\/collage-foto-lettere-mamma\/","name":"Collage di Foto a Forma di Lettere per la Mamma - Positive Prints","isPartOf":{"@id":"https:\/\/positiveprints.com\/it\/#website"},"primaryImageOfPage":{"@id":"https:\/\/positiveprints.com\/it\/prodotto\/collage-foto-lettere-mamma\/#primaryimage"},"image":{"@id":"https:\/\/positiveprints.com\/it\/prodotto\/collage-foto-lettere-mamma\/#primaryimage"},"thumbnailUrl":"https:\/\/positiveprints.com\/wp-content\/uploads\/2024\/11\/Packshot_IT_Mom-Letter-Photo-Collage-product-image.webp","datePublished":"2023-04-12T09:23:49+00:00","dateModified":"2026-04-18T05:01:18+00:00","description":"Stai cercando un regalo personalizzato e con un significato profondo per la tua mamma? Non cercare oltre: ecco il Collage di Foto a Forma di Lettere per la Mamma!","breadcrumb":{"@id":"https:\/\/positiveprints.com\/it\/prodotto\/collage-foto-lettere-mamma\/#breadcrumb"},"inLanguage":"it-IT","potentialAction":[{"@type":"ReadAction","target":["https:\/\/positiveprints.com\/it\/prodotto\/collage-foto-lettere-mamma\/"]}]},{"@type":"ImageObject","inLanguage":"it-IT","@id":"https:\/\/positiveprints.com\/it\/prodotto\/collage-foto-lettere-mamma\/#primaryimage","url":"https:\/\/positiveprints.com\/wp-content\/uploads\/2024\/11\/Packshot_IT_Mom-Letter-Photo-Collage-product-image.webp","contentUrl":"https:\/\/positiveprints.com\/wp-content\/uploads\/2024\/11\/Packshot_IT_Mom-Letter-Photo-Collage-product-image.webp","width":1450,"height":1450},{"@type":"BreadcrumbList","@id":"https:\/\/positiveprints.com\/it\/prodotto\/collage-foto-lettere-mamma\/#breadcrumb","itemListElement":[{"@type":"ListItem","position":1,"name":"Home","item":"https:\/\/positiveprints.com\/it\/"},{"@type":"ListItem","position":2,"name":"Prodotti","item":"https:\/\/positiveprints.com\/it\/shop\/"},{"@type":"ListItem","position":3,"name":"Collage di Foto a Forma di Lettere per la Mamma"}]},{"@type":"WebSite","@id":"https:\/\/positiveprints.com\/it\/#website","url":"https:\/\/positiveprints.com\/it\/","name":"Positive Prints","description":"Amazing Custom Personalized Gifts","publisher":{"@id":"https:\/\/positiveprints.com\/it\/#organization"},"potentialAction":[{"@type":"SearchAction","target":{"@type":"EntryPoint","urlTemplate":"https:\/\/positiveprints.com\/it\/?s={search_term_string}"},"query-input":{"@type":"PropertyValueSpecification","valueRequired":true,"valueName":"search_term_string"}}],"inLanguage":"it-IT"},{"@type":"Organization","@id":"https:\/\/positiveprints.com\/it\/#organization","name":"Positive Prints","alternateName":"Positive Prints","url":"https:\/\/positiveprints.com\/it\/","logo":{"@type":"ImageObject","inLanguage":"it-IT","@id":"https:\/\/positiveprints.com\/it\/#\/schema\/logo\/image\/","url":"https:\/\/positiveprints.com\/wp-content\/uploads\/2026\/03\/245815646_1337939713319158_5671353136411139666_n.png","contentUrl":"https:\/\/positiveprints.com\/wp-content\/uploads\/2026\/03\/245815646_1337939713319158_5671353136411139666_n.png","width":800,"height":800,"caption":"Positive Prints"},"image":{"@id":"https:\/\/positiveprints.com\/it\/#\/schema\/logo\/image\/"},"sameAs":["https:\/\/www.facebook.com\/positiveprintscom","https:\/\/www.instagram.com\/positiveprintscom\/","https:\/\/www.tiktok.com\/@positiveprintscom","https:\/\/www.pinterest.com\/positiveprintscom\/"]}]}},"jetpack_sharing_enabled":true,"_links":{"self":[{"href":"https:\/\/positiveprints.com\/it\/wp-json\/wp\/v2\/product\/591182","targetHints":{"allow":["GET"]}}],"collection":[{"href":"https:\/\/positiveprints.com\/it\/wp-json\/wp\/v2\/product"}],"about":[{"href":"https:\/\/positiveprints.com\/it\/wp-json\/wp\/v2\/types\/product"}],"wp:featuredmedia":[{"embeddable":true,"href":"https:\/\/positiveprints.com\/it\/wp-json\/wp\/v2\/media\/1284068"}],"wp:attachment":[{"href":"https:\/\/positiveprints.com\/it\/wp-json\/wp\/v2\/media?parent=591182"}],"wp:term":[{"taxonomy":"product_brand","embeddable":true,"href":"https:\/\/positiveprints.com\/it\/wp-json\/wp\/v2\/product_brand?post=591182"},{"taxonomy":"product_cat","embeddable":true,"href":"https:\/\/positiveprints.com\/it\/wp-json\/wp\/v2\/product_cat?post=591182"},{"taxonomy":"product_tag","embeddable":true,"href":"https:\/\/positiveprints.com\/it\/wp-json\/wp\/v2\/product_tag?post=591182"}],"curies":[{"name":"wp","href":"https:\/\/api.w.org\/{rel}","templated":true}]}}