{"id":591084,"date":"2023-04-07T20:38:07","date_gmt":"2023-04-07T19:38:07","guid":{"rendered":"https:\/\/positiveprints.com\/?post_type=product&#038;p=591084"},"modified":"2026-04-03T03:19:03","modified_gmt":"2026-04-03T02:19:03","slug":"la-mappa-stellare-tripla-del-nostro-papa","status":"publish","type":"product","link":"https:\/\/positiveprints.com\/it\/prodotto\/la-mappa-stellare-tripla-del-nostro-papa\/","title":{"rendered":"La Mappa Stellare Tripla del Nostro Pap\u00e0"},"content":{"rendered":"<p style=\"margin-top: 1rem\">La nostra Mappa Stellare Tripla del Nostro Pap\u00e0 \u00e8 il regalo personalizzato ideale per stupire il tuo pap\u00e0 in qualsiasi occasione speciale! Che tu voglia stupirlo in occasione della Festa del Pap\u00e0, del suo compleanno o a Natale, questa stampa originale render\u00e0 la sua giornata indimenticabile.<\/p>\r\n\r\n\r\n<p style=\"margin-top: 1rem\">Questa stampa completamente personalizzabile include tre bellissime mappe in un unico poster. Una delle mappe raffigura la data e il luogo di nascita del tuo pap\u00e0, mentre le altre due mappe sono dedicate a te e ai tuoi fratelli o sorelle.<\/p>\r\n\r\n\r\n<p style=\"margin-top: 1rem\">Con il nostro editor online, facile da usare, hai la libert\u00e0 di scegliere tra una vasta gamma di design e colori per creare una Mappa Stellare Tripla del Nostro Pap\u00e0 personalizzata e sorprendente. Per aggiungere un tocco ancora pi\u00f9 speciale, ti consigliamo di scrivere un messaggio tutto tuo o di scegliere una citazione significativa.<\/p>\r\n\r\n\r\n<p style=\"margin-top: 1rem\">Una volta create le mappe stellari, puoi scegliere la dimensione e il formato della stampa che pi\u00f9 soddisfa le tue esigenze. Sono disponibili poster stampati o incorniciati, tele e file digitali da scaricare in un paio di clic. Regala a tuo padre un regalo significativo e indimenticabile con la nostra Mappa Stellare Tripla del Nostro Pap\u00e0.<\/p>","protected":false},"excerpt":{"rendered":"<ul class=\"check-list\">\n<li>Celebra la paternit\u00e0 con un dono senza tempo: un&#8217;opera d&#8217;arte che tuo padre apprezzer\u00e0 per sempre<\/li>\n<li>Decorala con costellazioni e la Via Lattea<\/li>\n<li>Personalizzala in 3 semplici passaggi<\/li>\n<li>Aggiungi un testo personalizzato<\/li>\n<li>Guarda subito il risultato \u2013 l&#8217;anteprima interattiva ti permette di perfezionare ogni dettaglio<\/li>\n<\/ul>\n","protected":false},"featured_media":1258623,"template":"","meta":[],"product_brand":[],"product_cat":[9101,4449],"product_tag":[8554],"class_list":{"0":"post-591084","1":"product","2":"type-product","3":"status-publish","4":"has-post-thumbnail","6":"product_cat-trio-stars-it","7":"product_cat-tutti-i-prodotti","8":"product_tag-father-it","10":"first","11":"instock","12":"sale","13":"taxable","14":"shipping-taxable","15":"purchasable","16":"product-type-variable"},"yoast_head":"<!-- This site is optimized with the Yoast SEO Premium plugin v27.2 (Yoast SEO v27.2) - https:\/\/yoast.com\/product\/yoast-seo-premium-wordpress\/ -->\n<title>La Mappa Stellare Tripla del Nostro Pap\u00e0 - Positive Prints<\/title>\n<meta name=\"description\" content=\"Celebra il pap\u00e0 pi\u00f9 speciale al mondo regalandogli un\u2019opera d\u2019arte unica nel suo genere. Ordina subito la Mappa Stellare Tripla del Nostro Pap\u00e0.\" \/>\n<meta name=\"robots\" content=\"index, follow, max-snippet:-1, max-image-preview:large, max-video-preview:-1\" \/>\n<link rel=\"canonical\" href=\"https:\/\/positiveprints.com\/it\/prodotto\/la-mappa-stellare-tripla-del-nostro-papa\/\" \/>\n<meta property=\"og:locale\" content=\"it_IT\" \/>\n<meta property=\"og:type\" content=\"article\" \/>\n<meta property=\"og:title\" content=\"La Mappa Stellare Tripla del Nostro Pap\u00e0\" \/>\n<meta property=\"og:description\" content=\"Celebra la paternit\u00e0 con un dono senza tempo: un&#039;opera d&#039;arte che tuo padre apprezzer\u00e0 per sempre Decorala con costellazioni e la Via Lattea Personalizzala in 3 semplici passaggi Aggiungi un testo personalizzato Guarda subito il risultato \u2013 l&#039;anteprima interattiva ti permette di perfezionare ogni dettaglio\" \/>\n<meta property=\"og:url\" content=\"https:\/\/positiveprints.com\/it\/prodotto\/la-mappa-stellare-tripla-del-nostro-papa\/\" \/>\n<meta property=\"og:site_name\" content=\"Positive Prints\" \/>\n<meta property=\"article:publisher\" content=\"https:\/\/www.facebook.com\/positiveprintscom\" \/>\n<meta property=\"article:modified_time\" content=\"2026-04-03T02:19:03+00:00\" \/>\n<meta property=\"og:image\" content=\"https:\/\/positiveprints.com\/wp-content\/uploads\/2024\/11\/Packshot_IT_Our-Dad-Triple-Star-Map-product-image-.webp\" \/>\n\t<meta property=\"og:image:width\" content=\"1450\" \/>\n\t<meta property=\"og:image:height\" content=\"1450\" \/>\n\t<meta property=\"og:image:type\" content=\"image\/webp\" \/>\n<meta name=\"twitter:card\" content=\"summary_large_image\" \/>\n<meta name=\"twitter:label1\" content=\"Tempo di lettura stimato\" \/>\n\t<meta name=\"twitter:data1\" content=\"1 minuto\" \/>\n<!-- \/ Yoast SEO Premium plugin. -->","yoast_head_json":{"title":"La Mappa Stellare Tripla del Nostro Pap\u00e0 - Positive Prints","description":"Celebra il pap\u00e0 pi\u00f9 speciale al mondo regalandogli un\u2019opera d\u2019arte unica nel suo genere. Ordina subito la Mappa Stellare Tripla del Nostro Pap\u00e0.","robots":{"index":"index","follow":"follow","max-snippet":"max-snippet:-1","max-image-preview":"max-image-preview:large","max-video-preview":"max-video-preview:-1"},"canonical":"https:\/\/positiveprints.com\/it\/prodotto\/la-mappa-stellare-tripla-del-nostro-papa\/","og_locale":"it_IT","og_type":"article","og_title":"La Mappa Stellare Tripla del Nostro Pap\u00e0","og_description":"Celebra la paternit\u00e0 con un dono senza tempo: un'opera d'arte che tuo padre apprezzer\u00e0 per sempre Decorala con costellazioni e la Via Lattea Personalizzala in 3 semplici passaggi Aggiungi un testo personalizzato Guarda subito il risultato \u2013 l'anteprima interattiva ti permette di perfezionare ogni dettaglio","og_url":"https:\/\/positiveprints.com\/it\/prodotto\/la-mappa-stellare-tripla-del-nostro-papa\/","og_site_name":"Positive Prints","article_publisher":"https:\/\/www.facebook.com\/positiveprintscom","article_modified_time":"2026-04-03T02:19:03+00:00","og_image":[{"width":1450,"height":1450,"url":"https:\/\/positiveprints.com\/wp-content\/uploads\/2024\/11\/Packshot_IT_Our-Dad-Triple-Star-Map-product-image-.webp","type":"image\/webp"}],"twitter_card":"summary_large_image","twitter_misc":{"Tempo di lettura stimato":"1 minuto"},"schema":{"@context":"https:\/\/schema.org","@graph":[{"@type":["WebPage","ItemPage"],"@id":"https:\/\/positiveprints.com\/it\/prodotto\/la-mappa-stellare-tripla-del-nostro-papa\/","url":"https:\/\/positiveprints.com\/it\/prodotto\/la-mappa-stellare-tripla-del-nostro-papa\/","name":"La Mappa Stellare Tripla del Nostro Pap\u00e0 - Positive Prints","isPartOf":{"@id":"https:\/\/positiveprints.com\/it\/#website"},"primaryImageOfPage":{"@id":"https:\/\/positiveprints.com\/it\/prodotto\/la-mappa-stellare-tripla-del-nostro-papa\/#primaryimage"},"image":{"@id":"https:\/\/positiveprints.com\/it\/prodotto\/la-mappa-stellare-tripla-del-nostro-papa\/#primaryimage"},"thumbnailUrl":"https:\/\/positiveprints.com\/wp-content\/uploads\/2024\/11\/Packshot_IT_Our-Dad-Triple-Star-Map-product-image-.webp","datePublished":"2023-04-07T19:38:07+00:00","dateModified":"2026-04-03T02:19:03+00:00","description":"Celebra il pap\u00e0 pi\u00f9 speciale al mondo regalandogli un\u2019opera d\u2019arte unica nel suo genere. Ordina subito la Mappa Stellare Tripla del Nostro Pap\u00e0.","breadcrumb":{"@id":"https:\/\/positiveprints.com\/it\/prodotto\/la-mappa-stellare-tripla-del-nostro-papa\/#breadcrumb"},"inLanguage":"it-IT","potentialAction":[{"@type":"ReadAction","target":["https:\/\/positiveprints.com\/it\/prodotto\/la-mappa-stellare-tripla-del-nostro-papa\/"]}]},{"@type":"ImageObject","inLanguage":"it-IT","@id":"https:\/\/positiveprints.com\/it\/prodotto\/la-mappa-stellare-tripla-del-nostro-papa\/#primaryimage","url":"https:\/\/positiveprints.com\/wp-content\/uploads\/2024\/11\/Packshot_IT_Our-Dad-Triple-Star-Map-product-image-.webp","contentUrl":"https:\/\/positiveprints.com\/wp-content\/uploads\/2024\/11\/Packshot_IT_Our-Dad-Triple-Star-Map-product-image-.webp","width":1450,"height":1450},{"@type":"BreadcrumbList","@id":"https:\/\/positiveprints.com\/it\/prodotto\/la-mappa-stellare-tripla-del-nostro-papa\/#breadcrumb","itemListElement":[{"@type":"ListItem","position":1,"name":"Home","item":"https:\/\/positiveprints.com\/it\/"},{"@type":"ListItem","position":2,"name":"Prodotti","item":"https:\/\/positiveprints.com\/it\/shop\/"},{"@type":"ListItem","position":3,"name":"La Mappa Stellare Tripla del Nostro Pap\u00e0"}]},{"@type":"WebSite","@id":"https:\/\/positiveprints.com\/it\/#website","url":"https:\/\/positiveprints.com\/it\/","name":"Positive Prints","description":"Amazing Custom Personalized Gifts","publisher":{"@id":"https:\/\/positiveprints.com\/it\/#organization"},"potentialAction":[{"@type":"SearchAction","target":{"@type":"EntryPoint","urlTemplate":"https:\/\/positiveprints.com\/it\/?s={search_term_string}"},"query-input":{"@type":"PropertyValueSpecification","valueRequired":true,"valueName":"search_term_string"}}],"inLanguage":"it-IT"},{"@type":"Organization","@id":"https:\/\/positiveprints.com\/it\/#organization","name":"Positive Prints","alternateName":"Positive Prints","url":"https:\/\/positiveprints.com\/it\/","logo":{"@type":"ImageObject","inLanguage":"it-IT","@id":"https:\/\/positiveprints.com\/it\/#\/schema\/logo\/image\/","url":"https:\/\/positiveprints.com\/wp-content\/uploads\/2026\/03\/245815646_1337939713319158_5671353136411139666_n.png","contentUrl":"https:\/\/positiveprints.com\/wp-content\/uploads\/2026\/03\/245815646_1337939713319158_5671353136411139666_n.png","width":800,"height":800,"caption":"Positive Prints"},"image":{"@id":"https:\/\/positiveprints.com\/it\/#\/schema\/logo\/image\/"},"sameAs":["https:\/\/www.facebook.com\/positiveprintscom","https:\/\/www.instagram.com\/positiveprintscom\/","https:\/\/www.tiktok.com\/@positiveprintscom","https:\/\/www.pinterest.com\/positiveprintscom\/"]}]}},"jetpack_sharing_enabled":true,"_links":{"self":[{"href":"https:\/\/positiveprints.com\/it\/wp-json\/wp\/v2\/product\/591084","targetHints":{"allow":["GET"]}}],"collection":[{"href":"https:\/\/positiveprints.com\/it\/wp-json\/wp\/v2\/product"}],"about":[{"href":"https:\/\/positiveprints.com\/it\/wp-json\/wp\/v2\/types\/product"}],"wp:featuredmedia":[{"embeddable":true,"href":"https:\/\/positiveprints.com\/it\/wp-json\/wp\/v2\/media\/1258623"}],"wp:attachment":[{"href":"https:\/\/positiveprints.com\/it\/wp-json\/wp\/v2\/media?parent=591084"}],"wp:term":[{"taxonomy":"product_brand","embeddable":true,"href":"https:\/\/positiveprints.com\/it\/wp-json\/wp\/v2\/product_brand?post=591084"},{"taxonomy":"product_cat","embeddable":true,"href":"https:\/\/positiveprints.com\/it\/wp-json\/wp\/v2\/product_cat?post=591084"},{"taxonomy":"product_tag","embeddable":true,"href":"https:\/\/positiveprints.com\/it\/wp-json\/wp\/v2\/product_tag?post=591084"}],"curies":[{"name":"wp","href":"https:\/\/api.w.org\/{rel}","templated":true}]}}