{"id":590788,"date":"2023-04-13T13:48:42","date_gmt":"2023-04-13T12:48:42","guid":{"rendered":"https:\/\/positiveprints.com\/product\/collage-di-foto-a-forma-di-lettere-per-la-nonna\/"},"modified":"2026-04-12T22:30:07","modified_gmt":"2026-04-12T21:30:07","slug":"collage-foto-lettere-nonna","status":"publish","type":"product","link":"https:\/\/positiveprints.com\/it\/prodotto\/collage-foto-lettere-nonna\/","title":{"rendered":"Collage Fotografico con Lettere Nonna"},"content":{"rendered":"&nbsp;\r\n<p style=\"margin-top: 1rem;\">Celebra il legame speciale che unisce nonne e nipoti con il Collage di Foto a Forma di Lettere per la Nonna di Positive Prints! Questo regalo originale e personalizzato ti permette di creare un dolcissimo collage fotografico mettendo insieme le tue foto preferite per creare la parola \u201cnonna\u201d. In realt\u00e0, se preferisci, puoi scegliere la parola che vuoi, perci\u00f2, se la tua nonna ha un nomignolo puoi anche scrivere \u201cnonnina\u201d e renderla ancora pi\u00f9 felice.<\/p>\r\n<p style=\"margin-top: 1rem;\">Per creare il Collage di Foto a Forma di Lettere per la Nonna, non devi far altro che selezionare l\u2019editor online e caricare le tue foto preferite. Ogni lettera della parola scelta conterr\u00e0 una tua foto della cos\u00ec da creare un regalo unico, personalizzato e pieno d\u2019amore. Puoi scegliere tra diversi formati come i poster, le tele, le stampe incorniciate e i download digitali per una stampa fai-da-te.<\/p>\r\n<p style=\"margin-top: 1rem;\">Utilizzando i materiali di alta qualit\u00e0 e la tecnologia di Positive Prints, puoi assicurarti un risultato professionale e mozzafiato. Un regalo come questo pu\u00f2 illuminare la giornata della tua nonnina e ricordarle, in qualsiasi istante, i bellissimi momenti che avete vissuto insieme.<\/p>\r\n<p style=\"margin-top: 1rem;\">Che tu stia cercando un regalo in occasione del suo compleanno, la <a href=\"https:\/\/positiveprints.com\/it\/festa-della-mamma\/\">Festa della Mamma<\/a> o qualsiasi altra giornata speciale, il Collage di Foto a Forma di Lettere per la Nonna \u00e8 un dono che conserver\u00e0 per sempre. \u00c8 un modo unico e dolce per celebrare il legame speciale che c\u2019\u00e8 tra te e la tua nonna, per dimostrarle quanto tieni a lei. Con Positive Prints, creare un Collage di Foto a Forma di Lettere per la Nonna non \u00e8 mai stato cos\u00ec facile!<\/p>","protected":false},"excerpt":{"rendered":"<p>&nbsp;<\/p>\n<ul class=\"check-list\">\n<li>Aggiungi un messaggio personale<\/li>\n<li>Personalizza in 3 semplici passaggi<\/li>\n<li>Scegli un template preimpostato o libera la tua creativit\u00e0<\/li>\n<li>Guarda subito il risultato \u2013 l&#8217;anteprima interattiva ti permette di perfezionare ogni dettaglio<\/li>\n<\/ul>\n","protected":false},"featured_media":1670343,"template":"","meta":[],"product_brand":[],"product_cat":[9277,8830,8999,5269,7721,11423,4449],"product_tag":[15725,9459,8584,11775],"class_list":{"0":"post-590788","1":"product","2":"type-product","3":"status-publish","4":"has-post-thumbnail","6":"product_cat-bestsellers-label-it","7":"product_cat-collage-di-foto","8":"product_cat-festa-dei-nonni","9":"product_cat-regali-di-natale","10":"product_cat-regali-per-la-nonna","11":"product_cat-regali-di-natale-per-nonna","12":"product_cat-tutti-i-prodotti","13":"product_tag-christmas-present-it","14":"product_tag-nonna","15":"product_tag-nonnina","16":"product_tag-regali-di-natale-per-nonna","18":"first","19":"instock","20":"sale","21":"taxable","22":"shipping-taxable","23":"purchasable","24":"product-type-variable"},"yoast_head":"<!-- This site is optimized with the Yoast SEO Premium plugin v27.2 (Yoast SEO v27.2) - https:\/\/yoast.com\/product\/yoast-seo-premium-wordpress\/ -->\n<title>Collage Fotografico con Lettere Nonna - Positive Print<\/title>\n<meta name=\"description\" content=\"Mostra alla tua nonna quanto significa per te! Crea un fotocollage, pieno di ricordi preziosi e momenti che resteranno nel cuore.\" \/>\n<meta name=\"robots\" content=\"index, follow, max-snippet:-1, max-image-preview:large, max-video-preview:-1\" \/>\n<link rel=\"canonical\" href=\"https:\/\/positiveprints.com\/it\/prodotto\/collage-foto-lettere-nonna\/\" \/>\n<meta property=\"og:locale\" content=\"it_IT\" \/>\n<meta property=\"og:type\" content=\"article\" \/>\n<meta property=\"og:title\" content=\"Collage Fotografico con Lettere Nonna\" \/>\n<meta property=\"og:description\" content=\"&nbsp;   Aggiungi un messaggio personale  Personalizza in 3 semplici passaggi  Scegli un template preimpostato o libera la tua creativit\u00e0  Guarda subito il risultato \u2013 l&#039;anteprima interattiva ti permette di perfezionare ogni dettaglio\" \/>\n<meta property=\"og:url\" content=\"https:\/\/positiveprints.com\/it\/prodotto\/collage-foto-lettere-nonna\/\" \/>\n<meta property=\"og:site_name\" content=\"Positive Prints\" \/>\n<meta property=\"article:publisher\" content=\"https:\/\/www.facebook.com\/positiveprintscom\" \/>\n<meta property=\"article:modified_time\" content=\"2026-04-12T21:30:07+00:00\" \/>\n<meta property=\"og:image\" content=\"https:\/\/positiveprints.com\/wp-content\/uploads\/2025\/03\/Packshot_IT_NONNA.webp\" \/>\n\t<meta property=\"og:image:width\" content=\"1450\" \/>\n\t<meta property=\"og:image:height\" content=\"1450\" \/>\n\t<meta property=\"og:image:type\" content=\"image\/webp\" \/>\n<meta name=\"twitter:card\" content=\"summary_large_image\" \/>\n<meta name=\"twitter:label1\" content=\"Tempo di lettura stimato\" \/>\n\t<meta name=\"twitter:data1\" content=\"2 minuti\" \/>\n<!-- \/ Yoast SEO Premium plugin. -->","yoast_head_json":{"title":"Collage Fotografico con Lettere Nonna - Positive Print","description":"Mostra alla tua nonna quanto significa per te! Crea un fotocollage, pieno di ricordi preziosi e momenti che resteranno nel cuore.","robots":{"index":"index","follow":"follow","max-snippet":"max-snippet:-1","max-image-preview":"max-image-preview:large","max-video-preview":"max-video-preview:-1"},"canonical":"https:\/\/positiveprints.com\/it\/prodotto\/collage-foto-lettere-nonna\/","og_locale":"it_IT","og_type":"article","og_title":"Collage Fotografico con Lettere Nonna","og_description":"&nbsp;   Aggiungi un messaggio personale  Personalizza in 3 semplici passaggi  Scegli un template preimpostato o libera la tua creativit\u00e0  Guarda subito il risultato \u2013 l'anteprima interattiva ti permette di perfezionare ogni dettaglio","og_url":"https:\/\/positiveprints.com\/it\/prodotto\/collage-foto-lettere-nonna\/","og_site_name":"Positive Prints","article_publisher":"https:\/\/www.facebook.com\/positiveprintscom","article_modified_time":"2026-04-12T21:30:07+00:00","og_image":[{"width":1450,"height":1450,"url":"https:\/\/positiveprints.com\/wp-content\/uploads\/2025\/03\/Packshot_IT_NONNA.webp","type":"image\/webp"}],"twitter_card":"summary_large_image","twitter_misc":{"Tempo di lettura stimato":"2 minuti"},"schema":{"@context":"https:\/\/schema.org","@graph":[{"@type":["WebPage","ItemPage"],"@id":"https:\/\/positiveprints.com\/it\/prodotto\/collage-foto-lettere-nonna\/","url":"https:\/\/positiveprints.com\/it\/prodotto\/collage-foto-lettere-nonna\/","name":"Collage Fotografico con Lettere Nonna - Positive Print","isPartOf":{"@id":"https:\/\/positiveprints.com\/it\/#website"},"primaryImageOfPage":{"@id":"https:\/\/positiveprints.com\/it\/prodotto\/collage-foto-lettere-nonna\/#primaryimage"},"image":{"@id":"https:\/\/positiveprints.com\/it\/prodotto\/collage-foto-lettere-nonna\/#primaryimage"},"thumbnailUrl":"https:\/\/positiveprints.com\/wp-content\/uploads\/2026\/03\/nonna_IT.webp","datePublished":"2023-04-13T12:48:42+00:00","dateModified":"2026-04-12T21:30:07+00:00","description":"Mostra alla tua nonna quanto significa per te! Crea un fotocollage, pieno di ricordi preziosi e momenti che resteranno nel cuore.","breadcrumb":{"@id":"https:\/\/positiveprints.com\/it\/prodotto\/collage-foto-lettere-nonna\/#breadcrumb"},"inLanguage":"it-IT","potentialAction":[{"@type":"ReadAction","target":["https:\/\/positiveprints.com\/it\/prodotto\/collage-foto-lettere-nonna\/"]}]},{"@type":"ImageObject","inLanguage":"it-IT","@id":"https:\/\/positiveprints.com\/it\/prodotto\/collage-foto-lettere-nonna\/#primaryimage","url":"https:\/\/positiveprints.com\/wp-content\/uploads\/2026\/03\/nonna_IT.webp","contentUrl":"https:\/\/positiveprints.com\/wp-content\/uploads\/2026\/03\/nonna_IT.webp","width":1450,"height":1450},{"@type":"BreadcrumbList","@id":"https:\/\/positiveprints.com\/it\/prodotto\/collage-foto-lettere-nonna\/#breadcrumb","itemListElement":[{"@type":"ListItem","position":1,"name":"Home","item":"https:\/\/positiveprints.com\/it\/"},{"@type":"ListItem","position":2,"name":"Prodotti","item":"https:\/\/positiveprints.com\/it\/shop\/"},{"@type":"ListItem","position":3,"name":"Collage Fotografico con Lettere Nonna"}]},{"@type":"WebSite","@id":"https:\/\/positiveprints.com\/it\/#website","url":"https:\/\/positiveprints.com\/it\/","name":"Positive Prints","description":"Amazing Custom Personalized Gifts","publisher":{"@id":"https:\/\/positiveprints.com\/it\/#organization"},"potentialAction":[{"@type":"SearchAction","target":{"@type":"EntryPoint","urlTemplate":"https:\/\/positiveprints.com\/it\/?s={search_term_string}"},"query-input":{"@type":"PropertyValueSpecification","valueRequired":true,"valueName":"search_term_string"}}],"inLanguage":"it-IT"},{"@type":"Organization","@id":"https:\/\/positiveprints.com\/it\/#organization","name":"Positive Prints","alternateName":"Positive Prints","url":"https:\/\/positiveprints.com\/it\/","logo":{"@type":"ImageObject","inLanguage":"it-IT","@id":"https:\/\/positiveprints.com\/it\/#\/schema\/logo\/image\/","url":"https:\/\/positiveprints.com\/wp-content\/uploads\/2026\/03\/245815646_1337939713319158_5671353136411139666_n.png","contentUrl":"https:\/\/positiveprints.com\/wp-content\/uploads\/2026\/03\/245815646_1337939713319158_5671353136411139666_n.png","width":800,"height":800,"caption":"Positive Prints"},"image":{"@id":"https:\/\/positiveprints.com\/it\/#\/schema\/logo\/image\/"},"sameAs":["https:\/\/www.facebook.com\/positiveprintscom","https:\/\/www.instagram.com\/positiveprintscom\/","https:\/\/www.tiktok.com\/@positiveprintscom","https:\/\/www.pinterest.com\/positiveprintscom\/"]}]}},"jetpack_sharing_enabled":true,"_links":{"self":[{"href":"https:\/\/positiveprints.com\/it\/wp-json\/wp\/v2\/product\/590788","targetHints":{"allow":["GET"]}}],"collection":[{"href":"https:\/\/positiveprints.com\/it\/wp-json\/wp\/v2\/product"}],"about":[{"href":"https:\/\/positiveprints.com\/it\/wp-json\/wp\/v2\/types\/product"}],"wp:featuredmedia":[{"embeddable":true,"href":"https:\/\/positiveprints.com\/it\/wp-json\/wp\/v2\/media\/1670343"}],"wp:attachment":[{"href":"https:\/\/positiveprints.com\/it\/wp-json\/wp\/v2\/media?parent=590788"}],"wp:term":[{"taxonomy":"product_brand","embeddable":true,"href":"https:\/\/positiveprints.com\/it\/wp-json\/wp\/v2\/product_brand?post=590788"},{"taxonomy":"product_cat","embeddable":true,"href":"https:\/\/positiveprints.com\/it\/wp-json\/wp\/v2\/product_cat?post=590788"},{"taxonomy":"product_tag","embeddable":true,"href":"https:\/\/positiveprints.com\/it\/wp-json\/wp\/v2\/product_tag?post=590788"}],"curies":[{"name":"wp","href":"https:\/\/api.w.org\/{rel}","templated":true}]}}