{"id":56478,"date":"2021-04-12T08:31:51","date_gmt":"2021-04-12T07:31:51","guid":{"rendered":"https:\/\/positiveprints.com\/?post_type=product&#038;p=56478"},"modified":"2026-04-18T09:09:35","modified_gmt":"2026-04-18T08:09:35","slug":"mappa-della-nostra-storia-damore","status":"publish","type":"product","link":"https:\/\/positiveprints.com\/it\/prodotto\/mappa-della-nostra-storia-damore\/","title":{"rendered":"Mappa Della Nostra Storia D&#8217;Amore"},"content":{"rendered":"<p>Racchiudi i momenti pi\u00f9 belli della tua storia d&#8217;amore in un poster personalizzato. Una Mappa della Nostra Storia d&#8217;Amore \u00e8 un modo romantico per raccontare tre eventi che hanno segnato il vostro percorso insieme.<\/p>\r\n<p style=\"margin-top: 1rem\">Vi siete incontrati. Vi siete innamorati. Vi siete fidanzati. Avete deciso di passare il resto della vita insieme e ora vi siete sposati. La vostra storia d&#8217;amore \u00e8 piena di ricordi indelebili. Non raccontarla sarebbe quasi un peccato! Di legami belli e sinceri ne \u00e8 pieno il mondo, ma ognuno di essi ha qualcosa di unico e diverso. Una Mappa della Nostra Storia d&#8217;Amore \u00e8 un poster romantico per celebrare i momenti pi\u00f9 significativi passati insieme alla tua dolce met\u00e0.<\/p>\r\n<h2 class=\"grenB f24 cblue\" style=\"margin-top: 3rem\">Cos&#8217;\u00e8 Una Mappa della Nostra Storia d&#8217;Amore?<\/h2>\r\n<p style=\"margin-top: 1rem\">Cos\u00ec come in un diario scriveresti gli eventi pi\u00f9 belli della tua giornata, una Mappa della Nostra Storia d&#8217;Amore \u00e8 un poster personalizzato pieno d&#8217;amore che scorre lungo la linea degli eventi pi\u00f9 determinanti della vostra relazione. Con questa mappa puoi rappresentare tre punti salienti della vita trascorsa insieme: il luogo in cui vi siete incontrati, il luogo in cui vi siete fidanzati e, infine, quello in cui avete pronunciato il fatidico &#8220;S\u00ec!&#8221;.<\/p>\r\n<p style=\"margin-top: 1rem\">Di tanto in tanto, tutte le coppie felici e innamorate dovrebbero prendersi un momento per riguardare la strada percorsa in due: questo quadro personalizzabile pu\u00f2 aiutarvi a ripercorrere le migliori tappe della vostra storia. La Mappa della Nostra Storia d&#8217;Amore \u00e8 una fantastica idea regalo per sorprendere la tua dolce met\u00e0 o una coppia di amici. A differenza di altre mappe, la nostra si concentra su di voi: ecco perch\u00e9 siamo certi che sar\u00e0 un regalo super originale!<\/p>\r\n<h2 class=\"grenB f24 cblue\" style=\"margin-top: 3rem\">Perch\u00e9 Scegliere Una Mappa della Nostra Storia d&#8217;Amore<\/h2>\r\n<p style=\"margin-top: 1rem\">Diciamoci la verit\u00e0: andare in un negozio, comprare un regalo e impacchettarlo \u00e8 una cosa che possono fare tutti. E non c&#8217;\u00e8 niente di male se sai che quel regalo far\u00e0 spuntare un bel sorriso sul viso della persona che ami.<\/p>\r\n<p style=\"margin-top: 1rem\">Ma un regalo personalizzato e realizzato con attenzione verr\u00e0 ricordato come qualcosa di davvero speciale. Pensaci bene: cosa c\u2019\u00e8 di pi\u00f9 bello del ricevere un regalo creato appositamente per te? Un regalo personalizzato \u00e8 fatto su misura per chi lo riceve e queste piccole attenzioni non passeranno di certo inosservate. Con una Mappa della Nostra Storia d&#8217;Amore farai breccia nel cuore di chi ti ama.<\/p>\r\n<p style=\"margin-top: 1rem\">Chi si affida a Positive Prints \u00e8 alla ricerca di un regalo creativo. Qualcosa di inaspettato e originale con cui sorprendere una persona speciale! Grazie al nostro editor, la tua Mappa della Nostra Storia d&#8217;Amore sar\u00e0 unica nel suo genere. Aggiungi tutti i dettagli che vuoi e stampala esattamente come la desideri.<\/p>\r\n<h2 class=\"grenB f24 cblue\" style=\"margin-top: 3rem\">Come Creare una Mappa della Nostra Storia d&#8217;Amore<\/h2>\r\n<p style=\"margin-top: 1rem\">In una Mappa della Nostra Storia d&#8217;Amore puoi inserire tre eventi importanti della tua storia d&#8217;amore in un unico poster. Per farlo, noi di Positive Prints utilizziamo un&#8217;accurata tecnologia GPS che ci permette di localizzare qualsiasi luogo nel mondo. Grazie ai minuziosi dettagli di ogni mappa potrai rivivere, di stradina in stradina, i luoghi e i momenti pi\u00f9 significativi passati insieme alla tua anima gemella.<\/p>\r\n<p style=\"margin-top: 1rem\">Ecco come trasformarti in un artista e realizzare la tua Mappa della Nostra Storia d&#8217;Amore:<\/p>\r\n<h3 class=\"grenB f18 cblue\" style=\"margin-top: 3rem\">Primo Passaggio: Seleziona il Tuo Design<\/h3>\r\n<p style=\"margin-top: 1rem\">Non c\u2019\u00e8 nulla di pi\u00f9 bello del poter dire a una persona quanto \u00e8 unica e speciale per te con un regalo davvero irripetibile. Ecco perch\u00e9 vogliamo darti la possibilit\u00e0 di personalizzare il design della tua Mappa della Nostra Storia d&#8217;Amore. Scegline uno progettato dai nostri esperti, oppure, se non riesci a trattenere la tua creativit\u00e0, clicca su &#8220;Personalizza&#8221; e scegli la combinazione di colori che preferisci.<\/p>\r\n<p style=\"margin-top: 1rem\">E non dimenticare di tenere d&#8217;occhio l&#8217;anteprima: ogni volta che aggiungi un dettaglio, puoi vedere il risultato in tempo reale sulla tua mappa personalizzata.<\/p>\r\n<h3 class=\"grenB f18 cblue\" style=\"margin-top: 3rem\">Secondo Passaggio: Inserisci i Dettagli<\/h3>\r\n<p style=\"margin-top: 1rem\">Una Mappa della Nostra Storia d&#8217;Amore non include solo splendide illustrazioni personalizzate, ma anche righe di testo in cui inserire un tuo messaggio personale. Un&#8217;idea carina \u00e8 quella di aggiungere la data in cui i vostri sguardi si sono incrociati per la prima volta, il giorno in cui vi siete fidanzati ufficialmente e, infine, la data del vostro matrimonio. Accompagna ogni momento con una citazione e il gioco \u00e8 fatto! Oppure, potresti semplicemente completare ogni mappa con il nome del luogo e cos&#8217;\u00e8 che lo rende cos\u00ec speciale per voi. Le opzioni sono infinite!<\/p>\r\n<h3 class=\"grenB f18 cblue\" style=\"margin-top: 3rem\">Terzo Passaggio: Scegli un Formato<\/h3>\r\n<p style=\"margin-top: 1rem\">Cos\u00ec come per tutte le altre creazioni personalizzate di Positive Prints, anche in questo caso puoi scegliere tra pi\u00f9 formati disponibili. Per ogni poster, utilizziamo carta di qualit\u00e0 professionale: i suoi colori sgargianti illumineranno la tua parete per molto tempo. Se vuoi arredare la tua casa come quella di un vero artista, scegli la tela! Oppure, per un regalo pronto da regalare, seleziona il poster con cornice per ricevere anche una delle nostre classiche cornici in legno.<\/p>\r\n<p style=\"margin-top: 1rem\">Per un&#8217;idea regalo dell&#8217;ultimo minuto, ti consigliamo il download digitale. In questo modo, potrai ricevere la tua Mappa della Nostra Storia d&#8217;Amore via email, in formato digitale. Rivolgiti a una delle tipografie della tua citt\u00e0 e il regalo \u00e8 pronto!<\/p>\r\n<p style=\"margin-top: 1rem\">Le dimensioni e gli orientamenti disponibili ti danno la possibilit\u00e0 di scegliere il formato che si adatta meglio alla tua parete.<\/p>\r\n<h2 class=\"grenB f24 cblue\" style=\"margin-top: 3rem\">Conquista il sorriso della tua dolce met\u00e0 con una Mappa della Nostra Storia d&#8217;Amore!<\/h2>\r\n<p style=\"margin-top: 1rem\">Le Mappe della Nostra Storia d&#8217;Amore sono il regalo ideale per compleanni, matrimoni, anniversari o viaggi di nozze&#8230; Ma in realt\u00e0 l&#8217;amore dovrebbe essere festeggiato tutti i giorni. Un regalo originale e inaspettato, dedicato alle persone pi\u00f9 importanti della tua vita e quelle pi\u00f9 difficili da sorprendere.<\/p>","protected":false},"excerpt":{"rendered":"<ul class=\"check-list\">\n<li>Indica l&#8217;indirizzo preciso con un simbolo a tua scelta<\/li>\n<li>Personalizzala in 3 semplici passaggi<\/li>\n<li>Aggiungi un testo personalizzato<\/li>\n<li>Guarda subito il risultato \u2013 l&#8217;anteprima interattiva ti permette di perfezionare ogni dettaglio<\/li>\n<\/ul>\n","protected":false},"featured_media":1240686,"template":"","meta":[],"product_brand":[],"product_cat":[11549,11552,11553,11550,11554,11551,11606,7928,9277,15112,4428,7688,8008,8246,7229],"product_tag":[14884],"class_list":{"0":"post-56478","1":"product","2":"type-product","3":"status-publish","4":"has-post-thumbnail","6":"product_cat-1-anno-di-matrimonio","7":"product_cat-10-anni-di-matrimonio","8":"product_cat-15-anni-di-matrimonio","9":"product_cat-2-anni-di-matrimonio","10":"product_cat-20-anni-di-matrimonio","11":"product_cat-5-anni-di-matrimonio","12":"product_cat-50-anni-di-matrimonio","13":"product_cat-regali-per-laddio-al-nubilato","14":"product_cat-bestsellers-label-it","15":"product_cat-bestsellers-menu-it","16":"product_cat-creators-it-2","17":"product_cat-regali-da-donna","18":"product_cat-regali-da-uomo","19":"product_cat-digital-products-it","20":"product_cat-triple-maps-it","21":"product_tag-creators-it-2","23":"first","24":"instock","25":"sale","26":"taxable","27":"shipping-taxable","28":"purchasable","29":"product-type-variable"},"yoast_head":"<!-- This site is optimized with the Yoast SEO Premium plugin v27.2 (Yoast SEO v27.2) - https:\/\/yoast.com\/product\/yoast-seo-premium-wordpress\/ -->\n<title>Mappa della Nostra Storia d&#039;Amore - Positive Prints<\/title>\n<meta name=\"description\" content=\"Una Mappa della Nostra Storia d&#039;Amore \u00e8 un modo romantico per raccontare tre eventi che hanno segnato il vostro percorso insieme.\" \/>\n<meta name=\"robots\" content=\"index, follow, max-snippet:-1, max-image-preview:large, max-video-preview:-1\" \/>\n<link rel=\"canonical\" href=\"https:\/\/positiveprints.com\/it\/prodotto\/mappa-della-nostra-storia-damore\/\" \/>\n<meta property=\"og:locale\" content=\"it_IT\" \/>\n<meta property=\"og:type\" content=\"article\" \/>\n<meta property=\"og:title\" content=\"Mappa Della Nostra Storia D&#039;Amore\" \/>\n<meta property=\"og:description\" content=\"Indica l&#039;indirizzo preciso con un simbolo a tua scelta  Personalizzala in 3 semplici passaggi  Aggiungi un testo personalizzato  Guarda subito il risultato \u2013 l&#039;anteprima interattiva ti permette di perfezionare ogni dettaglio\" \/>\n<meta property=\"og:url\" content=\"https:\/\/positiveprints.com\/it\/prodotto\/mappa-della-nostra-storia-damore\/\" \/>\n<meta property=\"og:site_name\" content=\"Positive Prints\" \/>\n<meta property=\"article:publisher\" content=\"https:\/\/www.facebook.com\/positiveprintscom\" \/>\n<meta property=\"article:modified_time\" content=\"2026-04-18T08:09:35+00:00\" \/>\n<meta property=\"og:image\" content=\"https:\/\/positiveprints.com\/wp-content\/uploads\/2024\/10\/Packshot_IT_Met-Engaged-Married-product-image.webp\" \/>\n\t<meta property=\"og:image:width\" content=\"1450\" \/>\n\t<meta property=\"og:image:height\" content=\"1450\" \/>\n\t<meta property=\"og:image:type\" content=\"image\/webp\" \/>\n<meta name=\"twitter:card\" content=\"summary_large_image\" \/>\n<meta name=\"twitter:label1\" content=\"Tempo di lettura stimato\" \/>\n\t<meta name=\"twitter:data1\" content=\"5 minuti\" \/>\n<!-- \/ Yoast SEO Premium plugin. -->","yoast_head_json":{"title":"Mappa della Nostra Storia d'Amore - Positive Prints","description":"Una Mappa della Nostra Storia d'Amore \u00e8 un modo romantico per raccontare tre eventi che hanno segnato il vostro percorso insieme.","robots":{"index":"index","follow":"follow","max-snippet":"max-snippet:-1","max-image-preview":"max-image-preview:large","max-video-preview":"max-video-preview:-1"},"canonical":"https:\/\/positiveprints.com\/it\/prodotto\/mappa-della-nostra-storia-damore\/","og_locale":"it_IT","og_type":"article","og_title":"Mappa Della Nostra Storia D'Amore","og_description":"Indica l'indirizzo preciso con un simbolo a tua scelta  Personalizzala in 3 semplici passaggi  Aggiungi un testo personalizzato  Guarda subito il risultato \u2013 l'anteprima interattiva ti permette di perfezionare ogni dettaglio","og_url":"https:\/\/positiveprints.com\/it\/prodotto\/mappa-della-nostra-storia-damore\/","og_site_name":"Positive Prints","article_publisher":"https:\/\/www.facebook.com\/positiveprintscom","article_modified_time":"2026-04-18T08:09:35+00:00","og_image":[{"width":1450,"height":1450,"url":"https:\/\/positiveprints.com\/wp-content\/uploads\/2024\/10\/Packshot_IT_Met-Engaged-Married-product-image.webp","type":"image\/webp"}],"twitter_card":"summary_large_image","twitter_misc":{"Tempo di lettura stimato":"5 minuti"},"schema":{"@context":"https:\/\/schema.org","@graph":[{"@type":["WebPage","ItemPage"],"@id":"https:\/\/positiveprints.com\/it\/prodotto\/mappa-della-nostra-storia-damore\/","url":"https:\/\/positiveprints.com\/it\/prodotto\/mappa-della-nostra-storia-damore\/","name":"Mappa della Nostra Storia d'Amore - Positive Prints","isPartOf":{"@id":"https:\/\/positiveprints.com\/it\/#website"},"primaryImageOfPage":{"@id":"https:\/\/positiveprints.com\/it\/prodotto\/mappa-della-nostra-storia-damore\/#primaryimage"},"image":{"@id":"https:\/\/positiveprints.com\/it\/prodotto\/mappa-della-nostra-storia-damore\/#primaryimage"},"thumbnailUrl":"https:\/\/positiveprints.com\/wp-content\/uploads\/2024\/10\/Packshot_IT_Met-Engaged-Married-product-image.webp","datePublished":"2021-04-12T07:31:51+00:00","dateModified":"2026-04-18T08:09:35+00:00","description":"Una Mappa della Nostra Storia d'Amore \u00e8 un modo romantico per raccontare tre eventi che hanno segnato il vostro percorso insieme.","breadcrumb":{"@id":"https:\/\/positiveprints.com\/it\/prodotto\/mappa-della-nostra-storia-damore\/#breadcrumb"},"inLanguage":"it-IT","potentialAction":[{"@type":"ReadAction","target":["https:\/\/positiveprints.com\/it\/prodotto\/mappa-della-nostra-storia-damore\/"]}]},{"@type":"ImageObject","inLanguage":"it-IT","@id":"https:\/\/positiveprints.com\/it\/prodotto\/mappa-della-nostra-storia-damore\/#primaryimage","url":"https:\/\/positiveprints.com\/wp-content\/uploads\/2024\/10\/Packshot_IT_Met-Engaged-Married-product-image.webp","contentUrl":"https:\/\/positiveprints.com\/wp-content\/uploads\/2024\/10\/Packshot_IT_Met-Engaged-Married-product-image.webp","width":1450,"height":1450},{"@type":"BreadcrumbList","@id":"https:\/\/positiveprints.com\/it\/prodotto\/mappa-della-nostra-storia-damore\/#breadcrumb","itemListElement":[{"@type":"ListItem","position":1,"name":"Home","item":"https:\/\/positiveprints.com\/it\/"},{"@type":"ListItem","position":2,"name":"Prodotti","item":"https:\/\/positiveprints.com\/it\/shop\/"},{"@type":"ListItem","position":3,"name":"Mappa Della Nostra Storia D\u2019Amore"}]},{"@type":"WebSite","@id":"https:\/\/positiveprints.com\/it\/#website","url":"https:\/\/positiveprints.com\/it\/","name":"Positive Prints","description":"Amazing Custom Personalized Gifts","publisher":{"@id":"https:\/\/positiveprints.com\/it\/#organization"},"potentialAction":[{"@type":"SearchAction","target":{"@type":"EntryPoint","urlTemplate":"https:\/\/positiveprints.com\/it\/?s={search_term_string}"},"query-input":{"@type":"PropertyValueSpecification","valueRequired":true,"valueName":"search_term_string"}}],"inLanguage":"it-IT"},{"@type":"Organization","@id":"https:\/\/positiveprints.com\/it\/#organization","name":"Positive Prints","alternateName":"Positive Prints","url":"https:\/\/positiveprints.com\/it\/","logo":{"@type":"ImageObject","inLanguage":"it-IT","@id":"https:\/\/positiveprints.com\/it\/#\/schema\/logo\/image\/","url":"https:\/\/positiveprints.com\/wp-content\/uploads\/2026\/03\/245815646_1337939713319158_5671353136411139666_n.png","contentUrl":"https:\/\/positiveprints.com\/wp-content\/uploads\/2026\/03\/245815646_1337939713319158_5671353136411139666_n.png","width":800,"height":800,"caption":"Positive Prints"},"image":{"@id":"https:\/\/positiveprints.com\/it\/#\/schema\/logo\/image\/"},"sameAs":["https:\/\/www.facebook.com\/positiveprintscom","https:\/\/www.instagram.com\/positiveprintscom\/","https:\/\/www.tiktok.com\/@positiveprintscom","https:\/\/www.pinterest.com\/positiveprintscom\/"]}]}},"jetpack_sharing_enabled":true,"_links":{"self":[{"href":"https:\/\/positiveprints.com\/it\/wp-json\/wp\/v2\/product\/56478","targetHints":{"allow":["GET"]}}],"collection":[{"href":"https:\/\/positiveprints.com\/it\/wp-json\/wp\/v2\/product"}],"about":[{"href":"https:\/\/positiveprints.com\/it\/wp-json\/wp\/v2\/types\/product"}],"wp:featuredmedia":[{"embeddable":true,"href":"https:\/\/positiveprints.com\/it\/wp-json\/wp\/v2\/media\/1240686"}],"wp:attachment":[{"href":"https:\/\/positiveprints.com\/it\/wp-json\/wp\/v2\/media?parent=56478"}],"wp:term":[{"taxonomy":"product_brand","embeddable":true,"href":"https:\/\/positiveprints.com\/it\/wp-json\/wp\/v2\/product_brand?post=56478"},{"taxonomy":"product_cat","embeddable":true,"href":"https:\/\/positiveprints.com\/it\/wp-json\/wp\/v2\/product_cat?post=56478"},{"taxonomy":"product_tag","embeddable":true,"href":"https:\/\/positiveprints.com\/it\/wp-json\/wp\/v2\/product_tag?post=56478"}],"curies":[{"name":"wp","href":"https:\/\/api.w.org\/{rel}","templated":true}]}}