{"id":470883,"date":"2023-04-07T13:29:53","date_gmt":"2023-04-07T12:29:53","guid":{"rendered":"https:\/\/positiveprints.com\/?post_type=product&#038;p=470883"},"modified":"2026-04-28T14:23:57","modified_gmt":"2026-04-28T13:23:57","slug":"mappa-stellare-tripla-per-il-papa","status":"publish","type":"product","link":"https:\/\/positiveprints.com\/it\/prodotto\/mappa-stellare-tripla-per-il-papa\/","title":{"rendered":"Mappa Stellare Tripla per il Pap\u00e0"},"content":{"rendered":"<p style=\"margin-top: 1rem\">La Mappa Stellare Tripla per il Pap\u00e0 \u00e8 il regalo personalizzato perfetto per tutti coloro che sono diventati pap\u00e0 per tre volte! Che tu voglia stupirlo in occasione della Festa del Pap\u00e0, del suo compleanno o a Natale, questa stampa originale \u00e8 un regalo che rimarr\u00e0 per sempre nella sua memoria.<\/p>\r\n\r\n\r\n<p style=\"margin-top: 1rem\">Con tre bellissime mappe stellari su un unico poster, questo regalo ha l\u2019obiettivo di rappresentare con la massima precisione, il cielo notturno nel giorno in cui ciascuno dei suoi tre figli \u00e8 venuto al mondo. In pi\u00f9, grazie alla possibilit\u00e0 di includere anche altri momenti significativi della sua vita, le possibilit\u00e0 di personalizzazione sono infinite.<\/p>\r\n\r\n\r\n<p style=\"margin-top: 1rem\">Utilizzando il nostro semplice editor online, hai la libert\u00e0 di scegliere tra una vasta gamma di design e colori per creare una Mappa Stellare Tripla per il Pap\u00e0 unica e sorprendente. Puoi scegliere tra schemi di colori predefiniti o creare una combinazione tutta tua. E non \u00e8 tutto: per un tocco ancora pi\u00f9 personalizzato, aggiungi un messaggio scritto da te o una citazione significativa.<\/p>\r\n\r\n\r\n<p style=\"margin-top: 1rem\">Una volta che hai raggiunto il risultato sperato, seleziona la dimensione e il formato che pi\u00f9 si adatta alle tue esigenze. Sono disponibili poster stampati o incorniciati, tele e file digitali da scaricare in un paio di clic. Oltre a essere un modo meraviglioso per dimostrare amore e gratitudine, siamo certi che la Mappa Stellare Tripla per il Pap\u00e0 sar\u00e0 apprezzata per anni.<\/p>","protected":false},"excerpt":{"rendered":"<ul class=\"check-list\">\n<li>Rendi eterno il legame con tuo padre e celebra ogni momento passato insieme con un regalo unico che lo stupir\u00e0<\/li>\n<li>Decorala con costellazioni e la Via Lattea<\/li>\n<li>Personalizzala in 3 semplici passaggi<\/li>\n<li>Aggiungi un testo personalizzato<\/li>\n<li>Guarda subito il risultato \u2013 l&#8217;anteprima interattiva ti permette di perfezionare ogni dettaglio<\/li>\n<\/ul>\n","protected":false},"featured_media":1263455,"template":"","meta":[],"product_brand":[],"product_cat":[9101,4449,7338,5269,11421,7976],"product_tag":[8554,11761],"class_list":{"0":"post-470883","1":"product","2":"type-product","3":"status-publish","4":"has-post-thumbnail","6":"product_cat-trio-stars-it","7":"product_cat-tutti-i-prodotti","8":"product_cat-regali-per-la-festa-del-papa","9":"product_cat-regali-di-natale","10":"product_cat-regali-di-natale-per-papa","11":"product_cat-regali-per-il-papa","12":"product_tag-father-it","13":"product_tag-regali-di-natale-per-papa","15":"first","16":"instock","17":"sale","18":"taxable","19":"shipping-taxable","20":"purchasable","21":"product-type-variable"},"yoast_head":"<!-- This site is optimized with the Yoast SEO Premium plugin v27.2 (Yoast SEO v27.2) - https:\/\/yoast.com\/product\/yoast-seo-premium-wordpress\/ -->\n<title>Mappa Stellare Tripla per il Pap\u00e0 - Positive Prints<\/title>\n<meta name=\"description\" content=\"La Mappa Stellare Tripla per il Pap\u00e0 \u00e8 un modo meraviglioso per dimostrare amore e gratitudine e un regalo che sar\u00e0 apprezzato per anni.\" \/>\n<meta name=\"robots\" content=\"index, follow, max-snippet:-1, max-image-preview:large, max-video-preview:-1\" \/>\n<link rel=\"canonical\" href=\"https:\/\/positiveprints.com\/it\/prodotto\/mappa-stellare-tripla-per-il-papa\/\" \/>\n<meta property=\"og:locale\" content=\"it_IT\" \/>\n<meta property=\"og:type\" content=\"article\" \/>\n<meta property=\"og:title\" content=\"Mappa Stellare Tripla per il Pap\u00e0\" \/>\n<meta property=\"og:description\" content=\"Rendi eterno il legame con tuo padre e celebra ogni momento passato insieme con un regalo unico che lo stupir\u00e0 Decorala con costellazioni e la Via Lattea Personalizzala in 3 semplici passaggi Aggiungi un testo personalizzato Guarda subito il risultato \u2013 l&#039;anteprima interattiva ti permette di perfezionare ogni dettaglio\" \/>\n<meta property=\"og:url\" content=\"https:\/\/positiveprints.com\/it\/prodotto\/mappa-stellare-tripla-per-il-papa\/\" \/>\n<meta property=\"og:site_name\" content=\"Positive Prints\" \/>\n<meta property=\"article:publisher\" content=\"https:\/\/www.facebook.com\/positiveprintscom\" \/>\n<meta property=\"article:modified_time\" content=\"2026-04-28T13:23:57+00:00\" \/>\n<meta property=\"og:image\" content=\"https:\/\/positiveprints.com\/wp-content\/uploads\/2024\/11\/Packshot_IT_Triple-Star-Map-for-Dad-product-image-.webp\" \/>\n\t<meta property=\"og:image:width\" content=\"1450\" \/>\n\t<meta property=\"og:image:height\" content=\"1450\" \/>\n\t<meta property=\"og:image:type\" content=\"image\/webp\" \/>\n<meta name=\"twitter:card\" content=\"summary_large_image\" \/>\n<!-- \/ Yoast SEO Premium plugin. -->","yoast_head_json":{"title":"Mappa Stellare Tripla per il Pap\u00e0 - Positive Prints","description":"La Mappa Stellare Tripla per il Pap\u00e0 \u00e8 un modo meraviglioso per dimostrare amore e gratitudine e un regalo che sar\u00e0 apprezzato per anni.","robots":{"index":"index","follow":"follow","max-snippet":"max-snippet:-1","max-image-preview":"max-image-preview:large","max-video-preview":"max-video-preview:-1"},"canonical":"https:\/\/positiveprints.com\/it\/prodotto\/mappa-stellare-tripla-per-il-papa\/","og_locale":"it_IT","og_type":"article","og_title":"Mappa Stellare Tripla per il Pap\u00e0","og_description":"Rendi eterno il legame con tuo padre e celebra ogni momento passato insieme con un regalo unico che lo stupir\u00e0 Decorala con costellazioni e la Via Lattea Personalizzala in 3 semplici passaggi Aggiungi un testo personalizzato Guarda subito il risultato \u2013 l'anteprima interattiva ti permette di perfezionare ogni dettaglio","og_url":"https:\/\/positiveprints.com\/it\/prodotto\/mappa-stellare-tripla-per-il-papa\/","og_site_name":"Positive Prints","article_publisher":"https:\/\/www.facebook.com\/positiveprintscom","article_modified_time":"2026-04-28T13:23:57+00:00","og_image":[{"width":1450,"height":1450,"url":"https:\/\/positiveprints.com\/wp-content\/uploads\/2024\/11\/Packshot_IT_Triple-Star-Map-for-Dad-product-image-.webp","type":"image\/webp"}],"twitter_card":"summary_large_image","schema":{"@context":"https:\/\/schema.org","@graph":[{"@type":["WebPage","ItemPage"],"@id":"https:\/\/positiveprints.com\/it\/prodotto\/mappa-stellare-tripla-per-il-papa\/","url":"https:\/\/positiveprints.com\/it\/prodotto\/mappa-stellare-tripla-per-il-papa\/","name":"Mappa Stellare Tripla per il Pap\u00e0 - Positive Prints","isPartOf":{"@id":"https:\/\/positiveprints.com\/it\/#website"},"primaryImageOfPage":{"@id":"https:\/\/positiveprints.com\/it\/prodotto\/mappa-stellare-tripla-per-il-papa\/#primaryimage"},"image":{"@id":"https:\/\/positiveprints.com\/it\/prodotto\/mappa-stellare-tripla-per-il-papa\/#primaryimage"},"thumbnailUrl":"https:\/\/positiveprints.com\/wp-content\/uploads\/2024\/11\/Packshot_IT_Triple-Star-Map-for-Dad-product-image-.webp","datePublished":"2023-04-07T12:29:53+00:00","dateModified":"2026-04-28T13:23:57+00:00","description":"La Mappa Stellare Tripla per il Pap\u00e0 \u00e8 un modo meraviglioso per dimostrare amore e gratitudine e un regalo che sar\u00e0 apprezzato per anni.","breadcrumb":{"@id":"https:\/\/positiveprints.com\/it\/prodotto\/mappa-stellare-tripla-per-il-papa\/#breadcrumb"},"inLanguage":"it-IT","potentialAction":[{"@type":"ReadAction","target":["https:\/\/positiveprints.com\/it\/prodotto\/mappa-stellare-tripla-per-il-papa\/"]}]},{"@type":"ImageObject","inLanguage":"it-IT","@id":"https:\/\/positiveprints.com\/it\/prodotto\/mappa-stellare-tripla-per-il-papa\/#primaryimage","url":"https:\/\/positiveprints.com\/wp-content\/uploads\/2024\/11\/Packshot_IT_Triple-Star-Map-for-Dad-product-image-.webp","contentUrl":"https:\/\/positiveprints.com\/wp-content\/uploads\/2024\/11\/Packshot_IT_Triple-Star-Map-for-Dad-product-image-.webp","width":1450,"height":1450},{"@type":"BreadcrumbList","@id":"https:\/\/positiveprints.com\/it\/prodotto\/mappa-stellare-tripla-per-il-papa\/#breadcrumb","itemListElement":[{"@type":"ListItem","position":1,"name":"Home","item":"https:\/\/positiveprints.com\/it\/"},{"@type":"ListItem","position":2,"name":"Prodotti","item":"https:\/\/positiveprints.com\/it\/shop\/"},{"@type":"ListItem","position":3,"name":"Mappa Stellare Tripla per il Pap\u00e0"}]},{"@type":"WebSite","@id":"https:\/\/positiveprints.com\/it\/#website","url":"https:\/\/positiveprints.com\/it\/","name":"Positive Prints","description":"Amazing Custom Personalized Gifts","publisher":{"@id":"https:\/\/positiveprints.com\/it\/#organization"},"potentialAction":[{"@type":"SearchAction","target":{"@type":"EntryPoint","urlTemplate":"https:\/\/positiveprints.com\/it\/?s={search_term_string}"},"query-input":{"@type":"PropertyValueSpecification","valueRequired":true,"valueName":"search_term_string"}}],"inLanguage":"it-IT"},{"@type":"Organization","@id":"https:\/\/positiveprints.com\/it\/#organization","name":"Positive Prints","alternateName":"Positive Prints","url":"https:\/\/positiveprints.com\/it\/","logo":{"@type":"ImageObject","inLanguage":"it-IT","@id":"https:\/\/positiveprints.com\/it\/#\/schema\/logo\/image\/","url":"https:\/\/positiveprints.com\/wp-content\/uploads\/2026\/03\/245815646_1337939713319158_5671353136411139666_n.png","contentUrl":"https:\/\/positiveprints.com\/wp-content\/uploads\/2026\/03\/245815646_1337939713319158_5671353136411139666_n.png","width":800,"height":800,"caption":"Positive Prints"},"image":{"@id":"https:\/\/positiveprints.com\/it\/#\/schema\/logo\/image\/"},"sameAs":["https:\/\/www.facebook.com\/positiveprintscom","https:\/\/www.instagram.com\/positiveprintscom\/","https:\/\/www.tiktok.com\/@positiveprintscom","https:\/\/www.pinterest.com\/positiveprintscom\/"]}]}},"jetpack_sharing_enabled":true,"_links":{"self":[{"href":"https:\/\/positiveprints.com\/it\/wp-json\/wp\/v2\/product\/470883","targetHints":{"allow":["GET"]}}],"collection":[{"href":"https:\/\/positiveprints.com\/it\/wp-json\/wp\/v2\/product"}],"about":[{"href":"https:\/\/positiveprints.com\/it\/wp-json\/wp\/v2\/types\/product"}],"wp:featuredmedia":[{"embeddable":true,"href":"https:\/\/positiveprints.com\/it\/wp-json\/wp\/v2\/media\/1263455"}],"wp:attachment":[{"href":"https:\/\/positiveprints.com\/it\/wp-json\/wp\/v2\/media?parent=470883"}],"wp:term":[{"taxonomy":"product_brand","embeddable":true,"href":"https:\/\/positiveprints.com\/it\/wp-json\/wp\/v2\/product_brand?post=470883"},{"taxonomy":"product_cat","embeddable":true,"href":"https:\/\/positiveprints.com\/it\/wp-json\/wp\/v2\/product_cat?post=470883"},{"taxonomy":"product_tag","embeddable":true,"href":"https:\/\/positiveprints.com\/it\/wp-json\/wp\/v2\/product_tag?post=470883"}],"curies":[{"name":"wp","href":"https:\/\/api.w.org\/{rel}","templated":true}]}}