{"id":470848,"date":"2023-04-07T12:22:35","date_gmt":"2023-04-07T11:22:35","guid":{"rendered":"https:\/\/positiveprints.com\/?post_type=product&#038;p=470848"},"modified":"2026-04-28T14:24:13","modified_gmt":"2026-04-28T13:24:13","slug":"il-giorno-in-cui-sei-diventato-il-nostro-papa","status":"publish","type":"product","link":"https:\/\/positiveprints.com\/it\/prodotto\/il-giorno-in-cui-sei-diventato-il-nostro-papa\/","title":{"rendered":"Il Giorno in Cui Sei Diventato il Nostro Pap\u00e0"},"content":{"rendered":"<p style=\"margin-top: 1rem\">Il Giorno in Cui Sei Diventato il Nostro Pap\u00e0 \u00e8 una stampa personalizzata perfetta per tutti i pap\u00e0 che vogliono celebrare il prezioso momento in cui sono diventati genitori. Questo prezioso dono rappresenta il cielo notturno nel giorno in cui un padre ha accolto ciascuno dei suoi figli nel mondo, creando una magnifica rappresentazione dell\u2019universo in ogni preciso momento.<\/p>\r\n\r\n\r\n<p style=\"margin-top: 1rem\">Ogni stampa pu\u00f2 essere personalizzata con la data, l&#8217;ora, il luogo di ogni nascita e il nome di ogni beb\u00e8. Il risultato finale \u00e8 un&#8217;opera d&#8217;arte mozzafiato e unica nel suo genere che celebra la gioia e l&#8217;amore che accompagnano la paternit\u00e0.<\/p>\r\n\r\n\r\n<p style=\"margin-top: 1rem\">Il Giorno in Cui Sei Diventato il Nostro Pap\u00e0 \u00e8 un regalo ideale per sorprenderlo in occasione della Festa del Pap\u00e0, del suo compleanno o a Natale. Quest&#8217;opera d&#8217;arte personalizzata \u00e8 destinata a essere apprezzata per molti anni a venire ed \u00e8 un modo dolcissimo di esprimere amore e gratitudine al pap\u00e0 migliore del mondo.<\/p>","protected":false},"excerpt":{"rendered":"<ul class=\"check-list\">\n<li>Decorala con costellazioni e la Via Lattea<\/li>\n<li>Personalizzala in 3 semplici passaggi<\/li>\n<li>Aggiungi un testo personalizzato<\/li>\n<li>Guarda subito il risultato \u2013 l&#8217;anteprima interattiva ti permette di perfezionare ogni dettaglio<\/li>\n<\/ul>\n","protected":false},"featured_media":1357087,"template":"","meta":[],"product_brand":[],"product_cat":[9277,9100,4449,7338,5269,11421,7976],"product_tag":[8554,12599,15571,9295,11761,13685],"class_list":{"0":"post-470848","1":"product","2":"type-product","3":"status-publish","4":"has-post-thumbnail","6":"product_cat-bestsellers-label-it","7":"product_cat-duo-stars-it","8":"product_cat-tutti-i-prodotti","9":"product_cat-regali-per-la-festa-del-papa","10":"product_cat-regali-di-natale","11":"product_cat-regali-di-natale-per-papa","12":"product_cat-regali-per-il-papa","13":"product_tag-father-it","14":"product_tag-festa-del-papa","15":"product_tag-il-giorno-in-cui-sei-diventato-papa","16":"product_tag-il-miglior-papa-del-mondo","17":"product_tag-regali-di-natale-per-papa","18":"product_tag-regalo-per-la-festa-del-papa","20":"first","21":"instock","22":"sale","23":"taxable","24":"shipping-taxable","25":"purchasable","26":"product-type-variable"},"yoast_head":"<!-- This site is optimized with the Yoast SEO Premium plugin v27.2 (Yoast SEO v27.2) - https:\/\/yoast.com\/product\/yoast-seo-premium-wordpress\/ -->\n<title>Il Giorno in Cui Sei Diventato il Pap\u00e0 - Positive Prints<\/title>\n<meta name=\"description\" content=\"Il Giorno in Cui Sei Diventato il Nostro Pap\u00e0 \u00e8 una stampa personalizzata perfetta per tutti i pap\u00e0 che vogliono celebrare il prezioso momento in cui sono diventati genitori.\" \/>\n<meta name=\"robots\" content=\"index, follow, max-snippet:-1, max-image-preview:large, max-video-preview:-1\" \/>\n<link rel=\"canonical\" href=\"https:\/\/positiveprints.com\/it\/prodotto\/il-giorno-in-cui-sei-diventato-il-nostro-papa\/\" \/>\n<meta property=\"og:locale\" content=\"it_IT\" \/>\n<meta property=\"og:type\" content=\"article\" \/>\n<meta property=\"og:title\" content=\"Il Giorno in Cui Sei Diventato il Nostro Pap\u00e0\" \/>\n<meta property=\"og:description\" content=\"Decorala con costellazioni e la Via Lattea  Personalizzala in 3 semplici passaggi  Aggiungi un testo personalizzato  Guarda subito il risultato \u2013 l&#039;anteprima interattiva ti permette di perfezionare ogni dettaglio\" \/>\n<meta property=\"og:url\" content=\"https:\/\/positiveprints.com\/it\/prodotto\/il-giorno-in-cui-sei-diventato-il-nostro-papa\/\" \/>\n<meta property=\"og:site_name\" content=\"Positive Prints\" \/>\n<meta property=\"article:publisher\" content=\"https:\/\/www.facebook.com\/positiveprintscom\" \/>\n<meta property=\"article:modified_time\" content=\"2026-04-28T13:24:13+00:00\" \/>\n<meta property=\"og:image\" content=\"https:\/\/positiveprints.com\/wp-content\/uploads\/2025\/02\/Il-Giorno-in-Cui-Sei-Diventato-il-Nostro-Papa\u0300-1.webp\" \/>\n\t<meta property=\"og:image:width\" content=\"1450\" \/>\n\t<meta property=\"og:image:height\" content=\"1450\" \/>\n\t<meta property=\"og:image:type\" content=\"image\/webp\" \/>\n<meta name=\"twitter:card\" content=\"summary_large_image\" \/>\n<!-- \/ Yoast SEO Premium plugin. -->","yoast_head_json":{"title":"Il Giorno in Cui Sei Diventato il Pap\u00e0 - Positive Prints","description":"Il Giorno in Cui Sei Diventato il Nostro Pap\u00e0 \u00e8 una stampa personalizzata perfetta per tutti i pap\u00e0 che vogliono celebrare il prezioso momento in cui sono diventati genitori.","robots":{"index":"index","follow":"follow","max-snippet":"max-snippet:-1","max-image-preview":"max-image-preview:large","max-video-preview":"max-video-preview:-1"},"canonical":"https:\/\/positiveprints.com\/it\/prodotto\/il-giorno-in-cui-sei-diventato-il-nostro-papa\/","og_locale":"it_IT","og_type":"article","og_title":"Il Giorno in Cui Sei Diventato il Nostro Pap\u00e0","og_description":"Decorala con costellazioni e la Via Lattea  Personalizzala in 3 semplici passaggi  Aggiungi un testo personalizzato  Guarda subito il risultato \u2013 l'anteprima interattiva ti permette di perfezionare ogni dettaglio","og_url":"https:\/\/positiveprints.com\/it\/prodotto\/il-giorno-in-cui-sei-diventato-il-nostro-papa\/","og_site_name":"Positive Prints","article_publisher":"https:\/\/www.facebook.com\/positiveprintscom","article_modified_time":"2026-04-28T13:24:13+00:00","og_image":[{"width":1450,"height":1450,"url":"https:\/\/positiveprints.com\/wp-content\/uploads\/2025\/02\/Il-Giorno-in-Cui-Sei-Diventato-il-Nostro-Papa\u0300-1.webp","type":"image\/webp"}],"twitter_card":"summary_large_image","schema":{"@context":"https:\/\/schema.org","@graph":[{"@type":["WebPage","ItemPage"],"@id":"https:\/\/positiveprints.com\/it\/prodotto\/il-giorno-in-cui-sei-diventato-il-nostro-papa\/","url":"https:\/\/positiveprints.com\/it\/prodotto\/il-giorno-in-cui-sei-diventato-il-nostro-papa\/","name":"Il Giorno in Cui Sei Diventato il Pap\u00e0 - Positive Prints","isPartOf":{"@id":"https:\/\/positiveprints.com\/it\/#website"},"primaryImageOfPage":{"@id":"https:\/\/positiveprints.com\/it\/prodotto\/il-giorno-in-cui-sei-diventato-il-nostro-papa\/#primaryimage"},"image":{"@id":"https:\/\/positiveprints.com\/it\/prodotto\/il-giorno-in-cui-sei-diventato-il-nostro-papa\/#primaryimage"},"thumbnailUrl":"https:\/\/positiveprints.com\/wp-content\/uploads\/2025\/02\/Il-Giorno-in-Cui-Sei-Diventato-il-Nostro-Papa\u0300-1.webp","datePublished":"2023-04-07T11:22:35+00:00","dateModified":"2026-04-28T13:24:13+00:00","description":"Il Giorno in Cui Sei Diventato il Nostro Pap\u00e0 \u00e8 una stampa personalizzata perfetta per tutti i pap\u00e0 che vogliono celebrare il prezioso momento in cui sono diventati genitori.","breadcrumb":{"@id":"https:\/\/positiveprints.com\/it\/prodotto\/il-giorno-in-cui-sei-diventato-il-nostro-papa\/#breadcrumb"},"inLanguage":"it-IT","potentialAction":[{"@type":"ReadAction","target":["https:\/\/positiveprints.com\/it\/prodotto\/il-giorno-in-cui-sei-diventato-il-nostro-papa\/"]}]},{"@type":"ImageObject","inLanguage":"it-IT","@id":"https:\/\/positiveprints.com\/it\/prodotto\/il-giorno-in-cui-sei-diventato-il-nostro-papa\/#primaryimage","url":"https:\/\/positiveprints.com\/wp-content\/uploads\/2025\/02\/Il-Giorno-in-Cui-Sei-Diventato-il-Nostro-Papa\u0300-1.webp","contentUrl":"https:\/\/positiveprints.com\/wp-content\/uploads\/2025\/02\/Il-Giorno-in-Cui-Sei-Diventato-il-Nostro-Papa\u0300-1.webp","width":1450,"height":1450},{"@type":"BreadcrumbList","@id":"https:\/\/positiveprints.com\/it\/prodotto\/il-giorno-in-cui-sei-diventato-il-nostro-papa\/#breadcrumb","itemListElement":[{"@type":"ListItem","position":1,"name":"Home","item":"https:\/\/positiveprints.com\/it\/"},{"@type":"ListItem","position":2,"name":"Prodotti","item":"https:\/\/positiveprints.com\/it\/shop\/"},{"@type":"ListItem","position":3,"name":"Il Giorno in Cui Sei Diventato il Nostro Pap\u00e0"}]},{"@type":"WebSite","@id":"https:\/\/positiveprints.com\/it\/#website","url":"https:\/\/positiveprints.com\/it\/","name":"Positive Prints","description":"Amazing Custom Personalized Gifts","publisher":{"@id":"https:\/\/positiveprints.com\/it\/#organization"},"potentialAction":[{"@type":"SearchAction","target":{"@type":"EntryPoint","urlTemplate":"https:\/\/positiveprints.com\/it\/?s={search_term_string}"},"query-input":{"@type":"PropertyValueSpecification","valueRequired":true,"valueName":"search_term_string"}}],"inLanguage":"it-IT"},{"@type":"Organization","@id":"https:\/\/positiveprints.com\/it\/#organization","name":"Positive Prints","alternateName":"Positive Prints","url":"https:\/\/positiveprints.com\/it\/","logo":{"@type":"ImageObject","inLanguage":"it-IT","@id":"https:\/\/positiveprints.com\/it\/#\/schema\/logo\/image\/","url":"https:\/\/positiveprints.com\/wp-content\/uploads\/2026\/03\/245815646_1337939713319158_5671353136411139666_n.png","contentUrl":"https:\/\/positiveprints.com\/wp-content\/uploads\/2026\/03\/245815646_1337939713319158_5671353136411139666_n.png","width":800,"height":800,"caption":"Positive Prints"},"image":{"@id":"https:\/\/positiveprints.com\/it\/#\/schema\/logo\/image\/"},"sameAs":["https:\/\/www.facebook.com\/positiveprintscom","https:\/\/www.instagram.com\/positiveprintscom\/","https:\/\/www.tiktok.com\/@positiveprintscom","https:\/\/www.pinterest.com\/positiveprintscom\/"]}]}},"jetpack_sharing_enabled":true,"_links":{"self":[{"href":"https:\/\/positiveprints.com\/it\/wp-json\/wp\/v2\/product\/470848","targetHints":{"allow":["GET"]}}],"collection":[{"href":"https:\/\/positiveprints.com\/it\/wp-json\/wp\/v2\/product"}],"about":[{"href":"https:\/\/positiveprints.com\/it\/wp-json\/wp\/v2\/types\/product"}],"wp:featuredmedia":[{"embeddable":true,"href":"https:\/\/positiveprints.com\/it\/wp-json\/wp\/v2\/media\/1357087"}],"wp:attachment":[{"href":"https:\/\/positiveprints.com\/it\/wp-json\/wp\/v2\/media?parent=470848"}],"wp:term":[{"taxonomy":"product_brand","embeddable":true,"href":"https:\/\/positiveprints.com\/it\/wp-json\/wp\/v2\/product_brand?post=470848"},{"taxonomy":"product_cat","embeddable":true,"href":"https:\/\/positiveprints.com\/it\/wp-json\/wp\/v2\/product_cat?post=470848"},{"taxonomy":"product_tag","embeddable":true,"href":"https:\/\/positiveprints.com\/it\/wp-json\/wp\/v2\/product_tag?post=470848"}],"curies":[{"name":"wp","href":"https:\/\/api.w.org\/{rel}","templated":true}]}}