{"id":470800,"date":"2023-04-06T21:21:45","date_gmt":"2023-04-06T20:21:45","guid":{"rendered":"https:\/\/positiveprints.com\/?post_type=product&#038;p=470800"},"modified":"2026-04-28T14:24:18","modified_gmt":"2026-04-28T13:24:18","slug":"mappa-stellare-doppia-per-il-papa","status":"publish","type":"product","link":"https:\/\/positiveprints.com\/it\/prodotto\/mappa-stellare-doppia-per-il-papa\/","title":{"rendered":"Mappa Stellare Doppia per il Pap\u00e0"},"content":{"rendered":"<p style=\"margin-top: 1rem\">La Mappa Stellare Doppia per il Pap\u00e0 \u00e8 un regalo eccezionale capace di catturare due momenti indimenticabili nella vita di un padre &#8211; la nascita dei suoi figli &#8211; nel modo pi\u00f9 dolce e personalizzato che esista. Questa splendida mappa stellare \u00e8 un meraviglioso modo di imprimere nella memoria di ogni padre i giorni pi\u00f9 speciali della sua vita.<\/p>\r\n\r\n<p style=\"margin-top: 1rem\">Grazie al nostro metodo semplificato puoi creare e personalizzare la tua Mappa Stellare Doppia in tre semplici passaggi. Nel primo passaggio, puoi personalizzare i colori delle stelle e dello sfondo per rendere la tua creazione un pezzo davvero unico. Dopodich\u00e9, inserisci data, ora e luogo di nascita di ogni figlio e un testo personalizzato. Infine, scegli tra una stampa con o senza cornice, una stampa su tela o un file digitale da scaricare in un paio di clic.<\/p>\r\n\r\n<p style=\"margin-top: 1rem\">In questa stampa hai la possibilit\u00e0 di aggiungere anche il nome e l\u2019ora di nascita di ogni figlio, cos\u00ec da rendere l\u2019opera d\u2019arte davvero unica. Che sia in occasione del suo compleanno, la Festa de Pap\u00e0 o semplicemente una giornata qualunque in cui hai voglia di stupirlo, la Mappa Stellare Doppia per il Pap\u00e0 \u00e8 un regalo di cui \u00e8 difficile dimenticarsi.<\/p>","protected":false},"excerpt":{"rendered":"<ul class=\"check-list\">\n<li>Celebra la paternit\u00e0 con un dono senza tempo: un&#8217;opera d&#8217;arte che tuo padre apprezzer\u00e0 per sempre<\/li>\n<li>Decorala con costellazioni e la Via Lattea<\/li>\n<li>Personalizzala in 3 semplici passaggi<\/li>\n<li>Aggiungi un testo personalizzato<\/li>\n<li>Guarda subito il risultato \u2013 l&#8217;anteprima interattiva ti permette di perfezionare ogni dettaglio<\/li>\n<\/ul>\n","protected":false},"featured_media":1251695,"template":"","meta":[],"product_brand":[],"product_cat":[9100,4449,7338,5269,11421,7976],"product_tag":[8554,11761],"class_list":{"0":"post-470800","1":"product","2":"type-product","3":"status-publish","4":"has-post-thumbnail","6":"product_cat-duo-stars-it","7":"product_cat-tutti-i-prodotti","8":"product_cat-regali-per-la-festa-del-papa","9":"product_cat-regali-di-natale","10":"product_cat-regali-di-natale-per-papa","11":"product_cat-regali-per-il-papa","12":"product_tag-father-it","13":"product_tag-regali-di-natale-per-papa","15":"first","16":"instock","17":"sale","18":"taxable","19":"shipping-taxable","20":"purchasable","21":"product-type-variable"},"yoast_head":"<!-- This site is optimized with the Yoast SEO Premium plugin v27.2 (Yoast SEO v27.2) - https:\/\/yoast.com\/product\/yoast-seo-premium-wordpress\/ -->\n<title>Mappa Stellare Doppia per il Pap\u00e0 - Positive Prints<\/title>\n<meta name=\"description\" content=\"La Mappa Stellare Doppia per il Pap\u00e0 \u00e8 un regalo eccezionale capace di catturare due momenti indimenticabili nella vita di un padre - la nascita dei suoi figli.\" \/>\n<meta name=\"robots\" content=\"index, follow, max-snippet:-1, max-image-preview:large, max-video-preview:-1\" \/>\n<link rel=\"canonical\" href=\"https:\/\/positiveprints.com\/it\/prodotto\/mappa-stellare-doppia-per-il-papa\/\" \/>\n<meta property=\"og:locale\" content=\"it_IT\" \/>\n<meta property=\"og:type\" content=\"article\" \/>\n<meta property=\"og:title\" content=\"Mappa Stellare Doppia per il Pap\u00e0\" \/>\n<meta property=\"og:description\" content=\"Celebra la paternit\u00e0 con un dono senza tempo: un&#039;opera d&#039;arte che tuo padre apprezzer\u00e0 per sempre Decorala con costellazioni e la Via Lattea Personalizzala in 3 semplici passaggi Aggiungi un testo personalizzato Guarda subito il risultato \u2013 l&#039;anteprima interattiva ti permette di perfezionare ogni dettaglio\" \/>\n<meta property=\"og:url\" content=\"https:\/\/positiveprints.com\/it\/prodotto\/mappa-stellare-doppia-per-il-papa\/\" \/>\n<meta property=\"og:site_name\" content=\"Positive Prints\" \/>\n<meta property=\"article:publisher\" content=\"https:\/\/www.facebook.com\/positiveprintscom\" \/>\n<meta property=\"article:modified_time\" content=\"2026-04-28T13:24:18+00:00\" \/>\n<meta property=\"og:image\" content=\"https:\/\/positiveprints.com\/wp-content\/uploads\/2024\/11\/IT_PACKSHOT_Double-Star-Map-for-Dad-product-image-.webp\" \/>\n\t<meta property=\"og:image:width\" content=\"1450\" \/>\n\t<meta property=\"og:image:height\" content=\"1450\" \/>\n\t<meta property=\"og:image:type\" content=\"image\/webp\" \/>\n<meta name=\"twitter:card\" content=\"summary_large_image\" \/>\n<!-- \/ Yoast SEO Premium plugin. -->","yoast_head_json":{"title":"Mappa Stellare Doppia per il Pap\u00e0 - Positive Prints","description":"La Mappa Stellare Doppia per il Pap\u00e0 \u00e8 un regalo eccezionale capace di catturare due momenti indimenticabili nella vita di un padre - la nascita dei suoi figli.","robots":{"index":"index","follow":"follow","max-snippet":"max-snippet:-1","max-image-preview":"max-image-preview:large","max-video-preview":"max-video-preview:-1"},"canonical":"https:\/\/positiveprints.com\/it\/prodotto\/mappa-stellare-doppia-per-il-papa\/","og_locale":"it_IT","og_type":"article","og_title":"Mappa Stellare Doppia per il Pap\u00e0","og_description":"Celebra la paternit\u00e0 con un dono senza tempo: un'opera d'arte che tuo padre apprezzer\u00e0 per sempre Decorala con costellazioni e la Via Lattea Personalizzala in 3 semplici passaggi Aggiungi un testo personalizzato Guarda subito il risultato \u2013 l'anteprima interattiva ti permette di perfezionare ogni dettaglio","og_url":"https:\/\/positiveprints.com\/it\/prodotto\/mappa-stellare-doppia-per-il-papa\/","og_site_name":"Positive Prints","article_publisher":"https:\/\/www.facebook.com\/positiveprintscom","article_modified_time":"2026-04-28T13:24:18+00:00","og_image":[{"width":1450,"height":1450,"url":"https:\/\/positiveprints.com\/wp-content\/uploads\/2024\/11\/IT_PACKSHOT_Double-Star-Map-for-Dad-product-image-.webp","type":"image\/webp"}],"twitter_card":"summary_large_image","schema":{"@context":"https:\/\/schema.org","@graph":[{"@type":["WebPage","ItemPage"],"@id":"https:\/\/positiveprints.com\/it\/prodotto\/mappa-stellare-doppia-per-il-papa\/","url":"https:\/\/positiveprints.com\/it\/prodotto\/mappa-stellare-doppia-per-il-papa\/","name":"Mappa Stellare Doppia per il Pap\u00e0 - Positive Prints","isPartOf":{"@id":"https:\/\/positiveprints.com\/it\/#website"},"primaryImageOfPage":{"@id":"https:\/\/positiveprints.com\/it\/prodotto\/mappa-stellare-doppia-per-il-papa\/#primaryimage"},"image":{"@id":"https:\/\/positiveprints.com\/it\/prodotto\/mappa-stellare-doppia-per-il-papa\/#primaryimage"},"thumbnailUrl":"https:\/\/positiveprints.com\/wp-content\/uploads\/2024\/11\/IT_PACKSHOT_Double-Star-Map-for-Dad-product-image-.webp","datePublished":"2023-04-06T20:21:45+00:00","dateModified":"2026-04-28T13:24:18+00:00","description":"La Mappa Stellare Doppia per il Pap\u00e0 \u00e8 un regalo eccezionale capace di catturare due momenti indimenticabili nella vita di un padre - la nascita dei suoi figli.","breadcrumb":{"@id":"https:\/\/positiveprints.com\/it\/prodotto\/mappa-stellare-doppia-per-il-papa\/#breadcrumb"},"inLanguage":"it-IT","potentialAction":[{"@type":"ReadAction","target":["https:\/\/positiveprints.com\/it\/prodotto\/mappa-stellare-doppia-per-il-papa\/"]}]},{"@type":"ImageObject","inLanguage":"it-IT","@id":"https:\/\/positiveprints.com\/it\/prodotto\/mappa-stellare-doppia-per-il-papa\/#primaryimage","url":"https:\/\/positiveprints.com\/wp-content\/uploads\/2024\/11\/IT_PACKSHOT_Double-Star-Map-for-Dad-product-image-.webp","contentUrl":"https:\/\/positiveprints.com\/wp-content\/uploads\/2024\/11\/IT_PACKSHOT_Double-Star-Map-for-Dad-product-image-.webp","width":1450,"height":1450},{"@type":"BreadcrumbList","@id":"https:\/\/positiveprints.com\/it\/prodotto\/mappa-stellare-doppia-per-il-papa\/#breadcrumb","itemListElement":[{"@type":"ListItem","position":1,"name":"Home","item":"https:\/\/positiveprints.com\/it\/"},{"@type":"ListItem","position":2,"name":"Prodotti","item":"https:\/\/positiveprints.com\/it\/shop\/"},{"@type":"ListItem","position":3,"name":"Mappa Stellare Doppia per il Pap\u00e0"}]},{"@type":"WebSite","@id":"https:\/\/positiveprints.com\/it\/#website","url":"https:\/\/positiveprints.com\/it\/","name":"Positive Prints","description":"Amazing Custom Personalized Gifts","publisher":{"@id":"https:\/\/positiveprints.com\/it\/#organization"},"potentialAction":[{"@type":"SearchAction","target":{"@type":"EntryPoint","urlTemplate":"https:\/\/positiveprints.com\/it\/?s={search_term_string}"},"query-input":{"@type":"PropertyValueSpecification","valueRequired":true,"valueName":"search_term_string"}}],"inLanguage":"it-IT"},{"@type":"Organization","@id":"https:\/\/positiveprints.com\/it\/#organization","name":"Positive Prints","alternateName":"Positive Prints","url":"https:\/\/positiveprints.com\/it\/","logo":{"@type":"ImageObject","inLanguage":"it-IT","@id":"https:\/\/positiveprints.com\/it\/#\/schema\/logo\/image\/","url":"https:\/\/positiveprints.com\/wp-content\/uploads\/2026\/03\/245815646_1337939713319158_5671353136411139666_n.png","contentUrl":"https:\/\/positiveprints.com\/wp-content\/uploads\/2026\/03\/245815646_1337939713319158_5671353136411139666_n.png","width":800,"height":800,"caption":"Positive Prints"},"image":{"@id":"https:\/\/positiveprints.com\/it\/#\/schema\/logo\/image\/"},"sameAs":["https:\/\/www.facebook.com\/positiveprintscom","https:\/\/www.instagram.com\/positiveprintscom\/","https:\/\/www.tiktok.com\/@positiveprintscom","https:\/\/www.pinterest.com\/positiveprintscom\/"]}]}},"jetpack_sharing_enabled":true,"_links":{"self":[{"href":"https:\/\/positiveprints.com\/it\/wp-json\/wp\/v2\/product\/470800","targetHints":{"allow":["GET"]}}],"collection":[{"href":"https:\/\/positiveprints.com\/it\/wp-json\/wp\/v2\/product"}],"about":[{"href":"https:\/\/positiveprints.com\/it\/wp-json\/wp\/v2\/types\/product"}],"wp:featuredmedia":[{"embeddable":true,"href":"https:\/\/positiveprints.com\/it\/wp-json\/wp\/v2\/media\/1251695"}],"wp:attachment":[{"href":"https:\/\/positiveprints.com\/it\/wp-json\/wp\/v2\/media?parent=470800"}],"wp:term":[{"taxonomy":"product_brand","embeddable":true,"href":"https:\/\/positiveprints.com\/it\/wp-json\/wp\/v2\/product_brand?post=470800"},{"taxonomy":"product_cat","embeddable":true,"href":"https:\/\/positiveprints.com\/it\/wp-json\/wp\/v2\/product_cat?post=470800"},{"taxonomy":"product_tag","embeddable":true,"href":"https:\/\/positiveprints.com\/it\/wp-json\/wp\/v2\/product_tag?post=470800"}],"curies":[{"name":"wp","href":"https:\/\/api.w.org\/{rel}","templated":true}]}}