{"id":453599,"date":"2023-02-17T14:09:33","date_gmt":"2023-02-17T13:09:33","guid":{"rendered":"https:\/\/positiveprints.com\/?post_type=product&#038;p=453599"},"modified":"2026-04-18T06:11:15","modified_gmt":"2026-04-18T05:11:15","slug":"mappa-personalizzata-per-i-genitori","status":"publish","type":"product","link":"https:\/\/positiveprints.com\/it\/prodotto\/mappa-personalizzata-per-i-genitori\/","title":{"rendered":"Mappa personalizzata per i Genitori"},"content":{"rendered":"<p style=\"margin-top: 1rem\">Cerchi un regalo unico per i tuoi genitori? Prendi in considerazione una Mappa personalizzata! Con tantissime opzioni di personalizzazione come design, colori,testo, puoi creare qualcosa di significativo che sar\u00e0 apprezzato dai tuoi genitori. Non importa l&#8217;occasione, una mappa personalizzata mostrer\u00e0 sicuramente il tuo apprezzamento e li far\u00e0 sentire felici.<\/p>\r\n\r\n\r\n\r\n<h2 class=\"grenB f24 cblue\" style=\"margin-top: 3rem\">Mostra Apprezzamento e Sentimento<\/h2>\r\n\r\n<p style=\"margin-top: 1rem\">La mappa personalizzata per i genitori pu\u00f2 essere un modo significativo per commemorare occasioni speciali come anniversari, compleanni o lauree. Prova ad evidenziare un luogo che ha un significato speciale per i genitori: ad esempio dove si sono sposati, la loro citt\u00e0 natale o un luogo che hanno visitato assieme. Questo tipo di regalo mostrer\u00e0 loro quanto ci tieni e li far\u00e0 sentire apprezzati.<\/p>\r\n\r\n\r\n\r\n<h2 class=\"grenB f24 cblue\" style=\"margin-top: 3rem\">Personalizza la Tua Mappa per i Genitori<\/h2>\r\n\r\n<p style=\"margin-top: 1rem\">Non importa l&#8217;occasione, la mappa personalizzata per i genitori offre una variet\u00e0 di design unici e di colori tra cui scegliere. Dalle classiche mappe in bianco e nero ai vivaci disegni astratti: troverai sicuramente qualcosa che i tuoi genitori adoreranno. Scegli un design che rifletta la loro personalit\u00e0 o uno che parli dei loro interessi.<\/p>\r\n\r\n\r\n\r\n<p style=\"margin-top: 1rem\">Puoi inoltre aggiungere la tua dedica su una stampa o su una tela. Puoi includere un messaggio sincero (come esprimere quanto li ami e li apprezzi) oppure, se preferisci farli ridere, perch\u00e9 non aggiungere una battuta o una frase divertente? Personalizzare la mappa con le tue parole render\u00e0 sicuramente il regalo ancora pi\u00f9 speciale e memorabile.<\/p>\r\n\r\n\r\n\r\n<h2 class=\"grenB f24 cblue\" style=\"margin-top: 3rem\">Il Regalo Perfetto per Ogni Occasione!<\/h2>\r\n\r\n<p style=\"margin-top: 1rem\">Che tu stia celebrando un&#8217;occasione speciale o semplicemente mostrando il tuo apprezzamento, la Mappa personalizzata per i Genitori \u00e8 il regalo perfetto da fargli. \u00c8 unica e premurosa, qualcosa di cui faranno tesoro per gli anni a venire. Quindi assicurati di dimostrare il tuo amore in questa stagione con una mappa personalizzata per i genitori!<\/p>","protected":false},"excerpt":{"rendered":"<ul class=\"check-list\">\n<li>Esprimi gratitudine ai tuoi genitori con un regalo speciale che cattura la loro casa<\/li>\n<li>Indica il punto preciso con un simbolo a tua scelta<\/li>\n<li>Personalizzala in 3 semplici passaggi<\/li>\n<li>Aggiungi un testo personalizzato<\/li>\n<li>Guarda subito il risultato \u2013 l&#8217;anteprima interattiva ti permette di perfezionare ogni dettaglio<\/li>\n<\/ul>\n","protected":false},"featured_media":1611607,"template":"","meta":[],"product_brand":[],"product_cat":[4449,7190,5269,11430],"product_tag":[15498,8755],"class_list":{"0":"post-453599","1":"product","2":"type-product","3":"status-publish","4":"has-post-thumbnail","6":"product_cat-tutti-i-prodotti","7":"product_cat-map-it","8":"product_cat-regali-di-natale","9":"product_cat-regali-di-natale-per-i-genitori","10":"product_tag-mamma-e-papa","11":"product_tag-parents-it","13":"first","14":"instock","15":"sale","16":"taxable","17":"shipping-taxable","18":"purchasable","19":"product-type-variable"},"yoast_head":"<!-- This site is optimized with the Yoast SEO Premium plugin v27.2 (Yoast SEO v27.2) - https:\/\/yoast.com\/product\/yoast-seo-premium-wordpress\/ -->\n<title>Mappa personalizzata per i Genitori - Positive Prints<\/title>\n<meta name=\"description\" content=\"Che tu stia celebrando un&#039;occasione speciale o semplicemente dimostrando affetto, la mappa personalizzata per i genitori \u00e8 il regalo ideale da fare ai tuoi genitori.\" \/>\n<meta name=\"robots\" content=\"index, follow, max-snippet:-1, max-image-preview:large, max-video-preview:-1\" \/>\n<link rel=\"canonical\" href=\"https:\/\/positiveprints.com\/it\/prodotto\/mappa-personalizzata-per-i-genitori\/\" \/>\n<meta property=\"og:locale\" content=\"it_IT\" \/>\n<meta property=\"og:type\" content=\"article\" \/>\n<meta property=\"og:title\" content=\"Mappa personalizzata per i Genitori\" \/>\n<meta property=\"og:description\" content=\"Esprimi gratitudine ai tuoi genitori con un regalo speciale che cattura la loro casa Indica il punto preciso con un simbolo a tua scelta Personalizzala in 3 semplici passaggi Aggiungi un testo personalizzato Guarda subito il risultato \u2013 l&#039;anteprima interattiva ti permette di perfezionare ogni dettaglio\" \/>\n<meta property=\"og:url\" content=\"https:\/\/positiveprints.com\/it\/prodotto\/mappa-personalizzata-per-i-genitori\/\" \/>\n<meta property=\"og:site_name\" content=\"Positive Prints\" \/>\n<meta property=\"article:publisher\" content=\"https:\/\/www.facebook.com\/positiveprintscom\" \/>\n<meta property=\"article:modified_time\" content=\"2026-04-18T05:11:15+00:00\" \/>\n<meta property=\"og:image\" content=\"https:\/\/positiveprints.com\/wp-content\/uploads\/2023\/08\/Mappa-personalizzata-per-i-Genitori-1.jpg\" \/>\n\t<meta property=\"og:image:width\" content=\"1080\" \/>\n\t<meta property=\"og:image:height\" content=\"1080\" \/>\n\t<meta property=\"og:image:type\" content=\"image\/jpeg\" \/>\n<meta name=\"twitter:card\" content=\"summary_large_image\" \/>\n<meta name=\"twitter:label1\" content=\"Tempo di lettura stimato\" \/>\n\t<meta name=\"twitter:data1\" content=\"2 minuti\" \/>\n<!-- \/ Yoast SEO Premium plugin. -->","yoast_head_json":{"title":"Mappa personalizzata per i Genitori - Positive Prints","description":"Che tu stia celebrando un'occasione speciale o semplicemente dimostrando affetto, la mappa personalizzata per i genitori \u00e8 il regalo ideale da fare ai tuoi genitori.","robots":{"index":"index","follow":"follow","max-snippet":"max-snippet:-1","max-image-preview":"max-image-preview:large","max-video-preview":"max-video-preview:-1"},"canonical":"https:\/\/positiveprints.com\/it\/prodotto\/mappa-personalizzata-per-i-genitori\/","og_locale":"it_IT","og_type":"article","og_title":"Mappa personalizzata per i Genitori","og_description":"Esprimi gratitudine ai tuoi genitori con un regalo speciale che cattura la loro casa Indica il punto preciso con un simbolo a tua scelta Personalizzala in 3 semplici passaggi Aggiungi un testo personalizzato Guarda subito il risultato \u2013 l'anteprima interattiva ti permette di perfezionare ogni dettaglio","og_url":"https:\/\/positiveprints.com\/it\/prodotto\/mappa-personalizzata-per-i-genitori\/","og_site_name":"Positive Prints","article_publisher":"https:\/\/www.facebook.com\/positiveprintscom","article_modified_time":"2026-04-18T05:11:15+00:00","og_image":[{"width":1080,"height":1080,"url":"https:\/\/positiveprints.com\/wp-content\/uploads\/2023\/08\/Mappa-personalizzata-per-i-Genitori-1.jpg","type":"image\/jpeg"}],"twitter_card":"summary_large_image","twitter_misc":{"Tempo di lettura stimato":"2 minuti"},"schema":{"@context":"https:\/\/schema.org","@graph":[{"@type":["WebPage","ItemPage"],"@id":"https:\/\/positiveprints.com\/it\/prodotto\/mappa-personalizzata-per-i-genitori\/","url":"https:\/\/positiveprints.com\/it\/prodotto\/mappa-personalizzata-per-i-genitori\/","name":"Mappa personalizzata per i Genitori - Positive Prints","isPartOf":{"@id":"https:\/\/positiveprints.com\/it\/#website"},"primaryImageOfPage":{"@id":"https:\/\/positiveprints.com\/it\/prodotto\/mappa-personalizzata-per-i-genitori\/#primaryimage"},"image":{"@id":"https:\/\/positiveprints.com\/it\/prodotto\/mappa-personalizzata-per-i-genitori\/#primaryimage"},"thumbnailUrl":"https:\/\/positiveprints.com\/wp-content\/uploads\/2026\/01\/Packshot_IT_Mappa-personalizzata-per-i-Genitori.webp","datePublished":"2023-02-17T13:09:33+00:00","dateModified":"2026-04-18T05:11:15+00:00","description":"Che tu stia celebrando un'occasione speciale o semplicemente dimostrando affetto, la mappa personalizzata per i genitori \u00e8 il regalo ideale da fare ai tuoi genitori.","breadcrumb":{"@id":"https:\/\/positiveprints.com\/it\/prodotto\/mappa-personalizzata-per-i-genitori\/#breadcrumb"},"inLanguage":"it-IT","potentialAction":[{"@type":"ReadAction","target":["https:\/\/positiveprints.com\/it\/prodotto\/mappa-personalizzata-per-i-genitori\/"]}]},{"@type":"ImageObject","inLanguage":"it-IT","@id":"https:\/\/positiveprints.com\/it\/prodotto\/mappa-personalizzata-per-i-genitori\/#primaryimage","url":"https:\/\/positiveprints.com\/wp-content\/uploads\/2026\/01\/Packshot_IT_Mappa-personalizzata-per-i-Genitori.webp","contentUrl":"https:\/\/positiveprints.com\/wp-content\/uploads\/2026\/01\/Packshot_IT_Mappa-personalizzata-per-i-Genitori.webp","width":1450,"height":1450},{"@type":"BreadcrumbList","@id":"https:\/\/positiveprints.com\/it\/prodotto\/mappa-personalizzata-per-i-genitori\/#breadcrumb","itemListElement":[{"@type":"ListItem","position":1,"name":"Home","item":"https:\/\/positiveprints.com\/it\/"},{"@type":"ListItem","position":2,"name":"Prodotti","item":"https:\/\/positiveprints.com\/it\/shop\/"},{"@type":"ListItem","position":3,"name":"Mappa personalizzata per i Genitori"}]},{"@type":"WebSite","@id":"https:\/\/positiveprints.com\/it\/#website","url":"https:\/\/positiveprints.com\/it\/","name":"Positive Prints","description":"Amazing Custom Personalized Gifts","publisher":{"@id":"https:\/\/positiveprints.com\/it\/#organization"},"potentialAction":[{"@type":"SearchAction","target":{"@type":"EntryPoint","urlTemplate":"https:\/\/positiveprints.com\/it\/?s={search_term_string}"},"query-input":{"@type":"PropertyValueSpecification","valueRequired":true,"valueName":"search_term_string"}}],"inLanguage":"it-IT"},{"@type":"Organization","@id":"https:\/\/positiveprints.com\/it\/#organization","name":"Positive Prints","alternateName":"Positive Prints","url":"https:\/\/positiveprints.com\/it\/","logo":{"@type":"ImageObject","inLanguage":"it-IT","@id":"https:\/\/positiveprints.com\/it\/#\/schema\/logo\/image\/","url":"https:\/\/positiveprints.com\/wp-content\/uploads\/2026\/03\/245815646_1337939713319158_5671353136411139666_n.png","contentUrl":"https:\/\/positiveprints.com\/wp-content\/uploads\/2026\/03\/245815646_1337939713319158_5671353136411139666_n.png","width":800,"height":800,"caption":"Positive Prints"},"image":{"@id":"https:\/\/positiveprints.com\/it\/#\/schema\/logo\/image\/"},"sameAs":["https:\/\/www.facebook.com\/positiveprintscom","https:\/\/www.instagram.com\/positiveprintscom\/","https:\/\/www.tiktok.com\/@positiveprintscom","https:\/\/www.pinterest.com\/positiveprintscom\/"]}]}},"jetpack_sharing_enabled":true,"_links":{"self":[{"href":"https:\/\/positiveprints.com\/it\/wp-json\/wp\/v2\/product\/453599","targetHints":{"allow":["GET"]}}],"collection":[{"href":"https:\/\/positiveprints.com\/it\/wp-json\/wp\/v2\/product"}],"about":[{"href":"https:\/\/positiveprints.com\/it\/wp-json\/wp\/v2\/types\/product"}],"wp:featuredmedia":[{"embeddable":true,"href":"https:\/\/positiveprints.com\/it\/wp-json\/wp\/v2\/media\/1611607"}],"wp:attachment":[{"href":"https:\/\/positiveprints.com\/it\/wp-json\/wp\/v2\/media?parent=453599"}],"wp:term":[{"taxonomy":"product_brand","embeddable":true,"href":"https:\/\/positiveprints.com\/it\/wp-json\/wp\/v2\/product_brand?post=453599"},{"taxonomy":"product_cat","embeddable":true,"href":"https:\/\/positiveprints.com\/it\/wp-json\/wp\/v2\/product_cat?post=453599"},{"taxonomy":"product_tag","embeddable":true,"href":"https:\/\/positiveprints.com\/it\/wp-json\/wp\/v2\/product_tag?post=453599"}],"curies":[{"name":"wp","href":"https:\/\/api.w.org\/{rel}","templated":true}]}}