{"id":453484,"date":"2023-02-16T13:31:44","date_gmt":"2023-02-16T12:31:44","guid":{"rendered":"https:\/\/positiveprints.com\/?post_type=product&#038;p=453484"},"modified":"2026-04-28T14:28:31","modified_gmt":"2026-04-28T13:28:31","slug":"mappa-della-casa-dei-genitori","status":"publish","type":"product","link":"https:\/\/positiveprints.com\/it\/prodotto\/mappa-della-casa-dei-genitori\/","title":{"rendered":"Mappa della casa dei Genitori"},"content":{"rendered":"<p style=\"margin-top: 1rem\">Cerchi un regalo unico per i tuoi genitori? Non cercare altro: scegli la Mappa della casa dei Genitori! Con le sue opzioni personalizzabili, puoi creare un regalo unico che i tuoi genitori apprezzeranno per gli anni a venire. Allora perch\u00e9 non sorprenderli oggi con questo regalo significativo e premuroso? Lo adoreranno sicuramente!<\/p>\r\n\r\n<h2 class=\"grenB f24 cblue\" style=\"margin-top: 3rem\">Un Bellissimo Ricordo di tutti i meravigliosi Momenti<\/h2>\r\n\r\n<p style=\"margin-top: 1rem\">La mappa della casa dei genitori \u00e8 una scelta eccellente per chi cerca un regalo significativo e premuroso per i propri genitori. Questa mappa personalizzata porter\u00e0 sicuramente un sorriso sui loro volti e sar\u00e0 un bellissimo ricordo di tutti i luoghi meravigliosi e momenti che avete condiviso assieme. E poich\u00e9 pu\u00f2 essere personalizzata, puoi assicurarti che la Mappa della casa dei Genitori rifletta la vostra storia e che rimarr\u00e0 per sempre un ricordo speciale dell&#8217;amore che c\u2019\u00e8 stato tra di voi.<\/p>\r\n\r\n<p style=\"margin-top: 1rem\">La mappa della casa dei genitori \u00e8 il regalo perfetto per ogni occasione, che si tratti del loro anniversario, del loro compleanno o semplicemente per dimostrare loro quanto ci tieni. Questa mappa personalizzata li far\u00e0 sicuramente sentire particolarmente amati e speciali, poich\u00e9 ogni volta che la guarderanno gli ricorder\u00e0 tutti i luoghi meravigliosi ed i momenti che hanno condiviso insieme.<\/p>\r\n\r\n<h2 class=\"grenB f24 cblue\" style=\"margin-top: 3rem\">Personalizzare la Mappa di casa dei Geniori \u00e8 Facile e Divertente<\/h2>\r\n\r\n<p style=\"margin-top: 1rem\">Personalizzare una mappa della casa dei genitori \u00e8 facile e divertente! Innanzitutto, sceglierai il design della tua mappa. Poi inserirai la posizione che desideri includere ed il simbolo che preferisci utilizzare. Puoi anche scrivere dei messaggi o delle citazioni speciali se lo desideri! Una volta effettuate tutte le selezioni, sarai in grado di scegliere la dimensione ed il formato della tua stampa. Puoi scegliere tra un poster, una tela, un&#8217;opera d&#8217;arte incorniciata o un file di download istantaneo che puoi stampare in autonomia. Con cos\u00ec tante opzioni per personalizzare la mappa, puoi creare un regalo unico e significativo che i tuoi genitori apprezzeranno per gli anni a venire!<\/p>\r\n\r\n\r\n\r\n<p style=\"margin-top: 3rem\">Ordina oggi la Mappa della casa dei Genitori e donagli un regalo speciale e significativo che ricorderanno per sempre!<\/p>","protected":false},"excerpt":{"rendered":"<ul class=\"check-list\">\n<li>Crea una mappa del luogo che chiamerai sempre casa<\/li>\n<li>Aggiungi un testo personalizzato<\/li>\n<li>Personalizzala in 3 semplici passaggi<\/li>\n<li>Scegli un template o dai sfogo alla fantasia<\/li>\n<li>Guarda subito il risultato \u2013 l&#8217;anteprima interattiva ti permette di perfezionare ogni dettaglio<\/li>\n<\/ul>\n","protected":false},"featured_media":656803,"template":"","meta":[],"product_brand":[],"product_cat":[4449,7190,5269,15057,11430],"product_tag":[16084,15498,8755,13466],"class_list":{"0":"post-453484","1":"product","2":"type-product","3":"status-publish","4":"has-post-thumbnail","6":"product_cat-tutti-i-prodotti","7":"product_cat-map-it","8":"product_cat-regali-di-natale","9":"product_cat-regali-di-natale-per-la-famiglia","10":"product_cat-regali-di-natale-per-i-genitori","11":"product_tag-christmas-gifts-for-family-it","12":"product_tag-mamma-e-papa","13":"product_tag-parents-it","14":"product_tag-regali-di-natale-per-la-famiglia","16":"first","17":"instock","18":"sale","19":"taxable","20":"shipping-taxable","21":"purchasable","22":"product-type-variable"},"yoast_head":"<!-- This site is optimized with the Yoast SEO Premium plugin v27.2 (Yoast SEO v27.2) - https:\/\/yoast.com\/product\/yoast-seo-premium-wordpress\/ -->\n<title>Mappa della casa dei Genitori - Positive Prints<\/title>\n<meta name=\"description\" content=\"Cerchi un regalo unico per i tuoi genitori? Ordina oggi la Mappa della casa dei Genitori e donagli un regalo speciale e significativo che ricorderanno per sempre!\" \/>\n<meta name=\"robots\" content=\"index, follow, max-snippet:-1, max-image-preview:large, max-video-preview:-1\" \/>\n<link rel=\"canonical\" href=\"https:\/\/positiveprints.com\/it\/prodotto\/mappa-della-casa-dei-genitori\/\" \/>\n<meta property=\"og:locale\" content=\"it_IT\" \/>\n<meta property=\"og:type\" content=\"article\" \/>\n<meta property=\"og:title\" content=\"Mappa della casa dei Genitori\" \/>\n<meta property=\"og:description\" content=\"Crea una mappa del luogo che chiamerai sempre casa Aggiungi un testo personalizzato Personalizzala in 3 semplici passaggi Scegli un template o dai sfogo alla fantasia Guarda subito il risultato \u2013 l&#039;anteprima interattiva ti permette di perfezionare ogni dettaglio\" \/>\n<meta property=\"og:url\" content=\"https:\/\/positiveprints.com\/it\/prodotto\/mappa-della-casa-dei-genitori\/\" \/>\n<meta property=\"og:site_name\" content=\"Positive Prints\" \/>\n<meta property=\"article:publisher\" content=\"https:\/\/www.facebook.com\/positiveprintscom\" \/>\n<meta property=\"article:modified_time\" content=\"2026-04-28T13:28:31+00:00\" \/>\n<meta property=\"og:image\" content=\"https:\/\/positiveprints.com\/wp-content\/uploads\/2023\/08\/Mappa-della-casa-dei-Genitori-1.jpg\" \/>\n\t<meta property=\"og:image:width\" content=\"1080\" \/>\n\t<meta property=\"og:image:height\" content=\"1080\" \/>\n\t<meta property=\"og:image:type\" content=\"image\/jpeg\" \/>\n<meta name=\"twitter:card\" content=\"summary_large_image\" \/>\n<!-- \/ Yoast SEO Premium plugin. -->","yoast_head_json":{"title":"Mappa della casa dei Genitori - Positive Prints","description":"Cerchi un regalo unico per i tuoi genitori? Ordina oggi la Mappa della casa dei Genitori e donagli un regalo speciale e significativo che ricorderanno per sempre!","robots":{"index":"index","follow":"follow","max-snippet":"max-snippet:-1","max-image-preview":"max-image-preview:large","max-video-preview":"max-video-preview:-1"},"canonical":"https:\/\/positiveprints.com\/it\/prodotto\/mappa-della-casa-dei-genitori\/","og_locale":"it_IT","og_type":"article","og_title":"Mappa della casa dei Genitori","og_description":"Crea una mappa del luogo che chiamerai sempre casa Aggiungi un testo personalizzato Personalizzala in 3 semplici passaggi Scegli un template o dai sfogo alla fantasia Guarda subito il risultato \u2013 l'anteprima interattiva ti permette di perfezionare ogni dettaglio","og_url":"https:\/\/positiveprints.com\/it\/prodotto\/mappa-della-casa-dei-genitori\/","og_site_name":"Positive Prints","article_publisher":"https:\/\/www.facebook.com\/positiveprintscom","article_modified_time":"2026-04-28T13:28:31+00:00","og_image":[{"width":1080,"height":1080,"url":"https:\/\/positiveprints.com\/wp-content\/uploads\/2023\/08\/Mappa-della-casa-dei-Genitori-1.jpg","type":"image\/jpeg"}],"twitter_card":"summary_large_image","schema":{"@context":"https:\/\/schema.org","@graph":[{"@type":["WebPage","ItemPage"],"@id":"https:\/\/positiveprints.com\/it\/prodotto\/mappa-della-casa-dei-genitori\/","url":"https:\/\/positiveprints.com\/it\/prodotto\/mappa-della-casa-dei-genitori\/","name":"Mappa della casa dei Genitori - Positive Prints","isPartOf":{"@id":"https:\/\/positiveprints.com\/it\/#website"},"primaryImageOfPage":{"@id":"https:\/\/positiveprints.com\/it\/prodotto\/mappa-della-casa-dei-genitori\/#primaryimage"},"image":{"@id":"https:\/\/positiveprints.com\/it\/prodotto\/mappa-della-casa-dei-genitori\/#primaryimage"},"thumbnailUrl":"https:\/\/positiveprints.com\/wp-content\/uploads\/2023\/08\/Mappa-della-casa-dei-Genitori-1.jpg","datePublished":"2023-02-16T12:31:44+00:00","dateModified":"2026-04-28T13:28:31+00:00","description":"Cerchi un regalo unico per i tuoi genitori? Ordina oggi la Mappa della casa dei Genitori e donagli un regalo speciale e significativo che ricorderanno per sempre!","breadcrumb":{"@id":"https:\/\/positiveprints.com\/it\/prodotto\/mappa-della-casa-dei-genitori\/#breadcrumb"},"inLanguage":"it-IT","potentialAction":[{"@type":"ReadAction","target":["https:\/\/positiveprints.com\/it\/prodotto\/mappa-della-casa-dei-genitori\/"]}]},{"@type":"ImageObject","inLanguage":"it-IT","@id":"https:\/\/positiveprints.com\/it\/prodotto\/mappa-della-casa-dei-genitori\/#primaryimage","url":"https:\/\/positiveprints.com\/wp-content\/uploads\/2023\/08\/Mappa-della-casa-dei-Genitori-1.jpg","contentUrl":"https:\/\/positiveprints.com\/wp-content\/uploads\/2023\/08\/Mappa-della-casa-dei-Genitori-1.jpg","width":1080,"height":1080,"caption":"Mappa della casa dei Genitori"},{"@type":"BreadcrumbList","@id":"https:\/\/positiveprints.com\/it\/prodotto\/mappa-della-casa-dei-genitori\/#breadcrumb","itemListElement":[{"@type":"ListItem","position":1,"name":"Home","item":"https:\/\/positiveprints.com\/it\/"},{"@type":"ListItem","position":2,"name":"Prodotti","item":"https:\/\/positiveprints.com\/it\/shop\/"},{"@type":"ListItem","position":3,"name":"Mappa della casa dei Genitori"}]},{"@type":"WebSite","@id":"https:\/\/positiveprints.com\/it\/#website","url":"https:\/\/positiveprints.com\/it\/","name":"Positive Prints","description":"Amazing Custom Personalized Gifts","publisher":{"@id":"https:\/\/positiveprints.com\/it\/#organization"},"potentialAction":[{"@type":"SearchAction","target":{"@type":"EntryPoint","urlTemplate":"https:\/\/positiveprints.com\/it\/?s={search_term_string}"},"query-input":{"@type":"PropertyValueSpecification","valueRequired":true,"valueName":"search_term_string"}}],"inLanguage":"it-IT"},{"@type":"Organization","@id":"https:\/\/positiveprints.com\/it\/#organization","name":"Positive Prints","alternateName":"Positive Prints","url":"https:\/\/positiveprints.com\/it\/","logo":{"@type":"ImageObject","inLanguage":"it-IT","@id":"https:\/\/positiveprints.com\/it\/#\/schema\/logo\/image\/","url":"https:\/\/positiveprints.com\/wp-content\/uploads\/2026\/03\/245815646_1337939713319158_5671353136411139666_n.png","contentUrl":"https:\/\/positiveprints.com\/wp-content\/uploads\/2026\/03\/245815646_1337939713319158_5671353136411139666_n.png","width":800,"height":800,"caption":"Positive Prints"},"image":{"@id":"https:\/\/positiveprints.com\/it\/#\/schema\/logo\/image\/"},"sameAs":["https:\/\/www.facebook.com\/positiveprintscom","https:\/\/www.instagram.com\/positiveprintscom\/","https:\/\/www.tiktok.com\/@positiveprintscom","https:\/\/www.pinterest.com\/positiveprintscom\/"]}]}},"jetpack_sharing_enabled":true,"_links":{"self":[{"href":"https:\/\/positiveprints.com\/it\/wp-json\/wp\/v2\/product\/453484","targetHints":{"allow":["GET"]}}],"collection":[{"href":"https:\/\/positiveprints.com\/it\/wp-json\/wp\/v2\/product"}],"about":[{"href":"https:\/\/positiveprints.com\/it\/wp-json\/wp\/v2\/types\/product"}],"wp:featuredmedia":[{"embeddable":true,"href":"https:\/\/positiveprints.com\/it\/wp-json\/wp\/v2\/media\/656803"}],"wp:attachment":[{"href":"https:\/\/positiveprints.com\/it\/wp-json\/wp\/v2\/media?parent=453484"}],"wp:term":[{"taxonomy":"product_brand","embeddable":true,"href":"https:\/\/positiveprints.com\/it\/wp-json\/wp\/v2\/product_brand?post=453484"},{"taxonomy":"product_cat","embeddable":true,"href":"https:\/\/positiveprints.com\/it\/wp-json\/wp\/v2\/product_cat?post=453484"},{"taxonomy":"product_tag","embeddable":true,"href":"https:\/\/positiveprints.com\/it\/wp-json\/wp\/v2\/product_tag?post=453484"}],"curies":[{"name":"wp","href":"https:\/\/api.w.org\/{rel}","templated":true}]}}