{"id":453378,"date":"2023-02-15T20:55:15","date_gmt":"2023-02-15T19:55:15","guid":{"rendered":"https:\/\/positiveprints.com\/?post_type=product&#038;p=453378"},"modified":"2026-04-12T22:41:04","modified_gmt":"2026-04-12T21:41:04","slug":"la-canzone-preferita-di-papa","status":"publish","type":"product","link":"https:\/\/positiveprints.com\/it\/prodotto\/la-canzone-preferita-di-papa\/","title":{"rendered":"La Canzone Preferita di Pap\u00e0"},"content":{"rendered":"<p style=\"margin-top: 1rem\">Cerchi un regalo per pap\u00e0? Con La Canzone Preferita di Pap\u00e0, puoi mostrare a tuo padre quanto significa per te e farlo sentire apprezzato. Lascia che il tuo amore parli attraverso le onde sonore: render\u00e0 sicuramente speciale la sua giornata.<\/p>\n\n\n\n\n\n\n\n<h2 class=\"grenB f24 cblue\" style=\"margin-top: 3rem\">Come creare la canzone preferita di pap\u00e0?<\/h2>\n\n\n\n<p style=\"margin-top: 1rem\">Il Poster dell&#8217;onda sonora della canzone preferita di pap\u00e0 \u00e8 uno dei migliori regali che puoi fare a un pap\u00e0 per la sua festa o per qualsiasi occasione speciale. Non solo mostra il tuo apprezzamento per i suoi gusti e le sue preferenze, ma gli regala anche qualcosa che pu\u00f2 sempre apprezzare e ricordare. Le stampe e le tele personalizzate di onde sonore sono speciali e significative perch\u00e9 ci consentono di esprimere quanto lo amiamo in un modo unico. Offrono anche l&#8217;opportunit\u00e0 ai padri di legarsi ai propri figli, condividendo i ricordi attraverso i brani preferiti.<\/p>\n\n\n\n\n\n\n\n<p style=\"margin-top: 1rem\">Per creare la canzone preferita di pap\u00e0, devi prima scegliere la canzone. Puoi incollare un collegamento video di Spotify o caricare un file audio dal tuo computer. Successivamente personalizzarlo aggiungendo un testo personale e scegliendo i colori pi\u00f9 adatti. Una volta soddisfatto del design, effettua semplicemente l\u2019ordine. La tua Arte sonora personalizzata arriver\u00e0 entro pochi giorni e sar\u00e0 pronta per essere appesa in qualsiasi stanza.<\/p>\n\n\n\n\n\n\n\n\n\n\n\n<h2 class=\"grenB f24 cblue\" style=\"margin-top: 3rem\">Dimostra quanto sei orgoglioso di Pap\u00e0<\/h2>\n\n\n\n<p style=\"margin-top: 1rem\">Fare regali ai nostri pap\u00e0 \u00e8 un modo importante per dimostrargli l\u2019apprezzamento e l\u2019amore per tutto ci\u00f2 che fanno per noi. I padri spesso mettono al primo posto le esigenze dei figli e della famiglia, quindi dare loro l&#8217;opportunit\u00e0 di ricevere in cambio un dono speciale \u00e8 sicuramente significativo. I regali ci danno la possibilit\u00e0 non solo di dire ai nostri pap\u00e0 quanto ci teniamo, ma anche di dimostrargli attraverso oggetti reali quanto li amiamo. Nella festa del pap\u00e0 o in qualsiasi altra occasione, un regalo speciale pu\u00f2 essere un ottimo modo per esprimere la tua gratitudine ed ammirazione per tutto ci\u00f2 che fanno.<\/p>\n\n\n\n\n\n\n\n \n\n\n\n<p style=\"margin-top: 3rem\">La Canzone preferita di Pap\u00e0 \u00e8 un regalo perfetto per la festa del pap\u00e0, compleanni, anniversari o qualsiasi altra occasione speciale. Festeggia la canzone preferita di tuo padre in un modo unico e significativo che sar\u00e0 apprezzato negli anni a venire. Mostra il tuo apprezzamento e fagli sapere quanto ci tieni. Fallo sentire davvero speciale e fagli un regalo che ricorder\u00e0 per sempre. Crea oggi la Canzone preferita di Pap\u00e0!<\/p>","protected":false},"excerpt":{"rendered":"<ul class=\"check-list\">\n<li>Trasforma la tua voce o qualsiasi altro suono in un&#8217;opera d&#8217;arte personalizzata<\/li>\n<li>Carica semplicemente un file audio<\/li>\n<li>Aggiungi un codice QR e usalo per riprodurre la tua canzone preferita\n<li>Personalizzala in 3 semplici passaggi<\/li>\n<li>Scegli un template o dai sfogo alla fantasia<\/li>\n<\/ul>\n","protected":false},"featured_media":461034,"template":"","meta":[],"product_brand":[],"product_cat":[4449,7338,5269,11421,7976,7481],"product_tag":[8554,11761],"class_list":{"0":"post-453378","1":"product","2":"type-product","3":"status-publish","4":"has-post-thumbnail","6":"product_cat-tutti-i-prodotti","7":"product_cat-regali-per-la-festa-del-papa","8":"product_cat-regali-di-natale","9":"product_cat-regali-di-natale-per-papa","10":"product_cat-regali-per-il-papa","11":"product_cat-onda-sonora-it","12":"product_tag-father-it","13":"product_tag-regali-di-natale-per-papa","15":"first","16":"instock","17":"sale","18":"taxable","19":"shipping-taxable","20":"purchasable","21":"product-type-variable"},"yoast_head":"<!-- This site is optimized with the Yoast SEO Premium plugin v27.2 (Yoast SEO v27.2) - https:\/\/yoast.com\/product\/yoast-seo-premium-wordpress\/ -->\n<title>La Canzone Preferita di Pap\u00e0 - Positive Prints<\/title>\n<meta name=\"description\" content=\"Cerchi un regalo per pap\u00e0? Con La Canzone Preferita di Pap\u00e0, puoi mostrare a tuo padre quanto significa per te e farlo sentire apprezzato.\" \/>\n<meta name=\"robots\" content=\"index, follow, max-snippet:-1, max-image-preview:large, max-video-preview:-1\" \/>\n<link rel=\"canonical\" href=\"https:\/\/positiveprints.com\/it\/prodotto\/la-canzone-preferita-di-papa\/\" \/>\n<meta property=\"og:locale\" content=\"it_IT\" \/>\n<meta property=\"og:type\" content=\"article\" \/>\n<meta property=\"og:title\" content=\"La Canzone Preferita di Pap\u00e0\" \/>\n<meta property=\"og:description\" content=\"Trasforma la tua voce o qualsiasi altro suono in un&#039;opera d&#039;arte personalizzata Carica semplicemente un file audio Aggiungi un codice QR e usalo per riprodurre la tua canzone preferita Personalizzala in 3 semplici passaggi Scegli un template o dai sfogo alla fantasia\" \/>\n<meta property=\"og:url\" content=\"https:\/\/positiveprints.com\/it\/prodotto\/la-canzone-preferita-di-papa\/\" \/>\n<meta property=\"og:site_name\" content=\"Positive Prints\" \/>\n<meta property=\"article:publisher\" content=\"https:\/\/www.facebook.com\/positiveprintscom\" \/>\n<meta property=\"article:modified_time\" content=\"2026-04-12T21:41:04+00:00\" \/>\n<meta property=\"og:image\" content=\"https:\/\/positiveprints.com\/wp-content\/uploads\/2023\/04\/La-Canzone-Preferita-di-Papa.jpg\" \/>\n\t<meta property=\"og:image:width\" content=\"1080\" \/>\n\t<meta property=\"og:image:height\" content=\"1080\" \/>\n\t<meta property=\"og:image:type\" content=\"image\/jpeg\" \/>\n<meta name=\"twitter:card\" content=\"summary_large_image\" \/>\n<!-- \/ Yoast SEO Premium plugin. -->","yoast_head_json":{"title":"La Canzone Preferita di Pap\u00e0 - Positive Prints","description":"Cerchi un regalo per pap\u00e0? Con La Canzone Preferita di Pap\u00e0, puoi mostrare a tuo padre quanto significa per te e farlo sentire apprezzato.","robots":{"index":"index","follow":"follow","max-snippet":"max-snippet:-1","max-image-preview":"max-image-preview:large","max-video-preview":"max-video-preview:-1"},"canonical":"https:\/\/positiveprints.com\/it\/prodotto\/la-canzone-preferita-di-papa\/","og_locale":"it_IT","og_type":"article","og_title":"La Canzone Preferita di Pap\u00e0","og_description":"Trasforma la tua voce o qualsiasi altro suono in un'opera d'arte personalizzata Carica semplicemente un file audio Aggiungi un codice QR e usalo per riprodurre la tua canzone preferita Personalizzala in 3 semplici passaggi Scegli un template o dai sfogo alla fantasia","og_url":"https:\/\/positiveprints.com\/it\/prodotto\/la-canzone-preferita-di-papa\/","og_site_name":"Positive Prints","article_publisher":"https:\/\/www.facebook.com\/positiveprintscom","article_modified_time":"2026-04-12T21:41:04+00:00","og_image":[{"width":1080,"height":1080,"url":"https:\/\/positiveprints.com\/wp-content\/uploads\/2023\/04\/La-Canzone-Preferita-di-Papa.jpg","type":"image\/jpeg"}],"twitter_card":"summary_large_image","schema":{"@context":"https:\/\/schema.org","@graph":[{"@type":["WebPage","ItemPage"],"@id":"https:\/\/positiveprints.com\/it\/prodotto\/la-canzone-preferita-di-papa\/","url":"https:\/\/positiveprints.com\/it\/prodotto\/la-canzone-preferita-di-papa\/","name":"La Canzone Preferita di Pap\u00e0 - Positive Prints","isPartOf":{"@id":"https:\/\/positiveprints.com\/it\/#website"},"primaryImageOfPage":{"@id":"https:\/\/positiveprints.com\/it\/prodotto\/la-canzone-preferita-di-papa\/#primaryimage"},"image":{"@id":"https:\/\/positiveprints.com\/it\/prodotto\/la-canzone-preferita-di-papa\/#primaryimage"},"thumbnailUrl":"https:\/\/positiveprints.com\/wp-content\/uploads\/2023\/04\/La-Canzone-Preferita-di-Papa.jpg","datePublished":"2023-02-15T19:55:15+00:00","dateModified":"2026-04-12T21:41:04+00:00","description":"Cerchi un regalo per pap\u00e0? Con La Canzone Preferita di Pap\u00e0, puoi mostrare a tuo padre quanto significa per te e farlo sentire apprezzato.","breadcrumb":{"@id":"https:\/\/positiveprints.com\/it\/prodotto\/la-canzone-preferita-di-papa\/#breadcrumb"},"inLanguage":"it-IT","potentialAction":[{"@type":"ReadAction","target":["https:\/\/positiveprints.com\/it\/prodotto\/la-canzone-preferita-di-papa\/"]}]},{"@type":"ImageObject","inLanguage":"it-IT","@id":"https:\/\/positiveprints.com\/it\/prodotto\/la-canzone-preferita-di-papa\/#primaryimage","url":"https:\/\/positiveprints.com\/wp-content\/uploads\/2023\/04\/La-Canzone-Preferita-di-Papa.jpg","contentUrl":"https:\/\/positiveprints.com\/wp-content\/uploads\/2023\/04\/La-Canzone-Preferita-di-Papa.jpg","width":1080,"height":1080,"caption":"La Canzone Preferita di Pap\u00e0"},{"@type":"BreadcrumbList","@id":"https:\/\/positiveprints.com\/it\/prodotto\/la-canzone-preferita-di-papa\/#breadcrumb","itemListElement":[{"@type":"ListItem","position":1,"name":"Home","item":"https:\/\/positiveprints.com\/it\/"},{"@type":"ListItem","position":2,"name":"Prodotti","item":"https:\/\/positiveprints.com\/it\/shop\/"},{"@type":"ListItem","position":3,"name":"La Canzone Preferita di Pap\u00e0"}]},{"@type":"WebSite","@id":"https:\/\/positiveprints.com\/it\/#website","url":"https:\/\/positiveprints.com\/it\/","name":"Positive Prints","description":"Amazing Custom Personalized Gifts","publisher":{"@id":"https:\/\/positiveprints.com\/it\/#organization"},"potentialAction":[{"@type":"SearchAction","target":{"@type":"EntryPoint","urlTemplate":"https:\/\/positiveprints.com\/it\/?s={search_term_string}"},"query-input":{"@type":"PropertyValueSpecification","valueRequired":true,"valueName":"search_term_string"}}],"inLanguage":"it-IT"},{"@type":"Organization","@id":"https:\/\/positiveprints.com\/it\/#organization","name":"Positive Prints","alternateName":"Positive Prints","url":"https:\/\/positiveprints.com\/it\/","logo":{"@type":"ImageObject","inLanguage":"it-IT","@id":"https:\/\/positiveprints.com\/it\/#\/schema\/logo\/image\/","url":"https:\/\/positiveprints.com\/wp-content\/uploads\/2026\/03\/245815646_1337939713319158_5671353136411139666_n.png","contentUrl":"https:\/\/positiveprints.com\/wp-content\/uploads\/2026\/03\/245815646_1337939713319158_5671353136411139666_n.png","width":800,"height":800,"caption":"Positive Prints"},"image":{"@id":"https:\/\/positiveprints.com\/it\/#\/schema\/logo\/image\/"},"sameAs":["https:\/\/www.facebook.com\/positiveprintscom","https:\/\/www.instagram.com\/positiveprintscom\/","https:\/\/www.tiktok.com\/@positiveprintscom","https:\/\/www.pinterest.com\/positiveprintscom\/"]}]}},"jetpack_sharing_enabled":true,"_links":{"self":[{"href":"https:\/\/positiveprints.com\/it\/wp-json\/wp\/v2\/product\/453378","targetHints":{"allow":["GET"]}}],"collection":[{"href":"https:\/\/positiveprints.com\/it\/wp-json\/wp\/v2\/product"}],"about":[{"href":"https:\/\/positiveprints.com\/it\/wp-json\/wp\/v2\/types\/product"}],"wp:featuredmedia":[{"embeddable":true,"href":"https:\/\/positiveprints.com\/it\/wp-json\/wp\/v2\/media\/461034"}],"wp:attachment":[{"href":"https:\/\/positiveprints.com\/it\/wp-json\/wp\/v2\/media?parent=453378"}],"wp:term":[{"taxonomy":"product_brand","embeddable":true,"href":"https:\/\/positiveprints.com\/it\/wp-json\/wp\/v2\/product_brand?post=453378"},{"taxonomy":"product_cat","embeddable":true,"href":"https:\/\/positiveprints.com\/it\/wp-json\/wp\/v2\/product_cat?post=453378"},{"taxonomy":"product_tag","embeddable":true,"href":"https:\/\/positiveprints.com\/it\/wp-json\/wp\/v2\/product_tag?post=453378"}],"curies":[{"name":"wp","href":"https:\/\/api.w.org\/{rel}","templated":true}]}}