{"id":453323,"date":"2023-02-14T15:00:15","date_gmt":"2023-04-06T09:45:09","guid":{"rendered":"https:\/\/positiveprints.com\/?post_type=product&#038;p=453323"},"modified":"2026-04-18T06:12:48","modified_gmt":"2026-04-18T05:12:48","slug":"doppia-mappa-per-papa","status":"publish","type":"product","link":"https:\/\/positiveprints.com\/it\/prodotto\/doppia-mappa-per-papa\/","title":{"rendered":"Doppia Mappa per Pap\u00e0"},"content":{"rendered":"<p style=\"margin-top: 1rem\"><\/p>\r\n<h2 class=\"grenB f24 cblue\" style=\"margin-top: 3rem\"><\/h2>\r\n\r\n<p style=\"margin-top: 1rem\">Cerchi il regalo perfetto per un Pap\u00e0? Non cercare altro:ecco la nostra doppia mappa per Pap\u00e0! Questo Poster personalizzato \u00e8 un regalo significativo che il pap\u00e0 amer\u00e0 sicuramente. Puoi personalizzarlo con la posizione dei suoi due figli, rendendolo un regalo incredibilmente speciale ed unico. \u00c8 un ottimo modo per onorarlo e mostrargli quanto significhi per te! Si sentir\u00e0 sicuramente amato per gli anni a venire. Fai a pap\u00e0 il regalo perfetto per la sua festa o per il suo compleanno e regalagli la doppia mappa! La adorer\u00e0!<\/p>\r\n\r\n\r\n\r\n<h2 class=\"grenB f24 cblue\" style=\"margin-top: 3rem\">Mappa per Pap\u00e0 Personalizzata<\/h2>\r\n\r\n<p style=\"margin-top: 1rem\">Nessun pap\u00e0 pu\u00f2 essere sostituito e ci\u00f2 che significa per i suoi figli va ben oltre le parole. \u00c8 stato un pilastro della loro vita, sostenendoli nei momenti pi\u00f9 felici ed anche in quelli pi\u00f9 difficili. \u00c8 giusto che si meriti qualcosa di speciale per la festa del pap\u00e0 o nel giorno del suo compleanno. Che si tratti di un regalo che pu\u00f2 sfoggiare o di un biglietto sincero, Pap\u00e0 merita di sapere quanto lo apprezzi. Fagli sapere che ci tieni e ringrazialo per tutto quello che ha fatto. Mostra a tuo Pap\u00e0 quanto \u00e8 importante il suo amore durante la sua festa!<\/p>\r\n\r\n<p style=\"margin-top: 1rem\">Con il poster della Doppia mappa per Pap\u00e0, puoi creare un regalo personalizzato e significativo. Puoi personalizzarlo con la posizione dei suoi figli o qualsiasi altro luogo speciale per lui. Scegli i colori che si adattano meglio ed aggiungi anche una scritta personale. Si sentir\u00e0 sicuramente amato per gli anni a venire. Fagli sapere quanto significa per te ed assicurati che questa festa del Pap\u00e0 o che il suo compleanno siano davvero speciali! Fai a pap\u00e0 il regalo perfetto con il poster della Doppia mappa per Pap\u00e0: l\u2019adorer\u00e0!<\/p>\r\n\r\n\r\n<h2 class=\"grenB f24 cblue\" style=\"margin-top: 3rem\">Motivi per cui pap\u00e0 merita un regalo speciale<\/h2>\r\n\r\n<p style=\"margin-top: 1rem\">Ogni pap\u00e0 \u00e8 unico e merita di essere celebrato. \u00c8 stato l\u00ec per te fin dall&#8217;inizio, incoraggiandoti ed accompagnandoti lungo tutta la tua strada. Il Pap\u00e0 ha messo sempre gli altri al primo posto, quindi \u00e8 il momento di invertire le parti e mettere lui sotto i riflettori per la sua festa o per il giorno del suo compleanno. Regala a pap\u00e0 qualcosa che possa sfoggiare, con orologio,come fosse un&#8217;opera d&#8217;arte.<\/p>\r\n\r\n<p style=\"margin-top: 1rem\">Digli a pap\u00e0 quanto ci tieni facendogli un regalo perfetto per dimostrare il tuo apprezzamento e gratitudine per tutto quello che ha fatto. Fagli sapere che il suo duro lavoro, la sua dedizione ed il suo amore non sono passati inosservati! Si merita qualcosa di speciale per questa festa del pap\u00e0 o per il suo compleanno. Fai sorridere pap\u00e0 con un regalo premuroso e significativo! Sicuramente lo amer\u00e0 per gli anni a venire.<\/p>\r\n\r\n\r\n<p style=\"margin-top: 3rem\">\u00c8 ora di dimostrare a pap\u00e0 quanto apprezzi tutto ci\u00f2 che fa. Per la festa del pap\u00e0 o per il suo compleanno, fagli un regalo che custodir\u00e0 per sempre. La mappa Doppia per Pap\u00e0 \u00e8 il modo perfetto per onorarlo e mostrargli quanto lo apprezzi. Crea qualcosa di significativo e personale per pap\u00e0 con questa creazione unica nel suo genere! Sicuramente l\u2019amer\u00e0. Fai a pap\u00e0 il regalo perfetto per la sua festa o per il suo compleanno e regalagli la doppia mappa per pap\u00e0! Si sentir\u00e0 amato per gli anni a venire. Dimostra a pap\u00e0 quanto apprezzi tutto ci\u00f2 che ha fatto con un regalo speciale e significativo per la festa del pap\u00e0 o per il suo compleanno. Se lo merita!<\/p>","protected":false},"excerpt":{"rendered":"<ul class=\"check-list\">\n<li>Celebra la paternit\u00e0 con un dono senza tempo: un&#8217;opera d&#8217;arte che tuo padre apprezzer\u00e0 per sempre<\/li>\n<li>Indica due luoghi speciali con un simbolo a scelta<\/li>\n<li>Personalizzala in 3 semplici passaggi<\/li>\n<li>Aggiungi un testo personalizzato<\/li>\n<li>Guarda subito il risultato \u2013 l&#8217;anteprima interattiva ti permette di perfezionare ogni dettaglio<\/li>\n<\/ul>\n","protected":false},"featured_media":1475778,"template":"","meta":[],"product_brand":[],"product_cat":[9115,4449,7976],"product_tag":[8554],"class_list":{"0":"post-453323","1":"product","2":"type-product","3":"status-publish","4":"has-post-thumbnail","6":"product_cat-double-maps-it","7":"product_cat-tutti-i-prodotti","8":"product_cat-regali-per-il-papa","9":"product_tag-father-it","11":"first","12":"instock","13":"sale","14":"taxable","15":"shipping-taxable","16":"purchasable","17":"product-type-variable"},"yoast_head":"<!-- This site is optimized with the Yoast SEO Premium plugin v27.2 (Yoast SEO v27.2) - https:\/\/yoast.com\/product\/yoast-seo-premium-wordpress\/ -->\n<title>Doppia Mappa per Pap\u00e0 - Positive Prints<\/title>\n<meta name=\"description\" content=\"Fai a pap\u00e0 il regalo perfetto per la festa del pap\u00e0 o per il suo compleanno e regalagli la doppia mappa per Pap\u00e0! L\u2019amer\u00e0 per tutti gli anni a venire.\" \/>\n<meta name=\"robots\" content=\"index, follow, max-snippet:-1, max-image-preview:large, max-video-preview:-1\" \/>\n<link rel=\"canonical\" href=\"https:\/\/positiveprints.com\/it\/prodotto\/doppia-mappa-per-papa\/\" \/>\n<meta property=\"og:locale\" content=\"it_IT\" \/>\n<meta property=\"og:type\" content=\"article\" \/>\n<meta property=\"og:title\" content=\"Doppia Mappa per Pap\u00e0\" \/>\n<meta property=\"og:description\" content=\"Celebra la paternit\u00e0 con un dono senza tempo: un&#039;opera d&#039;arte che tuo padre apprezzer\u00e0 per sempre Indica due luoghi speciali con un simbolo a scelta Personalizzala in 3 semplici passaggi Aggiungi un testo personalizzato Guarda subito il risultato \u2013 l&#039;anteprima interattiva ti permette di perfezionare ogni dettaglio\" \/>\n<meta property=\"og:url\" content=\"https:\/\/positiveprints.com\/it\/prodotto\/doppia-mappa-per-papa\/\" \/>\n<meta property=\"og:site_name\" content=\"Positive Prints\" \/>\n<meta property=\"article:publisher\" content=\"https:\/\/www.facebook.com\/positiveprintscom\" \/>\n<meta property=\"article:modified_time\" content=\"2026-04-18T05:12:48+00:00\" \/>\n<meta property=\"og:image\" content=\"https:\/\/positiveprints.com\/wp-content\/uploads\/2023\/04\/Doppia-Mappa-per-Papa.jpg\" \/>\n\t<meta property=\"og:image:width\" content=\"1080\" \/>\n\t<meta property=\"og:image:height\" content=\"1080\" \/>\n\t<meta property=\"og:image:type\" content=\"image\/jpeg\" \/>\n<meta name=\"twitter:card\" content=\"summary_large_image\" \/>\n<!-- \/ Yoast SEO Premium plugin. -->","yoast_head_json":{"title":"Doppia Mappa per Pap\u00e0 - Positive Prints","description":"Fai a pap\u00e0 il regalo perfetto per la festa del pap\u00e0 o per il suo compleanno e regalagli la doppia mappa per Pap\u00e0! L\u2019amer\u00e0 per tutti gli anni a venire.","robots":{"index":"index","follow":"follow","max-snippet":"max-snippet:-1","max-image-preview":"max-image-preview:large","max-video-preview":"max-video-preview:-1"},"canonical":"https:\/\/positiveprints.com\/it\/prodotto\/doppia-mappa-per-papa\/","og_locale":"it_IT","og_type":"article","og_title":"Doppia Mappa per Pap\u00e0","og_description":"Celebra la paternit\u00e0 con un dono senza tempo: un'opera d'arte che tuo padre apprezzer\u00e0 per sempre Indica due luoghi speciali con un simbolo a scelta Personalizzala in 3 semplici passaggi Aggiungi un testo personalizzato Guarda subito il risultato \u2013 l'anteprima interattiva ti permette di perfezionare ogni dettaglio","og_url":"https:\/\/positiveprints.com\/it\/prodotto\/doppia-mappa-per-papa\/","og_site_name":"Positive Prints","article_publisher":"https:\/\/www.facebook.com\/positiveprintscom","article_modified_time":"2026-04-18T05:12:48+00:00","og_image":[{"width":1080,"height":1080,"url":"https:\/\/positiveprints.com\/wp-content\/uploads\/2023\/04\/Doppia-Mappa-per-Papa.jpg","type":"image\/jpeg"}],"twitter_card":"summary_large_image","schema":{"@context":"https:\/\/schema.org","@graph":[{"@type":["WebPage","ItemPage"],"@id":"https:\/\/positiveprints.com\/it\/prodotto\/doppia-mappa-per-papa\/","url":"https:\/\/positiveprints.com\/it\/prodotto\/doppia-mappa-per-papa\/","name":"Doppia Mappa per Pap\u00e0 - Positive Prints","isPartOf":{"@id":"https:\/\/positiveprints.com\/it\/#website"},"primaryImageOfPage":{"@id":"https:\/\/positiveprints.com\/it\/prodotto\/doppia-mappa-per-papa\/#primaryimage"},"image":{"@id":"https:\/\/positiveprints.com\/it\/prodotto\/doppia-mappa-per-papa\/#primaryimage"},"thumbnailUrl":"https:\/\/positiveprints.com\/wp-content\/uploads\/2025\/07\/Packshot_IT_Doppia-Mappa-per-Papa\u0300.webp","datePublished":"2023-04-06T09:45:09+00:00","dateModified":"2026-04-18T05:12:48+00:00","description":"Fai a pap\u00e0 il regalo perfetto per la festa del pap\u00e0 o per il suo compleanno e regalagli la doppia mappa per Pap\u00e0! L\u2019amer\u00e0 per tutti gli anni a venire.","breadcrumb":{"@id":"https:\/\/positiveprints.com\/it\/prodotto\/doppia-mappa-per-papa\/#breadcrumb"},"inLanguage":"it-IT","potentialAction":[{"@type":"ReadAction","target":["https:\/\/positiveprints.com\/it\/prodotto\/doppia-mappa-per-papa\/"]}]},{"@type":"ImageObject","inLanguage":"it-IT","@id":"https:\/\/positiveprints.com\/it\/prodotto\/doppia-mappa-per-papa\/#primaryimage","url":"https:\/\/positiveprints.com\/wp-content\/uploads\/2025\/07\/Packshot_IT_Doppia-Mappa-per-Papa\u0300.webp","contentUrl":"https:\/\/positiveprints.com\/wp-content\/uploads\/2025\/07\/Packshot_IT_Doppia-Mappa-per-Papa\u0300.webp","width":1450,"height":1450},{"@type":"BreadcrumbList","@id":"https:\/\/positiveprints.com\/it\/prodotto\/doppia-mappa-per-papa\/#breadcrumb","itemListElement":[{"@type":"ListItem","position":1,"name":"Home","item":"https:\/\/positiveprints.com\/it\/"},{"@type":"ListItem","position":2,"name":"Prodotti","item":"https:\/\/positiveprints.com\/it\/shop\/"},{"@type":"ListItem","position":3,"name":"Doppia Mappa per Pap\u00e0"}]},{"@type":"WebSite","@id":"https:\/\/positiveprints.com\/it\/#website","url":"https:\/\/positiveprints.com\/it\/","name":"Positive Prints","description":"Amazing Custom Personalized Gifts","publisher":{"@id":"https:\/\/positiveprints.com\/it\/#organization"},"potentialAction":[{"@type":"SearchAction","target":{"@type":"EntryPoint","urlTemplate":"https:\/\/positiveprints.com\/it\/?s={search_term_string}"},"query-input":{"@type":"PropertyValueSpecification","valueRequired":true,"valueName":"search_term_string"}}],"inLanguage":"it-IT"},{"@type":"Organization","@id":"https:\/\/positiveprints.com\/it\/#organization","name":"Positive Prints","alternateName":"Positive Prints","url":"https:\/\/positiveprints.com\/it\/","logo":{"@type":"ImageObject","inLanguage":"it-IT","@id":"https:\/\/positiveprints.com\/it\/#\/schema\/logo\/image\/","url":"https:\/\/positiveprints.com\/wp-content\/uploads\/2026\/03\/245815646_1337939713319158_5671353136411139666_n.png","contentUrl":"https:\/\/positiveprints.com\/wp-content\/uploads\/2026\/03\/245815646_1337939713319158_5671353136411139666_n.png","width":800,"height":800,"caption":"Positive Prints"},"image":{"@id":"https:\/\/positiveprints.com\/it\/#\/schema\/logo\/image\/"},"sameAs":["https:\/\/www.facebook.com\/positiveprintscom","https:\/\/www.instagram.com\/positiveprintscom\/","https:\/\/www.tiktok.com\/@positiveprintscom","https:\/\/www.pinterest.com\/positiveprintscom\/"]}]}},"jetpack_sharing_enabled":true,"_links":{"self":[{"href":"https:\/\/positiveprints.com\/it\/wp-json\/wp\/v2\/product\/453323","targetHints":{"allow":["GET"]}}],"collection":[{"href":"https:\/\/positiveprints.com\/it\/wp-json\/wp\/v2\/product"}],"about":[{"href":"https:\/\/positiveprints.com\/it\/wp-json\/wp\/v2\/types\/product"}],"wp:featuredmedia":[{"embeddable":true,"href":"https:\/\/positiveprints.com\/it\/wp-json\/wp\/v2\/media\/1475778"}],"wp:attachment":[{"href":"https:\/\/positiveprints.com\/it\/wp-json\/wp\/v2\/media?parent=453323"}],"wp:term":[{"taxonomy":"product_brand","embeddable":true,"href":"https:\/\/positiveprints.com\/it\/wp-json\/wp\/v2\/product_brand?post=453323"},{"taxonomy":"product_cat","embeddable":true,"href":"https:\/\/positiveprints.com\/it\/wp-json\/wp\/v2\/product_cat?post=453323"},{"taxonomy":"product_tag","embeddable":true,"href":"https:\/\/positiveprints.com\/it\/wp-json\/wp\/v2\/product_tag?post=453323"}],"curies":[{"name":"wp","href":"https:\/\/api.w.org\/{rel}","templated":true}]}}