{"id":453072,"date":"2023-02-13T11:58:04","date_gmt":"2023-04-05T15:03:31","guid":{"rendered":"https:\/\/positiveprints.com\/?post_type=product&#038;p=453072"},"modified":"2026-04-18T06:14:35","modified_gmt":"2026-04-18T05:14:35","slug":"quando-e-nata-la-migliore-mamma","status":"publish","type":"product","link":"https:\/\/positiveprints.com\/it\/prodotto\/quando-e-nata-la-migliore-mamma\/","title":{"rendered":"Quando \u00e8 Nata la Migliore Mamma"},"content":{"rendered":"<p style=\"margin-top: 1rem\">Cerchi il regalo perfetto per festeggiare la festa della mamma o per il compleanno della mamma? Non cercare altro: esiste Quando \u00e8 Nata la Migliore Mamma, un poster o una tela personalizzata che cattura il cielo notturno nella data e luogo esatti a tua scelta.<\/p>\r\n\r\n<h2 class=\"grenB f24 cblue\" style=\"margin-top: 3rem\">Personalizza Quando \u00e8 Nata la Migliore Mamma<\/h2>\r\n\r\n\r\n<p style=\"margin-top: 1rem\">Finch\u00e9 fai a tua mamma un regalo che viene dal cuore, sicuramente lo apprezzer\u00e0 e lo amer\u00e0. Non esiste una risposta univoca per quale tipo di regalo la render\u00e0 felice: ognuno ha gusti e preferenze diverse. Ecco perch\u00e9 semplifichiamo la personalizzazione del poster o della stampa su tela di Quando \u00e8 Nata la Migliore Mamma.<\/p>\r\n\r\n\r\n\r\n<p style=\"margin-top: 1rem\">Inserisci una data ed un luogo nel nostro editor di facile utilizzo e ci assicureremo che il cielo notturno di quel momento sia catturato perfettamente. Puoi scegliere tra colori e disegni predefiniti o persino colorarlo a tuo piacere. Aggiungi infine un testo personale per esprimere il tuo amore ed apprezzamento per tua mamma.<\/p>\r\n\r\n\r\n\r\n<p style=\"margin-top: 1rem\">Questo poster catturer\u00e0 un&#8217;importante pietra miliare nella vita di tua madre, rendendolo un regalo perfetto per festeggiare il suo compleanno o la festa della mamma. Apprezzer\u00e0 sicuramente il pensiero e la cura che sono stati messi in questo regalo speciale ogni volta che lo guarder\u00e0.<\/p>\r\n\r\n\r\n\r\n<h2 class=\"grenB f24 cblue\" style=\"margin-top: 3rem\">Un modo speciale per renderla Unica<\/h2>\r\n\r\n<p style=\"margin-top: 1rem\">Le mamme fanno parte delle persone pi\u00f9 speciali della nostra vita: ci regalano amore, sostegno e cura senza limiti. Che si tratti di tua madre che \u00e8 stata al tuo fianco per tutta la vita o di una nuova mamma che ha appena accolto il suo piccolo fascio di gioia, ogni madre merita un riconoscimento per tutte le cose straordinarie che fa.<\/p>\r\n\r\n\r\n\r\n<p style=\"margin-top: 1rem\">Festeggiala con questo cielo notturno unico e personalizzato nella data in cui \u00e8 nata. \u00c8 un modo speciale per onorarla e dimostrarle quanto apprezzi averla avuta nella tua vita. Viene fornito anche con la possibilit\u00e0 di aggiungere del testo personale sotto di esso, rendendolo un regalo perfetto per il suo compleanno, per la Festa della Mamma o semplicemente per dire Grazie. Fai sapere a tua madre che \u00e8 la migliore del mondo attraverso questa speciale decorazione da parete!<\/p>\r\n\r\n\r\n\r\n\r\n\r\n<p style=\"margin-top: 1rem\">Non importa quello che dai a tua madre, sicuramente lo apprezzer\u00e0. Con Quando \u00e8 Nata la Migliore Mamma, puoi dimostrarle quanto sia speciale ed amata, creando un pezzo unico di Arte che cattura il cielo notturno nel momento in cui \u00e8 nata. Lei capir\u00e0 immediatamente quanto ci tieni! \u00c8 il modo perfetto per onorare la donna pi\u00f9 speciale della tua vita.<\/p>","protected":false},"excerpt":{"rendered":"<ul class=\"check-list\">\n<li>Cattura la magia delle stelle creando una mappa stellare personalizzata che include posizione e data esatta<\/li>\n<li>Aggiungi pianeti, costellazioni e la Via Lattea<\/li>\n<li>Personalizzala in 3 semplici passaggi<\/li>\n<li>Aggiungi un testo personalizzato<\/li>\n<li>Guarda subito il risultato \u2013 l&#8217;anteprima interattiva ti permette di perfezionare ogni dettaglio<\/li>\n<\/ul>\n","protected":false},"featured_media":1346316,"template":"","meta":[],"product_brand":[],"product_cat":[4449,4448],"product_tag":[8406],"class_list":{"0":"post-453072","1":"product","2":"type-product","3":"status-publish","4":"has-post-thumbnail","6":"product_cat-tutti-i-prodotti","7":"product_cat-star-it-2","8":"product_tag-mother-it","10":"first","11":"instock","12":"sale","13":"taxable","14":"shipping-taxable","15":"purchasable","16":"product-type-variable"},"yoast_head":"<!-- This site is optimized with the Yoast SEO Premium plugin v27.2 (Yoast SEO v27.2) - https:\/\/yoast.com\/product\/yoast-seo-premium-wordpress\/ -->\n<title>Quando \u00e8 Nata la Migliore Mamma - Positive Prints<\/title>\n<meta name=\"description\" content=\"Cerchi il regalo perfetto per festeggiare la festa della mamma o per il compleanno della mamma? Non cercare altro: esiste Quando \u00e8 Nata la Migliore Mamma.\" \/>\n<meta name=\"robots\" content=\"index, follow, max-snippet:-1, max-image-preview:large, max-video-preview:-1\" \/>\n<link rel=\"canonical\" href=\"https:\/\/positiveprints.com\/it\/prodotto\/quando-e-nata-la-migliore-mamma\/\" \/>\n<meta property=\"og:locale\" content=\"it_IT\" \/>\n<meta property=\"og:type\" content=\"article\" \/>\n<meta property=\"og:title\" content=\"Quando \u00e8 Nata la Migliore Mamma\" \/>\n<meta property=\"og:description\" content=\"Cattura la magia delle stelle creando una mappa stellare personalizzata che include posizione e data esatta Aggiungi pianeti, costellazioni e la Via Lattea Personalizzala in 3 semplici passaggi Aggiungi un testo personalizzato Guarda subito il risultato \u2013 l&#039;anteprima interattiva ti permette di perfezionare ogni dettaglio\" \/>\n<meta property=\"og:url\" content=\"https:\/\/positiveprints.com\/it\/prodotto\/quando-e-nata-la-migliore-mamma\/\" \/>\n<meta property=\"og:site_name\" content=\"Positive Prints\" \/>\n<meta property=\"article:publisher\" content=\"https:\/\/www.facebook.com\/positiveprintscom\" \/>\n<meta property=\"article:modified_time\" content=\"2026-04-18T05:14:35+00:00\" \/>\n<meta property=\"og:image\" content=\"https:\/\/positiveprints.com\/wp-content\/uploads\/2025\/02\/Quando-e\u0300-Nata-la-Migliore-Mamma-1.webp\" \/>\n\t<meta property=\"og:image:width\" content=\"1450\" \/>\n\t<meta property=\"og:image:height\" content=\"1450\" \/>\n\t<meta property=\"og:image:type\" content=\"image\/webp\" \/>\n<meta name=\"twitter:card\" content=\"summary_large_image\" \/>\n<!-- \/ Yoast SEO Premium plugin. -->","yoast_head_json":{"title":"Quando \u00e8 Nata la Migliore Mamma - Positive Prints","description":"Cerchi il regalo perfetto per festeggiare la festa della mamma o per il compleanno della mamma? Non cercare altro: esiste Quando \u00e8 Nata la Migliore Mamma.","robots":{"index":"index","follow":"follow","max-snippet":"max-snippet:-1","max-image-preview":"max-image-preview:large","max-video-preview":"max-video-preview:-1"},"canonical":"https:\/\/positiveprints.com\/it\/prodotto\/quando-e-nata-la-migliore-mamma\/","og_locale":"it_IT","og_type":"article","og_title":"Quando \u00e8 Nata la Migliore Mamma","og_description":"Cattura la magia delle stelle creando una mappa stellare personalizzata che include posizione e data esatta Aggiungi pianeti, costellazioni e la Via Lattea Personalizzala in 3 semplici passaggi Aggiungi un testo personalizzato Guarda subito il risultato \u2013 l'anteprima interattiva ti permette di perfezionare ogni dettaglio","og_url":"https:\/\/positiveprints.com\/it\/prodotto\/quando-e-nata-la-migliore-mamma\/","og_site_name":"Positive Prints","article_publisher":"https:\/\/www.facebook.com\/positiveprintscom","article_modified_time":"2026-04-18T05:14:35+00:00","og_image":[{"width":1450,"height":1450,"url":"https:\/\/positiveprints.com\/wp-content\/uploads\/2025\/02\/Quando-e\u0300-Nata-la-Migliore-Mamma-1.webp","type":"image\/webp"}],"twitter_card":"summary_large_image","schema":{"@context":"https:\/\/schema.org","@graph":[{"@type":["WebPage","ItemPage"],"@id":"https:\/\/positiveprints.com\/it\/prodotto\/quando-e-nata-la-migliore-mamma\/","url":"https:\/\/positiveprints.com\/it\/prodotto\/quando-e-nata-la-migliore-mamma\/","name":"Quando \u00e8 Nata la Migliore Mamma - Positive Prints","isPartOf":{"@id":"https:\/\/positiveprints.com\/it\/#website"},"primaryImageOfPage":{"@id":"https:\/\/positiveprints.com\/it\/prodotto\/quando-e-nata-la-migliore-mamma\/#primaryimage"},"image":{"@id":"https:\/\/positiveprints.com\/it\/prodotto\/quando-e-nata-la-migliore-mamma\/#primaryimage"},"thumbnailUrl":"https:\/\/positiveprints.com\/wp-content\/uploads\/2025\/02\/Quando-e\u0300-Nata-la-Migliore-Mamma-1.webp","datePublished":"2023-04-05T15:03:31+00:00","dateModified":"2026-04-18T05:14:35+00:00","description":"Cerchi il regalo perfetto per festeggiare la festa della mamma o per il compleanno della mamma? Non cercare altro: esiste Quando \u00e8 Nata la Migliore Mamma.","breadcrumb":{"@id":"https:\/\/positiveprints.com\/it\/prodotto\/quando-e-nata-la-migliore-mamma\/#breadcrumb"},"inLanguage":"it-IT","potentialAction":[{"@type":"ReadAction","target":["https:\/\/positiveprints.com\/it\/prodotto\/quando-e-nata-la-migliore-mamma\/"]}]},{"@type":"ImageObject","inLanguage":"it-IT","@id":"https:\/\/positiveprints.com\/it\/prodotto\/quando-e-nata-la-migliore-mamma\/#primaryimage","url":"https:\/\/positiveprints.com\/wp-content\/uploads\/2025\/02\/Quando-e\u0300-Nata-la-Migliore-Mamma-1.webp","contentUrl":"https:\/\/positiveprints.com\/wp-content\/uploads\/2025\/02\/Quando-e\u0300-Nata-la-Migliore-Mamma-1.webp","width":1450,"height":1450},{"@type":"BreadcrumbList","@id":"https:\/\/positiveprints.com\/it\/prodotto\/quando-e-nata-la-migliore-mamma\/#breadcrumb","itemListElement":[{"@type":"ListItem","position":1,"name":"Home","item":"https:\/\/positiveprints.com\/it\/"},{"@type":"ListItem","position":2,"name":"Prodotti","item":"https:\/\/positiveprints.com\/it\/shop\/"},{"@type":"ListItem","position":3,"name":"Quando \u00e8 Nata la Migliore Mamma"}]},{"@type":"WebSite","@id":"https:\/\/positiveprints.com\/it\/#website","url":"https:\/\/positiveprints.com\/it\/","name":"Positive Prints","description":"Amazing Custom Personalized Gifts","publisher":{"@id":"https:\/\/positiveprints.com\/it\/#organization"},"potentialAction":[{"@type":"SearchAction","target":{"@type":"EntryPoint","urlTemplate":"https:\/\/positiveprints.com\/it\/?s={search_term_string}"},"query-input":{"@type":"PropertyValueSpecification","valueRequired":true,"valueName":"search_term_string"}}],"inLanguage":"it-IT"},{"@type":"Organization","@id":"https:\/\/positiveprints.com\/it\/#organization","name":"Positive Prints","alternateName":"Positive Prints","url":"https:\/\/positiveprints.com\/it\/","logo":{"@type":"ImageObject","inLanguage":"it-IT","@id":"https:\/\/positiveprints.com\/it\/#\/schema\/logo\/image\/","url":"https:\/\/positiveprints.com\/wp-content\/uploads\/2026\/03\/245815646_1337939713319158_5671353136411139666_n.png","contentUrl":"https:\/\/positiveprints.com\/wp-content\/uploads\/2026\/03\/245815646_1337939713319158_5671353136411139666_n.png","width":800,"height":800,"caption":"Positive Prints"},"image":{"@id":"https:\/\/positiveprints.com\/it\/#\/schema\/logo\/image\/"},"sameAs":["https:\/\/www.facebook.com\/positiveprintscom","https:\/\/www.instagram.com\/positiveprintscom\/","https:\/\/www.tiktok.com\/@positiveprintscom","https:\/\/www.pinterest.com\/positiveprintscom\/"]}]}},"jetpack_sharing_enabled":true,"_links":{"self":[{"href":"https:\/\/positiveprints.com\/it\/wp-json\/wp\/v2\/product\/453072","targetHints":{"allow":["GET"]}}],"collection":[{"href":"https:\/\/positiveprints.com\/it\/wp-json\/wp\/v2\/product"}],"about":[{"href":"https:\/\/positiveprints.com\/it\/wp-json\/wp\/v2\/types\/product"}],"wp:featuredmedia":[{"embeddable":true,"href":"https:\/\/positiveprints.com\/it\/wp-json\/wp\/v2\/media\/1346316"}],"wp:attachment":[{"href":"https:\/\/positiveprints.com\/it\/wp-json\/wp\/v2\/media?parent=453072"}],"wp:term":[{"taxonomy":"product_brand","embeddable":true,"href":"https:\/\/positiveprints.com\/it\/wp-json\/wp\/v2\/product_brand?post=453072"},{"taxonomy":"product_cat","embeddable":true,"href":"https:\/\/positiveprints.com\/it\/wp-json\/wp\/v2\/product_cat?post=453072"},{"taxonomy":"product_tag","embeddable":true,"href":"https:\/\/positiveprints.com\/it\/wp-json\/wp\/v2\/product_tag?post=453072"}],"curies":[{"name":"wp","href":"https:\/\/api.w.org\/{rel}","templated":true}]}}