{"id":453007,"date":"2023-02-13T10:25:20","date_gmt":"2023-02-13T09:25:20","guid":{"rendered":"https:\/\/positiveprints.com\/?post_type=product&#038;p=453007"},"modified":"2026-04-12T22:42:39","modified_gmt":"2026-04-12T21:42:39","slug":"mamma-e-figlio-mappa","status":"publish","type":"product","link":"https:\/\/positiveprints.com\/it\/prodotto\/mamma-e-figlio-mappa\/","title":{"rendered":"Mamma e Figlio Mappa"},"content":{"rendered":"<p style=\"margin-top: 1rem\">Stai cercando il regalo perfetto per la mamma per dimostrarle quanto ci tieni? Non cercare oltre: la mappa Madre e Figlio \u00e8 qui! \u00c8 un modo eccitante ed unico per farvi avvicinare. Con questa stampa su poster o su tela personalizzata, non solo sar\u00e0 un regalo affettuoso, ma fornir\u00e0 anche un modo tangibile e memorabile per collegare due luoghi separati.<\/p>\r\n\r\n\r\n\r\n<h2 class=\"grenB f24 cblue\" style=\"margin-top: 3rem\">Come Personalizzare Mamma e Filgio Mappa<\/h2>\r\n\r\n<p style=\"margin-top: 1rem\">Scegli tra un cuore diviso in due mappe, due cuori, due quadrati o due cerchi e personalizzali attraverso i colori per rendere unico il tuo regalo! Segna l&#8217;indirizzo esatto di te e di tua madre con puntatori a forma di cuore. Per finire, aggiungi un testo personalizzato in cui puoi inserire i nomi, gli indirizzi o qualche citazione &#8211; frase sentimentale che avr\u00e0 un significato speciale per entrambi.<\/p>\r\n\r\n<p style=\"margin-top: 1rem\">Utilizza il nostro editor: \u00e8 facile da usare (con anteprima online) e crea il regalo perfetto per la mamma! Lascia che la Mappa Mamma e Figlio sia un modo per ricordarle quanto la amie che non importa quanto sei distante.<\/p>\r\n\r\n\r\n\r\n<h2 class=\"grenB f24 cblue\" style=\"margin-top: 3rem\">Avvicinati con la Tua Mamma<\/h2>\r\n\r\n<p style=\"margin-top: 1rem\">Non importa quanti anni hai, festeggiare la festa della mamma o il compleanno di una mamma pu\u00f2 essere un bel modo per dimostrarle il tuo apprezzamento. Se sei lontano da tua madre, la Mappa Mamma e Figlio \u00e8 un modo significativo ed unico per connettervi.<\/p> \r\n\r\n<p style=\"margin-top: 1rem\">Una mappa con la posizione della tua casa e di quella di tua madre pu\u00f2 essere un regalo molto sentimentale quando non vivete pi\u00f9 assieme. Un regalo del genere \u00e8 significativo perch\u00e9 cattura la distanza fisica tra voi due ma che simboleggia quanto sia grande e forte il legame emotivo tra di voi. Ricorda inoltre anche a tua madre che \u00e8 costantemente nei tuoi pensieri e che rimarr\u00e0 sempre vicina al tuo cuore nonostante la lontananza. Inoltre, sar\u00e0 un bellissimo oggetto decorativo per il soggiorno di tua madre!<\/p>\r\n\r\n\r\n<p style=\"margin-top: 3rem\">Nessun regalo pu\u00f2 essere migliore del dono dell&#8217;amore. Lascia che la Mappa Mamma e Figlio sia un modo unico di esprimere il tuo affetto a prescindere da quanto distante tu sia. Diventa creativo con il nostro editor facile da usare e sorprendi tua madre con il regalo sentimentale perfetto per dimostrarle quanto lei significhi per te.<\/p>","protected":false},"excerpt":{"rendered":"<ul class=\"check-list\">\n<li>Crea una mappa per celebrare il tuo amore, ovunque voi siate<\/li>\n<li>Indica due luoghi speciali con un simbolo a scelta<\/li>\n<li>Personalizzala in 3 semplici passaggi<\/li>\n<li>Aggiungi un testo personalizzato<\/li>\n<li>Guarda subito il risultato \u2013 l&#8217;anteprima interattiva ti permette di perfezionare ogni dettaglio<\/li>\n<\/ul>\n","protected":false},"featured_media":1467194,"template":"","meta":[],"product_brand":[],"product_cat":[9115,4449,7280,5269,11429,7704],"product_tag":[8406,11797],"class_list":{"0":"post-453007","1":"product","2":"type-product","3":"status-publish","4":"has-post-thumbnail","6":"product_cat-double-maps-it","7":"product_cat-tutti-i-prodotti","8":"product_cat-regali-per-la-festa-della-mamma","9":"product_cat-regali-di-natale","10":"product_cat-regali-di-natale-per-mamma","11":"product_cat-regali-per-la-mamma","12":"product_tag-mother-it","13":"product_tag-regali-di-natale-per-mamma","15":"first","16":"instock","17":"sale","18":"taxable","19":"shipping-taxable","20":"purchasable","21":"product-type-variable"},"yoast_head":"<!-- This site is optimized with the Yoast SEO Premium plugin v27.2 (Yoast SEO v27.2) - https:\/\/yoast.com\/product\/yoast-seo-premium-wordpress\/ -->\n<title>Mamma e Figlio Mappa - Positive Prints<\/title>\n<meta name=\"description\" content=\"Nessun regalo pu\u00f2 essere migliore del dono dell&#039;amore. Lascia che la Mappa Mamma e Figlio sia un modo unico di esprimere il tuo affetto a prescindere da quanto distante tu sia.\" \/>\n<meta name=\"robots\" content=\"index, follow, max-snippet:-1, max-image-preview:large, max-video-preview:-1\" \/>\n<link rel=\"canonical\" href=\"https:\/\/positiveprints.com\/it\/prodotto\/mamma-e-figlio-mappa\/\" \/>\n<meta property=\"og:locale\" content=\"it_IT\" \/>\n<meta property=\"og:type\" content=\"article\" \/>\n<meta property=\"og:title\" content=\"Mamma e Figlio Mappa\" \/>\n<meta property=\"og:description\" content=\"Crea una mappa per celebrare il tuo amore, ovunque voi siate Indica due luoghi speciali con un simbolo a scelta Personalizzala in 3 semplici passaggi Aggiungi un testo personalizzato Guarda subito il risultato \u2013 l&#039;anteprima interattiva ti permette di perfezionare ogni dettaglio\" \/>\n<meta property=\"og:url\" content=\"https:\/\/positiveprints.com\/it\/prodotto\/mamma-e-figlio-mappa\/\" \/>\n<meta property=\"og:site_name\" content=\"Positive Prints\" \/>\n<meta property=\"article:publisher\" content=\"https:\/\/www.facebook.com\/positiveprintscom\" \/>\n<meta property=\"article:modified_time\" content=\"2026-04-12T21:42:39+00:00\" \/>\n<meta property=\"og:image\" content=\"https:\/\/positiveprints.com\/wp-content\/uploads\/2023\/02\/gift-for-mother-from-child.jpg\" \/>\n\t<meta property=\"og:image:width\" content=\"1080\" \/>\n\t<meta property=\"og:image:height\" content=\"1080\" \/>\n\t<meta property=\"og:image:type\" content=\"image\/jpeg\" \/>\n<meta name=\"twitter:card\" content=\"summary_large_image\" \/>\n<!-- \/ Yoast SEO Premium plugin. -->","yoast_head_json":{"title":"Mamma e Figlio Mappa - Positive Prints","description":"Nessun regalo pu\u00f2 essere migliore del dono dell'amore. Lascia che la Mappa Mamma e Figlio sia un modo unico di esprimere il tuo affetto a prescindere da quanto distante tu sia.","robots":{"index":"index","follow":"follow","max-snippet":"max-snippet:-1","max-image-preview":"max-image-preview:large","max-video-preview":"max-video-preview:-1"},"canonical":"https:\/\/positiveprints.com\/it\/prodotto\/mamma-e-figlio-mappa\/","og_locale":"it_IT","og_type":"article","og_title":"Mamma e Figlio Mappa","og_description":"Crea una mappa per celebrare il tuo amore, ovunque voi siate Indica due luoghi speciali con un simbolo a scelta Personalizzala in 3 semplici passaggi Aggiungi un testo personalizzato Guarda subito il risultato \u2013 l'anteprima interattiva ti permette di perfezionare ogni dettaglio","og_url":"https:\/\/positiveprints.com\/it\/prodotto\/mamma-e-figlio-mappa\/","og_site_name":"Positive Prints","article_publisher":"https:\/\/www.facebook.com\/positiveprintscom","article_modified_time":"2026-04-12T21:42:39+00:00","og_image":[{"width":1080,"height":1080,"url":"https:\/\/positiveprints.com\/wp-content\/uploads\/2023\/02\/gift-for-mother-from-child.jpg","type":"image\/jpeg"}],"twitter_card":"summary_large_image","schema":{"@context":"https:\/\/schema.org","@graph":[{"@type":["WebPage","ItemPage"],"@id":"https:\/\/positiveprints.com\/it\/prodotto\/mamma-e-figlio-mappa\/","url":"https:\/\/positiveprints.com\/it\/prodotto\/mamma-e-figlio-mappa\/","name":"Mamma e Figlio Mappa - Positive Prints","isPartOf":{"@id":"https:\/\/positiveprints.com\/it\/#website"},"primaryImageOfPage":{"@id":"https:\/\/positiveprints.com\/it\/prodotto\/mamma-e-figlio-mappa\/#primaryimage"},"image":{"@id":"https:\/\/positiveprints.com\/it\/prodotto\/mamma-e-figlio-mappa\/#primaryimage"},"thumbnailUrl":"https:\/\/positiveprints.com\/wp-content\/uploads\/2025\/07\/Packshot_IT_Mamma-e-Figlio-Mappa.webp","datePublished":"2023-02-13T09:25:20+00:00","dateModified":"2026-04-12T21:42:39+00:00","description":"Nessun regalo pu\u00f2 essere migliore del dono dell'amore. Lascia che la Mappa Mamma e Figlio sia un modo unico di esprimere il tuo affetto a prescindere da quanto distante tu sia.","breadcrumb":{"@id":"https:\/\/positiveprints.com\/it\/prodotto\/mamma-e-figlio-mappa\/#breadcrumb"},"inLanguage":"it-IT","potentialAction":[{"@type":"ReadAction","target":["https:\/\/positiveprints.com\/it\/prodotto\/mamma-e-figlio-mappa\/"]}]},{"@type":"ImageObject","inLanguage":"it-IT","@id":"https:\/\/positiveprints.com\/it\/prodotto\/mamma-e-figlio-mappa\/#primaryimage","url":"https:\/\/positiveprints.com\/wp-content\/uploads\/2025\/07\/Packshot_IT_Mamma-e-Figlio-Mappa.webp","contentUrl":"https:\/\/positiveprints.com\/wp-content\/uploads\/2025\/07\/Packshot_IT_Mamma-e-Figlio-Mappa.webp","width":1450,"height":1450,"caption":"Packshot_IT_Mamma e Figlio Mappa"},{"@type":"BreadcrumbList","@id":"https:\/\/positiveprints.com\/it\/prodotto\/mamma-e-figlio-mappa\/#breadcrumb","itemListElement":[{"@type":"ListItem","position":1,"name":"Home","item":"https:\/\/positiveprints.com\/it\/"},{"@type":"ListItem","position":2,"name":"Prodotti","item":"https:\/\/positiveprints.com\/it\/shop\/"},{"@type":"ListItem","position":3,"name":"Mamma e Figlio Mappa"}]},{"@type":"WebSite","@id":"https:\/\/positiveprints.com\/it\/#website","url":"https:\/\/positiveprints.com\/it\/","name":"Positive Prints","description":"Amazing Custom Personalized Gifts","publisher":{"@id":"https:\/\/positiveprints.com\/it\/#organization"},"potentialAction":[{"@type":"SearchAction","target":{"@type":"EntryPoint","urlTemplate":"https:\/\/positiveprints.com\/it\/?s={search_term_string}"},"query-input":{"@type":"PropertyValueSpecification","valueRequired":true,"valueName":"search_term_string"}}],"inLanguage":"it-IT"},{"@type":"Organization","@id":"https:\/\/positiveprints.com\/it\/#organization","name":"Positive Prints","alternateName":"Positive Prints","url":"https:\/\/positiveprints.com\/it\/","logo":{"@type":"ImageObject","inLanguage":"it-IT","@id":"https:\/\/positiveprints.com\/it\/#\/schema\/logo\/image\/","url":"https:\/\/positiveprints.com\/wp-content\/uploads\/2026\/03\/245815646_1337939713319158_5671353136411139666_n.png","contentUrl":"https:\/\/positiveprints.com\/wp-content\/uploads\/2026\/03\/245815646_1337939713319158_5671353136411139666_n.png","width":800,"height":800,"caption":"Positive Prints"},"image":{"@id":"https:\/\/positiveprints.com\/it\/#\/schema\/logo\/image\/"},"sameAs":["https:\/\/www.facebook.com\/positiveprintscom","https:\/\/www.instagram.com\/positiveprintscom\/","https:\/\/www.tiktok.com\/@positiveprintscom","https:\/\/www.pinterest.com\/positiveprintscom\/"]}]}},"jetpack_sharing_enabled":true,"_links":{"self":[{"href":"https:\/\/positiveprints.com\/it\/wp-json\/wp\/v2\/product\/453007","targetHints":{"allow":["GET"]}}],"collection":[{"href":"https:\/\/positiveprints.com\/it\/wp-json\/wp\/v2\/product"}],"about":[{"href":"https:\/\/positiveprints.com\/it\/wp-json\/wp\/v2\/types\/product"}],"wp:featuredmedia":[{"embeddable":true,"href":"https:\/\/positiveprints.com\/it\/wp-json\/wp\/v2\/media\/1467194"}],"wp:attachment":[{"href":"https:\/\/positiveprints.com\/it\/wp-json\/wp\/v2\/media?parent=453007"}],"wp:term":[{"taxonomy":"product_brand","embeddable":true,"href":"https:\/\/positiveprints.com\/it\/wp-json\/wp\/v2\/product_brand?post=453007"},{"taxonomy":"product_cat","embeddable":true,"href":"https:\/\/positiveprints.com\/it\/wp-json\/wp\/v2\/product_cat?post=453007"},{"taxonomy":"product_tag","embeddable":true,"href":"https:\/\/positiveprints.com\/it\/wp-json\/wp\/v2\/product_tag?post=453007"}],"curies":[{"name":"wp","href":"https:\/\/api.w.org\/{rel}","templated":true}]}}