{"id":452328,"date":"2023-04-03T16:55:58","date_gmt":"2023-04-03T15:55:58","guid":{"rendered":"https:\/\/positiveprints.com\/?post_type=product&#038;p=452328"},"modified":"2026-04-07T15:12:20","modified_gmt":"2026-04-07T14:12:20","slug":"mappa-stellare-doppia-per-me-e-la-mia-mamma","status":"publish","type":"product","link":"https:\/\/positiveprints.com\/it\/prodotto\/mappa-stellare-doppia-per-me-e-la-mia-mamma\/","title":{"rendered":"Mappa Stellare Doppia per Me e la Mia Mamma"},"content":{"rendered":"<p style=\"margin-top: 1rem\">Sei alla ricerca un regalo unico e personalizzato per la tua mamma? Occasioni speciali come la Festa della Mamma, il suo compleanno o il Natale si stanno avvicinando? Niente panico! Con la Mappa Stellare Doppia per Me e la Mia Mamma puoi creare una splendida stampa in cui includere due mappe stellari in un singolo poster.<\/p>\r\n\r\n\r\n<p style=\"margin-top: 1rem\">Con la Mappa Stellare Doppia per Me e la Mia Mamma, puoi creare una rappresentazione completamente personalizzata del cielo notturno nei giorni in cui tu e le tua mamma siete venuti al mondo. In una mappa vedrai la data e il luogo di nascita delle tua mamma, mentre nell\u2019altra la tua data e luogo di nascita.<\/p>\r\n\r\n\r\n<p style=\"margin-top: 1rem\">Creare la tua stampa personalizzata \u00e8 pi\u00f9 facile di quello pensi. Basta accedere al nostro editor online e scegliere tra una variet\u00e0 di design e combinazione di colori. Dopo aver selezionato i tuoi preferiti, inserisci le date e i luoghi per ogni mappa stellare. Infine, che sia un poster stampato o incorniciato, una tela o un file digitale con download istantaneo, seleziona la dimensione e il formato che ritieni pi\u00f9 adatto.<\/p>\r\n\r\n\r\n<p style=\"margin-top: 1rem\">Ma la personalizzazione non finisce qui! Puoi addirittura aggiungere un testo speciale o una citazione significativa per rendere la Mappa Stellare Doppia per Me e la Mia Mamma ancora pi\u00f9 unica e dolce.<\/p>\r\n\r\n\r\n<p style=\"margin-top: 1rem\">Regala la Mappa Stellare Doppia per Me e la Mia Mamma, una stampa indimenticabile per celebrare il legame speciale che c\u2019\u00e8 tra madri e figli.<\/p>","protected":false},"excerpt":{"rendered":"<ul class=\"check-list\">\n<li>Crea la tua mappa stellare raffigurante il cielo da due posizioni e date diverse<\/li>\n<li>Decorala con costellazioni e la Via Lattea<\/li>\n<li>Personalizzala in 3 semplici passaggi<\/li>\n<li>Aggiungi un testo personalizzato<\/li>\n<li>Guarda subito il risultato \u2013 l&#8217;anteprima interattiva ti permette di perfezionare ogni dettaglio<\/li>\n<\/ul>\n","protected":false},"featured_media":1252107,"template":"","meta":[],"product_brand":[],"product_cat":[9100,7190,5257,7816,7656,7768,4449],"product_tag":[],"class_list":{"0":"post-452328","1":"product","2":"type-product","3":"status-publish","4":"has-post-thumbnail","6":"product_cat-duo-stars-it","7":"product_cat-map-it","8":"product_cat-regali-di-nascita-del-bambino","9":"product_cat-regali-per-neogenitori","10":"product_cat-regali-per-un-figlio","11":"product_cat-regali-per-una-figlia","12":"product_cat-tutti-i-prodotti","14":"first","15":"instock","16":"sale","17":"taxable","18":"shipping-taxable","19":"purchasable","20":"product-type-variable"},"yoast_head":"<!-- This site is optimized with the Yoast SEO Premium plugin v27.2 (Yoast SEO v27.2) - https:\/\/yoast.com\/product\/yoast-seo-premium-wordpress\/ -->\n<title>Mappa Stellare Doppia per Me e la Mamma - Positive Prints<\/title>\n<meta name=\"description\" content=\"Regala la Mappa Stellare Doppia per Me e la Mia Mamma, una stampa indimenticabile per celebrare il legame speciale che c\u2019\u00e8 tra madri e figli.\" \/>\n<meta name=\"robots\" content=\"index, follow, max-snippet:-1, max-image-preview:large, max-video-preview:-1\" \/>\n<link rel=\"canonical\" href=\"https:\/\/positiveprints.com\/it\/prodotto\/mappa-stellare-doppia-per-me-e-la-mia-mamma\/\" \/>\n<meta property=\"og:locale\" content=\"it_IT\" \/>\n<meta property=\"og:type\" content=\"article\" \/>\n<meta property=\"og:title\" content=\"Mappa Stellare Doppia per Me e la Mia Mamma\" \/>\n<meta property=\"og:description\" content=\"Crea la tua mappa stellare raffigurante il cielo da due posizioni e date diverse Decorala con costellazioni e la Via Lattea Personalizzala in 3 semplici passaggi Aggiungi un testo personalizzato Guarda subito il risultato \u2013 l&#039;anteprima interattiva ti permette di perfezionare ogni dettaglio\" \/>\n<meta property=\"og:url\" content=\"https:\/\/positiveprints.com\/it\/prodotto\/mappa-stellare-doppia-per-me-e-la-mia-mamma\/\" \/>\n<meta property=\"og:site_name\" content=\"Positive Prints\" \/>\n<meta property=\"article:publisher\" content=\"https:\/\/www.facebook.com\/positiveprintscom\" \/>\n<meta property=\"article:modified_time\" content=\"2026-04-07T14:12:20+00:00\" \/>\n<meta property=\"og:image\" content=\"https:\/\/positiveprints.com\/wp-content\/uploads\/2024\/11\/PACKSHOT_IT_Mom-Me-Double-Star-Map-product-image-.webp\" \/>\n\t<meta property=\"og:image:width\" content=\"1450\" \/>\n\t<meta property=\"og:image:height\" content=\"1450\" \/>\n\t<meta property=\"og:image:type\" content=\"image\/webp\" \/>\n<meta name=\"twitter:card\" content=\"summary_large_image\" \/>\n<meta name=\"twitter:label1\" content=\"Tempo di lettura stimato\" \/>\n\t<meta name=\"twitter:data1\" content=\"2 minuti\" \/>\n<!-- \/ Yoast SEO Premium plugin. -->","yoast_head_json":{"title":"Mappa Stellare Doppia per Me e la Mamma - Positive Prints","description":"Regala la Mappa Stellare Doppia per Me e la Mia Mamma, una stampa indimenticabile per celebrare il legame speciale che c\u2019\u00e8 tra madri e figli.","robots":{"index":"index","follow":"follow","max-snippet":"max-snippet:-1","max-image-preview":"max-image-preview:large","max-video-preview":"max-video-preview:-1"},"canonical":"https:\/\/positiveprints.com\/it\/prodotto\/mappa-stellare-doppia-per-me-e-la-mia-mamma\/","og_locale":"it_IT","og_type":"article","og_title":"Mappa Stellare Doppia per Me e la Mia Mamma","og_description":"Crea la tua mappa stellare raffigurante il cielo da due posizioni e date diverse Decorala con costellazioni e la Via Lattea Personalizzala in 3 semplici passaggi Aggiungi un testo personalizzato Guarda subito il risultato \u2013 l'anteprima interattiva ti permette di perfezionare ogni dettaglio","og_url":"https:\/\/positiveprints.com\/it\/prodotto\/mappa-stellare-doppia-per-me-e-la-mia-mamma\/","og_site_name":"Positive Prints","article_publisher":"https:\/\/www.facebook.com\/positiveprintscom","article_modified_time":"2026-04-07T14:12:20+00:00","og_image":[{"width":1450,"height":1450,"url":"https:\/\/positiveprints.com\/wp-content\/uploads\/2024\/11\/PACKSHOT_IT_Mom-Me-Double-Star-Map-product-image-.webp","type":"image\/webp"}],"twitter_card":"summary_large_image","twitter_misc":{"Tempo di lettura stimato":"2 minuti"},"schema":{"@context":"https:\/\/schema.org","@graph":[{"@type":["WebPage","ItemPage"],"@id":"https:\/\/positiveprints.com\/it\/prodotto\/mappa-stellare-doppia-per-me-e-la-mia-mamma\/","url":"https:\/\/positiveprints.com\/it\/prodotto\/mappa-stellare-doppia-per-me-e-la-mia-mamma\/","name":"Mappa Stellare Doppia per Me e la Mamma - Positive Prints","isPartOf":{"@id":"https:\/\/positiveprints.com\/it\/#website"},"primaryImageOfPage":{"@id":"https:\/\/positiveprints.com\/it\/prodotto\/mappa-stellare-doppia-per-me-e-la-mia-mamma\/#primaryimage"},"image":{"@id":"https:\/\/positiveprints.com\/it\/prodotto\/mappa-stellare-doppia-per-me-e-la-mia-mamma\/#primaryimage"},"thumbnailUrl":"https:\/\/positiveprints.com\/wp-content\/uploads\/2024\/11\/PACKSHOT_IT_Mom-Me-Double-Star-Map-product-image-.webp","datePublished":"2023-04-03T15:55:58+00:00","dateModified":"2026-04-07T14:12:20+00:00","description":"Regala la Mappa Stellare Doppia per Me e la Mia Mamma, una stampa indimenticabile per celebrare il legame speciale che c\u2019\u00e8 tra madri e figli.","breadcrumb":{"@id":"https:\/\/positiveprints.com\/it\/prodotto\/mappa-stellare-doppia-per-me-e-la-mia-mamma\/#breadcrumb"},"inLanguage":"it-IT","potentialAction":[{"@type":"ReadAction","target":["https:\/\/positiveprints.com\/it\/prodotto\/mappa-stellare-doppia-per-me-e-la-mia-mamma\/"]}]},{"@type":"ImageObject","inLanguage":"it-IT","@id":"https:\/\/positiveprints.com\/it\/prodotto\/mappa-stellare-doppia-per-me-e-la-mia-mamma\/#primaryimage","url":"https:\/\/positiveprints.com\/wp-content\/uploads\/2024\/11\/PACKSHOT_IT_Mom-Me-Double-Star-Map-product-image-.webp","contentUrl":"https:\/\/positiveprints.com\/wp-content\/uploads\/2024\/11\/PACKSHOT_IT_Mom-Me-Double-Star-Map-product-image-.webp","width":1450,"height":1450,"caption":"PACKSHOT_IT_Mom & Me Double Star Map product image"},{"@type":"BreadcrumbList","@id":"https:\/\/positiveprints.com\/it\/prodotto\/mappa-stellare-doppia-per-me-e-la-mia-mamma\/#breadcrumb","itemListElement":[{"@type":"ListItem","position":1,"name":"Home","item":"https:\/\/positiveprints.com\/it\/"},{"@type":"ListItem","position":2,"name":"Prodotti","item":"https:\/\/positiveprints.com\/it\/shop\/"},{"@type":"ListItem","position":3,"name":"Mappa Stellare Doppia per Me e la Mia Mamma"}]},{"@type":"WebSite","@id":"https:\/\/positiveprints.com\/it\/#website","url":"https:\/\/positiveprints.com\/it\/","name":"Positive Prints","description":"Amazing Custom Personalized Gifts","publisher":{"@id":"https:\/\/positiveprints.com\/it\/#organization"},"potentialAction":[{"@type":"SearchAction","target":{"@type":"EntryPoint","urlTemplate":"https:\/\/positiveprints.com\/it\/?s={search_term_string}"},"query-input":{"@type":"PropertyValueSpecification","valueRequired":true,"valueName":"search_term_string"}}],"inLanguage":"it-IT"},{"@type":"Organization","@id":"https:\/\/positiveprints.com\/it\/#organization","name":"Positive Prints","alternateName":"Positive Prints","url":"https:\/\/positiveprints.com\/it\/","logo":{"@type":"ImageObject","inLanguage":"it-IT","@id":"https:\/\/positiveprints.com\/it\/#\/schema\/logo\/image\/","url":"https:\/\/positiveprints.com\/wp-content\/uploads\/2026\/03\/245815646_1337939713319158_5671353136411139666_n.png","contentUrl":"https:\/\/positiveprints.com\/wp-content\/uploads\/2026\/03\/245815646_1337939713319158_5671353136411139666_n.png","width":800,"height":800,"caption":"Positive Prints"},"image":{"@id":"https:\/\/positiveprints.com\/it\/#\/schema\/logo\/image\/"},"sameAs":["https:\/\/www.facebook.com\/positiveprintscom","https:\/\/www.instagram.com\/positiveprintscom\/","https:\/\/www.tiktok.com\/@positiveprintscom","https:\/\/www.pinterest.com\/positiveprintscom\/"]}]}},"jetpack_sharing_enabled":true,"_links":{"self":[{"href":"https:\/\/positiveprints.com\/it\/wp-json\/wp\/v2\/product\/452328","targetHints":{"allow":["GET"]}}],"collection":[{"href":"https:\/\/positiveprints.com\/it\/wp-json\/wp\/v2\/product"}],"about":[{"href":"https:\/\/positiveprints.com\/it\/wp-json\/wp\/v2\/types\/product"}],"wp:featuredmedia":[{"embeddable":true,"href":"https:\/\/positiveprints.com\/it\/wp-json\/wp\/v2\/media\/1252107"}],"wp:attachment":[{"href":"https:\/\/positiveprints.com\/it\/wp-json\/wp\/v2\/media?parent=452328"}],"wp:term":[{"taxonomy":"product_brand","embeddable":true,"href":"https:\/\/positiveprints.com\/it\/wp-json\/wp\/v2\/product_brand?post=452328"},{"taxonomy":"product_cat","embeddable":true,"href":"https:\/\/positiveprints.com\/it\/wp-json\/wp\/v2\/product_cat?post=452328"},{"taxonomy":"product_tag","embeddable":true,"href":"https:\/\/positiveprints.com\/it\/wp-json\/wp\/v2\/product_tag?post=452328"}],"curies":[{"name":"wp","href":"https:\/\/api.w.org\/{rel}","templated":true}]}}