{"id":452178,"date":"2023-03-22T11:45:44","date_gmt":"2023-03-22T10:45:44","guid":{"rendered":"https:\/\/positiveprints.com\/?post_type=product&#038;p=452178"},"modified":"2026-04-18T06:06:27","modified_gmt":"2026-04-18T05:06:27","slug":"i-giorni-in-cui-sei-diventata-la-nostra-mamma","status":"publish","type":"product","link":"https:\/\/positiveprints.com\/it\/prodotto\/i-giorni-in-cui-sei-diventata-la-nostra-mamma\/","title":{"rendered":"I Giorni in Cui Sei Diventata la Nostra Mamma"},"content":{"rendered":"<p><span style=\"font-weight: 400;\">Una mamma e pi\u00f9 figli: in questo caso, \u201cI giorni in cui sei diventata la nostra mamma\u201d \u00e8 il regalo perfetto per aiutare tua madre a ricordare con gioia il momento in cui \u00e8 cambiata la sua vita. Non una, ma pi\u00f9 volte! Questa stampa personalizzata mette in risalto il giorno in cui una madre ha accolto in questo mondo ciascuno dei propri figli. Grazie alla nostra tecnologia riusciamo a ricostruire il cielo notturno in quelle date, catturando la meraviglia dell&#8217;universo nel momento esatto in cui ogni bambino veniva alla luce.<\/span><\/p>\n<p><span style=\"font-weight: 400;\">Ogni stampa pu\u00f2 essere personalizzata con la data, l&#8217;ora e il luogo di nascita, insieme al nome. Il risultato \u00e8 un&#8217;opera d&#8217;arte sorprendente e unica che celebra la gioia e l&#8217;amore che accompagnano l\u2019inizio di ogni maternit\u00e0.<\/span><\/p>\n<p><span style=\"font-weight: 400;\">I giorni in cui sei diventata la nostra mamma \u00e8 quindi considerato il regalo ideale per festeggiare la Festa della Mamma, un compleanno o il Natale. Ed \u00e8 anche un modo meraviglioso per esprimere amore a gratitudine alla propria madre.<\/span><\/p><h2 class=\"wp-block-heading\" id=\"h-domande-poste-frequentemente\"><strong>Domande Poste Frequentemente<\/strong><\/h2><details class=\"wp-block-details is-layout-flow wp-block-details-is-layout-flow\"><summary><strong>Cos&#8217;\u00e8 una Mappa Stellare &#8220;I giorni in cui sei diventata la nostra mamma&#8221;?<\/strong><\/summary><p>La Mappa Stellare &#8220;I giorni in cui sei diventata la nostra mamma&#8221; mostra il cielo nelle date di nascita di ogni figlio. E nello specifico, celebra tutti i momenti in cui tua madre ha accolto un nuovo figlio, sfruttando le nostre mappe multiple. Di conseguenza, ti aiuta a immortalare la famiglia completa in una sola opera d&#8217;arte unica.\u200b<\/p><\/details><details class=\"wp-block-details is-layout-flow wp-block-details-is-layout-flow\"><summary><strong>\u00c8 una mappa stellare personalizzata?<\/strong><\/summary><p>S\u00ec, ogni mappa \u00e8 completamente personalizzata. Infatti, inserisci date, ore e luoghi di nascita di tutti i bambini. Inoltre, aggiungi pianeti, costellazioni e Via Lattea per ogni data, e controlli ogni modifica con l&#8217;anteprima interattiva in tempo reale.<\/p><\/details><details class=\"wp-block-details is-layout-flow wp-block-details-is-layout-flow\"><summary><strong>Perch\u00e9 \u00e8 il regalo perfetto per le mamme?<\/strong><\/summary><p>\u00c8 il regalo perfetto perch\u00e9 celebra tutti i momenti emozionanti della vita di una madre. Nello specifico, \u00e8 un omaggio straordinario per una famiglia che ama tenere ricordi eterni e tangibili in casa. Di conseguenza, \u00e8 un dono prezioso che puoi custodire per sempre con grande orgoglio.\u200b<\/p><\/details><details class=\"wp-block-details is-layout-flow wp-block-details-is-layout-flow\"><summary><strong>Per quali occasioni \u00e8 perfetta questa mappa?<\/strong><\/summary><p>Questa mappa \u00e8 perfetta per la Festa della Mamma, compleanni e anniversari. Inoltre, \u00e8 ideale per Natale, battesimi o celebrazioni familiari speciali in cui onorare il legame madre-figli.\u200b<\/p><\/details><details class=\"wp-block-details is-layout-flow wp-block-details-is-layout-flow\"><summary><strong>In quanto tempo posso ricevere la mia mappa?<\/strong><\/summary><p>Per un regalo immediato, scegli il nostro download digitale di un file JPEG ad alta risoluzione (300 dpi) che puoi stampare in autonomia. Per i prodotti finiti, ti ricordiamo che stampiamo e spediamo dai nostri centri in Australia, Canada, Stati Uniti, Regno Unito ed Europa in pochi giorni.<\/p><\/details><p><\/p>","protected":false},"excerpt":{"rendered":"<ul class=\"check-list\">\n<li>Aggiungi pianeti, costellazioni e la Via Lattea<\/li>\n<li>Personalizzala in 3 semplici passaggi<\/li>\n<li>Aggiungi un testo personalizzato<\/li>\n<li>Guarda subito il risultato \u2013 l&#8217;anteprima interattiva ti permette di perfezionare ogni dettaglio<\/li>\n<\/ul>\n","protected":false},"featured_media":1668334,"template":"","meta":[],"product_brand":[],"product_cat":[9277,9100,4449,7190,7280,5269,11429,7704],"product_tag":[15560,12602,12603,8406,11797,12605,15542],"class_list":{"0":"post-452178","1":"product","2":"type-product","3":"status-publish","4":"has-post-thumbnail","6":"product_cat-bestsellers-label-it","7":"product_cat-duo-stars-it","8":"product_cat-tutti-i-prodotti","9":"product_cat-map-it","10":"product_cat-regali-per-la-festa-della-mamma","11":"product_cat-regali-di-natale","12":"product_cat-regali-di-natale-per-mamma","13":"product_cat-regali-per-la-mamma","14":"product_tag-la-migliore-mamma","15":"product_tag-mamma-it","16":"product_tag-mamma-it-2","17":"product_tag-mother-it","18":"product_tag-regali-di-natale-per-mamma","19":"product_tag-regali-per-la-mamma","20":"product_tag-regalo-mamma","22":"first","23":"instock","24":"sale","25":"taxable","26":"shipping-taxable","27":"purchasable","28":"product-type-variable"},"yoast_head":"<!-- This site is optimized with the Yoast SEO Premium plugin v27.2 (Yoast SEO v27.2) - https:\/\/yoast.com\/product\/yoast-seo-premium-wordpress\/ -->\n<title>I Giorni in Cui Sei Diventata la Mamma - Positive Prints<\/title>\n<meta name=\"description\" content=\"I Giorni in Cui Sei Diventata la Nostra Mamma \u00e8 il regalo per tutte le mamme che vogliono ricordare con gioia il momento in cui \u00e8 cominciata la loro nuova vita. Ordinalo subito!\" \/>\n<meta name=\"robots\" content=\"index, follow, max-snippet:-1, max-image-preview:large, max-video-preview:-1\" \/>\n<link rel=\"canonical\" href=\"https:\/\/positiveprints.com\/it\/prodotto\/i-giorni-in-cui-sei-diventata-la-nostra-mamma\/\" \/>\n<meta property=\"og:locale\" content=\"it_IT\" \/>\n<meta property=\"og:type\" content=\"article\" \/>\n<meta property=\"og:title\" content=\"I Giorni in Cui Sei Diventata la Nostra Mamma\" \/>\n<meta property=\"og:description\" content=\"Aggiungi pianeti, costellazioni e la Via Lattea  Personalizzala in 3 semplici passaggi  Aggiungi un testo personalizzato  Guarda subito il risultato \u2013 l&#039;anteprima interattiva ti permette di perfezionare ogni dettaglio\" \/>\n<meta property=\"og:url\" content=\"https:\/\/positiveprints.com\/it\/prodotto\/i-giorni-in-cui-sei-diventata-la-nostra-mamma\/\" \/>\n<meta property=\"og:site_name\" content=\"Positive Prints\" \/>\n<meta property=\"article:publisher\" content=\"https:\/\/www.facebook.com\/positiveprintscom\" \/>\n<meta property=\"article:modified_time\" content=\"2026-04-18T05:06:27+00:00\" \/>\n<meta property=\"og:image\" content=\"https:\/\/positiveprints.com\/wp-content\/uploads\/2025\/02\/I-Giorni-in-Cui-Sei-Diventata-la-Nostra-Mamma-1.webp\" \/>\n\t<meta property=\"og:image:width\" content=\"1450\" \/>\n\t<meta property=\"og:image:height\" content=\"1450\" \/>\n\t<meta property=\"og:image:type\" content=\"image\/webp\" \/>\n<meta name=\"twitter:card\" content=\"summary_large_image\" \/>\n<meta name=\"twitter:label1\" content=\"Tempo di lettura stimato\" \/>\n\t<meta name=\"twitter:data1\" content=\"3 minuti\" \/>\n<!-- \/ Yoast SEO Premium plugin. -->","yoast_head_json":{"title":"I Giorni in Cui Sei Diventata la Mamma - Positive Prints","description":"I Giorni in Cui Sei Diventata la Nostra Mamma \u00e8 il regalo per tutte le mamme che vogliono ricordare con gioia il momento in cui \u00e8 cominciata la loro nuova vita. Ordinalo subito!","robots":{"index":"index","follow":"follow","max-snippet":"max-snippet:-1","max-image-preview":"max-image-preview:large","max-video-preview":"max-video-preview:-1"},"canonical":"https:\/\/positiveprints.com\/it\/prodotto\/i-giorni-in-cui-sei-diventata-la-nostra-mamma\/","og_locale":"it_IT","og_type":"article","og_title":"I Giorni in Cui Sei Diventata la Nostra Mamma","og_description":"Aggiungi pianeti, costellazioni e la Via Lattea  Personalizzala in 3 semplici passaggi  Aggiungi un testo personalizzato  Guarda subito il risultato \u2013 l'anteprima interattiva ti permette di perfezionare ogni dettaglio","og_url":"https:\/\/positiveprints.com\/it\/prodotto\/i-giorni-in-cui-sei-diventata-la-nostra-mamma\/","og_site_name":"Positive Prints","article_publisher":"https:\/\/www.facebook.com\/positiveprintscom","article_modified_time":"2026-04-18T05:06:27+00:00","og_image":[{"width":1450,"height":1450,"url":"https:\/\/positiveprints.com\/wp-content\/uploads\/2025\/02\/I-Giorni-in-Cui-Sei-Diventata-la-Nostra-Mamma-1.webp","type":"image\/webp"}],"twitter_card":"summary_large_image","twitter_misc":{"Tempo di lettura stimato":"3 minuti"},"schema":{"@context":"https:\/\/schema.org","@graph":[{"@type":["WebPage","ItemPage"],"@id":"https:\/\/positiveprints.com\/it\/prodotto\/i-giorni-in-cui-sei-diventata-la-nostra-mamma\/","url":"https:\/\/positiveprints.com\/it\/prodotto\/i-giorni-in-cui-sei-diventata-la-nostra-mamma\/","name":"I Giorni in Cui Sei Diventata la Mamma - Positive Prints","isPartOf":{"@id":"https:\/\/positiveprints.com\/it\/#website"},"primaryImageOfPage":{"@id":"https:\/\/positiveprints.com\/it\/prodotto\/i-giorni-in-cui-sei-diventata-la-nostra-mamma\/#primaryimage"},"image":{"@id":"https:\/\/positiveprints.com\/it\/prodotto\/i-giorni-in-cui-sei-diventata-la-nostra-mamma\/#primaryimage"},"thumbnailUrl":"https:\/\/positiveprints.com\/wp-content\/uploads\/2026\/03\/la-migliore-mama-del-mondo_IT-packshot-.webp","datePublished":"2023-03-22T10:45:44+00:00","dateModified":"2026-04-18T05:06:27+00:00","description":"I Giorni in Cui Sei Diventata la Nostra Mamma \u00e8 il regalo per tutte le mamme che vogliono ricordare con gioia il momento in cui \u00e8 cominciata la loro nuova vita. Ordinalo subito!","breadcrumb":{"@id":"https:\/\/positiveprints.com\/it\/prodotto\/i-giorni-in-cui-sei-diventata-la-nostra-mamma\/#breadcrumb"},"inLanguage":"it-IT","potentialAction":[{"@type":"ReadAction","target":["https:\/\/positiveprints.com\/it\/prodotto\/i-giorni-in-cui-sei-diventata-la-nostra-mamma\/"]}]},{"@type":"ImageObject","inLanguage":"it-IT","@id":"https:\/\/positiveprints.com\/it\/prodotto\/i-giorni-in-cui-sei-diventata-la-nostra-mamma\/#primaryimage","url":"https:\/\/positiveprints.com\/wp-content\/uploads\/2026\/03\/la-migliore-mama-del-mondo_IT-packshot-.webp","contentUrl":"https:\/\/positiveprints.com\/wp-content\/uploads\/2026\/03\/la-migliore-mama-del-mondo_IT-packshot-.webp","width":1450,"height":1450},{"@type":"BreadcrumbList","@id":"https:\/\/positiveprints.com\/it\/prodotto\/i-giorni-in-cui-sei-diventata-la-nostra-mamma\/#breadcrumb","itemListElement":[{"@type":"ListItem","position":1,"name":"Home","item":"https:\/\/positiveprints.com\/it\/"},{"@type":"ListItem","position":2,"name":"Prodotti","item":"https:\/\/positiveprints.com\/it\/shop\/"},{"@type":"ListItem","position":3,"name":"I Giorni in Cui Sei Diventata la Nostra Mamma"}]},{"@type":"WebSite","@id":"https:\/\/positiveprints.com\/it\/#website","url":"https:\/\/positiveprints.com\/it\/","name":"Positive Prints","description":"Amazing Custom Personalized Gifts","publisher":{"@id":"https:\/\/positiveprints.com\/it\/#organization"},"potentialAction":[{"@type":"SearchAction","target":{"@type":"EntryPoint","urlTemplate":"https:\/\/positiveprints.com\/it\/?s={search_term_string}"},"query-input":{"@type":"PropertyValueSpecification","valueRequired":true,"valueName":"search_term_string"}}],"inLanguage":"it-IT"},{"@type":"Organization","@id":"https:\/\/positiveprints.com\/it\/#organization","name":"Positive Prints","alternateName":"Positive Prints","url":"https:\/\/positiveprints.com\/it\/","logo":{"@type":"ImageObject","inLanguage":"it-IT","@id":"https:\/\/positiveprints.com\/it\/#\/schema\/logo\/image\/","url":"https:\/\/positiveprints.com\/wp-content\/uploads\/2026\/03\/245815646_1337939713319158_5671353136411139666_n.png","contentUrl":"https:\/\/positiveprints.com\/wp-content\/uploads\/2026\/03\/245815646_1337939713319158_5671353136411139666_n.png","width":800,"height":800,"caption":"Positive Prints"},"image":{"@id":"https:\/\/positiveprints.com\/it\/#\/schema\/logo\/image\/"},"sameAs":["https:\/\/www.facebook.com\/positiveprintscom","https:\/\/www.instagram.com\/positiveprintscom\/","https:\/\/www.tiktok.com\/@positiveprintscom","https:\/\/www.pinterest.com\/positiveprintscom\/"]}]}},"jetpack_sharing_enabled":true,"_links":{"self":[{"href":"https:\/\/positiveprints.com\/it\/wp-json\/wp\/v2\/product\/452178","targetHints":{"allow":["GET"]}}],"collection":[{"href":"https:\/\/positiveprints.com\/it\/wp-json\/wp\/v2\/product"}],"about":[{"href":"https:\/\/positiveprints.com\/it\/wp-json\/wp\/v2\/types\/product"}],"wp:featuredmedia":[{"embeddable":true,"href":"https:\/\/positiveprints.com\/it\/wp-json\/wp\/v2\/media\/1668334"}],"wp:attachment":[{"href":"https:\/\/positiveprints.com\/it\/wp-json\/wp\/v2\/media?parent=452178"}],"wp:term":[{"taxonomy":"product_brand","embeddable":true,"href":"https:\/\/positiveprints.com\/it\/wp-json\/wp\/v2\/product_brand?post=452178"},{"taxonomy":"product_cat","embeddable":true,"href":"https:\/\/positiveprints.com\/it\/wp-json\/wp\/v2\/product_cat?post=452178"},{"taxonomy":"product_tag","embeddable":true,"href":"https:\/\/positiveprints.com\/it\/wp-json\/wp\/v2\/product_tag?post=452178"}],"curies":[{"name":"wp","href":"https:\/\/api.w.org\/{rel}","templated":true}]}}