{"id":451203,"date":"2023-02-10T19:32:31","date_gmt":"2023-02-10T18:32:31","guid":{"rendered":"https:\/\/positiveprints.com\/?post_type=product&#038;p=451203"},"modified":"2026-04-18T06:14:44","modified_gmt":"2026-04-18T05:14:44","slug":"lamore-non-conosce-distanza-mappa-per-la-mamma","status":"publish","type":"product","link":"https:\/\/positiveprints.com\/it\/prodotto\/lamore-non-conosce-distanza-mappa-per-la-mamma\/","title":{"rendered":"L&#8217;Amore Non Conosce Distanza Mappa per la Mamma"},"content":{"rendered":"<p style=\"margin-top: 1rem\">Festeggiare giorni speciali, come i compleanni o la festa della mamma, pu\u00f2 essere una sfida quando si vive lontani. Ma inviarle un ricordo significativo del tuo amore ed apprezzamento \u00e8 un modo per colmare la distanza. La stampa o la tela personalizzata della Mappa L\u2019Amore Non Conosce Distanza \u00e8 il regalo perfetto per ogni occasione: le ricorda che non importa quanto sei lontano, il tuo legame non svanir\u00e0 mai. \u00c8 un promemoria che amer\u00e0 per sempre!<\/p>\r\n\r\n\r\n\r\n<h2 class=\"grenB f24 cblue\" style=\"margin-top: 3rem\">Personalizza L\u2019Amore Non Conosce Distanza Mappa per la Mamma<\/h2>\r\n\r\n\r\n<p style=\"margin-top: 1rem\">La nostra Mappa L\u2019amore Non Conosce Distanza cattura il legame speciale tra te e tua madre. Per creare il regalo perfetto, inserisci semplicemente i due indirizzi che utilizzeremo per contrassegnare le vostre posizioni su una bellissima mappa. Puoi anche personalizzarla con diverse scelte di colore, stile e dimensione. Faremo in modo che sia qualcosa che la mamma sar\u00e0 orgogliosa di mostrare a casa sua.<\/p>\r\n\r\n\r\n\r\n<h2 class=\"grenB f24 cblue\" style=\"margin-top: 3rem\">Un regalo che celebra il vostro legame<\/h2>\r\n\r\n\r\n<p style=\"margin-top: 1rem\">Tua madre sar\u00e0 lieta di ricevere una mappa personalizzata L&#8217;amore Non Conosce Distanza perch\u00e8 le ricorder\u00e0 del tuo amore e la vostra connessione ogni volta che la guarder\u00e0. Questo regalo \u00e8 pensato con cura e celebra il legame che condividete, anche quando la vita vi separa. \u00c8 un modo speciale per mostrare a tua madre quanto lei significhi per te e per farle sapere che non importa quale sia la distanza: sarete legati per sempre.<\/p>\r\n\r\n\r\n\r\n<h2 class=\"grenB f24 cblue\" style=\"margin-top: 3rem\">Ordina Ora la Mappa L\u2019Amore Non Conosce Distanza<\/h2>\r\n\r\n\r\n<p style=\"margin-top: 1rem\">In Positive Prints, siamo specializzati nella creazione di regali personalizzati che porteranno un sorriso sul volto della tua mamma. Sappiamo quanto sia speciale il legame tra di voi e siamo qui per aiutare a colmare qualsiasi distanza con i nostri pezzi artistici ed unici. Ordina oggi una mappa personalizzata L\u2019Amore Non Conosce Distanza e mostrale che non importa quanto sei lontano, il tuo amore non conosce limiti.<\/p>","protected":false},"excerpt":{"rendered":"<ul class=\"check-list\">\n<li>Mostra alla tua mamma quanto sia importante: evidenzia i luoghi speciali che vi uniscono anche quando siete lontani<\/li>\n<li>Indica due luoghi speciali con un simbolo a scelta<\/li>\n<li>Personalizzala in 3 semplici passaggi<\/li>\n<li>Aggiungi un testo personalizzato<\/li>\n<li>Guarda subito il risultato \u2013 l&#8217;anteprima interattiva ti permette di perfezionare ogni dettaglio<\/li>\n<\/ul>\n","protected":false},"featured_media":1464850,"template":"","meta":[],"product_brand":[],"product_cat":[9115,4449,7280,5269,11429,7704],"product_tag":[8406,11797],"class_list":{"0":"post-451203","1":"product","2":"type-product","3":"status-publish","4":"has-post-thumbnail","6":"product_cat-double-maps-it","7":"product_cat-tutti-i-prodotti","8":"product_cat-regali-per-la-festa-della-mamma","9":"product_cat-regali-di-natale","10":"product_cat-regali-di-natale-per-mamma","11":"product_cat-regali-per-la-mamma","12":"product_tag-mother-it","13":"product_tag-regali-di-natale-per-mamma","15":"first","16":"instock","17":"sale","18":"taxable","19":"shipping-taxable","20":"purchasable","21":"product-type-variable"},"yoast_head":"<!-- This site is optimized with the Yoast SEO Premium plugin v27.2 (Yoast SEO v27.2) - https:\/\/yoast.com\/product\/yoast-seo-premium-wordpress\/ -->\n<title>L\u2019Amore Non Conosce Distanza per la Mamma - Positive Prints<\/title>\n<meta name=\"description\" content=\"Ordina oggi una mappa personalizzata L\u2019Amore Non Conosce Distanza per la mamma e mostrale che non importa quanto sei lontano, il tuo amore sar\u00e0 sempre vicino.\" \/>\n<meta name=\"robots\" content=\"index, follow, max-snippet:-1, max-image-preview:large, max-video-preview:-1\" \/>\n<link rel=\"canonical\" href=\"https:\/\/positiveprints.com\/it\/prodotto\/lamore-non-conosce-distanza-mappa-per-la-mamma\/\" \/>\n<meta property=\"og:locale\" content=\"it_IT\" \/>\n<meta property=\"og:type\" content=\"article\" \/>\n<meta property=\"og:title\" content=\"L&#039;Amore Non Conosce Distanza Mappa per la Mamma\" \/>\n<meta property=\"og:description\" content=\"Mostra alla tua mamma quanto sia importante: evidenzia i luoghi speciali che vi uniscono anche quando siete lontani Indica due luoghi speciali con un simbolo a scelta Personalizzala in 3 semplici passaggi Aggiungi un testo personalizzato Guarda subito il risultato \u2013 l&#039;anteprima interattiva ti permette di perfezionare ogni dettaglio\" \/>\n<meta property=\"og:url\" content=\"https:\/\/positiveprints.com\/it\/prodotto\/lamore-non-conosce-distanza-mappa-per-la-mamma\/\" \/>\n<meta property=\"og:site_name\" content=\"Positive Prints\" \/>\n<meta property=\"article:publisher\" content=\"https:\/\/www.facebook.com\/positiveprintscom\" \/>\n<meta property=\"article:modified_time\" content=\"2026-04-18T05:14:44+00:00\" \/>\n<meta property=\"og:image\" content=\"https:\/\/positiveprints.com\/wp-content\/uploads\/2023\/04\/LAmore-Non-Conosce-Distanza-Mappa-per-la-Mamma.jpg\" \/>\n\t<meta property=\"og:image:width\" content=\"1080\" \/>\n\t<meta property=\"og:image:height\" content=\"1080\" \/>\n\t<meta property=\"og:image:type\" content=\"image\/jpeg\" \/>\n<meta name=\"twitter:card\" content=\"summary_large_image\" \/>\n<meta name=\"twitter:label1\" content=\"Tempo di lettura stimato\" \/>\n\t<meta name=\"twitter:data1\" content=\"2 minuti\" \/>\n<!-- \/ Yoast SEO Premium plugin. -->","yoast_head_json":{"title":"L\u2019Amore Non Conosce Distanza per la Mamma - Positive Prints","description":"Ordina oggi una mappa personalizzata L\u2019Amore Non Conosce Distanza per la mamma e mostrale che non importa quanto sei lontano, il tuo amore sar\u00e0 sempre vicino.","robots":{"index":"index","follow":"follow","max-snippet":"max-snippet:-1","max-image-preview":"max-image-preview:large","max-video-preview":"max-video-preview:-1"},"canonical":"https:\/\/positiveprints.com\/it\/prodotto\/lamore-non-conosce-distanza-mappa-per-la-mamma\/","og_locale":"it_IT","og_type":"article","og_title":"L'Amore Non Conosce Distanza Mappa per la Mamma","og_description":"Mostra alla tua mamma quanto sia importante: evidenzia i luoghi speciali che vi uniscono anche quando siete lontani Indica due luoghi speciali con un simbolo a scelta Personalizzala in 3 semplici passaggi Aggiungi un testo personalizzato Guarda subito il risultato \u2013 l'anteprima interattiva ti permette di perfezionare ogni dettaglio","og_url":"https:\/\/positiveprints.com\/it\/prodotto\/lamore-non-conosce-distanza-mappa-per-la-mamma\/","og_site_name":"Positive Prints","article_publisher":"https:\/\/www.facebook.com\/positiveprintscom","article_modified_time":"2026-04-18T05:14:44+00:00","og_image":[{"width":1080,"height":1080,"url":"https:\/\/positiveprints.com\/wp-content\/uploads\/2023\/04\/LAmore-Non-Conosce-Distanza-Mappa-per-la-Mamma.jpg","type":"image\/jpeg"}],"twitter_card":"summary_large_image","twitter_misc":{"Tempo di lettura stimato":"2 minuti"},"schema":{"@context":"https:\/\/schema.org","@graph":[{"@type":["WebPage","ItemPage"],"@id":"https:\/\/positiveprints.com\/it\/prodotto\/lamore-non-conosce-distanza-mappa-per-la-mamma\/","url":"https:\/\/positiveprints.com\/it\/prodotto\/lamore-non-conosce-distanza-mappa-per-la-mamma\/","name":"L\u2019Amore Non Conosce Distanza per la Mamma - Positive Prints","isPartOf":{"@id":"https:\/\/positiveprints.com\/it\/#website"},"primaryImageOfPage":{"@id":"https:\/\/positiveprints.com\/it\/prodotto\/lamore-non-conosce-distanza-mappa-per-la-mamma\/#primaryimage"},"image":{"@id":"https:\/\/positiveprints.com\/it\/prodotto\/lamore-non-conosce-distanza-mappa-per-la-mamma\/#primaryimage"},"thumbnailUrl":"https:\/\/positiveprints.com\/wp-content\/uploads\/2025\/06\/Packshot_IT_LAmore-Non-Conosce-Distanza-Mappa-per-la-Mamma.webp","datePublished":"2023-02-10T18:32:31+00:00","dateModified":"2026-04-18T05:14:44+00:00","description":"Ordina oggi una mappa personalizzata L\u2019Amore Non Conosce Distanza per la mamma e mostrale che non importa quanto sei lontano, il tuo amore sar\u00e0 sempre vicino.","breadcrumb":{"@id":"https:\/\/positiveprints.com\/it\/prodotto\/lamore-non-conosce-distanza-mappa-per-la-mamma\/#breadcrumb"},"inLanguage":"it-IT","potentialAction":[{"@type":"ReadAction","target":["https:\/\/positiveprints.com\/it\/prodotto\/lamore-non-conosce-distanza-mappa-per-la-mamma\/"]}]},{"@type":"ImageObject","inLanguage":"it-IT","@id":"https:\/\/positiveprints.com\/it\/prodotto\/lamore-non-conosce-distanza-mappa-per-la-mamma\/#primaryimage","url":"https:\/\/positiveprints.com\/wp-content\/uploads\/2025\/06\/Packshot_IT_LAmore-Non-Conosce-Distanza-Mappa-per-la-Mamma.webp","contentUrl":"https:\/\/positiveprints.com\/wp-content\/uploads\/2025\/06\/Packshot_IT_LAmore-Non-Conosce-Distanza-Mappa-per-la-Mamma.webp","width":1450,"height":1450},{"@type":"BreadcrumbList","@id":"https:\/\/positiveprints.com\/it\/prodotto\/lamore-non-conosce-distanza-mappa-per-la-mamma\/#breadcrumb","itemListElement":[{"@type":"ListItem","position":1,"name":"Home","item":"https:\/\/positiveprints.com\/it\/"},{"@type":"ListItem","position":2,"name":"Prodotti","item":"https:\/\/positiveprints.com\/it\/shop\/"},{"@type":"ListItem","position":3,"name":"L\u2019Amore Non Conosce Distanza Mappa per la Mamma"}]},{"@type":"WebSite","@id":"https:\/\/positiveprints.com\/it\/#website","url":"https:\/\/positiveprints.com\/it\/","name":"Positive Prints","description":"Amazing Custom Personalized Gifts","publisher":{"@id":"https:\/\/positiveprints.com\/it\/#organization"},"potentialAction":[{"@type":"SearchAction","target":{"@type":"EntryPoint","urlTemplate":"https:\/\/positiveprints.com\/it\/?s={search_term_string}"},"query-input":{"@type":"PropertyValueSpecification","valueRequired":true,"valueName":"search_term_string"}}],"inLanguage":"it-IT"},{"@type":"Organization","@id":"https:\/\/positiveprints.com\/it\/#organization","name":"Positive Prints","alternateName":"Positive Prints","url":"https:\/\/positiveprints.com\/it\/","logo":{"@type":"ImageObject","inLanguage":"it-IT","@id":"https:\/\/positiveprints.com\/it\/#\/schema\/logo\/image\/","url":"https:\/\/positiveprints.com\/wp-content\/uploads\/2026\/03\/245815646_1337939713319158_5671353136411139666_n.png","contentUrl":"https:\/\/positiveprints.com\/wp-content\/uploads\/2026\/03\/245815646_1337939713319158_5671353136411139666_n.png","width":800,"height":800,"caption":"Positive Prints"},"image":{"@id":"https:\/\/positiveprints.com\/it\/#\/schema\/logo\/image\/"},"sameAs":["https:\/\/www.facebook.com\/positiveprintscom","https:\/\/www.instagram.com\/positiveprintscom\/","https:\/\/www.tiktok.com\/@positiveprintscom","https:\/\/www.pinterest.com\/positiveprintscom\/"]}]}},"jetpack_sharing_enabled":true,"_links":{"self":[{"href":"https:\/\/positiveprints.com\/it\/wp-json\/wp\/v2\/product\/451203","targetHints":{"allow":["GET"]}}],"collection":[{"href":"https:\/\/positiveprints.com\/it\/wp-json\/wp\/v2\/product"}],"about":[{"href":"https:\/\/positiveprints.com\/it\/wp-json\/wp\/v2\/types\/product"}],"wp:featuredmedia":[{"embeddable":true,"href":"https:\/\/positiveprints.com\/it\/wp-json\/wp\/v2\/media\/1464850"}],"wp:attachment":[{"href":"https:\/\/positiveprints.com\/it\/wp-json\/wp\/v2\/media?parent=451203"}],"wp:term":[{"taxonomy":"product_brand","embeddable":true,"href":"https:\/\/positiveprints.com\/it\/wp-json\/wp\/v2\/product_brand?post=451203"},{"taxonomy":"product_cat","embeddable":true,"href":"https:\/\/positiveprints.com\/it\/wp-json\/wp\/v2\/product_cat?post=451203"},{"taxonomy":"product_tag","embeddable":true,"href":"https:\/\/positiveprints.com\/it\/wp-json\/wp\/v2\/product_tag?post=451203"}],"curies":[{"name":"wp","href":"https:\/\/api.w.org\/{rel}","templated":true}]}}