{"id":451165,"date":"2023-02-08T10:42:11","date_gmt":"2023-02-08T09:42:11","guid":{"rendered":"https:\/\/positiveprints.com\/?post_type=product&#038;p=451165"},"modified":"2026-04-18T06:16:07","modified_gmt":"2026-04-18T05:16:07","slug":"la-canzone-preferita-della-mamma","status":"publish","type":"product","link":"https:\/\/positiveprints.com\/it\/prodotto\/la-canzone-preferita-della-mamma\/","title":{"rendered":"La canzone Preferita della Mamma"},"content":{"rendered":"<p style=\"margin-top: 1rem\">Trovare il regalo perfetto per una mamma pu\u00f2 spesso essere una grande sfida. Sia che ti abbia lanciato dei suggerimenti o che tu stia cercando qualcosa che la faccia sorridere, ci sono cos\u00ec tante opzioni tra cui scegliere che sarai sicuramente in confusione. Ma se stai cercando qualcosa di veramente unico, perch\u00e9 non prendere in considerazione l&#8217;idea di regalare l&#8217;arte sonora della sua canzone preferita?<\/p>\r\n\r\n\r\n\r\n\r\n\r\n\r\n\r\n<h2 class=\"grenB f24 cblue\" style=\"margin-top: 3rem\">Crea e Personalizza l\u2019onda sonora della Canzone Preferita della Mamma<\/h2>\r\n\r\n\r\n\r\n\r\n\r\n<p style=\"margin-top: 1rem\">Mostra a tua madre quanto lei significhi per te con un Poster personalizzato realizzato con la sua canzone preferita. \u00c8 un modo semplice per creare un regalo significativo che non dimenticher\u00e0 mai! Tutto quello che devi fare \u00e8 caricare l&#8217;audio o incollare un link Spotify della canzone preferita di tua mamma, selezionare il colore dell&#8217;onda sonora e dello sfondo ed aggiungere un messaggio speciale o una citazione se lo desideri. Puoi anche scegliere se vuoi che venga stampato come poster, stampa incorniciata o su tela, a seconda di come si adatta meglio allo stile di tua mamma! Le possibilit\u00e0 creative sono infinite.<\/p>\r\n\r\n\r\n\r\n\r\n\r\n\r\n\r\n<p style=\"margin-top: 1rem\">Con questo gesto premuroso, tua madre prover\u00e0 amore ed apprezzamento ogni volta che guarder\u00e0 quest\u2019affascinante opera. Non solo le servir\u00e0 a ricordare il tuo legame, ma sar\u00e0 anche qualcosa che potr\u00e0 mostrare con orgoglio nella sua casa per gli anni a venire. \u00c8 davvero un modo perfetto per farle sapere quanto \u00e8 amata e festeggiata!<\/p>\r\n\r\n\r\n\r\n\r\n\r\n\r\n\r\n\r\n\r\n\r\n\r\n<h2 class=\"grenB f24 cblue\" style=\"margin-top: 3rem\">Mostra a tua madre quanto significhi per te<\/h2>\r\n\r\n\r\n\r\n<p style=\"margin-top: 1rem\">Il regalo perfetto per una mamma dovrebbe contenere qualcosa di unico e speciale a cui tua madre tiene molto. Dovrebbe essere qualcosa che le dimostri che ci tieni e che ti sei preso tempo per pensare a cosa la renderebbe pi\u00f9 felice.<\/p>  \r\n\r\n\r\n\r\n\r\n\r\n\r\n\r\n<p style=\"margin-top: 1rem\">Custom sound art of her favorite song is the perfect way to let her know how much you love and appreciate her! She will be sure to smile every time she sees this beautiful piece of art. It&#8217;s a gift that will last a lifetime and always remind her of your bond.<\/p>\r\n\r\n\r\n\r\n\r\n\r\n\r\n\r\n\r\n\r\n\r\n\r\n\r\n\r\n\r\n\r\n<p style=\"margin-top: 3rem\">Indipendentemente dal regalo che scegli di fare a tua mamma, il pensiero e l&#8217;impegno che ci sono dietro saranno sempre apprezzati. L&#8217;arte sonora personalizzata \u00e8 un modo creativo per dimostrare il tuo amore ed apprezzamento per lei. \u00c8 un bellissimo ricordo del vostro legame che pu\u00f2 mostrare con orgoglio nella sua casa per gli anni a venire. Mostra a tua madre quanto significhi per te con questo regalo significativo e premuroso che durer\u00e0 tutta la vita!<\/p>","protected":false},"excerpt":{"rendered":"<ul class=\"check-list\">\n<li>Trasforma la tua voce o qualsiasi altro suono in un&#8217;opera d&#8217;arte personalizzata<\/li>\n<li>Carica semplicemente un file audio<\/li>\n<li>Aggiungi un codice QR e usalo per riprodurre la tua canzone preferita\n<li>Personalizzala in 3 semplici passaggi<\/li>\n<li>Scegli un template o dai sfogo alla fantasia<\/li>\n<\/ul>\n","protected":false},"featured_media":1337037,"template":"","meta":[],"product_brand":[],"product_cat":[4449,7280,5269,11429,15057,11430,7704,7481],"product_tag":[16084,13466,11797],"class_list":{"0":"post-451165","1":"product","2":"type-product","3":"status-publish","4":"has-post-thumbnail","6":"product_cat-tutti-i-prodotti","7":"product_cat-regali-per-la-festa-della-mamma","8":"product_cat-regali-di-natale","9":"product_cat-regali-di-natale-per-mamma","10":"product_cat-regali-di-natale-per-la-famiglia","11":"product_cat-regali-di-natale-per-i-genitori","12":"product_cat-regali-per-la-mamma","13":"product_cat-onda-sonora-it","14":"product_tag-christmas-gifts-for-family-it","15":"product_tag-regali-di-natale-per-la-famiglia","16":"product_tag-regali-di-natale-per-mamma","18":"first","19":"instock","20":"sale","21":"taxable","22":"shipping-taxable","23":"purchasable","24":"product-type-variable"},"yoast_head":"<!-- This site is optimized with the Yoast SEO Premium plugin v27.2 (Yoast SEO v27.2) - https:\/\/yoast.com\/product\/yoast-seo-premium-wordpress\/ -->\n<title>La canzone Preferita della Mamma - Positive Prints<\/title>\n<meta name=\"description\" content=\"La canzone preferita della mamma \u00e8 il modo perfetto per farle sapere quanto la ami e l\u2019apprezzi! Sorrider\u00e0 ogni volta che vedr\u00e0 quest&#039;opera d&#039;arte.\" \/>\n<meta name=\"robots\" content=\"index, follow, max-snippet:-1, max-image-preview:large, max-video-preview:-1\" \/>\n<link rel=\"canonical\" href=\"https:\/\/positiveprints.com\/it\/prodotto\/la-canzone-preferita-della-mamma\/\" \/>\n<meta property=\"og:locale\" content=\"it_IT\" \/>\n<meta property=\"og:type\" content=\"article\" \/>\n<meta property=\"og:title\" content=\"La canzone Preferita della Mamma\" \/>\n<meta property=\"og:description\" content=\"Trasforma la tua voce o qualsiasi altro suono in un&#039;opera d&#039;arte personalizzata  Carica semplicemente un file audio  Aggiungi un codice QR e usalo per riprodurre la tua canzone preferita  Personalizzala in 3 semplici passaggi  Scegli un template o dai sfogo alla fantasia\" \/>\n<meta property=\"og:url\" content=\"https:\/\/positiveprints.com\/it\/prodotto\/la-canzone-preferita-della-mamma\/\" \/>\n<meta property=\"og:site_name\" content=\"Positive Prints\" \/>\n<meta property=\"article:publisher\" content=\"https:\/\/www.facebook.com\/positiveprintscom\" \/>\n<meta property=\"article:modified_time\" content=\"2026-04-18T05:16:07+00:00\" \/>\n<meta property=\"og:image\" content=\"https:\/\/positiveprints.com\/wp-content\/uploads\/2025\/01\/La-canzone-Preferita-della-Mamma-1.webp\" \/>\n\t<meta property=\"og:image:width\" content=\"1450\" \/>\n\t<meta property=\"og:image:height\" content=\"1450\" \/>\n\t<meta property=\"og:image:type\" content=\"image\/webp\" \/>\n<meta name=\"twitter:card\" content=\"summary_large_image\" \/>\n<meta name=\"twitter:label1\" content=\"Tempo di lettura stimato\" \/>\n\t<meta name=\"twitter:data1\" content=\"2 minuti\" \/>\n<!-- \/ Yoast SEO Premium plugin. -->","yoast_head_json":{"title":"La canzone Preferita della Mamma - Positive Prints","description":"La canzone preferita della mamma \u00e8 il modo perfetto per farle sapere quanto la ami e l\u2019apprezzi! Sorrider\u00e0 ogni volta che vedr\u00e0 quest'opera d'arte.","robots":{"index":"index","follow":"follow","max-snippet":"max-snippet:-1","max-image-preview":"max-image-preview:large","max-video-preview":"max-video-preview:-1"},"canonical":"https:\/\/positiveprints.com\/it\/prodotto\/la-canzone-preferita-della-mamma\/","og_locale":"it_IT","og_type":"article","og_title":"La canzone Preferita della Mamma","og_description":"Trasforma la tua voce o qualsiasi altro suono in un'opera d'arte personalizzata  Carica semplicemente un file audio  Aggiungi un codice QR e usalo per riprodurre la tua canzone preferita  Personalizzala in 3 semplici passaggi  Scegli un template o dai sfogo alla fantasia","og_url":"https:\/\/positiveprints.com\/it\/prodotto\/la-canzone-preferita-della-mamma\/","og_site_name":"Positive Prints","article_publisher":"https:\/\/www.facebook.com\/positiveprintscom","article_modified_time":"2026-04-18T05:16:07+00:00","og_image":[{"width":1450,"height":1450,"url":"https:\/\/positiveprints.com\/wp-content\/uploads\/2025\/01\/La-canzone-Preferita-della-Mamma-1.webp","type":"image\/webp"}],"twitter_card":"summary_large_image","twitter_misc":{"Tempo di lettura stimato":"2 minuti"},"schema":{"@context":"https:\/\/schema.org","@graph":[{"@type":["WebPage","ItemPage"],"@id":"https:\/\/positiveprints.com\/it\/prodotto\/la-canzone-preferita-della-mamma\/","url":"https:\/\/positiveprints.com\/it\/prodotto\/la-canzone-preferita-della-mamma\/","name":"La canzone Preferita della Mamma - Positive Prints","isPartOf":{"@id":"https:\/\/positiveprints.com\/it\/#website"},"primaryImageOfPage":{"@id":"https:\/\/positiveprints.com\/it\/prodotto\/la-canzone-preferita-della-mamma\/#primaryimage"},"image":{"@id":"https:\/\/positiveprints.com\/it\/prodotto\/la-canzone-preferita-della-mamma\/#primaryimage"},"thumbnailUrl":"https:\/\/positiveprints.com\/wp-content\/uploads\/2025\/01\/La-canzone-Preferita-della-Mamma-1.webp","datePublished":"2023-02-08T09:42:11+00:00","dateModified":"2026-04-18T05:16:07+00:00","description":"La canzone preferita della mamma \u00e8 il modo perfetto per farle sapere quanto la ami e l\u2019apprezzi! Sorrider\u00e0 ogni volta che vedr\u00e0 quest'opera d'arte.","breadcrumb":{"@id":"https:\/\/positiveprints.com\/it\/prodotto\/la-canzone-preferita-della-mamma\/#breadcrumb"},"inLanguage":"it-IT","potentialAction":[{"@type":"ReadAction","target":["https:\/\/positiveprints.com\/it\/prodotto\/la-canzone-preferita-della-mamma\/"]}]},{"@type":"ImageObject","inLanguage":"it-IT","@id":"https:\/\/positiveprints.com\/it\/prodotto\/la-canzone-preferita-della-mamma\/#primaryimage","url":"https:\/\/positiveprints.com\/wp-content\/uploads\/2025\/01\/La-canzone-Preferita-della-Mamma-1.webp","contentUrl":"https:\/\/positiveprints.com\/wp-content\/uploads\/2025\/01\/La-canzone-Preferita-della-Mamma-1.webp","width":1450,"height":1450},{"@type":"BreadcrumbList","@id":"https:\/\/positiveprints.com\/it\/prodotto\/la-canzone-preferita-della-mamma\/#breadcrumb","itemListElement":[{"@type":"ListItem","position":1,"name":"Home","item":"https:\/\/positiveprints.com\/it\/"},{"@type":"ListItem","position":2,"name":"Prodotti","item":"https:\/\/positiveprints.com\/it\/shop\/"},{"@type":"ListItem","position":3,"name":"La canzone Preferita della Mamma"}]},{"@type":"WebSite","@id":"https:\/\/positiveprints.com\/it\/#website","url":"https:\/\/positiveprints.com\/it\/","name":"Positive Prints","description":"Amazing Custom Personalized Gifts","publisher":{"@id":"https:\/\/positiveprints.com\/it\/#organization"},"potentialAction":[{"@type":"SearchAction","target":{"@type":"EntryPoint","urlTemplate":"https:\/\/positiveprints.com\/it\/?s={search_term_string}"},"query-input":{"@type":"PropertyValueSpecification","valueRequired":true,"valueName":"search_term_string"}}],"inLanguage":"it-IT"},{"@type":"Organization","@id":"https:\/\/positiveprints.com\/it\/#organization","name":"Positive Prints","alternateName":"Positive Prints","url":"https:\/\/positiveprints.com\/it\/","logo":{"@type":"ImageObject","inLanguage":"it-IT","@id":"https:\/\/positiveprints.com\/it\/#\/schema\/logo\/image\/","url":"https:\/\/positiveprints.com\/wp-content\/uploads\/2026\/03\/245815646_1337939713319158_5671353136411139666_n.png","contentUrl":"https:\/\/positiveprints.com\/wp-content\/uploads\/2026\/03\/245815646_1337939713319158_5671353136411139666_n.png","width":800,"height":800,"caption":"Positive Prints"},"image":{"@id":"https:\/\/positiveprints.com\/it\/#\/schema\/logo\/image\/"},"sameAs":["https:\/\/www.facebook.com\/positiveprintscom","https:\/\/www.instagram.com\/positiveprintscom\/","https:\/\/www.tiktok.com\/@positiveprintscom","https:\/\/www.pinterest.com\/positiveprintscom\/"]}]}},"jetpack_sharing_enabled":true,"_links":{"self":[{"href":"https:\/\/positiveprints.com\/it\/wp-json\/wp\/v2\/product\/451165","targetHints":{"allow":["GET"]}}],"collection":[{"href":"https:\/\/positiveprints.com\/it\/wp-json\/wp\/v2\/product"}],"about":[{"href":"https:\/\/positiveprints.com\/it\/wp-json\/wp\/v2\/types\/product"}],"wp:featuredmedia":[{"embeddable":true,"href":"https:\/\/positiveprints.com\/it\/wp-json\/wp\/v2\/media\/1337037"}],"wp:attachment":[{"href":"https:\/\/positiveprints.com\/it\/wp-json\/wp\/v2\/media?parent=451165"}],"wp:term":[{"taxonomy":"product_brand","embeddable":true,"href":"https:\/\/positiveprints.com\/it\/wp-json\/wp\/v2\/product_brand?post=451165"},{"taxonomy":"product_cat","embeddable":true,"href":"https:\/\/positiveprints.com\/it\/wp-json\/wp\/v2\/product_cat?post=451165"},{"taxonomy":"product_tag","embeddable":true,"href":"https:\/\/positiveprints.com\/it\/wp-json\/wp\/v2\/product_tag?post=451165"}],"curies":[{"name":"wp","href":"https:\/\/api.w.org\/{rel}","templated":true}]}}