{"id":450922,"date":"2023-03-31T11:59:57","date_gmt":"2023-03-31T10:59:57","guid":{"rendered":"https:\/\/positiveprints.com\/?post_type=product&#038;p=450922"},"modified":"2026-04-18T06:04:44","modified_gmt":"2026-04-18T05:04:44","slug":"mio-piccolo-bambino","status":"publish","type":"product","link":"https:\/\/positiveprints.com\/it\/prodotto\/mio-piccolo-bambino\/","title":{"rendered":"Mio Piccolo Bambino"},"content":{"rendered":"<p style=\"margin-top: 1rem\">Una cameretta dovrebbe essere un luogo di confort e relax, dove il piccolo pu\u00f2 riposare ma anche dove i genitori possono trovare conforto. Quando la decori, perch\u00e9 non personalizzarla con il poster da parete Mio Piccolo Bambino? Pu\u00f2 essere adattato con le infomrazioni uniche del bambino come nome, data e misure.<\/p>\r\n\r\n\r\n<h2 class=\"grenB f24 cblue\" style=\"margin-top: 3rem\">Mio Piccolo Bambino Poster Personalizzato<\/h2>\r\n\r\n<p style=\"margin-top: 1rem\">Il Poster del Mio Piccolo Bambino \u00e8 il regalo perfetto sia per le nuove mamme che per i pap\u00e0. Che tu stia cercando un regalo unico per il benvenuto a casa o semplicemente qualcosa di speciale per celebrare la nascita del tuo bambino, non cercare altro. I nostri poster e tele personalizzate avranno sicuramente un forte impatto attraverso i loro design, i colori vivaci e gli elementi particolari per l\u2019occasione. Non solo regalerai un bellissimo pezzo d&#8217;arte che cattura informazioni sul tuo piccolo, ma puoi anche personalizzarlo per renderlo ancora pi\u00f9 unico. Con la funzione di anteprima istantanea, puoi essere certo che ci\u00f2 che ordini \u00e8 esattamente ci\u00f2 che verr\u00e0 stampato, garantendoti precisione prima che venga spedito.<\/p>\r\n\r\n<p style=\"margin-top: 1rem\">Personalizzare la decorazione da parete My Little Baby \u00e8 facile e conveniente! Inserisci semplicemente le informazioni sulla nascita del tuo piccolo, scegli il design, poi seleziona la dimensione del poster o della tela che desideri. Puoi anche aggiungere un messaggio personalizzato se lo desideri. Dopo aver inserito le tue informazioni, il sistema generer\u00e0 un&#8217;anteprima istantanea basata sulle tue scelte in modo che tu possa essere sicuro che appaia esattamente come desiderato prima che venga stampato e spedito. Con la vasta variet\u00e0 di colori disponibili, troverai sicuramente qualcosa che si adatta perfettamente alla stanza dei bimbi e che celebrer\u00e0 il loro giorno speciale con super stile.<\/p>\r\n\r\n<h2 class=\"grenB f24 cblue\" style=\"margin-top: 3rem\">Mostra il tuo amore<\/h2>\r\n\r\n<p style=\"margin-top: 1rem\">Gli amici solitamente vogliono portare conforto e sostegno alle nuove mamme, ma spesso \u00e8 difficile sapere da dove cominciare. Uno dei modi migliori per mostrare il tuo amore \u00e8 semplicemente passare del tempo con loro. Che si tratti di una telefonata o di un caff\u00e8, di ascoltare le storie della loro gravidanza o del loro travaglio, mettersi a disposizione \u00e8 sempre apprezzato.<\/p>\r\n\r\n<p style=\"margin-top: 1rem\">Un regalo unico pu\u00f2 essere anche ricordarle quanto sono amate e sostenute. Invece di dare alla nuova mamma un&#8217;altra scatola di pannolini o un set di borotalco, falle un ricordo tangibile di quando ha tenuto per la prima volta il suo piccolo tra le sue braccia. Stampata in scala 1:1 con un elegante design, questo poster sar\u00e0 un ricordo eterno ovunque esso sia appeso: sul muro della cameretta o in qualsiasi altra stanza della casa!<\/p>\r\n\r\n<p style=\"margin-top: 3rem\">Non cercare altro: ordina oggi il poster o la tela personalizzata del Mio Piccolo Bambino ed assicurati che i ricordi delle informazioni sulla nascita del piccolo appena nato durino per tutta la vita. Offri ai nuovi genitori un modo unico per vivere il loro orgoglio e la loro gioia, aggiungendo allo stesso tempo un tocco speciale alla stanza del loro bambino. Preparati per uno straordinario design che celebra il nuovo arrivato!<\/p>","protected":false},"excerpt":{"rendered":"<ul class=\"check-list\">\n<li>Mantieni vivi preziosi ricordi con il Poster Nascita, un dono unico nel suo genere che i neo genitori ameranno per sempre<\/li>\n<li>Commemora i dettagli della nascita come nome, data, altezza e peso<\/li>\n<li>Scegli tra 7 illustrazioni e ricrea la lunghezza del tuo beb\u00e8 in scala 1:1<\/li>\n<li>Guarda subito il risultato \u2013 l&#8217;anteprima interattiva ti permette di perfezionare ogni dettaglio<\/li>\n<\/ul>\n","protected":false},"featured_media":458502,"template":"","meta":[],"product_brand":[],"product_cat":[4449,4436],"product_tag":[8406],"class_list":{"0":"post-450922","1":"product","2":"type-product","3":"status-publish","4":"has-post-thumbnail","6":"product_cat-tutti-i-prodotti","7":"product_cat-infant-it-2","8":"product_tag-mother-it","10":"first","11":"instock","12":"sale","13":"taxable","14":"shipping-taxable","15":"purchasable","16":"product-type-variable"},"yoast_head":"<!-- This site is optimized with the Yoast SEO Premium plugin v27.2 (Yoast SEO v27.2) - https:\/\/yoast.com\/product\/yoast-seo-premium-wordpress\/ -->\n<title>Mio Piccolo Bambino - Positive Prints<\/title>\n<meta name=\"description\" content=\"Non cercare altro: ordina oggi il poster o la tela del Mio Piccolo Bambino ed assicurati che i ricordi delle informazioni della nascita del neonato durino per tutta la vita.\" \/>\n<meta name=\"robots\" content=\"index, follow, max-snippet:-1, max-image-preview:large, max-video-preview:-1\" \/>\n<link rel=\"canonical\" href=\"https:\/\/positiveprints.com\/it\/prodotto\/mio-piccolo-bambino\/\" \/>\n<meta property=\"og:locale\" content=\"it_IT\" \/>\n<meta property=\"og:type\" content=\"article\" \/>\n<meta property=\"og:title\" content=\"Mio Piccolo Bambino\" \/>\n<meta property=\"og:description\" content=\"Mantieni vivi preziosi ricordi con il Poster Nascita, un dono unico nel suo genere che i neo genitori ameranno per sempre Commemora i dettagli della nascita come nome, data, altezza e peso Scegli tra 7 illustrazioni e ricrea la lunghezza del tuo beb\u00e8 in scala 1:1 Guarda subito il risultato \u2013 l&#039;anteprima interattiva ti permette di perfezionare ogni dettaglio\" \/>\n<meta property=\"og:url\" content=\"https:\/\/positiveprints.com\/it\/prodotto\/mio-piccolo-bambino\/\" \/>\n<meta property=\"og:site_name\" content=\"Positive Prints\" \/>\n<meta property=\"article:publisher\" content=\"https:\/\/www.facebook.com\/positiveprintscom\" \/>\n<meta property=\"article:modified_time\" content=\"2026-04-18T05:04:44+00:00\" \/>\n<meta property=\"og:image\" content=\"https:\/\/positiveprints.com\/wp-content\/uploads\/2023\/04\/Mio-Piccolo-Bambino.jpg\" \/>\n\t<meta property=\"og:image:width\" content=\"1080\" \/>\n\t<meta property=\"og:image:height\" content=\"1080\" \/>\n\t<meta property=\"og:image:type\" content=\"image\/jpeg\" \/>\n<meta name=\"twitter:card\" content=\"summary_large_image\" \/>\n<!-- \/ Yoast SEO Premium plugin. -->","yoast_head_json":{"title":"Mio Piccolo Bambino - Positive Prints","description":"Non cercare altro: ordina oggi il poster o la tela del Mio Piccolo Bambino ed assicurati che i ricordi delle informazioni della nascita del neonato durino per tutta la vita.","robots":{"index":"index","follow":"follow","max-snippet":"max-snippet:-1","max-image-preview":"max-image-preview:large","max-video-preview":"max-video-preview:-1"},"canonical":"https:\/\/positiveprints.com\/it\/prodotto\/mio-piccolo-bambino\/","og_locale":"it_IT","og_type":"article","og_title":"Mio Piccolo Bambino","og_description":"Mantieni vivi preziosi ricordi con il Poster Nascita, un dono unico nel suo genere che i neo genitori ameranno per sempre Commemora i dettagli della nascita come nome, data, altezza e peso Scegli tra 7 illustrazioni e ricrea la lunghezza del tuo beb\u00e8 in scala 1:1 Guarda subito il risultato \u2013 l'anteprima interattiva ti permette di perfezionare ogni dettaglio","og_url":"https:\/\/positiveprints.com\/it\/prodotto\/mio-piccolo-bambino\/","og_site_name":"Positive Prints","article_publisher":"https:\/\/www.facebook.com\/positiveprintscom","article_modified_time":"2026-04-18T05:04:44+00:00","og_image":[{"width":1080,"height":1080,"url":"https:\/\/positiveprints.com\/wp-content\/uploads\/2023\/04\/Mio-Piccolo-Bambino.jpg","type":"image\/jpeg"}],"twitter_card":"summary_large_image","schema":{"@context":"https:\/\/schema.org","@graph":[{"@type":["WebPage","ItemPage"],"@id":"https:\/\/positiveprints.com\/it\/prodotto\/mio-piccolo-bambino\/","url":"https:\/\/positiveprints.com\/it\/prodotto\/mio-piccolo-bambino\/","name":"Mio Piccolo Bambino - Positive Prints","isPartOf":{"@id":"https:\/\/positiveprints.com\/it\/#website"},"primaryImageOfPage":{"@id":"https:\/\/positiveprints.com\/it\/prodotto\/mio-piccolo-bambino\/#primaryimage"},"image":{"@id":"https:\/\/positiveprints.com\/it\/prodotto\/mio-piccolo-bambino\/#primaryimage"},"thumbnailUrl":"https:\/\/positiveprints.com\/wp-content\/uploads\/2023\/04\/Mio-Piccolo-Bambino.jpg","datePublished":"2023-03-31T10:59:57+00:00","dateModified":"2026-04-18T05:04:44+00:00","description":"Non cercare altro: ordina oggi il poster o la tela del Mio Piccolo Bambino ed assicurati che i ricordi delle informazioni della nascita del neonato durino per tutta la vita.","breadcrumb":{"@id":"https:\/\/positiveprints.com\/it\/prodotto\/mio-piccolo-bambino\/#breadcrumb"},"inLanguage":"it-IT","potentialAction":[{"@type":"ReadAction","target":["https:\/\/positiveprints.com\/it\/prodotto\/mio-piccolo-bambino\/"]}]},{"@type":"ImageObject","inLanguage":"it-IT","@id":"https:\/\/positiveprints.com\/it\/prodotto\/mio-piccolo-bambino\/#primaryimage","url":"https:\/\/positiveprints.com\/wp-content\/uploads\/2023\/04\/Mio-Piccolo-Bambino.jpg","contentUrl":"https:\/\/positiveprints.com\/wp-content\/uploads\/2023\/04\/Mio-Piccolo-Bambino.jpg","width":1080,"height":1080,"caption":"Mio Piccolo Bambino"},{"@type":"BreadcrumbList","@id":"https:\/\/positiveprints.com\/it\/prodotto\/mio-piccolo-bambino\/#breadcrumb","itemListElement":[{"@type":"ListItem","position":1,"name":"Home","item":"https:\/\/positiveprints.com\/it\/"},{"@type":"ListItem","position":2,"name":"Prodotti","item":"https:\/\/positiveprints.com\/it\/shop\/"},{"@type":"ListItem","position":3,"name":"Mio Piccolo Bambino"}]},{"@type":"WebSite","@id":"https:\/\/positiveprints.com\/it\/#website","url":"https:\/\/positiveprints.com\/it\/","name":"Positive Prints","description":"Amazing Custom Personalized Gifts","publisher":{"@id":"https:\/\/positiveprints.com\/it\/#organization"},"potentialAction":[{"@type":"SearchAction","target":{"@type":"EntryPoint","urlTemplate":"https:\/\/positiveprints.com\/it\/?s={search_term_string}"},"query-input":{"@type":"PropertyValueSpecification","valueRequired":true,"valueName":"search_term_string"}}],"inLanguage":"it-IT"},{"@type":"Organization","@id":"https:\/\/positiveprints.com\/it\/#organization","name":"Positive Prints","alternateName":"Positive Prints","url":"https:\/\/positiveprints.com\/it\/","logo":{"@type":"ImageObject","inLanguage":"it-IT","@id":"https:\/\/positiveprints.com\/it\/#\/schema\/logo\/image\/","url":"https:\/\/positiveprints.com\/wp-content\/uploads\/2026\/03\/245815646_1337939713319158_5671353136411139666_n.png","contentUrl":"https:\/\/positiveprints.com\/wp-content\/uploads\/2026\/03\/245815646_1337939713319158_5671353136411139666_n.png","width":800,"height":800,"caption":"Positive Prints"},"image":{"@id":"https:\/\/positiveprints.com\/it\/#\/schema\/logo\/image\/"},"sameAs":["https:\/\/www.facebook.com\/positiveprintscom","https:\/\/www.instagram.com\/positiveprintscom\/","https:\/\/www.tiktok.com\/@positiveprintscom","https:\/\/www.pinterest.com\/positiveprintscom\/"]}]}},"jetpack_sharing_enabled":true,"_links":{"self":[{"href":"https:\/\/positiveprints.com\/it\/wp-json\/wp\/v2\/product\/450922","targetHints":{"allow":["GET"]}}],"collection":[{"href":"https:\/\/positiveprints.com\/it\/wp-json\/wp\/v2\/product"}],"about":[{"href":"https:\/\/positiveprints.com\/it\/wp-json\/wp\/v2\/types\/product"}],"wp:featuredmedia":[{"embeddable":true,"href":"https:\/\/positiveprints.com\/it\/wp-json\/wp\/v2\/media\/458502"}],"wp:attachment":[{"href":"https:\/\/positiveprints.com\/it\/wp-json\/wp\/v2\/media?parent=450922"}],"wp:term":[{"taxonomy":"product_brand","embeddable":true,"href":"https:\/\/positiveprints.com\/it\/wp-json\/wp\/v2\/product_brand?post=450922"},{"taxonomy":"product_cat","embeddable":true,"href":"https:\/\/positiveprints.com\/it\/wp-json\/wp\/v2\/product_cat?post=450922"},{"taxonomy":"product_tag","embeddable":true,"href":"https:\/\/positiveprints.com\/it\/wp-json\/wp\/v2\/product_tag?post=450922"}],"curies":[{"name":"wp","href":"https:\/\/api.w.org\/{rel}","templated":true}]}}