{"id":447915,"date":"2023-03-29T09:51:28","date_gmt":"2023-03-29T08:51:28","guid":{"rendered":"https:\/\/positiveprints.com\/?post_type=product&#038;p=447915"},"modified":"2026-04-18T06:04:50","modified_gmt":"2026-04-18T05:04:50","slug":"collage-di-foto-a-forma-di-lettere","status":"publish","type":"product","link":"https:\/\/positiveprints.com\/it\/prodotto\/collage-di-foto-a-forma-di-lettere\/","title":{"rendered":"Foto collage personalizzato con lettere"},"content":{"rendered":"<p style=\"margin-top: 1rem;\">Con un regalo speciale puoi mostrare ad amici e familiari quanto affetto nutri per loro. Invece di acquistare un regalo gi\u00e0 pronto, perch\u00e9 non dedicare un po\u2019 del tuo tempo alla realizzazione di qualcosa di originale come un Collage di Foto personalizzato? Grazie al nostro editor online puoi raggruppare i tuoi ricordi e creare un collage creativo da apprezzare negli anni a venire. Sorprendi le persone che ami con un Collage di Foto a Forma di Lettere!<\/p>\r\n\r\n<h2 class=\"grenB f24 cblue\" style=\"margin-top: 3rem;\">Cos\u2019\u00e8 un Collage di Foto a Forma di Lettere?<\/h2>\r\n<p style=\"margin-top: 1rem;\">Grazie a un Collage di Foto puoi selezionare le tue foto migliori e posizionarle all\u2019interno della forma di una o pi\u00f9 lettere. Puoi anche applicare una singola foto per lettera se preferisci. Con questo tipo di collage puoi dar vita a un regalo personalizzato ricco di significato, capace di sorprendere davvero chiunque.<\/p>\r\n<p style=\"margin-top: 1rem;\">Il nostro editor online ti d\u00e0 modo di esprimere la tua creativit\u00e0. Seleziona le foto da aggiungere e scegli la parola o la frase da comporre. Oppure, adatta il tuo Collage di Foto con Lettere a un\u2019occasione specifica che vuoi ricordare. Per esempio, in occasione di un anniversario potresti includere le foto pi\u00f9 belle scattate insieme alla tua dolce met\u00e0 nel corso della vostra storia d\u2019amore. Se invece vuoi celebrare la pensione di un caro collega, potresti scegliere delle foto importanti scattate durante la sua lunga carriera. Non temere: le possibilit\u00e0 sono infinite con un Collage di Foto con Lettere.<\/p>\r\n\r\n<h2 class=\"grenB f24 cblue\" style=\"margin-top: 3rem;\">Cosa rende unico e speciale un Collage di Foto come regalo?<\/h2>\r\n<p style=\"margin-top: 1rem;\">Un Collage di Foto a Forma di Lettere pu\u00f2 diventare il regalo ideale per una persona speciale nella tua vita. Un regalo originale come questo \u00e8 il modo migliore per dimostrare affetto o ricordare i ricordi che vi legano. Con il nostro editor intuitivo puoi applicare le tue foto a un progetto davvero originale e creare cos\u00ec un regalo esclusivo e indimenticabile. E chi lo riceve, lo conserver\u00e0 negli anni come se fosse il regalo pi\u00f9 importante che abbia mai ricevuto.<\/p>\r\n<p style=\"margin-top: 1rem;\">Vuoi aggiungere un messaggio speciale? Non preoccuparti: subito sotto il Collage di Foto a Forma di Lettere c\u2019\u00e8 lo spazio che cerchi. Questa sezione \u00e8 la pi\u00f9 adatta per scrivere una citazione, un proverbio, una data, un nome o quelle parole che non riesci mai a dire a voce. Aggiungere un tocco personale \u00e8 ci\u00f2 che rende il Collage di Foto unico nel suo genere.<\/p>\r\n\r\n<h2 class=\"grenB f24 cblue\" style=\"margin-top: 3rem;\">Come si crea un Collage di Foto a Forma di Lettere?<\/h2>\r\n<p style=\"margin-top: 1rem;\">Creare un Collage di Foto a Forma di Lettere \u00e8 facile e divertente! Prima di tutto, scegli una parola da riempire con le tue foto. Puoi scegliere di rappresentare qualsiasi cosa: iniziali, nomi completi, soprannomi o una parola per esprimere i tuoi sentimenti. Poi, seleziona un colore per il contorno delle lettere. Potresti optare per qualcosa che si addica alle foto che utilizzerai per il collage, oppure un colore completamente in contrasto. L\u2019importante \u00e8 lasciarsi trasportare dalla creativit\u00e0!<\/p>\r\n<p style=\"margin-top: 1rem;\">Dopodich\u00e9, scrivi un messaggio tutto tuo per aggiungere un tocco di personalizzazione: verr\u00e0 stampato poco sotto il collage. Una citazione, la strofa di una canzone, un nome: qualunque cosa tu voglia scrivere, sar\u00e0 ricca di significato! Ora \u00e8 il momento di caricare le tue foto per tutte le lettere del collage. Scegli immagini con una buona risoluzione e assicurati di averle modificate come desideri.<\/p>\r\n<p style=\"margin-top: 1rem;\">Una volta caricate tutte le foto, seleziona la dimensione e il formato del tuo collage. Puoi scegliere tra una variet\u00e0 di formati disponibili o selezionare il download digitale istantaneo. Dopo aver completato questi ultimi passaggi, il tuo Collage di Foto con Lettere \u00e8 pronto per arrivare da te: facile, no?<\/p>\r\n<p style=\"margin-top: 1rem;\">A differenza di quei regali inutili che finiscono per essere dimenticati nei cassetti, un Collage di Foto personalizzato sar\u00e0 ricordato per anni e anni! Un modo creativo e particolare per catturare ricordi, celebrare occasioni speciali e dimostrare amore alle persone pi\u00f9 importanti della tua vita. Sorprendi una persona a cui vuoi bene con un Collage di Foto con Lettere!<\/p>","protected":false},"excerpt":{"rendered":"<ul>\n<li>Scegli tra le tue foto pi\u00f9 belle per creare un poster unico<\/li>\n<li>Aggiungi un messaggio personale per rendere ancora pi\u00f9 significativo il regalo<\/li>\n<li>Crea il tuo poster in 3 semplici passaggi con il nostro editor intuitivo<\/li>\n<li>Guarda subito il risultato: l&#8217;anteprima interattiva ti permette di perfezionare ogni dettaglio<\/li>\n<\/ul>\n","protected":false},"featured_media":1674160,"template":"","meta":[],"product_brand":[],"product_cat":[15847,9277,15112,8246,8830,4449,4429,4428,5269,15057],"product_tag":[16084,14884,14885,13811],"class_list":{"0":"post-447915","1":"product","2":"type-product","3":"status-publish","4":"has-post-thumbnail","6":"product_cat-shop-bestsellers-it","7":"product_cat-bestsellers-label-it","8":"product_cat-bestsellers-menu-it","9":"product_cat-digital-products-it","10":"product_cat-collage-di-foto","11":"product_cat-tutti-i-prodotti","12":"product_cat-bestsellers-it-2","13":"product_cat-creators-it-2","14":"product_cat-regali-di-natale","15":"product_cat-regali-di-natale-per-la-famiglia","16":"product_tag-christmas-gifts-for-family-it","17":"product_tag-creators-it-2","18":"product_tag-custom-photo-it","19":"product_tag-poster-fotografico-personalizzato","21":"first","22":"instock","23":"sale","24":"taxable","25":"shipping-taxable","26":"purchasable","27":"product-type-variable"},"yoast_head":"<!-- This site is optimized with the Yoast SEO Premium plugin v27.2 (Yoast SEO v27.2) - https:\/\/yoast.com\/product\/yoast-seo-premium-wordpress\/ -->\n<title>Foto collage personalizzato con lettere - Positive Prints<\/title>\n<meta name=\"description\" content=\"Trasforma le tue foto, pensieri e ricordi in un bellissimo Collage di Foto con Lettere. Crea un\u2019opera d\u2019arte ricca di significato che ti accompagner\u00e0 per anni!\" \/>\n<meta name=\"robots\" content=\"index, follow, max-snippet:-1, max-image-preview:large, max-video-preview:-1\" \/>\n<link rel=\"canonical\" href=\"https:\/\/positiveprints.com\/it\/prodotto\/collage-di-foto-a-forma-di-lettere\/\" \/>\n<meta property=\"og:locale\" content=\"it_IT\" \/>\n<meta property=\"og:type\" content=\"article\" \/>\n<meta property=\"og:title\" content=\"Foto collage personalizzato con lettere\" \/>\n<meta property=\"og:description\" content=\"Scegli tra le tue foto pi\u00f9 belle per creare un poster unico  Aggiungi un messaggio personale per rendere ancora pi\u00f9 significativo il regalo  Crea il tuo poster in 3 semplici passaggi con il nostro editor intuitivo  Guarda subito il risultato: l&#039;anteprima interattiva ti permette di perfezionare ogni dettaglio\" \/>\n<meta property=\"og:url\" content=\"https:\/\/positiveprints.com\/it\/prodotto\/collage-di-foto-a-forma-di-lettere\/\" \/>\n<meta property=\"og:site_name\" content=\"Positive Prints\" \/>\n<meta property=\"article:publisher\" content=\"https:\/\/www.facebook.com\/positiveprintscom\" \/>\n<meta property=\"article:modified_time\" content=\"2026-04-18T05:04:50+00:00\" \/>\n<meta property=\"og:image\" content=\"https:\/\/positiveprints.com\/wp-content\/uploads\/2025\/06\/IT_Packshot_Foto-collage-personalizzato.webp\" \/>\n\t<meta property=\"og:image:width\" content=\"1450\" \/>\n\t<meta property=\"og:image:height\" content=\"1450\" \/>\n\t<meta property=\"og:image:type\" content=\"image\/webp\" \/>\n<meta name=\"twitter:card\" content=\"summary_large_image\" \/>\n<meta name=\"twitter:label1\" content=\"Tempo di lettura stimato\" \/>\n\t<meta name=\"twitter:data1\" content=\"3 minuti\" \/>\n<!-- \/ Yoast SEO Premium plugin. -->","yoast_head_json":{"title":"Foto collage personalizzato con lettere - Positive Prints","description":"Trasforma le tue foto, pensieri e ricordi in un bellissimo Collage di Foto con Lettere. Crea un\u2019opera d\u2019arte ricca di significato che ti accompagner\u00e0 per anni!","robots":{"index":"index","follow":"follow","max-snippet":"max-snippet:-1","max-image-preview":"max-image-preview:large","max-video-preview":"max-video-preview:-1"},"canonical":"https:\/\/positiveprints.com\/it\/prodotto\/collage-di-foto-a-forma-di-lettere\/","og_locale":"it_IT","og_type":"article","og_title":"Foto collage personalizzato con lettere","og_description":"Scegli tra le tue foto pi\u00f9 belle per creare un poster unico  Aggiungi un messaggio personale per rendere ancora pi\u00f9 significativo il regalo  Crea il tuo poster in 3 semplici passaggi con il nostro editor intuitivo  Guarda subito il risultato: l'anteprima interattiva ti permette di perfezionare ogni dettaglio","og_url":"https:\/\/positiveprints.com\/it\/prodotto\/collage-di-foto-a-forma-di-lettere\/","og_site_name":"Positive Prints","article_publisher":"https:\/\/www.facebook.com\/positiveprintscom","article_modified_time":"2026-04-18T05:04:50+00:00","og_image":[{"width":1450,"height":1450,"url":"https:\/\/positiveprints.com\/wp-content\/uploads\/2025\/06\/IT_Packshot_Foto-collage-personalizzato.webp","type":"image\/webp"}],"twitter_card":"summary_large_image","twitter_misc":{"Tempo di lettura stimato":"3 minuti"},"schema":{"@context":"https:\/\/schema.org","@graph":[{"@type":["WebPage","ItemPage"],"@id":"https:\/\/positiveprints.com\/it\/prodotto\/collage-di-foto-a-forma-di-lettere\/","url":"https:\/\/positiveprints.com\/it\/prodotto\/collage-di-foto-a-forma-di-lettere\/","name":"Foto collage personalizzato con lettere - Positive Prints","isPartOf":{"@id":"https:\/\/positiveprints.com\/it\/#website"},"primaryImageOfPage":{"@id":"https:\/\/positiveprints.com\/it\/prodotto\/collage-di-foto-a-forma-di-lettere\/#primaryimage"},"image":{"@id":"https:\/\/positiveprints.com\/it\/prodotto\/collage-di-foto-a-forma-di-lettere\/#primaryimage"},"thumbnailUrl":"https:\/\/positiveprints.com\/wp-content\/uploads\/2026\/03\/tuo-testo_IT.webp","datePublished":"2023-03-29T08:51:28+00:00","dateModified":"2026-04-18T05:04:50+00:00","description":"Trasforma le tue foto, pensieri e ricordi in un bellissimo Collage di Foto con Lettere. Crea un\u2019opera d\u2019arte ricca di significato che ti accompagner\u00e0 per anni!","breadcrumb":{"@id":"https:\/\/positiveprints.com\/it\/prodotto\/collage-di-foto-a-forma-di-lettere\/#breadcrumb"},"inLanguage":"it-IT","potentialAction":[{"@type":"ReadAction","target":["https:\/\/positiveprints.com\/it\/prodotto\/collage-di-foto-a-forma-di-lettere\/"]}]},{"@type":"ImageObject","inLanguage":"it-IT","@id":"https:\/\/positiveprints.com\/it\/prodotto\/collage-di-foto-a-forma-di-lettere\/#primaryimage","url":"https:\/\/positiveprints.com\/wp-content\/uploads\/2026\/03\/tuo-testo_IT.webp","contentUrl":"https:\/\/positiveprints.com\/wp-content\/uploads\/2026\/03\/tuo-testo_IT.webp","width":1450,"height":1450},{"@type":"BreadcrumbList","@id":"https:\/\/positiveprints.com\/it\/prodotto\/collage-di-foto-a-forma-di-lettere\/#breadcrumb","itemListElement":[{"@type":"ListItem","position":1,"name":"Home","item":"https:\/\/positiveprints.com\/it\/"},{"@type":"ListItem","position":2,"name":"Prodotti","item":"https:\/\/positiveprints.com\/it\/shop\/"},{"@type":"ListItem","position":3,"name":"Foto collage personalizzato con lettere"}]},{"@type":"WebSite","@id":"https:\/\/positiveprints.com\/it\/#website","url":"https:\/\/positiveprints.com\/it\/","name":"Positive Prints","description":"Amazing Custom Personalized Gifts","publisher":{"@id":"https:\/\/positiveprints.com\/it\/#organization"},"potentialAction":[{"@type":"SearchAction","target":{"@type":"EntryPoint","urlTemplate":"https:\/\/positiveprints.com\/it\/?s={search_term_string}"},"query-input":{"@type":"PropertyValueSpecification","valueRequired":true,"valueName":"search_term_string"}}],"inLanguage":"it-IT"},{"@type":"Organization","@id":"https:\/\/positiveprints.com\/it\/#organization","name":"Positive Prints","alternateName":"Positive Prints","url":"https:\/\/positiveprints.com\/it\/","logo":{"@type":"ImageObject","inLanguage":"it-IT","@id":"https:\/\/positiveprints.com\/it\/#\/schema\/logo\/image\/","url":"https:\/\/positiveprints.com\/wp-content\/uploads\/2026\/03\/245815646_1337939713319158_5671353136411139666_n.png","contentUrl":"https:\/\/positiveprints.com\/wp-content\/uploads\/2026\/03\/245815646_1337939713319158_5671353136411139666_n.png","width":800,"height":800,"caption":"Positive Prints"},"image":{"@id":"https:\/\/positiveprints.com\/it\/#\/schema\/logo\/image\/"},"sameAs":["https:\/\/www.facebook.com\/positiveprintscom","https:\/\/www.instagram.com\/positiveprintscom\/","https:\/\/www.tiktok.com\/@positiveprintscom","https:\/\/www.pinterest.com\/positiveprintscom\/"]}]}},"jetpack_sharing_enabled":true,"_links":{"self":[{"href":"https:\/\/positiveprints.com\/it\/wp-json\/wp\/v2\/product\/447915","targetHints":{"allow":["GET"]}}],"collection":[{"href":"https:\/\/positiveprints.com\/it\/wp-json\/wp\/v2\/product"}],"about":[{"href":"https:\/\/positiveprints.com\/it\/wp-json\/wp\/v2\/types\/product"}],"wp:featuredmedia":[{"embeddable":true,"href":"https:\/\/positiveprints.com\/it\/wp-json\/wp\/v2\/media\/1674160"}],"wp:attachment":[{"href":"https:\/\/positiveprints.com\/it\/wp-json\/wp\/v2\/media?parent=447915"}],"wp:term":[{"taxonomy":"product_brand","embeddable":true,"href":"https:\/\/positiveprints.com\/it\/wp-json\/wp\/v2\/product_brand?post=447915"},{"taxonomy":"product_cat","embeddable":true,"href":"https:\/\/positiveprints.com\/it\/wp-json\/wp\/v2\/product_cat?post=447915"},{"taxonomy":"product_tag","embeddable":true,"href":"https:\/\/positiveprints.com\/it\/wp-json\/wp\/v2\/product_tag?post=447915"}],"curies":[{"name":"wp","href":"https:\/\/api.w.org\/{rel}","templated":true}]}}