{"id":440454,"date":"2023-02-23T22:36:36","date_gmt":"2023-02-23T21:36:36","guid":{"rendered":"https:\/\/positiveprints.com\/?post_type=product&#038;p=440454"},"modified":"2026-04-18T06:11:10","modified_gmt":"2026-04-18T05:11:10","slug":"doppia-mappa-stellare","status":"publish","type":"product","link":"https:\/\/positiveprints.com\/it\/prodotto\/doppia-mappa-stellare\/","title":{"rendered":"Doppia Mappa Stellare"},"content":{"rendered":"<p style=\"margin-top: 1rem\">Cerchi un regalo unico e dal significato profondo per una persona speciale? Non cercare altro: ecco la Doppia Mappa Stellare! Le nostre mappe catturano i due cieli notturni delle date e dei luoghi scelti da te, creando un ricordo duraturo che rifletter\u00e0 i momenti speciali della tua vita.<\/p>\r\n\r\n<h2 class=\"grenB f24 cblue\" style=\"margin-top: 3rem\">Cos&#8217;\u00e8 la Doppia Mappa Stellare?<\/h2>\r\n<p style=\"margin-top: 1rem\">La Doppia Mappa Stellare ti consente d\u2019imprigionare momenti speciali della tua vita, come ad esempio la notte in cui te e la tua anima gemella siete nati, il momento in cui vi siete conosciuti e sposati o qualsiasi altro giorno da ricordare.<\/p>\r\n<p style=\"margin-top: 1rem\">La mappa \u00e8 completamente personalizzabile e pu\u00f2 essere creata nel nostro editor online molto facile da utilizzare. Puoi scegliere lo stile della stampa e renderla davvero speciale aggiungendo un tuo messaggio personale, una poesia o una citazione famosa.<\/p>\r\n<p style=\"margin-top: 1rem\">Utilizziamo i dati astronomici pi\u00f9 recenti combinandoli agli algoritmi di cui siamo proprietari per creare un&#8217;accurata mappa che rifletta nel dettaglio il cielo notturno delle date dei luoghi scelti. Ogni mappa \u00e8 stampata su carta patinata opaca di alta qualit\u00e0 ed incorniciata in una piacevole cornice di legno.<\/p>\r\n\r\n<h2 class=\"grenB f24 cblue\" style=\"margin-top: 3rem\">Come creare la tua Doppia Mappa Stellare?<\/h2>\r\n<p style=\"margin-top: 1rem\">Noi di Positive Prints crediamo che un regalo speciale e significativo debba durare per molti anni a venire. Le nostre mappe stellari sono progettate per essere un ricordo senza limiti di tempo dei momenti speciali della tua vita: un regalo unico e premuroso che porter\u00e0 gioia a chiunque lo ammiri.<\/p>\r\n<p style=\"margin-top: 1rem\">Creare una Doppia Mappa Stellare \u00e8 un gioco da ragazzi! Con il nostro semplicissimo processo che comprende 3 passaggi, potrai creare la tua stampa personalizzata in pochissimo tempo.<\/p>\r\n\r\n\r\n\r\n<p style=\"margin-top: 1rem\">Passaggio 1: Scegli lo stile, compresi i colori e gli elementi visibili da inserire nella Mappa.<\/p>\r\n\r\n<p style=\"margin-top: 1rem\">Passaggio 2: inserisci date e luoghi, nonch\u00e9 qualsiasi messaggio personale che desideri aggiungere al design.<\/p>\r\n\r\n<p style=\"margin-top: 1rem\">Passaggio 3: scegli la modalit\u00e0 di stampa: su poster incorniciato, su tela o tramite file di download digitale istantaneo. Successivamente scegli la dimensione ed il formato.<\/p>\r\n\r\n<p style=\"margin-top: 1rem\">Una volta completati questi tre passaggi, puoi rilassarti perch\u00e9 al resto ci penseremo noi! Monitoreremo l\u2019esecuzione della stampa e ci occuperemo dell&#8217;inquadratura della tua Doppia Mappa Stellare.<\/p>\r\n\r\n<h2 class=\"grenB f24 cblue\" style=\"margin-top: 3rem\">Fai un regalo davvero unico e personale per qualcuno di speciale<\/h2>\r\n<p style=\"margin-top: 1rem\">I regali personalizzati sono uno dei modi pi\u00f9 speciali ed unici per dimostrare a qualcuno quanto \u00e8 importante per te. Che sia per un compleanno, un anniversario, la festa della mamma, la festa del pap\u00e0 o semplicemente come segno di riconoscimento del tuo amore, i regali personalizzati fanno sempre un ottimo colpo.<\/p>\r\n<p style=\"margin-top: 1rem\">In poche parole, ricevere questo regalo lascer\u00e0 i tuoi cari senza parole e con un ricordo indimenticabile! Quindi non aspettare altro: crea la tua Mappa oggi! Permettici di aiutarti a creare un ricordo duraturo di un momento speciale della tua vita, con la Doppia Mappa Stellare.<\/p>","protected":false},"excerpt":{"rendered":"<ul class=\"check-list\">\n<li>Crea un poster originale da appendere in casa o in ufficio che mostri il cielo notturno in due date speciali<\/li>\n<li>Decorala con costellazioni e la Via Lattea<\/li>\n<li>Personalizzala in 3 semplici passaggi<\/li>\n<li>Aggiungi un testo personalizzato<\/li>\n<li>Guarda subito il risultato \u2013 l&#8217;anteprima interattiva ti permette di perfezionare ogni dettaglio<\/li>\n<\/ul>\n","protected":false},"featured_media":1251428,"template":"","meta":[],"product_brand":[],"product_cat":[8246,9100,4449,4428,8008,7688],"product_tag":[14884],"class_list":{"0":"post-440454","1":"product","2":"type-product","3":"status-publish","4":"has-post-thumbnail","6":"product_cat-digital-products-it","7":"product_cat-duo-stars-it","8":"product_cat-tutti-i-prodotti","9":"product_cat-creators-it-2","10":"product_cat-regali-da-uomo","11":"product_cat-regali-da-donna","12":"product_tag-creators-it-2","14":"first","15":"instock","16":"sale","17":"taxable","18":"shipping-taxable","19":"purchasable","20":"product-type-variable"},"yoast_head":"<!-- This site is optimized with the Yoast SEO Premium plugin v27.2 (Yoast SEO v27.2) - https:\/\/yoast.com\/product\/yoast-seo-premium-wordpress\/ -->\n<title>Doppia Mappa Stellare - Positive Prints<\/title>\n<meta name=\"description\" content=\"Cerchi un regalo unico e dal significato profondo per una persona speciale? Non cercare altro: ecco la Doppia Mappa Stellare! Le nostre mappe catturano i due cieli notturni delle date e dei luoghi scelti da te, creando un ricordo duraturo che rifletter\u00e0 i momenti speciali della tua vita.\" \/>\n<meta name=\"robots\" content=\"index, follow, max-snippet:-1, max-image-preview:large, max-video-preview:-1\" \/>\n<link rel=\"canonical\" href=\"https:\/\/positiveprints.com\/it\/prodotto\/doppia-mappa-stellare\/\" \/>\n<meta property=\"og:locale\" content=\"it_IT\" \/>\n<meta property=\"og:type\" content=\"article\" \/>\n<meta property=\"og:title\" content=\"Doppia Mappa Stellare\" \/>\n<meta property=\"og:description\" content=\"Crea un poster originale da appendere in casa o in ufficio che mostri il cielo notturno in due date speciali  Decorala con costellazioni e la Via Lattea  Personalizzala in 3 semplici passaggi  Aggiungi un testo personalizzato  Guarda subito il risultato \u2013 l&#039;anteprima interattiva ti permette di perfezionare ogni dettaglio\" \/>\n<meta property=\"og:url\" content=\"https:\/\/positiveprints.com\/it\/prodotto\/doppia-mappa-stellare\/\" \/>\n<meta property=\"og:site_name\" content=\"Positive Prints\" \/>\n<meta property=\"article:publisher\" content=\"https:\/\/www.facebook.com\/positiveprintscom\" \/>\n<meta property=\"article:modified_time\" content=\"2026-04-18T05:11:10+00:00\" \/>\n<meta property=\"og:image\" content=\"https:\/\/positiveprints.com\/wp-content\/uploads\/2024\/11\/PACKSHOT_IT_Digital-Double-Star-Map-product-image-.webp\" \/>\n\t<meta property=\"og:image:width\" content=\"1450\" \/>\n\t<meta property=\"og:image:height\" content=\"1450\" \/>\n\t<meta property=\"og:image:type\" content=\"image\/webp\" \/>\n<meta name=\"twitter:card\" content=\"summary_large_image\" \/>\n<meta name=\"twitter:label1\" content=\"Tempo di lettura stimato\" \/>\n\t<meta name=\"twitter:data1\" content=\"3 minuti\" \/>\n<!-- \/ Yoast SEO Premium plugin. -->","yoast_head_json":{"title":"Doppia Mappa Stellare - Positive Prints","description":"Cerchi un regalo unico e dal significato profondo per una persona speciale? Non cercare altro: ecco la Doppia Mappa Stellare! Le nostre mappe catturano i due cieli notturni delle date e dei luoghi scelti da te, creando un ricordo duraturo che rifletter\u00e0 i momenti speciali della tua vita.","robots":{"index":"index","follow":"follow","max-snippet":"max-snippet:-1","max-image-preview":"max-image-preview:large","max-video-preview":"max-video-preview:-1"},"canonical":"https:\/\/positiveprints.com\/it\/prodotto\/doppia-mappa-stellare\/","og_locale":"it_IT","og_type":"article","og_title":"Doppia Mappa Stellare","og_description":"Crea un poster originale da appendere in casa o in ufficio che mostri il cielo notturno in due date speciali  Decorala con costellazioni e la Via Lattea  Personalizzala in 3 semplici passaggi  Aggiungi un testo personalizzato  Guarda subito il risultato \u2013 l'anteprima interattiva ti permette di perfezionare ogni dettaglio","og_url":"https:\/\/positiveprints.com\/it\/prodotto\/doppia-mappa-stellare\/","og_site_name":"Positive Prints","article_publisher":"https:\/\/www.facebook.com\/positiveprintscom","article_modified_time":"2026-04-18T05:11:10+00:00","og_image":[{"width":1450,"height":1450,"url":"https:\/\/positiveprints.com\/wp-content\/uploads\/2024\/11\/PACKSHOT_IT_Digital-Double-Star-Map-product-image-.webp","type":"image\/webp"}],"twitter_card":"summary_large_image","twitter_misc":{"Tempo di lettura stimato":"3 minuti"},"schema":{"@context":"https:\/\/schema.org","@graph":[{"@type":["WebPage","ItemPage"],"@id":"https:\/\/positiveprints.com\/it\/prodotto\/doppia-mappa-stellare\/","url":"https:\/\/positiveprints.com\/it\/prodotto\/doppia-mappa-stellare\/","name":"Doppia Mappa Stellare - Positive Prints","isPartOf":{"@id":"https:\/\/positiveprints.com\/it\/#website"},"primaryImageOfPage":{"@id":"https:\/\/positiveprints.com\/it\/prodotto\/doppia-mappa-stellare\/#primaryimage"},"image":{"@id":"https:\/\/positiveprints.com\/it\/prodotto\/doppia-mappa-stellare\/#primaryimage"},"thumbnailUrl":"https:\/\/positiveprints.com\/wp-content\/uploads\/2024\/11\/PACKSHOT_IT_Digital-Double-Star-Map-product-image-.webp","datePublished":"2023-02-23T21:36:36+00:00","dateModified":"2026-04-18T05:11:10+00:00","description":"Cerchi un regalo unico e dal significato profondo per una persona speciale? Non cercare altro: ecco la Doppia Mappa Stellare! Le nostre mappe catturano i due cieli notturni delle date e dei luoghi scelti da te, creando un ricordo duraturo che rifletter\u00e0 i momenti speciali della tua vita.","breadcrumb":{"@id":"https:\/\/positiveprints.com\/it\/prodotto\/doppia-mappa-stellare\/#breadcrumb"},"inLanguage":"it-IT","potentialAction":[{"@type":"ReadAction","target":["https:\/\/positiveprints.com\/it\/prodotto\/doppia-mappa-stellare\/"]}]},{"@type":"ImageObject","inLanguage":"it-IT","@id":"https:\/\/positiveprints.com\/it\/prodotto\/doppia-mappa-stellare\/#primaryimage","url":"https:\/\/positiveprints.com\/wp-content\/uploads\/2024\/11\/PACKSHOT_IT_Digital-Double-Star-Map-product-image-.webp","contentUrl":"https:\/\/positiveprints.com\/wp-content\/uploads\/2024\/11\/PACKSHOT_IT_Digital-Double-Star-Map-product-image-.webp","width":1450,"height":1450},{"@type":"BreadcrumbList","@id":"https:\/\/positiveprints.com\/it\/prodotto\/doppia-mappa-stellare\/#breadcrumb","itemListElement":[{"@type":"ListItem","position":1,"name":"Home","item":"https:\/\/positiveprints.com\/it\/"},{"@type":"ListItem","position":2,"name":"Prodotti","item":"https:\/\/positiveprints.com\/it\/shop\/"},{"@type":"ListItem","position":3,"name":"Doppia Mappa Stellare"}]},{"@type":"WebSite","@id":"https:\/\/positiveprints.com\/it\/#website","url":"https:\/\/positiveprints.com\/it\/","name":"Positive Prints","description":"Amazing Custom Personalized Gifts","publisher":{"@id":"https:\/\/positiveprints.com\/it\/#organization"},"potentialAction":[{"@type":"SearchAction","target":{"@type":"EntryPoint","urlTemplate":"https:\/\/positiveprints.com\/it\/?s={search_term_string}"},"query-input":{"@type":"PropertyValueSpecification","valueRequired":true,"valueName":"search_term_string"}}],"inLanguage":"it-IT"},{"@type":"Organization","@id":"https:\/\/positiveprints.com\/it\/#organization","name":"Positive Prints","alternateName":"Positive Prints","url":"https:\/\/positiveprints.com\/it\/","logo":{"@type":"ImageObject","inLanguage":"it-IT","@id":"https:\/\/positiveprints.com\/it\/#\/schema\/logo\/image\/","url":"https:\/\/positiveprints.com\/wp-content\/uploads\/2026\/03\/245815646_1337939713319158_5671353136411139666_n.png","contentUrl":"https:\/\/positiveprints.com\/wp-content\/uploads\/2026\/03\/245815646_1337939713319158_5671353136411139666_n.png","width":800,"height":800,"caption":"Positive Prints"},"image":{"@id":"https:\/\/positiveprints.com\/it\/#\/schema\/logo\/image\/"},"sameAs":["https:\/\/www.facebook.com\/positiveprintscom","https:\/\/www.instagram.com\/positiveprintscom\/","https:\/\/www.tiktok.com\/@positiveprintscom","https:\/\/www.pinterest.com\/positiveprintscom\/"]}]}},"jetpack_sharing_enabled":true,"_links":{"self":[{"href":"https:\/\/positiveprints.com\/it\/wp-json\/wp\/v2\/product\/440454","targetHints":{"allow":["GET"]}}],"collection":[{"href":"https:\/\/positiveprints.com\/it\/wp-json\/wp\/v2\/product"}],"about":[{"href":"https:\/\/positiveprints.com\/it\/wp-json\/wp\/v2\/types\/product"}],"wp:featuredmedia":[{"embeddable":true,"href":"https:\/\/positiveprints.com\/it\/wp-json\/wp\/v2\/media\/1251428"}],"wp:attachment":[{"href":"https:\/\/positiveprints.com\/it\/wp-json\/wp\/v2\/media?parent=440454"}],"wp:term":[{"taxonomy":"product_brand","embeddable":true,"href":"https:\/\/positiveprints.com\/it\/wp-json\/wp\/v2\/product_brand?post=440454"},{"taxonomy":"product_cat","embeddable":true,"href":"https:\/\/positiveprints.com\/it\/wp-json\/wp\/v2\/product_cat?post=440454"},{"taxonomy":"product_tag","embeddable":true,"href":"https:\/\/positiveprints.com\/it\/wp-json\/wp\/v2\/product_tag?post=440454"}],"curies":[{"name":"wp","href":"https:\/\/api.w.org\/{rel}","templated":true}]}}