{"id":438411,"date":"2021-08-13T10:12:42","date_gmt":"2021-08-13T09:12:42","guid":{"rendered":"https:\/\/positiveprints.com\/product\/dove-tutto-ebbe-inizio\/"},"modified":"2026-04-18T08:24:25","modified_gmt":"2026-04-18T07:24:25","slug":"mappa-del-primo-appuntamento","status":"publish","type":"product","link":"https:\/\/positiveprints.com\/it\/prodotto\/mappa-del-primo-appuntamento\/","title":{"rendered":"Mappa del Primo Appuntamento"},"content":{"rendered":"Ogni storia d\u2019amore comincia con un primo appuntamento. Potrebbe essere un incontro pianificato o completamente casuale. Non importa come sia successo, una Mappa del Primo Appuntamento ti permette di tornare indietro nel tempo e ricordare dove tutto ebbe inizio.<\/a>.\r\n<h2 class=\"grenB f24 cblue\" style=\"margin-top: 3rem;\">Cos\u2019\u00e8 Una Mappa del Primo Appuntamento?<\/h2>\r\n<p style=\"margin-top: 1rem;\">Ogni passo che tu e la tua anima gemella avete fatto nella vita, vi ha portati a farvi incontrare. Una Mappa del Primo Appuntamento mostra un piccolo istante del vostro viaggio insieme e il momento in cui avete deciso che non vi sarete mai pi\u00f9 separati.<\/p>\r\n<p style=\"margin-top: 1rem;\">Forse \u00e8 stata un\u2019amicizia in comune a presentarvi e poi avete deciso di incontrarvi per un caff\u00e8, una cena o una passeggiata al parco. O, forse, il destino ha preso in mano la situazione e vi ha messi entrambi nel posto giusto al momento giusto. Qualunque sia il modo in cui ricordi il vostro primo appuntamento, da oggi puoi conservarlo per sempre trasformandolo in un opera d\u2019arte.<\/p>\r\n\r\n<h2 class=\"grenB f24 cblue\" style=\"margin-top: 3rem;\">Idee Regalo per Fidanzamenti e Matrimoni<\/h2>\r\n<p style=\"margin-top: 1rem;\">La Mappa del Primo Appuntamento \u00e8 uno dei regali di anniversario pi\u00f9 popolari tra quelli disponibili. Si tratta della mappa di un luogo scelto da te in cui potrai posizionare un romantico cuoricino nel punto esatto in cui vi siete dati il primo appuntamento. La Mappa del Primo Appuntamento \u00e8 il regalo pi\u00f9 scelto per festeggiare il primo anniversario di matrimonio o la festa di fidanzamento ufficiale. \u00c8 un gesto dolce e romantico per rivivere i vostri primi ricordi insieme.<\/p>\r\n<p style=\"margin-top: 1rem;\">E anche se questo regalo \u00e8 destinato alla persona pi\u00f9 importante della tua vita, rimane comunque un dono da apprezzare insieme! Appendila alle pareti della vostra casa e ricorda con affetto l\u2019incontro che vi ha portati a essere ci\u00f2 che siete oggi.<\/p>\r\n<p style=\"margin-top: 1rem;\">Per completare la tua mappa, aggiungi un messaggio personalizzato che dia vita a quel momento. Potrebbe essere il giorno o l\u2019orario del vostro primo appuntamento, qualche dettaglio in pi\u00f9 sul luogo, il film o il concerto che avete visto insieme, o persino una citazione o una strofa di una canzone che ti ricordano quei momenti. Le possibilit\u00e0 sono infinite!<\/p>\r\n\r\n<h2 class=\"grenB f24 cblue\" style=\"margin-top: 3rem;\">Come Personalizzare Una Mappa del Primo Appuntamento<\/h2>\r\n<p style=\"margin-top: 1rem;\">Quando vuoi regalare un\u2019opera d\u2019arte alla tua anima gemella, Positive Prints \u00e8 al tuo fianco. Il nostro editor di mappe utilizza una tencologia GPS di ultima generazione per creare mappe altamente dettagliate e accurate del luogo in cui i vostri sguardi si sono incrociati per la prima volta.<\/p>\r\n<p style=\"margin-top: 1rem;\">Comincia scegliendo il design che preferisci. Per adattarsi alle tue esigenze, le nostre mappe personalizzate possono essere rotonde, quadrate o a forma di cuore. Scegli una delle nostre palette colori preimpostate o creane una tutta tua da abbinare al tuo stile.<\/p>\r\n<p style=\"margin-top: 1rem;\">E ora arriva il momento pi\u00f9 importante: inserire il luogo del vostro primo appuntamento e posizionare il segnaposto a forma di cuore. Ora includi un messaggio per dare ancora pi\u00f9 significato alla tua mappa e avrai quasi finito.<\/p>\r\n<p style=\"margin-top: 1rem;\">La Mappa del Primo Appuntamento \u00e8 disponibile in versione cartacea, digitale, tela o poster incorniciato.<\/p>\r\n\r\n<h2 class=\"grenB f24 cblue\" style=\"margin-top: 3rem;\">Per Non Dimenticare Mai il Vostro Primo Appuntamento<\/h2>\r\n<p style=\"margin-top: 1rem;\">Rivivi il vostro primo appuntamento con affetto. Inizia subito a creare un regalo personalizzato con la Mappa del Primo Appuntamento!<\/p>","protected":false},"excerpt":{"rendered":"<ul class=\"check-list\">\n<li>Indica il punto preciso con un simbolo a tua scelta<\/li>\n<li>Personalizzala in 3 semplici passaggi<\/li>\n<li>Aggiungi un testo personalizzato<\/li>\n<li>Guarda subito il risultato \u2013 l&#8217;anteprima interattiva ti permette di perfezionare ogni dettaglio<\/li>\n<\/ul>\n","protected":false},"featured_media":1213734,"template":"","meta":[],"product_brand":[],"product_cat":[7190],"product_tag":[14889],"class_list":{"0":"post-438411","1":"product","2":"type-product","3":"status-publish","4":"has-post-thumbnail","6":"product_cat-map-it","7":"product_tag-anniversary-it-2","9":"first","10":"instock","11":"sale","12":"taxable","13":"shipping-taxable","14":"purchasable","15":"product-type-variable"},"yoast_head":"<!-- This site is optimized with the Yoast SEO Premium plugin v27.2 (Yoast SEO v27.2) - https:\/\/yoast.com\/product\/yoast-seo-premium-wordpress\/ -->\n<title>Dove Tutto Ebbe Inizio - Positive Prints<\/title>\n<meta name=\"description\" content=\"Il luogo del vostro primo appuntamento: crea una mappa personalizzata e rivivi la magia di quel momento\" \/>\n<meta name=\"robots\" content=\"index, follow, max-snippet:-1, max-image-preview:large, max-video-preview:-1\" \/>\n<link rel=\"canonical\" href=\"https:\/\/positiveprints.com\/it\/prodotto\/mappa-del-primo-appuntamento\/\" \/>\n<meta property=\"og:locale\" content=\"it_IT\" \/>\n<meta property=\"og:type\" content=\"article\" \/>\n<meta property=\"og:title\" content=\"Mappa del Primo Appuntamento\" \/>\n<meta property=\"og:description\" content=\"Indica il punto preciso con un simbolo a tua scelta  Personalizzala in 3 semplici passaggi  Aggiungi un testo personalizzato  Guarda subito il risultato \u2013 l&#039;anteprima interattiva ti permette di perfezionare ogni dettaglio\" \/>\n<meta property=\"og:url\" content=\"https:\/\/positiveprints.com\/it\/prodotto\/mappa-del-primo-appuntamento\/\" \/>\n<meta property=\"og:site_name\" content=\"Positive Prints\" \/>\n<meta property=\"article:publisher\" content=\"https:\/\/www.facebook.com\/positiveprintscom\" \/>\n<meta property=\"article:modified_time\" content=\"2026-04-18T07:24:25+00:00\" \/>\n<meta property=\"og:image\" content=\"https:\/\/positiveprints.com\/wp-content\/uploads\/2024\/10\/Packshot_IT_our-first-date-map-product-image.webp\" \/>\n\t<meta property=\"og:image:width\" content=\"1450\" \/>\n\t<meta property=\"og:image:height\" content=\"1450\" \/>\n\t<meta property=\"og:image:type\" content=\"image\/webp\" \/>\n<meta name=\"twitter:card\" content=\"summary_large_image\" \/>\n<meta name=\"twitter:label1\" content=\"Tempo di lettura stimato\" \/>\n\t<meta name=\"twitter:data1\" content=\"3 minuti\" \/>\n<!-- \/ Yoast SEO Premium plugin. -->","yoast_head_json":{"title":"Dove Tutto Ebbe Inizio - Positive Prints","description":"Il luogo del vostro primo appuntamento: crea una mappa personalizzata e rivivi la magia di quel momento","robots":{"index":"index","follow":"follow","max-snippet":"max-snippet:-1","max-image-preview":"max-image-preview:large","max-video-preview":"max-video-preview:-1"},"canonical":"https:\/\/positiveprints.com\/it\/prodotto\/mappa-del-primo-appuntamento\/","og_locale":"it_IT","og_type":"article","og_title":"Mappa del Primo Appuntamento","og_description":"Indica il punto preciso con un simbolo a tua scelta  Personalizzala in 3 semplici passaggi  Aggiungi un testo personalizzato  Guarda subito il risultato \u2013 l'anteprima interattiva ti permette di perfezionare ogni dettaglio","og_url":"https:\/\/positiveprints.com\/it\/prodotto\/mappa-del-primo-appuntamento\/","og_site_name":"Positive Prints","article_publisher":"https:\/\/www.facebook.com\/positiveprintscom","article_modified_time":"2026-04-18T07:24:25+00:00","og_image":[{"width":1450,"height":1450,"url":"https:\/\/positiveprints.com\/wp-content\/uploads\/2024\/10\/Packshot_IT_our-first-date-map-product-image.webp","type":"image\/webp"}],"twitter_card":"summary_large_image","twitter_misc":{"Tempo di lettura stimato":"3 minuti"},"schema":{"@context":"https:\/\/schema.org","@graph":[{"@type":["WebPage","ItemPage"],"@id":"https:\/\/positiveprints.com\/it\/prodotto\/mappa-del-primo-appuntamento\/","url":"https:\/\/positiveprints.com\/it\/prodotto\/mappa-del-primo-appuntamento\/","name":"Dove Tutto Ebbe Inizio - Positive Prints","isPartOf":{"@id":"https:\/\/positiveprints.com\/it\/#website"},"primaryImageOfPage":{"@id":"https:\/\/positiveprints.com\/it\/prodotto\/mappa-del-primo-appuntamento\/#primaryimage"},"image":{"@id":"https:\/\/positiveprints.com\/it\/prodotto\/mappa-del-primo-appuntamento\/#primaryimage"},"thumbnailUrl":"https:\/\/positiveprints.com\/wp-content\/uploads\/2024\/10\/Packshot_IT_our-first-date-map-product-image.webp","datePublished":"2021-08-13T09:12:42+00:00","dateModified":"2026-04-18T07:24:25+00:00","description":"Il luogo del vostro primo appuntamento: crea una mappa personalizzata e rivivi la magia di quel momento","breadcrumb":{"@id":"https:\/\/positiveprints.com\/it\/prodotto\/mappa-del-primo-appuntamento\/#breadcrumb"},"inLanguage":"it-IT","potentialAction":[{"@type":"ReadAction","target":["https:\/\/positiveprints.com\/it\/prodotto\/mappa-del-primo-appuntamento\/"]}]},{"@type":"ImageObject","inLanguage":"it-IT","@id":"https:\/\/positiveprints.com\/it\/prodotto\/mappa-del-primo-appuntamento\/#primaryimage","url":"https:\/\/positiveprints.com\/wp-content\/uploads\/2024\/10\/Packshot_IT_our-first-date-map-product-image.webp","contentUrl":"https:\/\/positiveprints.com\/wp-content\/uploads\/2024\/10\/Packshot_IT_our-first-date-map-product-image.webp","width":1450,"height":1450},{"@type":"BreadcrumbList","@id":"https:\/\/positiveprints.com\/it\/prodotto\/mappa-del-primo-appuntamento\/#breadcrumb","itemListElement":[{"@type":"ListItem","position":1,"name":"Home","item":"https:\/\/positiveprints.com\/it\/"},{"@type":"ListItem","position":2,"name":"Prodotti","item":"https:\/\/positiveprints.com\/it\/shop\/"},{"@type":"ListItem","position":3,"name":"Mappa del Primo Appuntamento"}]},{"@type":"WebSite","@id":"https:\/\/positiveprints.com\/it\/#website","url":"https:\/\/positiveprints.com\/it\/","name":"Positive Prints","description":"Amazing Custom Personalized Gifts","publisher":{"@id":"https:\/\/positiveprints.com\/it\/#organization"},"potentialAction":[{"@type":"SearchAction","target":{"@type":"EntryPoint","urlTemplate":"https:\/\/positiveprints.com\/it\/?s={search_term_string}"},"query-input":{"@type":"PropertyValueSpecification","valueRequired":true,"valueName":"search_term_string"}}],"inLanguage":"it-IT"},{"@type":"Organization","@id":"https:\/\/positiveprints.com\/it\/#organization","name":"Positive Prints","alternateName":"Positive Prints","url":"https:\/\/positiveprints.com\/it\/","logo":{"@type":"ImageObject","inLanguage":"it-IT","@id":"https:\/\/positiveprints.com\/it\/#\/schema\/logo\/image\/","url":"https:\/\/positiveprints.com\/wp-content\/uploads\/2026\/03\/245815646_1337939713319158_5671353136411139666_n.png","contentUrl":"https:\/\/positiveprints.com\/wp-content\/uploads\/2026\/03\/245815646_1337939713319158_5671353136411139666_n.png","width":800,"height":800,"caption":"Positive Prints"},"image":{"@id":"https:\/\/positiveprints.com\/it\/#\/schema\/logo\/image\/"},"sameAs":["https:\/\/www.facebook.com\/positiveprintscom","https:\/\/www.instagram.com\/positiveprintscom\/","https:\/\/www.tiktok.com\/@positiveprintscom","https:\/\/www.pinterest.com\/positiveprintscom\/"]}]}},"jetpack_sharing_enabled":true,"_links":{"self":[{"href":"https:\/\/positiveprints.com\/it\/wp-json\/wp\/v2\/product\/438411","targetHints":{"allow":["GET"]}}],"collection":[{"href":"https:\/\/positiveprints.com\/it\/wp-json\/wp\/v2\/product"}],"about":[{"href":"https:\/\/positiveprints.com\/it\/wp-json\/wp\/v2\/types\/product"}],"wp:featuredmedia":[{"embeddable":true,"href":"https:\/\/positiveprints.com\/it\/wp-json\/wp\/v2\/media\/1213734"}],"wp:attachment":[{"href":"https:\/\/positiveprints.com\/it\/wp-json\/wp\/v2\/media?parent=438411"}],"wp:term":[{"taxonomy":"product_brand","embeddable":true,"href":"https:\/\/positiveprints.com\/it\/wp-json\/wp\/v2\/product_brand?post=438411"},{"taxonomy":"product_cat","embeddable":true,"href":"https:\/\/positiveprints.com\/it\/wp-json\/wp\/v2\/product_cat?post=438411"},{"taxonomy":"product_tag","embeddable":true,"href":"https:\/\/positiveprints.com\/it\/wp-json\/wp\/v2\/product_tag?post=438411"}],"curies":[{"name":"wp","href":"https:\/\/api.w.org\/{rel}","templated":true}]}}