{"id":421721,"date":"2023-02-23T23:27:00","date_gmt":"2023-02-23T22:27:00","guid":{"rendered":"https:\/\/positiveprints.com\/?post_type=product&#038;p=421721"},"modified":"2026-04-18T06:09:41","modified_gmt":"2026-04-18T05:09:41","slug":"mappa-stellare-tripla","status":"publish","type":"product","link":"https:\/\/positiveprints.com\/it\/prodotto\/mappa-stellare-tripla\/","title":{"rendered":"Mappa Stellare Tripla"},"content":{"rendered":"<p style=\"margin-top: 1rem\">Per lasciare un segno nel cuore di chi ami, crea una Mappa Stellare Tripla \u2013 perfetta per anniversari, matrimoni e compleanni! Sorprendi le persone a cui vuoi bene con questa meravigliosa opera d\u2019arte. Questo sar\u00e0 un regalo che ricorderanno per anni e anni. Perch\u00e9? Continua a leggere per scoprirlo.<\/p>\r\n\r\n\r\n\r\n<h2 class=\"grenB f24 cblue\" style=\"margin-top: 3rem\">Cos\u2019\u00e8 una Mappa Stellare Tripla?<\/h2>\r\n\r\n<p style=\"margin-top: 1rem\">Una Mappa Stellare Tripla \u00e8 un modo perfetto per dimostrare alle persone che ami quanto significhino per te. Con questo regalo personalizzato puoi immortalare 3 date importanti e avere la possibilit\u00e0 di guardare per sempre il cielo stellato di quelle sere. In pi\u00f9, grazie alle impostazioni di personalizzazione, puoi renderla ancora pi\u00f9 originale e indimenticabile.<\/p>\r\n\r\n\r\n\r\n\r\n\r\n<h2 class=\"grenB f24 cblue\" style=\"margin-top: 3rem\">Come si Crea una Mappa Stellare Tripla?<\/h2>\r\n\r\n<p style=\"margin-top: 1rem\">Personalizzare una Mappa Stellare Tripla \u00e8 facilissimo. Inizia scegliendo 3 date importanti che vuoi includere nella tua creazione \u2013 un giorno speciale che hai condiviso insieme alla tua dolce met\u00e0, la data di un compleanno, quella di un anniversario importante o qualsiasi altro giorno significativo per il vostro legame. Dopodich\u00e9, personalizza la tua mappa con i colori e i testi che desideri. Una volta raggiunto il risultato che speravi, possiamo spedirtela a casa nei formati disponibili, oppure puoi scaricarla immediatamente.<\/p>\r\n\r\n\r\n\r\n<h2 class=\"grenB f24 cblue\" style=\"margin-top: 3rem\">Dimostra Tutto l\u2019Affetto Che Provi<\/h2>\r\n\r\n\r\n\r\n<p style=\"margin-top: 1rem\">I regali personalizzati sono il modo pi\u00f9 originale per dimostrare a qualcuno tutto il nostro affetto. A differenza dei regali generici, semplicemente scelti dallo scaffale di un negozio, i regali personalizzati hanno quel tocco in pi\u00f9 che \u00e8 difficile da replicare \u2013 infatti, ti permette di aggiungere tutti quei dettagli che solo chi sa, conosce. Quando si riceve un regalo personalizzato, ci si sente un po\u2019 pi\u00f9 speciali perch\u00e9 pensiamo al tempo che ci \u00e8 stato dedicato e, quest\u2019aspetto \u00e8 ci\u00f2 che lo rende davvero memorabile. Facci caso: \u00e8 difficile che un regalo personalizzato finisca nel dimenticatoio!<\/p>\r\n\r\n\r\n\r\n<p style=\"margin-top: 1rem\">Perci\u00f2, non perdere questa occasione e condividi i tuoi sentimenti con qualcuno d\u2019importante: comincia subito a creare la stampa o la tela della tua Mappa Stellare Tripla! Siamo certi che sar\u00e0 un regalo indimenticabile.<\/p>","protected":false},"excerpt":{"rendered":"<ul class=\"check-list\">\n<li>Decorala con costellazioni e la Via Lattea<\/li>\n<li>Personalizzala in 3 semplici passaggi<\/li>\n<li>Aggiungi un testo personalizzato<\/li>\n<li>Guarda subito il risultato \u2013 l&#8217;anteprima interattiva ti permette di perfezionare ogni dettaglio<\/li>\n<\/ul>\n","protected":false},"featured_media":1240851,"template":"","meta":[],"product_brand":[],"product_cat":[8246,9101,4449,4428,11552,11606,11553,11549,11554,11550,11551,8008,7688],"product_tag":[14884],"class_list":{"0":"post-421721","1":"product","2":"type-product","3":"status-publish","4":"has-post-thumbnail","6":"product_cat-digital-products-it","7":"product_cat-trio-stars-it","8":"product_cat-tutti-i-prodotti","9":"product_cat-creators-it-2","10":"product_cat-10-anni-di-matrimonio","11":"product_cat-50-anni-di-matrimonio","12":"product_cat-15-anni-di-matrimonio","13":"product_cat-1-anno-di-matrimonio","14":"product_cat-20-anni-di-matrimonio","15":"product_cat-2-anni-di-matrimonio","16":"product_cat-5-anni-di-matrimonio","17":"product_cat-regali-da-uomo","18":"product_cat-regali-da-donna","19":"product_tag-creators-it-2","21":"first","22":"instock","23":"sale","24":"taxable","25":"shipping-taxable","26":"purchasable","27":"product-type-variable"},"yoast_head":"<!-- This site is optimized with the Yoast SEO Premium plugin v27.2 (Yoast SEO v27.2) - https:\/\/yoast.com\/product\/yoast-seo-premium-wordpress\/ -->\n<title>Mappa Stellare Tripla - Positive Prints<\/title>\n<meta name=\"description\" content=\"Per lasciare un segno nel cuore di chi ami, ecco la Mappa Stellare Tripla \u2013 perfetta per anniversari, matrimoni e compleanni! Crea subito la tua.\" \/>\n<meta name=\"robots\" content=\"index, follow, max-snippet:-1, max-image-preview:large, max-video-preview:-1\" \/>\n<link rel=\"canonical\" href=\"https:\/\/positiveprints.com\/it\/prodotto\/mappa-stellare-tripla\/\" \/>\n<meta property=\"og:locale\" content=\"it_IT\" \/>\n<meta property=\"og:type\" content=\"article\" \/>\n<meta property=\"og:title\" content=\"Mappa Stellare Tripla\" \/>\n<meta property=\"og:description\" content=\"Decorala con costellazioni e la Via Lattea  Personalizzala in 3 semplici passaggi  Aggiungi un testo personalizzato  Guarda subito il risultato \u2013 l&#039;anteprima interattiva ti permette di perfezionare ogni dettaglio\" \/>\n<meta property=\"og:url\" content=\"https:\/\/positiveprints.com\/it\/prodotto\/mappa-stellare-tripla\/\" \/>\n<meta property=\"og:site_name\" content=\"Positive Prints\" \/>\n<meta property=\"article:publisher\" content=\"https:\/\/www.facebook.com\/positiveprintscom\" \/>\n<meta property=\"article:modified_time\" content=\"2026-04-18T05:09:41+00:00\" \/>\n<meta property=\"og:image\" content=\"https:\/\/positiveprints.com\/wp-content\/uploads\/2024\/10\/Packshot_IT_Triple-Star-Map-product-image-1.webp\" \/>\n\t<meta property=\"og:image:width\" content=\"1450\" \/>\n\t<meta property=\"og:image:height\" content=\"1450\" \/>\n\t<meta property=\"og:image:type\" content=\"image\/webp\" \/>\n<meta name=\"twitter:card\" content=\"summary_large_image\" \/>\n<meta name=\"twitter:label1\" content=\"Tempo di lettura stimato\" \/>\n\t<meta name=\"twitter:data1\" content=\"2 minuti\" \/>\n<!-- \/ Yoast SEO Premium plugin. -->","yoast_head_json":{"title":"Mappa Stellare Tripla - Positive Prints","description":"Per lasciare un segno nel cuore di chi ami, ecco la Mappa Stellare Tripla \u2013 perfetta per anniversari, matrimoni e compleanni! Crea subito la tua.","robots":{"index":"index","follow":"follow","max-snippet":"max-snippet:-1","max-image-preview":"max-image-preview:large","max-video-preview":"max-video-preview:-1"},"canonical":"https:\/\/positiveprints.com\/it\/prodotto\/mappa-stellare-tripla\/","og_locale":"it_IT","og_type":"article","og_title":"Mappa Stellare Tripla","og_description":"Decorala con costellazioni e la Via Lattea  Personalizzala in 3 semplici passaggi  Aggiungi un testo personalizzato  Guarda subito il risultato \u2013 l'anteprima interattiva ti permette di perfezionare ogni dettaglio","og_url":"https:\/\/positiveprints.com\/it\/prodotto\/mappa-stellare-tripla\/","og_site_name":"Positive Prints","article_publisher":"https:\/\/www.facebook.com\/positiveprintscom","article_modified_time":"2026-04-18T05:09:41+00:00","og_image":[{"width":1450,"height":1450,"url":"https:\/\/positiveprints.com\/wp-content\/uploads\/2024\/10\/Packshot_IT_Triple-Star-Map-product-image-1.webp","type":"image\/webp"}],"twitter_card":"summary_large_image","twitter_misc":{"Tempo di lettura stimato":"2 minuti"},"schema":{"@context":"https:\/\/schema.org","@graph":[{"@type":["WebPage","ItemPage"],"@id":"https:\/\/positiveprints.com\/it\/prodotto\/mappa-stellare-tripla\/","url":"https:\/\/positiveprints.com\/it\/prodotto\/mappa-stellare-tripla\/","name":"Mappa Stellare Tripla - Positive Prints","isPartOf":{"@id":"https:\/\/positiveprints.com\/it\/#website"},"primaryImageOfPage":{"@id":"https:\/\/positiveprints.com\/it\/prodotto\/mappa-stellare-tripla\/#primaryimage"},"image":{"@id":"https:\/\/positiveprints.com\/it\/prodotto\/mappa-stellare-tripla\/#primaryimage"},"thumbnailUrl":"https:\/\/positiveprints.com\/wp-content\/uploads\/2024\/10\/Packshot_IT_Triple-Star-Map-product-image-1.webp","datePublished":"2023-02-23T22:27:00+00:00","dateModified":"2026-04-18T05:09:41+00:00","description":"Per lasciare un segno nel cuore di chi ami, ecco la Mappa Stellare Tripla \u2013 perfetta per anniversari, matrimoni e compleanni! Crea subito la tua.","breadcrumb":{"@id":"https:\/\/positiveprints.com\/it\/prodotto\/mappa-stellare-tripla\/#breadcrumb"},"inLanguage":"it-IT","potentialAction":[{"@type":"ReadAction","target":["https:\/\/positiveprints.com\/it\/prodotto\/mappa-stellare-tripla\/"]}]},{"@type":"ImageObject","inLanguage":"it-IT","@id":"https:\/\/positiveprints.com\/it\/prodotto\/mappa-stellare-tripla\/#primaryimage","url":"https:\/\/positiveprints.com\/wp-content\/uploads\/2024\/10\/Packshot_IT_Triple-Star-Map-product-image-1.webp","contentUrl":"https:\/\/positiveprints.com\/wp-content\/uploads\/2024\/10\/Packshot_IT_Triple-Star-Map-product-image-1.webp","width":1450,"height":1450},{"@type":"BreadcrumbList","@id":"https:\/\/positiveprints.com\/it\/prodotto\/mappa-stellare-tripla\/#breadcrumb","itemListElement":[{"@type":"ListItem","position":1,"name":"Home","item":"https:\/\/positiveprints.com\/it\/"},{"@type":"ListItem","position":2,"name":"Prodotti","item":"https:\/\/positiveprints.com\/it\/shop\/"},{"@type":"ListItem","position":3,"name":"Mappa Stellare Tripla"}]},{"@type":"WebSite","@id":"https:\/\/positiveprints.com\/it\/#website","url":"https:\/\/positiveprints.com\/it\/","name":"Positive Prints","description":"Amazing Custom Personalized Gifts","publisher":{"@id":"https:\/\/positiveprints.com\/it\/#organization"},"potentialAction":[{"@type":"SearchAction","target":{"@type":"EntryPoint","urlTemplate":"https:\/\/positiveprints.com\/it\/?s={search_term_string}"},"query-input":{"@type":"PropertyValueSpecification","valueRequired":true,"valueName":"search_term_string"}}],"inLanguage":"it-IT"},{"@type":"Organization","@id":"https:\/\/positiveprints.com\/it\/#organization","name":"Positive Prints","alternateName":"Positive Prints","url":"https:\/\/positiveprints.com\/it\/","logo":{"@type":"ImageObject","inLanguage":"it-IT","@id":"https:\/\/positiveprints.com\/it\/#\/schema\/logo\/image\/","url":"https:\/\/positiveprints.com\/wp-content\/uploads\/2026\/03\/245815646_1337939713319158_5671353136411139666_n.png","contentUrl":"https:\/\/positiveprints.com\/wp-content\/uploads\/2026\/03\/245815646_1337939713319158_5671353136411139666_n.png","width":800,"height":800,"caption":"Positive Prints"},"image":{"@id":"https:\/\/positiveprints.com\/it\/#\/schema\/logo\/image\/"},"sameAs":["https:\/\/www.facebook.com\/positiveprintscom","https:\/\/www.instagram.com\/positiveprintscom\/","https:\/\/www.tiktok.com\/@positiveprintscom","https:\/\/www.pinterest.com\/positiveprintscom\/"]}]}},"jetpack_sharing_enabled":true,"_links":{"self":[{"href":"https:\/\/positiveprints.com\/it\/wp-json\/wp\/v2\/product\/421721","targetHints":{"allow":["GET"]}}],"collection":[{"href":"https:\/\/positiveprints.com\/it\/wp-json\/wp\/v2\/product"}],"about":[{"href":"https:\/\/positiveprints.com\/it\/wp-json\/wp\/v2\/types\/product"}],"wp:featuredmedia":[{"embeddable":true,"href":"https:\/\/positiveprints.com\/it\/wp-json\/wp\/v2\/media\/1240851"}],"wp:attachment":[{"href":"https:\/\/positiveprints.com\/it\/wp-json\/wp\/v2\/media?parent=421721"}],"wp:term":[{"taxonomy":"product_brand","embeddable":true,"href":"https:\/\/positiveprints.com\/it\/wp-json\/wp\/v2\/product_brand?post=421721"},{"taxonomy":"product_cat","embeddable":true,"href":"https:\/\/positiveprints.com\/it\/wp-json\/wp\/v2\/product_cat?post=421721"},{"taxonomy":"product_tag","embeddable":true,"href":"https:\/\/positiveprints.com\/it\/wp-json\/wp\/v2\/product_tag?post=421721"}],"curies":[{"name":"wp","href":"https:\/\/api.w.org\/{rel}","templated":true}]}}