{"id":41073,"date":"2020-01-15T18:00:50","date_gmt":"2020-01-15T17:00:50","guid":{"rendered":"https:\/\/positiveprints.com\/product\/mappa-dove-ci-siamo-conosciuti\/"},"modified":"2026-04-18T09:18:10","modified_gmt":"2026-04-18T08:18:10","slug":"mappa-del-luogo-del-nostro-primo-incontro","status":"publish","type":"product","link":"https:\/\/positiveprints.com\/it\/prodotto\/mappa-del-luogo-del-nostro-primo-incontro\/","title":{"rendered":"Il Nostro Primo Incontro"},"content":{"rendered":"<p><span style=\"font-weight: 400;\">Il Nostro Primo Incontro, te lo ricordi? <\/span><span style=\"font-weight: 400;\">Una mappa personalizzata del luogo in cui i vostri sguardi si sono incrociati per la prima volta \u00e8 il modo perfetto di rivivere il vostro momento magico.\u00a0<\/span><\/p>\r\n<p><span style=\"font-weight: 400;\">Non lasciare che la magia di quell\u2019istante scompaia, ma cerca di immortalare quel ricordo attraverso un oggetto che sappia omaggiare il vostro inizio. Con la Mappa de \u201c<\/span><span style=\"font-weight: 400;\">Il Nostro Primo Incontro\u201d<\/span><span style=\"font-weight: 400;\"> infatti potrete ricordare per sempre quel fantastico momento.<\/span><\/p>\r\n<h2><b>Cos\u2019\u00e8 una Mappa per il Nostro Primo Incontro?<\/b><\/h2>\r\n<p><span style=\"font-weight: 400;\">Il luogo in cui hai incontrato la tua anima gemella rimane un posto speciale a prescindere che si tratti di un primo appuntamento o di un incontro casuale. Di conseguenza, questa mappa pu\u00f2 essere un motivo perfetto per ricordare il momento in cui vi siete visti per la prima volta.<\/span><\/p>\r\n<p><span style=\"font-weight: 400;\">Puoi creare una mappa personalizzata utilizzando la cartina di qualsiasi citt\u00e0, paese o luogo nel mondo. Ti baster\u00e0 selezionare il tuo luogo speciale per creare la tua mappa geografica personalizzata. E inoltre puoi aumentare o ridurre le dimensioni della mappa per ottenere il layout che preferisci e inserire anche il punto esatto del vostro primo meeting. Perch\u00e9 \u00e8 da l\u00ec che ha avuto inizio la vostra storia.<\/span><\/p>\r\n<p><span style=\"font-weight: 400;\">Ma non finisce qui, perch\u00e9 puoi personalizzare in tantissimi modi la Mappa de \u201c<\/span><span style=\"font-weight: 400;\">Il Nostro Primo Incontro\u201d, aggiungendo anche una o due frasi o un messaggio d\u2019amore con la data del vostro incontro. Di conseguenza, il poster che vai a creare diventer\u00e0 perfetto per raccontare <\/span><span style=\"font-weight: 400;\">la magia di quegli attimi!<\/span><\/p>\r\n<h2><b>Perch\u00e9 creare una mappa personalizzata del vostro primo incontro?<\/b><\/h2>\r\n<p><span style=\"font-weight: 400;\">Questa Mappa \u00e8 unica nel suo genere ed \u00e8 per questo che non puoi comprarla in un semplice negozio di decorazioni, cos\u00ec su due piedi! Tuttavia, ti offriamo la possibilit\u00e0 di creare la mappa di un luogo speciale, usando quel pizzico di creativit\u00e0 in pi\u00f9 che ti contraddistingue.<\/span><\/p>\r\n<p><span style=\"font-weight: 400;\">Ecco perch\u00e9 \u201cIl Nostro Primo Incontro\u201d pu\u00f2 diventare un\u2019idea regalo strepitosa se ti affidi a una mappa personalizzata. Puoi infatti costruire qualcosa di unico, personale che non potr\u00e0 mai essere copiato o imitato da nessun altro.<\/span><\/p>\r\n<h2><b>Come Creare la Tua Mappa Personalizzata?<\/b><\/h2>\r\n<p><span style=\"font-weight: 400;\">Non devi preoccuparti di nulla, perch\u00e9 noi di <\/span><a href=\"https:\/\/positiveprints.com\/it\/?attachment_id=661004&#038;attachment_id=661004\"><span style=\"font-weight: 400;\">Positive Prints<\/span><\/a><span style=\"font-weight: 400;\"> ci occupiamo di tutto! Innanzitutto devi scegliere la forma della tua mappa (cerchio, cuore o quadrato) e poi selezionare una delle splendide combinazioni di colori disponibili. Visualizza l\u2019anteprima in tempo reale e utilizza i nostri strumenti per assicurarti che la tua mappa diventi proprio come la desideri.<\/span><\/p>\r\n<p><span style=\"font-weight: 400;\">Successivamente puoi inserire la posizione specifica nella mappa e individuare il luogo in cui vi siete conosciuti. Muovi la mappa e adattala alla forma della cornice che hai scelto. Considera che potrai anche aggiungere un paio di righe di testo per descrivere il vostro momento speciale, oppure perch\u00e9 non inserisci un indicatore con la forma che ti piace di pi\u00f9?<\/span><\/p>\r\n<p><span style=\"font-weight: 400;\">E per concludere la rappresentazione de \u201cIl Nostro Primo Incontro\u201d, ti baster\u00e0 scegliere come e dove vuoi ricevere la tua mappa, la dimensione e il formato di stampa. E il gioco \u00e8 fatto!<\/span><\/p>\r\n<p><span style=\"font-weight: 400;\">Riceverai direttamente a casa la stampa su carta di alta qualit\u00e0, probabilmente una delle opzioni pi\u00f9 popolari e durature. Ma se hai bisogno di ricevere il tuo regalo in tempi celeri, sfrutta l\u2019opzione del formato digitale: ti invieremo il file e quindi sarai tu ad occuparti della stampa nella tua copisteria di fiducia.<\/span><\/p>\r\n<p><span style=\"font-weight: 400;\">Con Positive Prints potrai creare la tua mappa personalizzata senza dover disporre di alcuna abilit\u00e0 grafica o di design. Completa i tre passaggi che abbiamo elencato e, dopo un ultimo check, preparati a rivivere \u201cIl Nostro Primo Incontro\u201d.<\/span><\/p>\r\n<h2><b>La Mappa del Luogo del Nostro Incontro: il Regalo Perfetto<\/b><\/h2>\r\n<p><span style=\"font-weight: 400;\">Sorprendi la tua dolce met\u00e0 con la mappa \u201cIl Nostro Primo Incontro\u201d, un regalo romantico capace di scaldare qualsiasi cuore. Un pensiero cos\u00ec personale sar\u00e0 di certo molto pi\u00f9 apprezzato rispetto a un oggetto comune, da acquistare in qualsiasi negozio.\u00a0<\/span><\/p>\r\n<p><span style=\"font-weight: 400;\">Questa Mappa personalizzata \u00e8 perfetta per:<\/span><\/p>\r\n<ul>\r\n<li><span style=\"font-weight: 400;\">Compleanni<\/span><\/li>\r\n<li><span style=\"font-weight: 400;\">Anniversari<\/span><\/li>\r\n<li><span style=\"font-weight: 400;\">Natale<\/span><\/li>\r\n<li><span style=\"font-weight: 400;\">La festa della mamma<\/span><\/li>\r\n<li><span style=\"font-weight: 400;\">La festa del pap\u00e0<\/span><\/li>\r\n<li><span style=\"font-weight: 400;\">San Valentino<\/span><\/li>\r\n<li><span style=\"font-weight: 400;\">Fidanzamenti<\/span><\/li>\r\n<li><span style=\"font-weight: 400;\">Matrimoni<\/span><\/li>\r\n<\/ul>\r\n<p><span style=\"font-size: revert;\">Ammirare questa mappa appesa in casa ti riempir\u00e0 il cuore di gioia! Sar\u00e0 emozionante ripensare a come quel giorno possa avervi cambiato la vita e, inoltre, ti permetter\u00e0 di sorprendere la tua dolce met\u00e0. Non potr\u00e0 credere ai suoi occhi!<\/span><\/p>\r\n<p><span style=\"font-weight: 400;\">Se stai cercando un regalo originale, l\u2019hai trovato: crea la tua Mappa de \u201c<\/span><span style=\"font-weight: 400;\">Il Nostro Primo Incontro\u201d.<\/span><\/p><h2 class=\"wp-block-heading\" id=\"h-domande-poste-frequentemente\"><strong>Domande Poste Frequentemente<\/strong><\/h2><details class=\"wp-block-details is-layout-flow wp-block-details-is-layout-flow\"><summary><strong>Cos&#8217;\u00e8 una Mappa del Nostro Primo Incontro?<\/strong><\/summary><p>\u201cIl Nostro Primo Incontro\u201d \u00e8 una Mappa personalizzata che segna il luogo esatto del vostro primo appuntamento. Nello specifico, cattura quel momento preciso dove vi siete conosciuti per la prima volta e di conseguenza, immortala il momento magico del vostro inizio come coppia.<\/p><\/details><details class=\"wp-block-details is-layout-flow wp-block-details-is-layout-flow\"><summary><strong>\u00c8 una mappa personalizzata?<\/strong><\/summary><p>S\u00ec, ogni mappa \u00e8 completamente personalizzata. Infatti, puoi indicare il punto preciso con un simbolo a tua scelta. Inoltre, aggiungi un testo personalizzato, coordinate GPS e la data di quel giorno. E non temere: l&#8217;anteprima interattiva ti permette di perfezionare ogni dettaglio.\u200b<\/p><\/details><details class=\"wp-block-details is-layout-flow wp-block-details-is-layout-flow\"><summary><strong>Perch\u00e9 \u00e8 il regalo perfetto per le coppie?<\/strong><\/summary><p>\u00c8 il regalo perfetto perch\u00e9 commemora il momento unico dove tutto \u00e8 iniziato. Nello specifico, \u00e8 un regalo super romantico e ricco di significato personale. Di conseguenza, \u00e8 un ricordo unico che conserverete per sempre.\u200b<\/p><\/details><details class=\"wp-block-details is-layout-flow wp-block-details-is-layout-flow\"><summary><strong>Come creare la mia Mappa del Nostro Primo Incontro?<\/strong><\/summary><p>Crea la tua mappa in tre semplici passaggi: innanzitutto, scegli la forma e la combinazione dei colori. Successivamente, inserisci la posizione esatta e aggiungi il tuo testo personalizzato. Infine, seleziona la dimensione di stampa e attendi la creazione della tua opera.<\/p><\/details><details class=\"wp-block-details is-layout-flow wp-block-details-is-layout-flow\"><summary><strong>Per quali occasioni \u00e8 perfetta questa mappa?<\/strong><\/summary><p>Questa mappa \u00e8 perfetta per compleanni, anniversari, per San Valentino e per feste di fidanzamento. Inoltre, \u00e8 ideale per matrimoni, Natale e festa della mamma. Insomma \u00e8 una scelta ottima per celebrare la vostra storia d&#8217;amore.\u200b<\/p><\/details><details class=\"wp-block-details is-layout-flow wp-block-details-is-layout-flow\"><summary><strong>In quanto tempo posso ricevere la mia mappa?<\/strong><\/summary><p>Per un regalo immediato, scegli il download digitale: riceverai un file JPEG ad alta risoluzione (300 dpi) che puoi stampare autonomamente. Per ricevere un prodotto finito, sappi che stampiamo e spediamo localmente le opere in pochi giorni, partendo dai nostri centri in Australia, Canada, Stati Uniti, Regno Unito ed Europa.<\/p><\/details>","protected":false},"excerpt":{"rendered":"<ul class=\"check-list\">\n<li>Indica il punto preciso con un simbolo a tua scelta<\/li>\n<li>Personalizzala in 3 semplici passaggi<\/li>\n<li>Aggiungi un testo personalizzato<\/li>\n<li>Guarda subito il risultato \u2013 l&#8217;anteprima interattiva ti permette di perfezionare ogni dettaglio<\/li>\n<\/ul>\n","protected":false},"featured_media":1216253,"template":"","meta":[],"product_brand":[],"product_cat":[7928,5331,4429,5343,7688,8008,5281,7190,7673,7641,7784,7752,8191,8216,7800,11182,11181,11183,11215,11216,11243,11244,15847,9763],"product_tag":[14889,15725,11802,11754,11798,11768,11796,11800,11799,11801],"class_list":{"0":"post-41073","1":"product","2":"type-product","3":"status-publish","4":"has-post-thumbnail","6":"product_cat-regali-per-laddio-al-nubilato","7":"product_cat-regali-di-anniversario","8":"product_cat-bestsellers-it-2","9":"product_cat-regali-di-compleanno","10":"product_cat-regali-da-donna","11":"product_cat-regali-da-uomo","12":"product_cat-regali-di-fidanzamento","13":"product_cat-map-it","14":"product_cat-regali-per-il-fidanzato","15":"product_cat-regali-per-il-marito","16":"product_cat-regali-per-la-fidanzata","17":"product_cat-regali-per-la-moglie","18":"product_cat-per-lei","19":"product_cat-per-lui","20":"product_cat-regali-per-una-coppia","21":"product_cat-regali-di-anniversario-per-coppie","22":"product_cat-regali-di-anniversario-per-lei","23":"product_cat-regali-di-anniversario-per-lui","24":"product_cat-regali-di-compleanno-per-lei","25":"product_cat-regali-di-compleanno-per-lui","26":"product_cat-regali-di-san-valentino-per-lei","27":"product_cat-regali-di-san-valentino-per-lui","28":"product_cat-shop-bestsellers-it","29":"product_cat-trending-label-it","30":"product_tag-anniversary-it-2","31":"product_tag-christmas-present-it","32":"product_tag-regali-di-natale-per-donne","33":"product_tag-regali-di-natale-per-il-fidanzato","34":"product_tag-regali-di-natale-per-il-marito","35":"product_tag-regali-di-natale-per-la-fidanzata","36":"product_tag-regali-di-natale-per-la-moglie","37":"product_tag-regali-di-natale-per-lei","38":"product_tag-regali-di-natale-per-lui","39":"product_tag-regali-di-natale-per-uomini","41":"first","42":"instock","43":"sale","44":"taxable","45":"shipping-taxable","46":"purchasable","47":"product-type-variable"},"yoast_head":"<!-- This site is optimized with the Yoast SEO Premium plugin v27.2 (Yoast SEO v27.2) - https:\/\/yoast.com\/product\/yoast-seo-premium-wordpress\/ -->\n<title>Mappa del Luogo del Nostro Primo Incontro - Positive Prints<\/title>\n<meta name=\"description\" content=\"Non lasciare che la magia scompaia! Con la Mappa del Luogo del Nostro Primo Incontro potrete ricordare per sempre quel fantastico momento.\" \/>\n<meta name=\"robots\" content=\"index, follow, max-snippet:-1, max-image-preview:large, max-video-preview:-1\" \/>\n<link rel=\"canonical\" href=\"https:\/\/positiveprints.com\/it\/prodotto\/mappa-del-luogo-del-nostro-primo-incontro\/\" \/>\n<meta property=\"og:locale\" content=\"it_IT\" \/>\n<meta property=\"og:type\" content=\"article\" \/>\n<meta property=\"og:title\" content=\"Il Nostro Primo Incontro\" \/>\n<meta property=\"og:description\" content=\"Indica il punto preciso con un simbolo a tua scelta  Personalizzala in 3 semplici passaggi  Aggiungi un testo personalizzato  Guarda subito il risultato \u2013 l&#039;anteprima interattiva ti permette di perfezionare ogni dettaglio\" \/>\n<meta property=\"og:url\" content=\"https:\/\/positiveprints.com\/it\/prodotto\/mappa-del-luogo-del-nostro-primo-incontro\/\" \/>\n<meta property=\"og:site_name\" content=\"Positive Prints\" \/>\n<meta property=\"article:publisher\" content=\"https:\/\/www.facebook.com\/positiveprintscom\" \/>\n<meta property=\"article:modified_time\" content=\"2026-04-18T08:18:10+00:00\" \/>\n<meta property=\"og:image\" content=\"https:\/\/positiveprints.com\/wp-content\/uploads\/2024\/10\/Packshot_IT_where-we-met-product-image.webp\" \/>\n\t<meta property=\"og:image:width\" content=\"1450\" \/>\n\t<meta property=\"og:image:height\" content=\"1450\" \/>\n\t<meta property=\"og:image:type\" content=\"image\/webp\" \/>\n<meta name=\"twitter:card\" content=\"summary_large_image\" \/>\n<meta name=\"twitter:label1\" content=\"Tempo di lettura stimato\" \/>\n\t<meta name=\"twitter:data1\" content=\"5 minuti\" \/>\n<!-- \/ Yoast SEO Premium plugin. -->","yoast_head_json":{"title":"Mappa del Luogo del Nostro Primo Incontro - Positive Prints","description":"Non lasciare che la magia scompaia! Con la Mappa del Luogo del Nostro Primo Incontro potrete ricordare per sempre quel fantastico momento.","robots":{"index":"index","follow":"follow","max-snippet":"max-snippet:-1","max-image-preview":"max-image-preview:large","max-video-preview":"max-video-preview:-1"},"canonical":"https:\/\/positiveprints.com\/it\/prodotto\/mappa-del-luogo-del-nostro-primo-incontro\/","og_locale":"it_IT","og_type":"article","og_title":"Il Nostro Primo Incontro","og_description":"Indica il punto preciso con un simbolo a tua scelta  Personalizzala in 3 semplici passaggi  Aggiungi un testo personalizzato  Guarda subito il risultato \u2013 l'anteprima interattiva ti permette di perfezionare ogni dettaglio","og_url":"https:\/\/positiveprints.com\/it\/prodotto\/mappa-del-luogo-del-nostro-primo-incontro\/","og_site_name":"Positive Prints","article_publisher":"https:\/\/www.facebook.com\/positiveprintscom","article_modified_time":"2026-04-18T08:18:10+00:00","og_image":[{"width":1450,"height":1450,"url":"https:\/\/positiveprints.com\/wp-content\/uploads\/2024\/10\/Packshot_IT_where-we-met-product-image.webp","type":"image\/webp"}],"twitter_card":"summary_large_image","twitter_misc":{"Tempo di lettura stimato":"5 minuti"},"schema":{"@context":"https:\/\/schema.org","@graph":[{"@type":["WebPage","ItemPage"],"@id":"https:\/\/positiveprints.com\/it\/prodotto\/mappa-del-luogo-del-nostro-primo-incontro\/","url":"https:\/\/positiveprints.com\/it\/prodotto\/mappa-del-luogo-del-nostro-primo-incontro\/","name":"Mappa del Luogo del Nostro Primo Incontro - Positive Prints","isPartOf":{"@id":"https:\/\/positiveprints.com\/it\/#website"},"primaryImageOfPage":{"@id":"https:\/\/positiveprints.com\/it\/prodotto\/mappa-del-luogo-del-nostro-primo-incontro\/#primaryimage"},"image":{"@id":"https:\/\/positiveprints.com\/it\/prodotto\/mappa-del-luogo-del-nostro-primo-incontro\/#primaryimage"},"thumbnailUrl":"https:\/\/positiveprints.com\/wp-content\/uploads\/2024\/10\/Packshot_IT_where-we-met-product-image.webp","datePublished":"2020-01-15T17:00:50+00:00","dateModified":"2026-04-18T08:18:10+00:00","description":"Non lasciare che la magia scompaia! Con la Mappa del Luogo del Nostro Primo Incontro potrete ricordare per sempre quel fantastico momento.","breadcrumb":{"@id":"https:\/\/positiveprints.com\/it\/prodotto\/mappa-del-luogo-del-nostro-primo-incontro\/#breadcrumb"},"inLanguage":"it-IT","potentialAction":[{"@type":"ReadAction","target":["https:\/\/positiveprints.com\/it\/prodotto\/mappa-del-luogo-del-nostro-primo-incontro\/"]}]},{"@type":"ImageObject","inLanguage":"it-IT","@id":"https:\/\/positiveprints.com\/it\/prodotto\/mappa-del-luogo-del-nostro-primo-incontro\/#primaryimage","url":"https:\/\/positiveprints.com\/wp-content\/uploads\/2024\/10\/Packshot_IT_where-we-met-product-image.webp","contentUrl":"https:\/\/positiveprints.com\/wp-content\/uploads\/2024\/10\/Packshot_IT_where-we-met-product-image.webp","width":1450,"height":1450},{"@type":"BreadcrumbList","@id":"https:\/\/positiveprints.com\/it\/prodotto\/mappa-del-luogo-del-nostro-primo-incontro\/#breadcrumb","itemListElement":[{"@type":"ListItem","position":1,"name":"Home","item":"https:\/\/positiveprints.com\/it\/"},{"@type":"ListItem","position":2,"name":"Prodotti","item":"https:\/\/positiveprints.com\/it\/shop\/"},{"@type":"ListItem","position":3,"name":"Il Nostro Primo Incontro"}]},{"@type":"WebSite","@id":"https:\/\/positiveprints.com\/it\/#website","url":"https:\/\/positiveprints.com\/it\/","name":"Positive Prints","description":"Amazing Custom Personalized Gifts","publisher":{"@id":"https:\/\/positiveprints.com\/it\/#organization"},"potentialAction":[{"@type":"SearchAction","target":{"@type":"EntryPoint","urlTemplate":"https:\/\/positiveprints.com\/it\/?s={search_term_string}"},"query-input":{"@type":"PropertyValueSpecification","valueRequired":true,"valueName":"search_term_string"}}],"inLanguage":"it-IT"},{"@type":"Organization","@id":"https:\/\/positiveprints.com\/it\/#organization","name":"Positive Prints","alternateName":"Positive Prints","url":"https:\/\/positiveprints.com\/it\/","logo":{"@type":"ImageObject","inLanguage":"it-IT","@id":"https:\/\/positiveprints.com\/it\/#\/schema\/logo\/image\/","url":"https:\/\/positiveprints.com\/wp-content\/uploads\/2026\/03\/245815646_1337939713319158_5671353136411139666_n.png","contentUrl":"https:\/\/positiveprints.com\/wp-content\/uploads\/2026\/03\/245815646_1337939713319158_5671353136411139666_n.png","width":800,"height":800,"caption":"Positive Prints"},"image":{"@id":"https:\/\/positiveprints.com\/it\/#\/schema\/logo\/image\/"},"sameAs":["https:\/\/www.facebook.com\/positiveprintscom","https:\/\/www.instagram.com\/positiveprintscom\/","https:\/\/www.tiktok.com\/@positiveprintscom","https:\/\/www.pinterest.com\/positiveprintscom\/"]}]}},"jetpack_sharing_enabled":true,"_links":{"self":[{"href":"https:\/\/positiveprints.com\/it\/wp-json\/wp\/v2\/product\/41073","targetHints":{"allow":["GET"]}}],"collection":[{"href":"https:\/\/positiveprints.com\/it\/wp-json\/wp\/v2\/product"}],"about":[{"href":"https:\/\/positiveprints.com\/it\/wp-json\/wp\/v2\/types\/product"}],"wp:featuredmedia":[{"embeddable":true,"href":"https:\/\/positiveprints.com\/it\/wp-json\/wp\/v2\/media\/1216253"}],"wp:attachment":[{"href":"https:\/\/positiveprints.com\/it\/wp-json\/wp\/v2\/media?parent=41073"}],"wp:term":[{"taxonomy":"product_brand","embeddable":true,"href":"https:\/\/positiveprints.com\/it\/wp-json\/wp\/v2\/product_brand?post=41073"},{"taxonomy":"product_cat","embeddable":true,"href":"https:\/\/positiveprints.com\/it\/wp-json\/wp\/v2\/product_cat?post=41073"},{"taxonomy":"product_tag","embeddable":true,"href":"https:\/\/positiveprints.com\/it\/wp-json\/wp\/v2\/product_tag?post=41073"}],"curies":[{"name":"wp","href":"https:\/\/api.w.org\/{rel}","templated":true}]}}