{"id":41032,"date":"2020-05-30T12:47:24","date_gmt":"2020-05-30T11:47:24","guid":{"rendered":"https:\/\/positiveprints.com\/product\/baby-sketch-duo\/"},"modified":"2026-04-18T09:16:31","modified_gmt":"2026-04-18T08:16:31","slug":"schizzo-duo-neonati","status":"publish","type":"product","link":"https:\/\/positiveprints.com\/it\/prodotto\/schizzo-duo-neonati\/","title":{"rendered":"Quadro Nascita Per Due Beb\u00e8"},"content":{"rendered":"<p>Non c&#8217;\u00e8 niente di pi\u00f9 speciale che assistere alla nascita di un beb\u00e8, soprattutto se si tratta del tuo primo bambino. Se poi sono due gemelli, la festa \u00e8 doppia! Per non dimenticare le emozioni di questa giornata cos\u00ec importante, abbiamo pensato di darti la possibilit\u00e0 di personalizzare un quadro nascita. La stampa dei tuoi beb\u00e8 in scala 1:1 ti far\u00e0 rivivere per sempre il momento in cui hai visto i tuoi figli per la prima volta.<\/p>\r\n\r\n<p style=\"margin-top: 1rem\">Crescono cos\u00ec in fretta! Prima che tu te ne accorga, cominceranno a camminare e a dire le loro prime paroline. Ma ai tuoi occhi, rimarranno per sempre i tuoi piccolini e con un quadro nascita, avrai un ricordo visivo di quanto fossero effettivamente piccoli il giorno in cui sono nati. Ogni poster rappresenta i tuoi bambini nelle loro dimensioni reali ed \u00e8 perfetto per ricordare l&#8217;inizio di una grande avventura.<\/p>\r\n\r\n<h2 class=\"grenB f24 cblue\" style=\"margin-top: 3rem\">Fratellini o Gemellini? C&#8217;\u00e8 Un Quadro Nascita Per Tutti<\/h2>\r\n\r\n<p style=\"margin-top: 1rem\">Il design pulito e minimale di questi poster nascita \u00e8 perfetto per decorare qualsiasi stanza. L&#8217;elegante scritta in corsivo nella parte inferiore di ogni Quadro Nascita riporta il nome, la data di nascita, la lunghezza e il peso del beb\u00e8. <\/p>\r\n\r\n<p style=\"margin-top: 1rem\">Nessun genitore riuscir\u00e0 a trattenere l&#8217;emozione di un regalo cos\u00ec personalizzato. Potresti crearne uno per la tua famiglia, in onore del nuovo arrivato, oppure realizzare un regalo originale per qualcuno di molto importante. <\/p>\r\n\r\n<p style=\"margin-top: 1rem\">La cignogna vi ha fatto dono di una dolcissima tripletta? Nessuna problema: celebra la nascita di tutti i tuoi bambini con un <a href=\"https:\/\/positiveprints.com\/it\/prodotto\/baby-sketch-trio\/\">quadro nascita per tre beb\u00e8<\/a>.<\/p>\r\n\r\n<p style=\"margin-top: 1rem\">Ogni quadro nascita viene realizzato su ordinazione e personalizzato con il nome e le informazioni di nascita del tuo beb\u00e8, tra cui: <\/p>\r\n<ul>\r\n<li style=\"font-weight: 400;\"><span style=\"font-weight: 400;\">Data\/Ora di nascita<\/span><\/li>\r\n<li style=\"font-weight: 400;\"><span style=\"font-weight: 400;\">Peso alla Nascita (in chilogrammi\/libbre o once)<\/span><\/li>\r\n<li style=\"font-weight: 400;\"><span style=\"font-weight: 400;\">Lunghezza alla Nascita (in centimetri\/pollici)<\/span><\/li>\r\n<\/ul>\r\n\r\n<p style=\"margin-top: 1rem\">Il disegno stampato sul tuo quadro nascita \u00e8 uno schizzo che rappresenta il tuo beb\u00e8 nelle sue dimensioni reali, in scala 1:1. <\/p>\r\n\r\n<p style=\"margin-top: 1rem\">Per una Stampa Cartacea: Stampiamo i nostri poster nascita su carta opaca di alta qualit\u00e0 (190 g). Quindi, non preoccuparti: appendilo ovunque e potrai ammirarlo per anni e anni. <\/span>\r\n\r\n<p style=\"margin-top: 1rem\">Grazie al nostro editor puoi visualizzare un&#8217;anteprima della tua creazione in qualsiasi momento: tienila d&#8217;occhio per creare il poster proprio come lo vuoi tu. Prima di inviarci l\u2019ordine, assicurati di aver inserito tutte le informazioni corrette. Completa fino all\u2019ultimo passaggio e il tuo quadro nascita verr\u00e0 stampato e spedito amente entro due giorni lavorativi. <\/p>\r\n\r\n<p style=\"margin-top: 1rem\">Per un File Digitale: Non puoi aspettare i tempi di spedizione? Hai bisogno di un regalo dell&#8217;ultimo minuto? Acquista un poster in formato digitale e riceverai un link per il download istantaneo. I file digitali sono pronti per la stampa e misurano 50x70cm, 18x24in, 20x30in o 24x36in, perfetti per riprodurre la lunghezza dei tuoi bambini con precisione.<\/p>","protected":false},"excerpt":{"rendered":"<ul class=\"check-list\">\n<li>Crea un regalo unico per i genitori per conservare i preziosi ricordi dei primi momenti del loro beb\u00e8<\/li>\n<li>Commemora i dettagli della nascita come nome, data, altezza e peso<\/li>\n<li>Scegli tra 4 illustrazioni e ricrea la lunghezza del tuo beb\u00e8 in scala 1:1<\/li>\n<li>Guarda subito il risultato \u2013 l&#8217;anteprima interattiva ti permette di perfezionare ogni dettaglio<\/li>\n<\/ul>\n","protected":false},"featured_media":269843,"template":"","meta":[],"product_brand":[],"product_cat":[4436,5257,5269,11430,15057,7816,7624,7737],"product_tag":[9479,16084,9487,8453,13466],"class_list":{"0":"post-41032","1":"product","2":"type-product","3":"status-publish","4":"has-post-thumbnail","6":"product_cat-infant-it-2","7":"product_cat-regali-di-nascita-del-bambino","8":"product_cat-regali-di-natale","9":"product_cat-regali-di-natale-per-i-genitori","10":"product_cat-regali-di-natale-per-la-famiglia","11":"product_cat-regali-per-neogenitori","12":"product_cat-regali-per-un-fratello","13":"product_cat-regali-per-una-sorella","14":"product_tag-baby-poster-it","15":"product_tag-christmas-gifts-for-family-it","16":"product_tag-neonato","17":"product_tag-new-parents-it","18":"product_tag-regali-di-natale-per-la-famiglia","20":"first","21":"instock","22":"sale","23":"taxable","24":"shipping-taxable","25":"purchasable","26":"product-type-variable"},"yoast_head":"<!-- This site is optimized with the Yoast SEO Premium plugin v27.2 (Yoast SEO v27.2) - https:\/\/yoast.com\/product\/yoast-seo-premium-wordpress\/ -->\n<title>Schizzo per nascita personalizzato per fratelli o gemelli - Positive Prints<\/title>\n<meta name=\"description\" content=\"Schizzo per nascita personalizzato per fratelli o gemelli. Il poster per nascita riporta in lunghezza e peso alla nascita.\" \/>\n<meta name=\"robots\" content=\"index, follow, max-snippet:-1, max-image-preview:large, max-video-preview:-1\" \/>\n<link rel=\"canonical\" href=\"https:\/\/positiveprints.com\/it\/prodotto\/schizzo-duo-neonati\/\" \/>\n<meta property=\"og:locale\" content=\"it_IT\" \/>\n<meta property=\"og:type\" content=\"article\" \/>\n<meta property=\"og:title\" content=\"Quadro Nascita Per Due Beb\u00e8\" \/>\n<meta property=\"og:description\" content=\"Crea un regalo unico per i genitori per conservare i preziosi ricordi dei primi momenti del loro beb\u00e8 Commemora i dettagli della nascita come nome, data, altezza e peso Scegli tra 4 illustrazioni e ricrea la lunghezza del tuo beb\u00e8 in scala 1:1 Guarda subito il risultato \u2013 l&#039;anteprima interattiva ti permette di perfezionare ogni dettaglio\" \/>\n<meta property=\"og:url\" content=\"https:\/\/positiveprints.com\/it\/prodotto\/schizzo-duo-neonati\/\" \/>\n<meta property=\"og:site_name\" content=\"Positive Prints\" \/>\n<meta property=\"article:publisher\" content=\"https:\/\/www.facebook.com\/positiveprintscom\" \/>\n<meta property=\"article:modified_time\" content=\"2026-04-18T08:16:31+00:00\" \/>\n<meta property=\"og:image\" content=\"https:\/\/positiveprints.com\/wp-content\/uploads\/2022\/05\/quadro-nascita-gemelli.jpg\" \/>\n\t<meta property=\"og:image:width\" content=\"1080\" \/>\n\t<meta property=\"og:image:height\" content=\"1080\" \/>\n\t<meta property=\"og:image:type\" content=\"image\/jpeg\" \/>\n<meta name=\"twitter:card\" content=\"summary_large_image\" \/>\n<meta name=\"twitter:label1\" content=\"Tempo di lettura stimato\" \/>\n\t<meta name=\"twitter:data1\" content=\"3 minuti\" \/>\n<!-- \/ Yoast SEO Premium plugin. -->","yoast_head_json":{"title":"Schizzo per nascita personalizzato per fratelli o gemelli - Positive Prints","description":"Schizzo per nascita personalizzato per fratelli o gemelli. Il poster per nascita riporta in lunghezza e peso alla nascita.","robots":{"index":"index","follow":"follow","max-snippet":"max-snippet:-1","max-image-preview":"max-image-preview:large","max-video-preview":"max-video-preview:-1"},"canonical":"https:\/\/positiveprints.com\/it\/prodotto\/schizzo-duo-neonati\/","og_locale":"it_IT","og_type":"article","og_title":"Quadro Nascita Per Due Beb\u00e8","og_description":"Crea un regalo unico per i genitori per conservare i preziosi ricordi dei primi momenti del loro beb\u00e8 Commemora i dettagli della nascita come nome, data, altezza e peso Scegli tra 4 illustrazioni e ricrea la lunghezza del tuo beb\u00e8 in scala 1:1 Guarda subito il risultato \u2013 l'anteprima interattiva ti permette di perfezionare ogni dettaglio","og_url":"https:\/\/positiveprints.com\/it\/prodotto\/schizzo-duo-neonati\/","og_site_name":"Positive Prints","article_publisher":"https:\/\/www.facebook.com\/positiveprintscom","article_modified_time":"2026-04-18T08:16:31+00:00","og_image":[{"width":1080,"height":1080,"url":"https:\/\/positiveprints.com\/wp-content\/uploads\/2022\/05\/quadro-nascita-gemelli.jpg","type":"image\/jpeg"}],"twitter_card":"summary_large_image","twitter_misc":{"Tempo di lettura stimato":"3 minuti"},"schema":{"@context":"https:\/\/schema.org","@graph":[{"@type":["WebPage","ItemPage"],"@id":"https:\/\/positiveprints.com\/it\/prodotto\/schizzo-duo-neonati\/","url":"https:\/\/positiveprints.com\/it\/prodotto\/schizzo-duo-neonati\/","name":"Schizzo per nascita personalizzato per fratelli o gemelli - Positive Prints","isPartOf":{"@id":"https:\/\/positiveprints.com\/it\/#website"},"primaryImageOfPage":{"@id":"https:\/\/positiveprints.com\/it\/prodotto\/schizzo-duo-neonati\/#primaryimage"},"image":{"@id":"https:\/\/positiveprints.com\/it\/prodotto\/schizzo-duo-neonati\/#primaryimage"},"thumbnailUrl":"https:\/\/positiveprints.com\/wp-content\/uploads\/2022\/05\/quadro-nascita-gemelli.jpg","datePublished":"2020-05-30T11:47:24+00:00","dateModified":"2026-04-18T08:16:31+00:00","description":"Schizzo per nascita personalizzato per fratelli o gemelli. Il poster per nascita riporta in lunghezza e peso alla nascita.","breadcrumb":{"@id":"https:\/\/positiveprints.com\/it\/prodotto\/schizzo-duo-neonati\/#breadcrumb"},"inLanguage":"it-IT","potentialAction":[{"@type":"ReadAction","target":["https:\/\/positiveprints.com\/it\/prodotto\/schizzo-duo-neonati\/"]}]},{"@type":"ImageObject","inLanguage":"it-IT","@id":"https:\/\/positiveprints.com\/it\/prodotto\/schizzo-duo-neonati\/#primaryimage","url":"https:\/\/positiveprints.com\/wp-content\/uploads\/2022\/05\/quadro-nascita-gemelli.jpg","contentUrl":"https:\/\/positiveprints.com\/wp-content\/uploads\/2022\/05\/quadro-nascita-gemelli.jpg","width":1080,"height":1080},{"@type":"BreadcrumbList","@id":"https:\/\/positiveprints.com\/it\/prodotto\/schizzo-duo-neonati\/#breadcrumb","itemListElement":[{"@type":"ListItem","position":1,"name":"Home","item":"https:\/\/positiveprints.com\/it\/"},{"@type":"ListItem","position":2,"name":"Prodotti","item":"https:\/\/positiveprints.com\/it\/shop\/"},{"@type":"ListItem","position":3,"name":"Quadro Nascita Per Due Beb\u00e8"}]},{"@type":"WebSite","@id":"https:\/\/positiveprints.com\/it\/#website","url":"https:\/\/positiveprints.com\/it\/","name":"Positive Prints","description":"Amazing Custom Personalized Gifts","publisher":{"@id":"https:\/\/positiveprints.com\/it\/#organization"},"potentialAction":[{"@type":"SearchAction","target":{"@type":"EntryPoint","urlTemplate":"https:\/\/positiveprints.com\/it\/?s={search_term_string}"},"query-input":{"@type":"PropertyValueSpecification","valueRequired":true,"valueName":"search_term_string"}}],"inLanguage":"it-IT"},{"@type":"Organization","@id":"https:\/\/positiveprints.com\/it\/#organization","name":"Positive Prints","alternateName":"Positive Prints","url":"https:\/\/positiveprints.com\/it\/","logo":{"@type":"ImageObject","inLanguage":"it-IT","@id":"https:\/\/positiveprints.com\/it\/#\/schema\/logo\/image\/","url":"https:\/\/positiveprints.com\/wp-content\/uploads\/2026\/03\/245815646_1337939713319158_5671353136411139666_n.png","contentUrl":"https:\/\/positiveprints.com\/wp-content\/uploads\/2026\/03\/245815646_1337939713319158_5671353136411139666_n.png","width":800,"height":800,"caption":"Positive Prints"},"image":{"@id":"https:\/\/positiveprints.com\/it\/#\/schema\/logo\/image\/"},"sameAs":["https:\/\/www.facebook.com\/positiveprintscom","https:\/\/www.instagram.com\/positiveprintscom\/","https:\/\/www.tiktok.com\/@positiveprintscom","https:\/\/www.pinterest.com\/positiveprintscom\/"]}]}},"jetpack_sharing_enabled":true,"_links":{"self":[{"href":"https:\/\/positiveprints.com\/it\/wp-json\/wp\/v2\/product\/41032","targetHints":{"allow":["GET"]}}],"collection":[{"href":"https:\/\/positiveprints.com\/it\/wp-json\/wp\/v2\/product"}],"about":[{"href":"https:\/\/positiveprints.com\/it\/wp-json\/wp\/v2\/types\/product"}],"wp:featuredmedia":[{"embeddable":true,"href":"https:\/\/positiveprints.com\/it\/wp-json\/wp\/v2\/media\/269843"}],"wp:attachment":[{"href":"https:\/\/positiveprints.com\/it\/wp-json\/wp\/v2\/media?parent=41032"}],"wp:term":[{"taxonomy":"product_brand","embeddable":true,"href":"https:\/\/positiveprints.com\/it\/wp-json\/wp\/v2\/product_brand?post=41032"},{"taxonomy":"product_cat","embeddable":true,"href":"https:\/\/positiveprints.com\/it\/wp-json\/wp\/v2\/product_cat?post=41032"},{"taxonomy":"product_tag","embeddable":true,"href":"https:\/\/positiveprints.com\/it\/wp-json\/wp\/v2\/product_tag?post=41032"}],"curies":[{"name":"wp","href":"https:\/\/api.w.org\/{rel}","templated":true}]}}