{"id":41021,"date":"2020-05-30T13:17:25","date_gmt":"2020-05-30T12:17:25","guid":{"rendered":"https:\/\/positiveprints.com\/product\/baby-sketch-trio\/"},"modified":"2026-04-18T09:16:26","modified_gmt":"2026-04-18T08:16:26","slug":"baby-sketch-trio","status":"publish","type":"product","link":"https:\/\/positiveprints.com\/it\/prodotto\/baby-sketch-trio\/","title":{"rendered":"Quadro Nascita Per Tre Beb\u00e8"},"content":{"rendered":"<p>Non c&#8217;\u00e8 niente di pi\u00f9 speciale che assistere alla nascita di un beb\u00e8, soprattutto se si tratta del tuo primo bambino. Se poi la cicogna vi ha consegnato una tripletta: che gioia! Per non dimenticare le emozioni di questa giornata cos\u00ec importante, abbiamo pensato di darti la possibilit\u00e0 di personalizzare un quadro nascita. La stampa dei tuoi beb\u00e8 in scala 1:1 ti far\u00e0 rivivere per sempre il momento in cui hai visto i tuoi figli per la prima volta.<\/p>\r\n\r\n\r\n\r\n<p style=\"margin-top: 1rem\">Crescono cos\u00ec in fretta! Prima che tu te ne accorga, cominceranno a camminare e a dire le loro prime paroline. Ma ai tuoi occhi, rimarranno per sempre i tuoi piccolini e con un quadro nascita, avrai un ricordo visivo di quanto fossero effettivamente piccoli il giorno in cui sono nati. Ogni poster rappresenta i tuoi bambini nelle loro dimensioni reali ed \u00e8 perfetto per ricordare l&#8217;inizio di una grande avventura.<\/p>\r\n\r\n\r\n\r\n<h2 class=\"grenB f24 cblue\" style=\"margin-top: 3rem\">Fratellini o Tripletta? C&#8217;\u00e8 Un Quadro Nascita Per Tutti<\/span><\/h2>\r\n\r\n\r\n\r\n<p style=\"margin-top: 1rem\">Il design pulito e minimale di questi poster nascita \u00e8 perfetto per decorare qualsiasi stanza. L&#8217;elegante scritta in corsivo nella parte inferiore di ogni Quadro Nascita riporta il nome, la data di nascita, la lunghezza e il peso del beb\u00e8. Nessun genitore riuscir\u00e0 a trattenere l&#8217;emozione di un regalo cos\u00ec personalizzato. Potresti crearne uno per la tua famiglia, in onore del nuovo arrivato, oppure realizzare un regalo originale per qualcuno di molto importante.<br \/><\/span><br \/>Ogni quadro nascita viene realizzato su ordinazione e personalizzato con il nome e le informazioni di nascita del tuo beb\u00e8, tra cui:<\/p>\r\n\r\n\r\n\r\n<ul>\r\n\r\n<li>Data\/Ora di nascita<\/li>\r\n\r\n<li>Peso alla Nascita (in chilogrammi\/libbre o once)<\/li>\r\n\r\n<li>Lunghezza alla Nascita (in centimetri\/pollici)<\/li>\r\n\r\n<\/ul>\r\n\r\n\r\n\r\n<p style=\"margin-top: 1rem\">Il disegno stampato sul tuo quadro nascita \u00e8 uno schizzo che rappresenta il tuo beb\u00e8 nelle sue dimensioni reali, in scala 1:1.<\/p>\r\n\r\n\r\n\r\n<p style=\"margin-top: 1rem\"><strong>Per una Stampa Cartacea: <\/strong><span style=\"font-weight: 400;\">Stampiamo i nostri poster nascita su carta opaca di alta qualit\u00e0 (190 g). Quindi, non preoccuparti: appendilo ovunque e potrai ammirarlo per anni e anni. <\/span><span style=\"font-weight: 400;\"> Grazie al nostro editor puoi visualizzare un&#8217;anteprima della tua creazione in qualsiasi momento: tienila d&#8217;occhio per creare il poster proprio come lo vuoi tu. Prima di inviarci l\u2019ordine, assicurati di aver inserito tutte le informazioni corrette. Completa fino all\u2019ultimo passaggio e il tuo quadro nascita verr\u00e0 stampato e spedito amente entro due giorni lavorativi. <\/span><br \/><span style=\"font-weight: 400;\"><strong>Per un File Digitale:<\/strong> <\/span><span style=\"font-weight: 400;\"> Non puoi aspettare i tempi di spedizione? Hai bisogno di un regalo dell&#8217;ultimo minuto? Acquista un poster in formato digitale e riceverai un link per il download istantaneo. I file digitali sono pronti per la stampa e misurano 50x70cm, 18x24in, 20x30in o 24x36in, perfetti per riprodurre la lunghezza dei tuoi bambini con precisione.<\/p>","protected":false},"excerpt":{"rendered":"<ul class=\"check-list\">\n<li>Crea un regalo unico per neo genitori e aiutali a conservare i preziosi ricordi dei primi momenti del loro beb\u00e8<\/li>\n<li>Commemora i dettagli della nascita come nome, data, altezza e peso<\/li>\n<li>Scegli tra 4 illustrazioni e ricrea la lunghezza del tuo beb\u00e8 in scala 1:1<\/li>\n<li>Guarda subito il risultato \u2013 l&#8217;anteprima interattiva ti permette di perfezionare ogni dettaglio<\/li>\n<\/ul>\n","protected":false},"featured_media":270447,"template":"","meta":[],"product_brand":[],"product_cat":[4449,4436],"product_tag":[9479,9487,8453],"class_list":{"0":"post-41021","1":"product","2":"type-product","3":"status-publish","4":"has-post-thumbnail","6":"product_cat-tutti-i-prodotti","7":"product_cat-infant-it-2","8":"product_tag-baby-poster-it","9":"product_tag-neonato","10":"product_tag-new-parents-it","12":"first","13":"instock","14":"sale","15":"taxable","16":"shipping-taxable","17":"purchasable","18":"product-type-variable"},"yoast_head":"<!-- This site is optimized with the Yoast SEO Premium plugin v27.2 (Yoast SEO v27.2) - https:\/\/yoast.com\/product\/yoast-seo-premium-wordpress\/ -->\n<title>Schizzo personalizzato di neonati per tre gemelli - Positive Prints<\/title>\n<meta name=\"description\" content=\"Schizzo personalizzato di neonati per tre gemelli. Il poster per nascita mostra il nome dei bambini, lunghezza e peso alla nascita.\" \/>\n<meta name=\"robots\" content=\"index, follow, max-snippet:-1, max-image-preview:large, max-video-preview:-1\" \/>\n<link rel=\"canonical\" href=\"https:\/\/positiveprints.com\/it\/prodotto\/baby-sketch-trio\/\" \/>\n<meta property=\"og:locale\" content=\"it_IT\" \/>\n<meta property=\"og:type\" content=\"article\" \/>\n<meta property=\"og:title\" content=\"Quadro Nascita Per Tre Beb\u00e8\" \/>\n<meta property=\"og:description\" content=\"Crea un regalo unico per neo genitori e aiutali a conservare i preziosi ricordi dei primi momenti del loro beb\u00e8 Commemora i dettagli della nascita come nome, data, altezza e peso Scegli tra 4 illustrazioni e ricrea la lunghezza del tuo beb\u00e8 in scala 1:1 Guarda subito il risultato \u2013 l&#039;anteprima interattiva ti permette di perfezionare ogni dettaglio\" \/>\n<meta property=\"og:url\" content=\"https:\/\/positiveprints.com\/it\/prodotto\/baby-sketch-trio\/\" \/>\n<meta property=\"og:site_name\" content=\"Positive Prints\" \/>\n<meta property=\"article:publisher\" content=\"https:\/\/www.facebook.com\/positiveprintscom\" \/>\n<meta property=\"article:modified_time\" content=\"2026-04-18T08:16:26+00:00\" \/>\n<meta property=\"og:image\" content=\"https:\/\/positiveprints.com\/wp-content\/uploads\/2022\/05\/Quadro-Nascita-Per-Tre-Bebe.jpg\" \/>\n\t<meta property=\"og:image:width\" content=\"1080\" \/>\n\t<meta property=\"og:image:height\" content=\"1080\" \/>\n\t<meta property=\"og:image:type\" content=\"image\/jpeg\" \/>\n<meta name=\"twitter:card\" content=\"summary_large_image\" \/>\n<meta name=\"twitter:label1\" content=\"Tempo di lettura stimato\" \/>\n\t<meta name=\"twitter:data1\" content=\"3 minuti\" \/>\n<!-- \/ Yoast SEO Premium plugin. -->","yoast_head_json":{"title":"Schizzo personalizzato di neonati per tre gemelli - Positive Prints","description":"Schizzo personalizzato di neonati per tre gemelli. Il poster per nascita mostra il nome dei bambini, lunghezza e peso alla nascita.","robots":{"index":"index","follow":"follow","max-snippet":"max-snippet:-1","max-image-preview":"max-image-preview:large","max-video-preview":"max-video-preview:-1"},"canonical":"https:\/\/positiveprints.com\/it\/prodotto\/baby-sketch-trio\/","og_locale":"it_IT","og_type":"article","og_title":"Quadro Nascita Per Tre Beb\u00e8","og_description":"Crea un regalo unico per neo genitori e aiutali a conservare i preziosi ricordi dei primi momenti del loro beb\u00e8 Commemora i dettagli della nascita come nome, data, altezza e peso Scegli tra 4 illustrazioni e ricrea la lunghezza del tuo beb\u00e8 in scala 1:1 Guarda subito il risultato \u2013 l'anteprima interattiva ti permette di perfezionare ogni dettaglio","og_url":"https:\/\/positiveprints.com\/it\/prodotto\/baby-sketch-trio\/","og_site_name":"Positive Prints","article_publisher":"https:\/\/www.facebook.com\/positiveprintscom","article_modified_time":"2026-04-18T08:16:26+00:00","og_image":[{"width":1080,"height":1080,"url":"https:\/\/positiveprints.com\/wp-content\/uploads\/2022\/05\/Quadro-Nascita-Per-Tre-Bebe.jpg","type":"image\/jpeg"}],"twitter_card":"summary_large_image","twitter_misc":{"Tempo di lettura stimato":"3 minuti"},"schema":{"@context":"https:\/\/schema.org","@graph":[{"@type":["WebPage","ItemPage"],"@id":"https:\/\/positiveprints.com\/it\/prodotto\/baby-sketch-trio\/","url":"https:\/\/positiveprints.com\/it\/prodotto\/baby-sketch-trio\/","name":"Schizzo personalizzato di neonati per tre gemelli - Positive Prints","isPartOf":{"@id":"https:\/\/positiveprints.com\/it\/#website"},"primaryImageOfPage":{"@id":"https:\/\/positiveprints.com\/it\/prodotto\/baby-sketch-trio\/#primaryimage"},"image":{"@id":"https:\/\/positiveprints.com\/it\/prodotto\/baby-sketch-trio\/#primaryimage"},"thumbnailUrl":"https:\/\/positiveprints.com\/wp-content\/uploads\/2022\/05\/Quadro-Nascita-Per-Tre-Bebe.jpg","datePublished":"2020-05-30T12:17:25+00:00","dateModified":"2026-04-18T08:16:26+00:00","description":"Schizzo personalizzato di neonati per tre gemelli. Il poster per nascita mostra il nome dei bambini, lunghezza e peso alla nascita.","breadcrumb":{"@id":"https:\/\/positiveprints.com\/it\/prodotto\/baby-sketch-trio\/#breadcrumb"},"inLanguage":"it-IT","potentialAction":[{"@type":"ReadAction","target":["https:\/\/positiveprints.com\/it\/prodotto\/baby-sketch-trio\/"]}]},{"@type":"ImageObject","inLanguage":"it-IT","@id":"https:\/\/positiveprints.com\/it\/prodotto\/baby-sketch-trio\/#primaryimage","url":"https:\/\/positiveprints.com\/wp-content\/uploads\/2022\/05\/Quadro-Nascita-Per-Tre-Bebe.jpg","contentUrl":"https:\/\/positiveprints.com\/wp-content\/uploads\/2022\/05\/Quadro-Nascita-Per-Tre-Bebe.jpg","width":1080,"height":1080,"caption":"Quadro Nascita Per Tre Beb\u00e8"},{"@type":"BreadcrumbList","@id":"https:\/\/positiveprints.com\/it\/prodotto\/baby-sketch-trio\/#breadcrumb","itemListElement":[{"@type":"ListItem","position":1,"name":"Home","item":"https:\/\/positiveprints.com\/it\/"},{"@type":"ListItem","position":2,"name":"Prodotti","item":"https:\/\/positiveprints.com\/it\/shop\/"},{"@type":"ListItem","position":3,"name":"Quadro Nascita Per Tre Beb\u00e8"}]},{"@type":"WebSite","@id":"https:\/\/positiveprints.com\/it\/#website","url":"https:\/\/positiveprints.com\/it\/","name":"Positive Prints","description":"Amazing Custom Personalized Gifts","publisher":{"@id":"https:\/\/positiveprints.com\/it\/#organization"},"potentialAction":[{"@type":"SearchAction","target":{"@type":"EntryPoint","urlTemplate":"https:\/\/positiveprints.com\/it\/?s={search_term_string}"},"query-input":{"@type":"PropertyValueSpecification","valueRequired":true,"valueName":"search_term_string"}}],"inLanguage":"it-IT"},{"@type":"Organization","@id":"https:\/\/positiveprints.com\/it\/#organization","name":"Positive Prints","alternateName":"Positive Prints","url":"https:\/\/positiveprints.com\/it\/","logo":{"@type":"ImageObject","inLanguage":"it-IT","@id":"https:\/\/positiveprints.com\/it\/#\/schema\/logo\/image\/","url":"https:\/\/positiveprints.com\/wp-content\/uploads\/2026\/03\/245815646_1337939713319158_5671353136411139666_n.png","contentUrl":"https:\/\/positiveprints.com\/wp-content\/uploads\/2026\/03\/245815646_1337939713319158_5671353136411139666_n.png","width":800,"height":800,"caption":"Positive Prints"},"image":{"@id":"https:\/\/positiveprints.com\/it\/#\/schema\/logo\/image\/"},"sameAs":["https:\/\/www.facebook.com\/positiveprintscom","https:\/\/www.instagram.com\/positiveprintscom\/","https:\/\/www.tiktok.com\/@positiveprintscom","https:\/\/www.pinterest.com\/positiveprintscom\/"]}]}},"jetpack_sharing_enabled":true,"_links":{"self":[{"href":"https:\/\/positiveprints.com\/it\/wp-json\/wp\/v2\/product\/41021","targetHints":{"allow":["GET"]}}],"collection":[{"href":"https:\/\/positiveprints.com\/it\/wp-json\/wp\/v2\/product"}],"about":[{"href":"https:\/\/positiveprints.com\/it\/wp-json\/wp\/v2\/types\/product"}],"wp:featuredmedia":[{"embeddable":true,"href":"https:\/\/positiveprints.com\/it\/wp-json\/wp\/v2\/media\/270447"}],"wp:attachment":[{"href":"https:\/\/positiveprints.com\/it\/wp-json\/wp\/v2\/media?parent=41021"}],"wp:term":[{"taxonomy":"product_brand","embeddable":true,"href":"https:\/\/positiveprints.com\/it\/wp-json\/wp\/v2\/product_brand?post=41021"},{"taxonomy":"product_cat","embeddable":true,"href":"https:\/\/positiveprints.com\/it\/wp-json\/wp\/v2\/product_cat?post=41021"},{"taxonomy":"product_tag","embeddable":true,"href":"https:\/\/positiveprints.com\/it\/wp-json\/wp\/v2\/product_tag?post=41021"}],"curies":[{"name":"wp","href":"https:\/\/api.w.org\/{rel}","templated":true}]}}