{"id":41015,"date":"2020-06-18T21:24:37","date_gmt":"2020-06-18T20:24:37","guid":{"rendered":"https:\/\/positiveprints.com\/product\/poster-per-nascita-2\/"},"modified":"2026-04-18T09:16:21","modified_gmt":"2026-04-18T08:16:21","slug":"poster-nascita","status":"publish","type":"product","link":"https:\/\/positiveprints.com\/it\/prodotto\/poster-nascita\/","title":{"rendered":"Poster Nascita"},"content":{"rendered":"Grazie a questa dolce stampa ricorderai per sempre il momento in cui hai visto il tuo beb\u00e8 per la prima volta. Un poster nascita riproduce la lunghezza effettiva del tuo bambino nel momento in cui \u00e8 venuto al mondo. I poster dedicati alle nascite possono essere richiesti sia in formato digitale che in stampa cartacea.\r\n\r\n<h2 class=\"grenB f24 cblue\" style=\"margin-top: 3rem;\">Crea il Tuo Poster Nascita e Celebra una Nuova Vita<\/h2>\r\n\r\n<p style=\"margin-top: 1rem;\">Il design pulito e minimale di questi poster nascita \u00e8 perfetto per decorare qualsiasi stanza. L&#8217;elegante scritta in corsivo nella parte inferiore di ogni poster riporta il nome, la data di nascita, la lunghezza e il peso del beb\u00e8. E per una coppia di gemelli o addirittura una tripletta? Nessuna problema: celebra la nascita di tutti i tuoi bambini con uno dei nostri disegni dedicati ai gemelli e alle triplette.<\/p>\r\n\r\n\r\n\r\n<h2 class=\"grenB f24 cblue\" style=\"margin-top: 3rem;\">\u00c8 Nato\/a! Un Poster Nascita \u00e8 Una Fantastica Idea Regalo dell&#8217;Ultimo Minuto<\/h2>\r\n\r\n<p style=\"margin-top: 1rem;\">Un poster nascita \u00e8 una fantastica idea regalo per mamma e pap\u00e0 o semplicemente per celebrare il momento in cui tuo figlio \u00e8 entrato nella tua vita. Questa stampa unica nel suo genere \u00e8 il regalo di nascita ideale per accogliere con felicit\u00e0 un nuovo membro della famiglia. Hai paura che la stampa non arrivi in tempo? Il beb\u00e8 sta per nascere e hai bisogno di un regalo dell&#8217;ultimo minuto? Seleziona il formato digitale e ricevi il poster nella tua casella di posta elettronica, pronto per il download. Riceverai il file digitale subito dopo aver completato il tuo acquisto. Stampalo nei formati 50&#215;70 cm, 45x60cm, 50x76cm o 60&#215;91 per avere una stampa fedele alla lunghezza reale del bambino.<\/p>\r\n\r\n\r\n\r\n<h2 class=\"grenB f24 cblue\" style=\"margin-top: 3rem;\">Assicurati la Miglior Qualit\u00e0 per il Tuo Poster Nascita<\/h2>\r\n\r\n<p style=\"margin-top: 1rem;\">La carta che utilizziamo per i nostri poster \u00e8 opaca e di alta qualit\u00e0 (190gr). Appendi il tuo poster ovunque tu voglia perch\u00e9, in ogni caso, rimarr\u00e0 perfetto per anni e anni. Mentre crei il tuo quadro nascita puoi visualizzare un&#8217;anteprima in qualsiasi momento. Tienila sempre d&#8217;occhio e non dimenticare di selezionare le dimensioni che preferisci. Prima di inviare le tue informazioni, assicurati che il poster sia esattamente come desideri. Appena riceveremo l&#8217;ordine, il tuo quadro nascita verr\u00e0 stampato e spedito amente entro quattro giorni. L&#8217;immagine del tuo poster rappresenta le dimensioni reali in scala 1:1 del tuo neonato.<\/p>\r\n\r\n\r\n\r\n<h2 class=\"grenB f24 cblue\" style=\"margin-top: 3rem;\">Crea il Tuo Quadro Nascita Personalizzato<\/h2>\r\n\r\n<p style=\"margin-top: 1rem;\">Ogni poster nascita viene realizzato su ordinazione e personalizzato con il nome e le informazioni di nascita del tuo beb\u00e8, tra cui:<\/p>\r\n\r\n\r\n\r\n<ul>\r\n\r\n         <li style=\"font-weight: 400;\"><span style=\"font-weight: 400;\">Data\/Ora di nascita<\/span><\/li>\r\n\r\n         <li style=\"font-weight: 400;\"><span style=\"font-weight: 400;\">Peso alla Nascita (in chilogrammi\/libbre o once)<\/span><\/li>\r\n\r\n         <li style=\"font-weight: 400;\"><span style=\"font-weight: 400;\">Lunghezza alla Nascita (in centimetri\/pollici)<\/span><\/li>\r\n\r\n<\/ul>","protected":false},"excerpt":{"rendered":"<ul class=\"check-list\">\n<li>Mantieni vivi preziosi ricordi con il Poster Nascita, un dono unico nel suo genere che i neo genitori ameranno per sempre<\/li>\n<li>Commemora i dettagli della nascita come nome, data, altezza e peso<\/li>\n<li>Scegli tra 7 illustrazioni e ricrea la lunghezza del tuo beb\u00e8 in scala 1:1<\/li>\n<li>Guarda subito il risultato \u2013 l&#8217;anteprima interattiva ti permette di perfezionare ogni dettaglio<\/li>\n<\/ul>\n","protected":false},"featured_media":1528046,"template":"","meta":[],"product_brand":[],"product_cat":[7592,5343,4428,8246,4436,5257,7816,11215,11216],"product_tag":[9479,9487,8453],"class_list":{"0":"post-41015","1":"product","2":"type-product","3":"status-publish","4":"has-post-thumbnail","6":"product_cat-regali-di-battesimo","7":"product_cat-regali-di-compleanno","8":"product_cat-creators-it-2","9":"product_cat-digital-products-it","10":"product_cat-infant-it-2","11":"product_cat-regali-di-nascita-del-bambino","12":"product_cat-regali-per-neogenitori","13":"product_cat-regali-di-compleanno-per-lei","14":"product_cat-regali-di-compleanno-per-lui","15":"product_tag-baby-poster-it","16":"product_tag-neonato","17":"product_tag-new-parents-it","19":"first","20":"instock","21":"sale","22":"taxable","23":"shipping-taxable","24":"purchasable","25":"product-type-variable"},"yoast_head":"<!-- This site is optimized with the Yoast SEO Premium plugin v27.2 (Yoast SEO v27.2) - https:\/\/yoast.com\/product\/yoast-seo-premium-wordpress\/ -->\n<title>Poster Nascita Personalizzato in Scala 1:1 - Positive Prints<\/title>\n<meta name=\"description\" content=\"Un poster nascita riproduce la lunghezza effettiva del tuo bambino nel momento in cui \u00e8 venuto al mondo. Scala 1:1 della lunghezza del beb\u00e8.\" \/>\n<meta name=\"robots\" content=\"index, follow, max-snippet:-1, max-image-preview:large, max-video-preview:-1\" \/>\n<link rel=\"canonical\" href=\"https:\/\/positiveprints.com\/it\/prodotto\/poster-nascita\/\" \/>\n<meta property=\"og:locale\" content=\"it_IT\" \/>\n<meta property=\"og:type\" content=\"article\" \/>\n<meta property=\"og:title\" content=\"Poster Nascita\" \/>\n<meta property=\"og:description\" content=\"Mantieni vivi preziosi ricordi con il Poster Nascita, un dono unico nel suo genere che i neo genitori ameranno per sempre Commemora i dettagli della nascita come nome, data, altezza e peso Scegli tra 7 illustrazioni e ricrea la lunghezza del tuo beb\u00e8 in scala 1:1 Guarda subito il risultato \u2013 l&#039;anteprima interattiva ti permette di perfezionare ogni dettaglio\" \/>\n<meta property=\"og:url\" content=\"https:\/\/positiveprints.com\/it\/prodotto\/poster-nascita\/\" \/>\n<meta property=\"og:site_name\" content=\"Positive Prints\" \/>\n<meta property=\"article:publisher\" content=\"https:\/\/www.facebook.com\/positiveprintscom\" \/>\n<meta property=\"article:modified_time\" content=\"2026-04-18T08:16:21+00:00\" \/>\n<meta property=\"og:image\" content=\"https:\/\/positiveprints.com\/wp-content\/uploads\/2022\/05\/poster-nascita-personalizzati-1.jpg\" \/>\n\t<meta property=\"og:image:width\" content=\"1080\" \/>\n\t<meta property=\"og:image:height\" content=\"1080\" \/>\n\t<meta property=\"og:image:type\" content=\"image\/jpeg\" \/>\n<meta name=\"twitter:card\" content=\"summary_large_image\" \/>\n<meta name=\"twitter:label1\" content=\"Tempo di lettura stimato\" \/>\n\t<meta name=\"twitter:data1\" content=\"3 minuti\" \/>\n<!-- \/ Yoast SEO Premium plugin. -->","yoast_head_json":{"title":"Poster Nascita Personalizzato in Scala 1:1 - Positive Prints","description":"Un poster nascita riproduce la lunghezza effettiva del tuo bambino nel momento in cui \u00e8 venuto al mondo. Scala 1:1 della lunghezza del beb\u00e8.","robots":{"index":"index","follow":"follow","max-snippet":"max-snippet:-1","max-image-preview":"max-image-preview:large","max-video-preview":"max-video-preview:-1"},"canonical":"https:\/\/positiveprints.com\/it\/prodotto\/poster-nascita\/","og_locale":"it_IT","og_type":"article","og_title":"Poster Nascita","og_description":"Mantieni vivi preziosi ricordi con il Poster Nascita, un dono unico nel suo genere che i neo genitori ameranno per sempre Commemora i dettagli della nascita come nome, data, altezza e peso Scegli tra 7 illustrazioni e ricrea la lunghezza del tuo beb\u00e8 in scala 1:1 Guarda subito il risultato \u2013 l'anteprima interattiva ti permette di perfezionare ogni dettaglio","og_url":"https:\/\/positiveprints.com\/it\/prodotto\/poster-nascita\/","og_site_name":"Positive Prints","article_publisher":"https:\/\/www.facebook.com\/positiveprintscom","article_modified_time":"2026-04-18T08:16:21+00:00","og_image":[{"width":1080,"height":1080,"url":"https:\/\/positiveprints.com\/wp-content\/uploads\/2022\/05\/poster-nascita-personalizzati-1.jpg","type":"image\/jpeg"}],"twitter_card":"summary_large_image","twitter_misc":{"Tempo di lettura stimato":"3 minuti"},"schema":{"@context":"https:\/\/schema.org","@graph":[{"@type":["WebPage","ItemPage"],"@id":"https:\/\/positiveprints.com\/it\/prodotto\/poster-nascita\/","url":"https:\/\/positiveprints.com\/it\/prodotto\/poster-nascita\/","name":"Poster Nascita Personalizzato in Scala 1:1 - Positive Prints","isPartOf":{"@id":"https:\/\/positiveprints.com\/it\/#website"},"primaryImageOfPage":{"@id":"https:\/\/positiveprints.com\/it\/prodotto\/poster-nascita\/#primaryimage"},"image":{"@id":"https:\/\/positiveprints.com\/it\/prodotto\/poster-nascita\/#primaryimage"},"thumbnailUrl":"https:\/\/positiveprints.com\/wp-content\/uploads\/2025\/09\/Packshot_IT_Poster-Nascita.webp","datePublished":"2020-06-18T20:24:37+00:00","dateModified":"2026-04-18T08:16:21+00:00","description":"Un poster nascita riproduce la lunghezza effettiva del tuo bambino nel momento in cui \u00e8 venuto al mondo. Scala 1:1 della lunghezza del beb\u00e8.","breadcrumb":{"@id":"https:\/\/positiveprints.com\/it\/prodotto\/poster-nascita\/#breadcrumb"},"inLanguage":"it-IT","potentialAction":[{"@type":"ReadAction","target":["https:\/\/positiveprints.com\/it\/prodotto\/poster-nascita\/"]}]},{"@type":"ImageObject","inLanguage":"it-IT","@id":"https:\/\/positiveprints.com\/it\/prodotto\/poster-nascita\/#primaryimage","url":"https:\/\/positiveprints.com\/wp-content\/uploads\/2025\/09\/Packshot_IT_Poster-Nascita.webp","contentUrl":"https:\/\/positiveprints.com\/wp-content\/uploads\/2025\/09\/Packshot_IT_Poster-Nascita.webp","width":1450,"height":1450},{"@type":"BreadcrumbList","@id":"https:\/\/positiveprints.com\/it\/prodotto\/poster-nascita\/#breadcrumb","itemListElement":[{"@type":"ListItem","position":1,"name":"Home","item":"https:\/\/positiveprints.com\/it\/"},{"@type":"ListItem","position":2,"name":"Prodotti","item":"https:\/\/positiveprints.com\/it\/shop\/"},{"@type":"ListItem","position":3,"name":"Poster Nascita"}]},{"@type":"WebSite","@id":"https:\/\/positiveprints.com\/it\/#website","url":"https:\/\/positiveprints.com\/it\/","name":"Positive Prints","description":"Amazing Custom Personalized Gifts","publisher":{"@id":"https:\/\/positiveprints.com\/it\/#organization"},"potentialAction":[{"@type":"SearchAction","target":{"@type":"EntryPoint","urlTemplate":"https:\/\/positiveprints.com\/it\/?s={search_term_string}"},"query-input":{"@type":"PropertyValueSpecification","valueRequired":true,"valueName":"search_term_string"}}],"inLanguage":"it-IT"},{"@type":"Organization","@id":"https:\/\/positiveprints.com\/it\/#organization","name":"Positive Prints","alternateName":"Positive Prints","url":"https:\/\/positiveprints.com\/it\/","logo":{"@type":"ImageObject","inLanguage":"it-IT","@id":"https:\/\/positiveprints.com\/it\/#\/schema\/logo\/image\/","url":"https:\/\/positiveprints.com\/wp-content\/uploads\/2026\/03\/245815646_1337939713319158_5671353136411139666_n.png","contentUrl":"https:\/\/positiveprints.com\/wp-content\/uploads\/2026\/03\/245815646_1337939713319158_5671353136411139666_n.png","width":800,"height":800,"caption":"Positive Prints"},"image":{"@id":"https:\/\/positiveprints.com\/it\/#\/schema\/logo\/image\/"},"sameAs":["https:\/\/www.facebook.com\/positiveprintscom","https:\/\/www.instagram.com\/positiveprintscom\/","https:\/\/www.tiktok.com\/@positiveprintscom","https:\/\/www.pinterest.com\/positiveprintscom\/"]}]}},"jetpack_sharing_enabled":true,"_links":{"self":[{"href":"https:\/\/positiveprints.com\/it\/wp-json\/wp\/v2\/product\/41015","targetHints":{"allow":["GET"]}}],"collection":[{"href":"https:\/\/positiveprints.com\/it\/wp-json\/wp\/v2\/product"}],"about":[{"href":"https:\/\/positiveprints.com\/it\/wp-json\/wp\/v2\/types\/product"}],"wp:featuredmedia":[{"embeddable":true,"href":"https:\/\/positiveprints.com\/it\/wp-json\/wp\/v2\/media\/1528046"}],"wp:attachment":[{"href":"https:\/\/positiveprints.com\/it\/wp-json\/wp\/v2\/media?parent=41015"}],"wp:term":[{"taxonomy":"product_brand","embeddable":true,"href":"https:\/\/positiveprints.com\/it\/wp-json\/wp\/v2\/product_brand?post=41015"},{"taxonomy":"product_cat","embeddable":true,"href":"https:\/\/positiveprints.com\/it\/wp-json\/wp\/v2\/product_cat?post=41015"},{"taxonomy":"product_tag","embeddable":true,"href":"https:\/\/positiveprints.com\/it\/wp-json\/wp\/v2\/product_tag?post=41015"}],"curies":[{"name":"wp","href":"https:\/\/api.w.org\/{rel}","templated":true}]}}