{"id":400373,"date":"2023-01-25T11:18:24","date_gmt":"2023-01-25T10:19:04","guid":{"rendered":"https:\/\/positiveprints.com\/?post_type=product&#038;p=400373"},"modified":"2026-04-12T22:44:03","modified_gmt":"2026-04-12T21:44:03","slug":"il-giorno-del-tuo-battesimo","status":"publish","type":"product","link":"https:\/\/positiveprints.com\/it\/prodotto\/il-giorno-del-tuo-battesimo\/","title":{"rendered":"Il Giorno del tuo Battesimo"},"content":{"rendered":"<p>Il battesimo \u00e8 un importante giorno di fede. Perch\u00e9 non festeggiarlo con un regalo di battesimo? Bambino, bambina, padrino o madrina: chiunque sia il destinatario del dono che stai cercando, abbiamo qualcosa di bello e significativo capace di soddisfare qualsiasi esigenza. \u201cIl Giorno del Tuo Battesimo\u201d \u00e8 una creazione con cui poter ricordare un giorno ricco di fede e gioia. Per celebrare un giorno speciale, ci vuole un dono speciale: crealo subito!<\/p>\r\n<h2 class=\"grenB f24 cblue\" style=\"margin-top: 3rem\">Personalizza il poster del Giorno del Tuo Battesimo<\/h2>\r\n<p style=\"margin-top: 1rem\">Regalare una mappa stellare personalizzata nel giorno del battesimo \u00e8 un modo indimenticabile per commemorare per sempre quest\u2019occasione cos\u00ec importante. Questa mappa mostrer\u00e0 a te e alla tua famiglia la posizione delle stelle nel giorno esatto in cui il tuo bambino \u00e8 stato battezzato, permettendo a tutti di ricordare il suo giorno speciale. Un\u2019idea molto carina \u00e8 quella d&#8217;incorniciarla e appenderla nella sua cameretta, oppure puoi riporla in un posto sicuro e conservarla come eterno ricordo della sua entrata nella fede.<\/p>\r\n<p style=\"margin-top: 1rem\">La mappa \u00e8 completamente personalizzabile: infatti, hai a disposizione tantissime opzioni per renderla unica. Aggiungi una citazione della Bibbia per rendere questo poster un tributo alla fede o un originale regalo di battesimo. Se sei il padrino o la madrina del piccolo battezzato, regalare un dono come questo \u00e8 un\u2019occasione unica per dimostrare la tua volont\u00e0 nel rimanere al fianco del bambino nel suo viaggio spirituale.<\/p>\r\n<h2 class=\"grenB f24 cblue\" style=\"margin-top: 3rem\">Celebra il Giorno del Battesimo!<\/h2>\r\n<p style=\"margin-top: 1rem\">Nel giorno del battesimo, famiglie e amici si riuniscono per celebrare quest\u2019importante occasione. \u00c8 il giorno in cui la persona battezzata viene accolta nella fede, perci\u00f2 \u00e8 pieno di gioia e significato. La tradizione vuole che i padrini e le madrine offrano un dono al battezzato nella speranza di favorire la crescita spirituale e una vita piena di fede. Dai libri ai rosari, i regali di battesimo possono avere molte forme.<\/p>\r\n<p style=\"margin-top: 1rem\">Solitamente, la cerimonia religiosa si divide in diversi passaggi, come l\u2019unzione, la rinuncia al peccato e la promessa di fede. Durante il battesimo, il sacerdote versa l\u2019acqua benedetta sulla testa del battezzato per tre volte. Questo gesto simboleggia l\u2019entrata nella famiglia di Dio. Questo \u00e8 il momento in cui la famiglia pu\u00f2 dedicare parole di benedizione per esprimere sostegno al battezzato.<\/p>\r\n<h2 class=\"grenB f24 cblue\" style=\"margin-top: 3rem\">Il Regalo Perfetto per il Battesimo<\/h2>\r\n<p style=\"margin-top: 1rem\">Padrini e madrine svolgono un ruolo importante nella vita dei battezzati e spesso diventano importanti figure di guida e sostegno. I padrini e le madrine si assumono la responsabilit\u00e0 dell&#8217;educazione religiosa del loro figlioccio, contribuendo a fornire sostegno morale e spirituale man mano che crescono. Dare il buon esempio e incoraggiare sane abitudini spirituali, come andare in chiesa e pregare, \u00e8 alla base del loro ruolo.<\/p>\r\n<p style=\"margin-top: 1rem\">\u00c8 cos\u00ec dolce vedere padrini e madrine fare un dono ricco di significato: infatti, un regalo per condividere la propria fede pu\u00f2 essere d\u2019ispirazione per la persona che ha appena ricevuto il sacramento del battesimo. Tra croci, Bibbie, rosari o altri oggetti religiosi, i regali di battesimo possono assumere qualsiasi forma. Con l\u2019obiettivo di rafforzare il rapporto tra padrini e figliocci, molte famiglie scelgono anche di firmare un importante documento formale.<\/p>","protected":false},"excerpt":{"rendered":"<ul class=\"check-list\">\n<li>Aggiungi pianeti, costellazioni e la Via Lattea<\/li>\n<li>Personalizzala in 3 semplici passaggi<\/li>\n<li>Aggiungi un testo personalizzato<\/li>\n<li>Guarda subito il risultato \u2013 l&#8217;anteprima interattiva ti permette di perfezionare ogni dettaglio<\/li>\n<\/ul>\n","protected":false},"featured_media":1354539,"template":"","meta":[],"product_brand":[],"product_cat":[7592,4448,4449],"product_tag":[15125,15126,15127,8386,15128,15129,15130],"class_list":{"0":"post-400373","1":"product","2":"type-product","3":"status-publish","4":"has-post-thumbnail","6":"product_cat-regali-di-battesimo","7":"product_cat-star-it-2","8":"product_cat-tutti-i-prodotti","9":"product_tag-baby-baptism-gift-it","10":"product_tag-baptism-gift-it","11":"product_tag-baptism-gifts-it","12":"product_tag-baptism-it","13":"product_tag-christening-gift-it","14":"product_tag-christening-gifts-it","15":"product_tag-religious-gift-it","17":"first","18":"instock","19":"sale","20":"taxable","21":"shipping-taxable","22":"purchasable","23":"product-type-variable"},"yoast_head":"<!-- This site is optimized with the Yoast SEO Premium plugin v27.2 (Yoast SEO v27.2) - https:\/\/yoast.com\/product\/yoast-seo-premium-wordpress\/ -->\n<title>Il Giorno del Tuo Battesimo - Positive Prints<\/title>\n<meta name=\"description\" content=\"Cercate un regalo di battesimo unico e speciale? Non cercate altro che il nostro Il Giorno del Tuo Battesimo. Il regalo perfetto per padrini e madrine.\" \/>\n<meta name=\"robots\" content=\"index, follow, max-snippet:-1, max-image-preview:large, max-video-preview:-1\" \/>\n<link rel=\"canonical\" href=\"https:\/\/positiveprints.com\/it\/prodotto\/il-giorno-del-tuo-battesimo\/\" \/>\n<meta property=\"og:locale\" content=\"it_IT\" \/>\n<meta property=\"og:type\" content=\"article\" \/>\n<meta property=\"og:title\" content=\"Il Giorno del tuo Battesimo\" \/>\n<meta property=\"og:description\" content=\"Aggiungi pianeti, costellazioni e la Via Lattea  Personalizzala in 3 semplici passaggi  Aggiungi un testo personalizzato  Guarda subito il risultato \u2013 l&#039;anteprima interattiva ti permette di perfezionare ogni dettaglio\" \/>\n<meta property=\"og:url\" content=\"https:\/\/positiveprints.com\/it\/prodotto\/il-giorno-del-tuo-battesimo\/\" \/>\n<meta property=\"og:site_name\" content=\"Positive Prints\" \/>\n<meta property=\"article:publisher\" content=\"https:\/\/www.facebook.com\/positiveprintscom\" \/>\n<meta property=\"article:modified_time\" content=\"2026-04-12T21:44:03+00:00\" \/>\n<meta property=\"og:image\" content=\"https:\/\/positiveprints.com\/wp-content\/uploads\/2025\/02\/Il-Giorno-del-Tuo-Battesimo-1.webp\" \/>\n\t<meta property=\"og:image:width\" content=\"1450\" \/>\n\t<meta property=\"og:image:height\" content=\"1450\" \/>\n\t<meta property=\"og:image:type\" content=\"image\/webp\" \/>\n<meta name=\"twitter:card\" content=\"summary_large_image\" \/>\n<meta name=\"twitter:label1\" content=\"Tempo di lettura stimato\" \/>\n\t<meta name=\"twitter:data1\" content=\"3 minuti\" \/>\n<!-- \/ Yoast SEO Premium plugin. -->","yoast_head_json":{"title":"Il Giorno del Tuo Battesimo - Positive Prints","description":"Cercate un regalo di battesimo unico e speciale? Non cercate altro che il nostro Il Giorno del Tuo Battesimo. Il regalo perfetto per padrini e madrine.","robots":{"index":"index","follow":"follow","max-snippet":"max-snippet:-1","max-image-preview":"max-image-preview:large","max-video-preview":"max-video-preview:-1"},"canonical":"https:\/\/positiveprints.com\/it\/prodotto\/il-giorno-del-tuo-battesimo\/","og_locale":"it_IT","og_type":"article","og_title":"Il Giorno del tuo Battesimo","og_description":"Aggiungi pianeti, costellazioni e la Via Lattea  Personalizzala in 3 semplici passaggi  Aggiungi un testo personalizzato  Guarda subito il risultato \u2013 l'anteprima interattiva ti permette di perfezionare ogni dettaglio","og_url":"https:\/\/positiveprints.com\/it\/prodotto\/il-giorno-del-tuo-battesimo\/","og_site_name":"Positive Prints","article_publisher":"https:\/\/www.facebook.com\/positiveprintscom","article_modified_time":"2026-04-12T21:44:03+00:00","og_image":[{"width":1450,"height":1450,"url":"https:\/\/positiveprints.com\/wp-content\/uploads\/2025\/02\/Il-Giorno-del-Tuo-Battesimo-1.webp","type":"image\/webp"}],"twitter_card":"summary_large_image","twitter_misc":{"Tempo di lettura stimato":"3 minuti"},"schema":{"@context":"https:\/\/schema.org","@graph":[{"@type":["WebPage","ItemPage"],"@id":"https:\/\/positiveprints.com\/it\/prodotto\/il-giorno-del-tuo-battesimo\/","url":"https:\/\/positiveprints.com\/it\/prodotto\/il-giorno-del-tuo-battesimo\/","name":"Il Giorno del Tuo Battesimo - Positive Prints","isPartOf":{"@id":"https:\/\/positiveprints.com\/it\/#website"},"primaryImageOfPage":{"@id":"https:\/\/positiveprints.com\/it\/prodotto\/il-giorno-del-tuo-battesimo\/#primaryimage"},"image":{"@id":"https:\/\/positiveprints.com\/it\/prodotto\/il-giorno-del-tuo-battesimo\/#primaryimage"},"thumbnailUrl":"https:\/\/positiveprints.com\/wp-content\/uploads\/2025\/02\/Il-Giorno-del-Tuo-Battesimo-1.webp","datePublished":"2023-01-25T10:19:04+00:00","dateModified":"2026-04-12T21:44:03+00:00","description":"Cercate un regalo di battesimo unico e speciale? Non cercate altro che il nostro Il Giorno del Tuo Battesimo. Il regalo perfetto per padrini e madrine.","breadcrumb":{"@id":"https:\/\/positiveprints.com\/it\/prodotto\/il-giorno-del-tuo-battesimo\/#breadcrumb"},"inLanguage":"it-IT","potentialAction":[{"@type":"ReadAction","target":["https:\/\/positiveprints.com\/it\/prodotto\/il-giorno-del-tuo-battesimo\/"]}]},{"@type":"ImageObject","inLanguage":"it-IT","@id":"https:\/\/positiveprints.com\/it\/prodotto\/il-giorno-del-tuo-battesimo\/#primaryimage","url":"https:\/\/positiveprints.com\/wp-content\/uploads\/2025\/02\/Il-Giorno-del-Tuo-Battesimo-1.webp","contentUrl":"https:\/\/positiveprints.com\/wp-content\/uploads\/2025\/02\/Il-Giorno-del-Tuo-Battesimo-1.webp","width":1450,"height":1450},{"@type":"BreadcrumbList","@id":"https:\/\/positiveprints.com\/it\/prodotto\/il-giorno-del-tuo-battesimo\/#breadcrumb","itemListElement":[{"@type":"ListItem","position":1,"name":"Home","item":"https:\/\/positiveprints.com\/it\/"},{"@type":"ListItem","position":2,"name":"Prodotti","item":"https:\/\/positiveprints.com\/it\/shop\/"},{"@type":"ListItem","position":3,"name":"Il Giorno del tuo Battesimo"}]},{"@type":"WebSite","@id":"https:\/\/positiveprints.com\/it\/#website","url":"https:\/\/positiveprints.com\/it\/","name":"Positive Prints","description":"Amazing Custom Personalized Gifts","publisher":{"@id":"https:\/\/positiveprints.com\/it\/#organization"},"potentialAction":[{"@type":"SearchAction","target":{"@type":"EntryPoint","urlTemplate":"https:\/\/positiveprints.com\/it\/?s={search_term_string}"},"query-input":{"@type":"PropertyValueSpecification","valueRequired":true,"valueName":"search_term_string"}}],"inLanguage":"it-IT"},{"@type":"Organization","@id":"https:\/\/positiveprints.com\/it\/#organization","name":"Positive Prints","alternateName":"Positive Prints","url":"https:\/\/positiveprints.com\/it\/","logo":{"@type":"ImageObject","inLanguage":"it-IT","@id":"https:\/\/positiveprints.com\/it\/#\/schema\/logo\/image\/","url":"https:\/\/positiveprints.com\/wp-content\/uploads\/2026\/03\/245815646_1337939713319158_5671353136411139666_n.png","contentUrl":"https:\/\/positiveprints.com\/wp-content\/uploads\/2026\/03\/245815646_1337939713319158_5671353136411139666_n.png","width":800,"height":800,"caption":"Positive Prints"},"image":{"@id":"https:\/\/positiveprints.com\/it\/#\/schema\/logo\/image\/"},"sameAs":["https:\/\/www.facebook.com\/positiveprintscom","https:\/\/www.instagram.com\/positiveprintscom\/","https:\/\/www.tiktok.com\/@positiveprintscom","https:\/\/www.pinterest.com\/positiveprintscom\/"]}]}},"jetpack_sharing_enabled":true,"_links":{"self":[{"href":"https:\/\/positiveprints.com\/it\/wp-json\/wp\/v2\/product\/400373","targetHints":{"allow":["GET"]}}],"collection":[{"href":"https:\/\/positiveprints.com\/it\/wp-json\/wp\/v2\/product"}],"about":[{"href":"https:\/\/positiveprints.com\/it\/wp-json\/wp\/v2\/types\/product"}],"wp:featuredmedia":[{"embeddable":true,"href":"https:\/\/positiveprints.com\/it\/wp-json\/wp\/v2\/media\/1354539"}],"wp:attachment":[{"href":"https:\/\/positiveprints.com\/it\/wp-json\/wp\/v2\/media?parent=400373"}],"wp:term":[{"taxonomy":"product_brand","embeddable":true,"href":"https:\/\/positiveprints.com\/it\/wp-json\/wp\/v2\/product_brand?post=400373"},{"taxonomy":"product_cat","embeddable":true,"href":"https:\/\/positiveprints.com\/it\/wp-json\/wp\/v2\/product_cat?post=400373"},{"taxonomy":"product_tag","embeddable":true,"href":"https:\/\/positiveprints.com\/it\/wp-json\/wp\/v2\/product_tag?post=400373"}],"curies":[{"name":"wp","href":"https:\/\/api.w.org\/{rel}","templated":true}]}}