{"id":397347,"date":"2022-12-20T11:49:13","date_gmt":"2022-12-20T10:49:13","guid":{"rendered":"https:\/\/positiveprints.com\/?post_type=product&#038;p=397347"},"modified":"2026-04-12T22:45:19","modified_gmt":"2026-04-12T21:45:19","slug":"mappa-dellamicizia","status":"publish","type":"product","link":"https:\/\/positiveprints.com\/it\/prodotto\/mappa-dellamicizia\/","title":{"rendered":"Mappa dell&#8217;Amicizia"},"content":{"rendered":"<p style=\"margin-top: 1rem\">I tuoi migliori amici sono le persone pi\u00f9 speciali del mondo: dimostraglielo con una mappa personalizzata! Vicini o lontani, questo regalo originale \u00e8 il modo pi\u00f9 bello e speciale di dimostrare ai tuoi amici quanto tieni a loro. Con un regalo come questo, vai sul sicuro: siamo certi che lo apprezzeranno per anni e anni.<\/p>\r\n\r\n\r\n\r\n<h2 class=\"grenB f24 cblue\" style=\"margin-top: 3rem\">Una Mappa per Dire: La Tua Amicizia \u00e8 Importante per Me<\/h2>\r\n\r\n<p style=\"margin-top: 1rem\">L\u2019amicizia \u00e8 una delle forze pi\u00f9 potenti al mondo. Lontane o vicine, non ha importanza: un\u2019amicizia pu\u00f2 sfidare qualsiasi distanza. Quando gli amici vivono in citt\u00e0, regioni o Paesi diversi, \u00e8 difficile accettare la loro lontananza. Ma l\u2019amicizia vera \u00e8 quella in cui, anche se non vi sentite o vedete per lunghi periodi di tempo, \u00e8 sempre l\u00ec ad aspettarti. La distanza non indebolisce l\u2019amicizia, la rafforza! Quando due amici si rivedono dopo tanto tempo, non c\u2019\u00e8 bisogno di dire nulla: tutto torna come se si fossero separati appena qualche ora fa. Una Mappa dell\u2019Amicizia \u00e8 il dono perfetto per dimostrare ai tuoi amici quanto la loro presenza nella tua vita sia importante, anche quando siete lontani.<\/p>\r\n\r\n<h2 class=\"grenB f24 cblue\" style=\"margin-top: 3rem\">Regala la Mappa dell\u2019Amicizia<\/h2>\r\n\r\n<p style=\"margin-top: 1rem\">La Mappa dell\u2019Amicizia \u00e8 il regalo ideale per la tua migliore amica o il tuo migliore amico. Con questa mappa puoi finalmente fargli capire che, d\u2019altronde, non siete poi cos\u00ec lontani: inserisci la tua posizione, da un lato, e la sua, dall\u2019altro. Scegli il design e i colori che preferisci, e aggiungi un testo personalizzato per un tocco ancora pi\u00f9 speciale. Che tu scelga di ricevere un poster, una tela, un poster con cornice o un file digitale istantaneo, non ha importanza: in qualunque caso la tua creazione sar\u00e0 in grado di comunicare al tuo amico o alla tua amica quanto tieni alla vostra amicizia. Con una Mappa dell\u2019Amicizia, puoi celebrare il vostro profondo legame. Comincia subito a crearla!<\/p>","protected":false},"excerpt":{"rendered":"<ul class=\"check-list\">\n<li>Indica due luoghi speciali con un simbolo a scelta<\/li>\n<li>Personalizzala in 3 semplici passaggi<\/li>\n<li>Aggiungi un testo personalizzato<\/li>\n<li>Guarda subito il risultato \u2013 l&#8217;anteprima interattiva ti permette di perfezionare ogni dettaglio<\/li>\n<\/ul>\n","protected":false},"featured_media":1434522,"template":"","meta":[],"product_brand":[],"product_cat":[9115,4449,5269,15043,7832],"product_tag":[8629,11868,15184,15232,15185,9386,15227,15186,15233,15187,15225,15226,15228,13490,9374,13476],"class_list":{"0":"post-397347","1":"product","2":"type-product","3":"status-publish","4":"has-post-thumbnail","6":"product_cat-double-maps-it","7":"product_cat-tutti-i-prodotti","8":"product_cat-regali-di-natale","9":"product_cat-regali-di-natale-per-gli-amici","10":"product_cat-regali-per-gli-amici","11":"product_tag-amiche","12":"product_tag-amicizia","13":"product_tag-best-friend-it","14":"product_tag-best-friends-it","15":"product_tag-best-friends-forever-it","16":"product_tag-bestie","17":"product_tag-besties-it","18":"product_tag-bff-it","19":"product_tag-christmas-gifts-for-friends-it","20":"product_tag-friend-it","21":"product_tag-friends-it","22":"product_tag-friendship-it","23":"product_tag-galentines-day-it-2","24":"product_tag-galentines-day-it","25":"product_tag-migliori-amici","26":"product_tag-regali-di-natale-per-gli-amici","28":"first","29":"instock","30":"sale","31":"taxable","32":"shipping-taxable","33":"purchasable","34":"product-type-variable"},"yoast_head":"<!-- This site is optimized with the Yoast SEO Premium plugin v27.2 (Yoast SEO v27.2) - https:\/\/yoast.com\/product\/yoast-seo-premium-wordpress\/ -->\n<title>Mappa dell\u2019Amicizia - Positive Prints<\/title>\n<meta name=\"robots\" content=\"index, follow, max-snippet:-1, max-image-preview:large, max-video-preview:-1\" \/>\n<link rel=\"canonical\" href=\"https:\/\/positiveprints.com\/it\/prodotto\/mappa-dellamicizia\/\" \/>\n<meta property=\"og:locale\" content=\"it_IT\" \/>\n<meta property=\"og:type\" content=\"article\" \/>\n<meta property=\"og:title\" content=\"Mappa dell&#039;Amicizia\" \/>\n<meta property=\"og:description\" content=\"Indica due luoghi speciali con un simbolo a scelta  Personalizzala in 3 semplici passaggi  Aggiungi un testo personalizzato  Guarda subito il risultato \u2013 l&#039;anteprima interattiva ti permette di perfezionare ogni dettaglio\" \/>\n<meta property=\"og:url\" content=\"https:\/\/positiveprints.com\/it\/prodotto\/mappa-dellamicizia\/\" \/>\n<meta property=\"og:site_name\" content=\"Positive Prints\" \/>\n<meta property=\"article:publisher\" content=\"https:\/\/www.facebook.com\/positiveprintscom\" \/>\n<meta property=\"article:modified_time\" content=\"2026-04-12T21:45:19+00:00\" \/>\n<meta property=\"og:image\" content=\"https:\/\/positiveprints.com\/wp-content\/uploads\/2023\/02\/Mappa-dellAmicizia.jpg\" \/>\n\t<meta property=\"og:image:width\" content=\"1080\" \/>\n\t<meta property=\"og:image:height\" content=\"1080\" \/>\n\t<meta property=\"og:image:type\" content=\"image\/jpeg\" \/>\n<meta name=\"twitter:card\" content=\"summary_large_image\" \/>\n<meta name=\"twitter:label1\" content=\"Tempo di lettura stimato\" \/>\n\t<meta name=\"twitter:data1\" content=\"2 minuti\" \/>\n<!-- \/ Yoast SEO Premium plugin. -->","yoast_head_json":{"title":"Mappa dell\u2019Amicizia - Positive Prints","robots":{"index":"index","follow":"follow","max-snippet":"max-snippet:-1","max-image-preview":"max-image-preview:large","max-video-preview":"max-video-preview:-1"},"canonical":"https:\/\/positiveprints.com\/it\/prodotto\/mappa-dellamicizia\/","og_locale":"it_IT","og_type":"article","og_title":"Mappa dell'Amicizia","og_description":"Indica due luoghi speciali con un simbolo a scelta  Personalizzala in 3 semplici passaggi  Aggiungi un testo personalizzato  Guarda subito il risultato \u2013 l'anteprima interattiva ti permette di perfezionare ogni dettaglio","og_url":"https:\/\/positiveprints.com\/it\/prodotto\/mappa-dellamicizia\/","og_site_name":"Positive Prints","article_publisher":"https:\/\/www.facebook.com\/positiveprintscom","article_modified_time":"2026-04-12T21:45:19+00:00","og_image":[{"width":1080,"height":1080,"url":"https:\/\/positiveprints.com\/wp-content\/uploads\/2023\/02\/Mappa-dellAmicizia.jpg","type":"image\/jpeg"}],"twitter_card":"summary_large_image","twitter_misc":{"Tempo di lettura stimato":"2 minuti"},"schema":{"@context":"https:\/\/schema.org","@graph":[{"@type":["WebPage","ItemPage"],"@id":"https:\/\/positiveprints.com\/it\/prodotto\/mappa-dellamicizia\/","url":"https:\/\/positiveprints.com\/it\/prodotto\/mappa-dellamicizia\/","name":"Mappa dell\u2019Amicizia - Positive Prints","isPartOf":{"@id":"https:\/\/positiveprints.com\/it\/#website"},"primaryImageOfPage":{"@id":"https:\/\/positiveprints.com\/it\/prodotto\/mappa-dellamicizia\/#primaryimage"},"image":{"@id":"https:\/\/positiveprints.com\/it\/prodotto\/mappa-dellamicizia\/#primaryimage"},"thumbnailUrl":"https:\/\/positiveprints.com\/wp-content\/uploads\/2025\/05\/Mappa-dellAmicizia-1.webp","datePublished":"2022-12-20T10:49:13+00:00","dateModified":"2026-04-12T21:45:19+00:00","breadcrumb":{"@id":"https:\/\/positiveprints.com\/it\/prodotto\/mappa-dellamicizia\/#breadcrumb"},"inLanguage":"it-IT","potentialAction":[{"@type":"ReadAction","target":["https:\/\/positiveprints.com\/it\/prodotto\/mappa-dellamicizia\/"]}]},{"@type":"ImageObject","inLanguage":"it-IT","@id":"https:\/\/positiveprints.com\/it\/prodotto\/mappa-dellamicizia\/#primaryimage","url":"https:\/\/positiveprints.com\/wp-content\/uploads\/2025\/05\/Mappa-dellAmicizia-1.webp","contentUrl":"https:\/\/positiveprints.com\/wp-content\/uploads\/2025\/05\/Mappa-dellAmicizia-1.webp","width":1450,"height":1450},{"@type":"BreadcrumbList","@id":"https:\/\/positiveprints.com\/it\/prodotto\/mappa-dellamicizia\/#breadcrumb","itemListElement":[{"@type":"ListItem","position":1,"name":"Home","item":"https:\/\/positiveprints.com\/it\/"},{"@type":"ListItem","position":2,"name":"Prodotti","item":"https:\/\/positiveprints.com\/it\/shop\/"},{"@type":"ListItem","position":3,"name":"Mappa dell\u2019Amicizia"}]},{"@type":"WebSite","@id":"https:\/\/positiveprints.com\/it\/#website","url":"https:\/\/positiveprints.com\/it\/","name":"Positive Prints","description":"Amazing Custom Personalized Gifts","publisher":{"@id":"https:\/\/positiveprints.com\/it\/#organization"},"potentialAction":[{"@type":"SearchAction","target":{"@type":"EntryPoint","urlTemplate":"https:\/\/positiveprints.com\/it\/?s={search_term_string}"},"query-input":{"@type":"PropertyValueSpecification","valueRequired":true,"valueName":"search_term_string"}}],"inLanguage":"it-IT"},{"@type":"Organization","@id":"https:\/\/positiveprints.com\/it\/#organization","name":"Positive Prints","alternateName":"Positive Prints","url":"https:\/\/positiveprints.com\/it\/","logo":{"@type":"ImageObject","inLanguage":"it-IT","@id":"https:\/\/positiveprints.com\/it\/#\/schema\/logo\/image\/","url":"https:\/\/positiveprints.com\/wp-content\/uploads\/2026\/03\/245815646_1337939713319158_5671353136411139666_n.png","contentUrl":"https:\/\/positiveprints.com\/wp-content\/uploads\/2026\/03\/245815646_1337939713319158_5671353136411139666_n.png","width":800,"height":800,"caption":"Positive Prints"},"image":{"@id":"https:\/\/positiveprints.com\/it\/#\/schema\/logo\/image\/"},"sameAs":["https:\/\/www.facebook.com\/positiveprintscom","https:\/\/www.instagram.com\/positiveprintscom\/","https:\/\/www.tiktok.com\/@positiveprintscom","https:\/\/www.pinterest.com\/positiveprintscom\/"]}]}},"jetpack_sharing_enabled":true,"_links":{"self":[{"href":"https:\/\/positiveprints.com\/it\/wp-json\/wp\/v2\/product\/397347","targetHints":{"allow":["GET"]}}],"collection":[{"href":"https:\/\/positiveprints.com\/it\/wp-json\/wp\/v2\/product"}],"about":[{"href":"https:\/\/positiveprints.com\/it\/wp-json\/wp\/v2\/types\/product"}],"wp:featuredmedia":[{"embeddable":true,"href":"https:\/\/positiveprints.com\/it\/wp-json\/wp\/v2\/media\/1434522"}],"wp:attachment":[{"href":"https:\/\/positiveprints.com\/it\/wp-json\/wp\/v2\/media?parent=397347"}],"wp:term":[{"taxonomy":"product_brand","embeddable":true,"href":"https:\/\/positiveprints.com\/it\/wp-json\/wp\/v2\/product_brand?post=397347"},{"taxonomy":"product_cat","embeddable":true,"href":"https:\/\/positiveprints.com\/it\/wp-json\/wp\/v2\/product_cat?post=397347"},{"taxonomy":"product_tag","embeddable":true,"href":"https:\/\/positiveprints.com\/it\/wp-json\/wp\/v2\/product_tag?post=397347"}],"curies":[{"name":"wp","href":"https:\/\/api.w.org\/{rel}","templated":true}]}}